{"id":419,"date":"2025-11-05T22:58:20","date_gmt":"2025-11-05T22:58:20","guid":{"rendered":"http:\/\/host2.adviahost.net\/~brilllegal\/?page_id=419"},"modified":"2025-11-05T22:58:21","modified_gmt":"2025-11-05T22:58:21","slug":"oficina-de-east-hampton-ny","status":"publish","type":"page","link":"https:\/\/www.brill-legal.com\/es\/oficina-de-east-hampton-ny\/","title":{"rendered":"East Hampton Abogados Defensores"},"content":{"rendered":"<p>Nuestros abogados defensores pueden servir a los clientes de la punta de Montauk a las alturas de Manhattan, y en todas partes en el medio.<\/p>\n\n\n\n<p><strong>Los abogados defensores de East Hampton servir\u00e1n a clientes con las siguientes necesidades legales:<\/strong><\/p>\n\n\n\n<ul class=\"wp-block-list\">\n<li><a href=\"\/es\/%5bsiteurl%5d\/nuestros-servicios\/defensa-penal\/defensa-penal-internacional-y-transnacional\/\">Defensa penal internacional y transnacional<\/a><\/li>\n\n\n\n<li><a href=\"\/es\/h%5bsiteurl%5d\/nuestros-servicios\/defensa-penal\/defensa-en-extradicion-internacional\/\">Defensa contra la extradici\u00f3n<\/a><\/li>\n\n\n\n<li><a href=\"\/es\/%5bsiteurl%5d\/nuestros-servicios\/defensa-penal\/delitos-de-cuello-blanco\/\">Defensa penal de cuello blanco<\/a><\/li>\n\n\n\n<li>Fraude en las prestaciones laborales<\/li>\n\n\n\n<li><a href=\"\/es\/%5bsiteurl%5d\/nuestros-servicios\/defensa-penal\/ciberdelincuencia-en-internet\/\">Delitos en Internet, ciberdelitos<\/a><\/li>\n\n\n\n<li><a href=\"\/es\/%5bsiteurl%5d\/nuestros-servicios\/defensa-penal\/violencia-domestica\/\">Defensa contra la violencia dom\u00e9stica<\/a><\/li>\n\n\n\n<li><a href=\"\/es\/%5bsiteurl%5d\/nuestros-servicios\/defensa-penal\/delitos-sexuales\/\">Delitos sexuales<\/a> defensa<\/li>\n<\/ul>\n\n\n\n<p>Nuestros abogados colaboran con testigos expertos en una variedad de campos seg\u00fan sea necesario para construir casos s\u00f3lidos en nombre de nuestros clientes. Dedicamos una gran cantidad de energ\u00eda a evaluar cada caso en detalle en busca del enfoque m\u00e1s prometedor para la resoluci\u00f3n. Nuestra pol\u00edtica es promover los intereses de nuestros clientes a largo plazo.<\/p>\n\n\n\n<p>Para un <strong>consulta inicial gratuita, <\/strong><a href=\"\/es\/%5bsiteurl%5d\/pongase-en-contacto-con\/\">Contacte con nosotros<\/a>. Estamos disponibles 24 horas al d\u00eda, siete d\u00edas a la semana y 365 d\u00edas al a\u00f1o.<\/p>","protected":false},"excerpt":{"rendered":"<p>Nuestros abogados defensores pueden servir a los clientes de la punta de Montauk a las alturas de Manhattan, y en todas partes en el medio. Los abogados defensores de East Hampton servir\u00e1n a los clientes con las siguientes necesidades legales: Nuestros abogados colaboran con testigos expertos en una variedad de campos seg\u00fan sea necesario para la construcci\u00f3n de casos fuertes en nombre de nuestros clientes....<\/p>","protected":false},"author":1,"featured_media":5407,"parent":0,"menu_order":0,"comment_status":"closed","ping_status":"closed","template":"","meta":{"_acf_changed":false,"episode_type":"","audio_file":"","cover_image":"","cover_image_id":"","duration":"","filesize":"","date_recorded":"","explicit":"","block":"","itunes_episode_number":"","itunes_title":"","itunes_season_number":"","itunes_episode_type":"","filesize_raw":"","footnotes":""},"class_list":["post-419","page","type-page","status-publish","has-post-thumbnail","hentry"],"acf":[],"_links":{"self":[{"href":"https:\/\/www.brill-legal.com\/es\/wp-json\/wp\/v2\/pages\/419","targetHints":{"allow":["GET"]}}],"collection":[{"href":"https:\/\/www.brill-legal.com\/es\/wp-json\/wp\/v2\/pages"}],"about":[{"href":"https:\/\/www.brill-legal.com\/es\/wp-json\/wp\/v2\/types\/page"}],"author":[{"embeddable":true,"href":"https:\/\/www.brill-legal.com\/es\/wp-json\/wp\/v2\/users\/1"}],"replies":[{"embeddable":true,"href":"https:\/\/www.brill-legal.com\/es\/wp-json\/wp\/v2\/comments?post=419"}],"version-history":[{"count":12,"href":"https:\/\/www.brill-legal.com\/es\/wp-json\/wp\/v2\/pages\/419\/revisions"}],"predecessor-version":[{"id":7319,"href":"https:\/\/www.brill-legal.com\/es\/wp-json\/wp\/v2\/pages\/419\/revisions\/7319"}],"wp:featuredmedia":[{"embeddable":true,"href":"https:\/\/www.brill-legal.com\/es\/wp-json\/wp\/v2\/media\/5407"}],"wp:attachment":[{"href":"https:\/\/www.brill-legal.com\/es\/wp-json\/wp\/v2\/media?parent=419"}],"curies":[{"name":"wp","href":"https:\/\/api.w.org\/{rel}","templated":true}]}}