{"id":414,"date":"2015-12-09T07:44:19","date_gmt":"2015-12-09T07:44:19","guid":{"rendered":"http:\/\/host2.adviahost.net\/~brilllegal\/?page_id=414"},"modified":"2022-06-09T05:23:53","modified_gmt":"2022-06-09T05:23:53","slug":"audiencias-disciplinarias-de-estudiantes","status":"publish","type":"page","link":"https:\/\/www.brill-legal.com\/es\/nuestros-servicios\/audiencias-disciplinarias-investigaciones\/audiencias-disciplinarias-de-estudiantes\/","title":{"rendered":"Audiencias disciplinarias de estudiantes"},"content":{"rendered":"<p>Se aplican estatutos especiales cuando los alumnos tienen problemas en la escuela. Si la escuela est\u00e1 maniobrando para expulsar o suspender a su hijo, ustedes como padres deben contratar a un abogado para exigir una audiencia y luchar contra un castigo irrazonablemente duro.<\/p>\n\n\n\n<p>El Brill Legal Group de Hauppauge y Hempstead, New York tiene una gran experiencia representando a estudiantes en procedimientos disciplinarios escolares. Hemos salvado a muchos clientes de la expulsi\u00f3n o de suspensiones de larga duraci\u00f3n, o limitado las sanciones, y en el proceso preservado la elegibilidad para becas o la participaci\u00f3n en atletismo y actividades escolares.<\/p>\n\n\n\n<p>Asesoramos a estudiantes y padres en asuntos de disciplina escolar en las escuelas Nassau County, Suffolk County y New York City, p\u00fablicas o privadas. Tambi\u00e9n ofrecemos defensa de menores si su hijo es acusado de un delito.<\/p>\n\n\n\n<p><strong>\u00a1Su hijo o hija tiene derechos! Ll\u00e1menos hoy para una consulta gratuita.<\/strong><\/p>\n\n\n\n<p><strong>Suffolk 631-204-8254 - Manhattan 212-233-4141 - Nassau 516-206-2002<br>Tel\u00e9fono gratuito 888-315-9841<\/strong><\/p>\n\n\n\n<h3 class=\"wp-block-heading\">Defensa Experimentada para Audiencias de Disciplina Escolar<\/h3>\n\n\n\n<p>Seg\u00fan la ley estatal, los directores de escuela tienen discreci\u00f3n para suspender a los estudiantes hasta por cinco d\u00edas. Hay poco que puedas hacer para luchar contra estas suspensiones administrativas, a menos que la acci\u00f3n cause un perjuicio grave o inmediato, como la expulsi\u00f3n de un equipo deportivo.<\/p>\n\n\n\n<p><strong>Para cualquier suspensi\u00f3n de m\u00e1s de cinco d\u00edas<\/strong> - expulsi\u00f3n, suspensi\u00f3n indefinida, suspensi\u00f3n de larga duraci\u00f3n o \"instrucci\u00f3n en casa\", tiene derecho a solicitar una audiencia. Podemos representar a su hijo en esa audiencia o negociar en privado con el superintendente, el director del edificio o el consejo escolar. Tenemos los recursos para demostrar a las autoridades escolares que hay otras soluciones disponibles, tanto si el comportamiento se deriva de tensiones familiares, dificultades de aprendizaje, o la necesidad de un estudiante de servicios especiales y un Programa de Educaci\u00f3n Individualizada (PEI).<em>)<\/em>como exige la Ley de Educaci\u00f3n de Personas con Discapacidad.<\/p>\n\n\n\n<h3 class=\"wp-block-heading\">Por qu\u00e9 necesita un abogado<\/h3>\n\n\n\n<p>Los consejos escolares y los administradores ceden a menudo a la presi\u00f3n de otros padres para que \"hagan algo\" con respecto a un alumno acusado de agresi\u00f3n, acoso sexual, tr\u00e1fico de drogas, amenazas terroristas u otras faltas. A menudo el castigo no se ajusta al delito, o castiga a un ni\u00f1o falsamente acusado. Los distritos escolares tambi\u00e9n disponen de recursos para contratar a abogados \"importantes\" que defiendan las medidas disciplinarias de la escuela.<\/p>\n\n\n\n<p>Para una defensa r\u00e1pida y en\u00e9rgica en las audiencias disciplinarias de la escuela, p\u00f3ngase en contacto con nuestra firma de Long Island para una <strong>consulta inicial gratuita<\/strong>. Tenemos oficinas en Hauppauge, Hempstead y Manhattan.<\/p>\n\n\n\n<h3 class=\"wp-block-heading\">Otros casos de audiencias disciplinarias estudiantiles que manejamos:<\/h3>\n\n\n<ul class=\"list-pages-shortcode child-pages\"><li class=\"page_item page-item-1955\"><a href=\"https:\/\/www.brill-legal.com\/es\/nuestros-servicios\/audiencias-disciplinarias-investigaciones\/audiencias-disciplinarias-de-estudiantes\/sanciones-academicas\/\">Sanciones acad\u00e9micas<\/a><\/li>\n<li class=\"page_item page-item-1953\"><a href=\"https:\/\/www.brill-legal.com\/es\/nuestros-servicios\/audiencias-disciplinarias-investigaciones\/audiencias-disciplinarias-de-estudiantes\/expulsion\/\">Expulsi\u00f3n<\/a><\/li>\n<li class=\"page_item page-item-1957\"><a href=\"https:\/\/www.brill-legal.com\/es\/nuestros-servicios\/audiencias-disciplinarias-investigaciones\/audiencias-disciplinarias-de-estudiantes\/medidas-disciplinarias-de-grupo\/\">Acci\u00f3n disciplinaria de grupo<\/a><\/li>\n<li class=\"page_item page-item-1949\"><a href=\"https:\/\/www.brill-legal.com\/es\/nuestros-servicios\/audiencias-disciplinarias-investigaciones\/audiencias-disciplinarias-de-estudiantes\/expulsion-de-las-instalaciones-de-la-residencia\/\">Retirada de las instalaciones de la residencia<\/a><\/li>\n<\/ul>","protected":false},"excerpt":{"rendered":"<p>Se aplican estatutos especiales cuando los alumnos tienen problemas en la escuela. Si la escuela est\u00e1 maniobrando para expulsar o suspender a su hijo, ustedes como padres deben contratar a un abogado para exigir una audiencia y luchar contra el castigo irrazonablemente duro. El Brill Legal Group de Hauppauge y Hempstead, New York tiene una amplia experiencia en la representaci\u00f3n de los estudiantes en la escuela ...<\/p>","protected":false},"author":1,"featured_media":3381,"parent":399,"menu_order":0,"comment_status":"closed","ping_status":"closed","template":"","meta":{"_acf_changed":false,"episode_type":"","audio_file":"","cover_image":"","cover_image_id":"","duration":"","filesize":"","date_recorded":"","explicit":"","block":"","itunes_episode_number":"","itunes_title":"","itunes_season_number":"","itunes_episode_type":"","filesize_raw":"","footnotes":""},"class_list":["post-414","page","type-page","status-publish","has-post-thumbnail","hentry"],"acf":[],"_links":{"self":[{"href":"https:\/\/www.brill-legal.com\/es\/wp-json\/wp\/v2\/pages\/414","targetHints":{"allow":["GET"]}}],"collection":[{"href":"https:\/\/www.brill-legal.com\/es\/wp-json\/wp\/v2\/pages"}],"about":[{"href":"https:\/\/www.brill-legal.com\/es\/wp-json\/wp\/v2\/types\/page"}],"author":[{"embeddable":true,"href":"https:\/\/www.brill-legal.com\/es\/wp-json\/wp\/v2\/users\/1"}],"replies":[{"embeddable":true,"href":"https:\/\/www.brill-legal.com\/es\/wp-json\/wp\/v2\/comments?post=414"}],"version-history":[{"count":4,"href":"https:\/\/www.brill-legal.com\/es\/wp-json\/wp\/v2\/pages\/414\/revisions"}],"predecessor-version":[{"id":5549,"href":"https:\/\/www.brill-legal.com\/es\/wp-json\/wp\/v2\/pages\/414\/revisions\/5549"}],"up":[{"embeddable":true,"href":"https:\/\/www.brill-legal.com\/es\/wp-json\/wp\/v2\/pages\/399"}],"wp:featuredmedia":[{"embeddable":true,"href":"https:\/\/www.brill-legal.com\/es\/wp-json\/wp\/v2\/media\/3381"}],"wp:attachment":[{"href":"https:\/\/www.brill-legal.com\/es\/wp-json\/wp\/v2\/media?parent=414"}],"curies":[{"name":"wp","href":"https:\/\/api.w.org\/{rel}","templated":true}]}}