{"id":413,"date":"2025-11-05T22:57:41","date_gmt":"2025-11-05T22:57:41","guid":{"rendered":"http:\/\/host2.adviahost.net\/~brilllegal\/?page_id=413"},"modified":"2025-11-05T22:57:43","modified_gmt":"2025-11-05T22:57:43","slug":"abogados-defensores-de-la-policia-de-nueva-york-y-de-la-sala-de-juicios","status":"publish","type":"page","link":"https:\/\/www.brill-legal.com\/es\/nuestros-servicios\/audiencias-disciplinarias-investigaciones\/abogados-defensores-de-la-policia-de-nueva-york-y-de-la-sala-de-juicios\/","title":{"rendered":"NYPD Defensa disciplinaria"},"content":{"rendered":"<p>Los miembros del Departamento de Polic\u00eda de New York City (NYPD) se alistan para marcar la diferencia. Suelen estar profundamente comprometidos con New York City y sus residentes, y se comprometen a hacer de la ciudad un lugar m\u00e1s seguro para vivir.<\/p>\n\n\n\n<p>Cuando un agente de polic\u00eda se enfrenta a cargos disciplinarios o a una investigaci\u00f3n penal, puede sentirse como si el mundo se hubiera vuelto del rev\u00e9s. El trabajo que antes consideraba una fuente de orgullo est\u00e1 ahora bajo escrutinio, y su carrera, su medio de vida o incluso su libertad pueden estar en peligro.<\/p>\n\n\n\n<p>Si te encuentras en esta situaci\u00f3n, no esperes. Hable con el <strong>experimentados abogados defensores NYPD en el Brill Legal Group<\/strong> hoy.\u00a0<\/p>\n\n\n\n<h3 class=\"wp-block-heading\">Procedimientos a los que pueden enfrentarse los funcionarios del NYPD<\/h3>\n\n\n\n<p>Ser polic\u00eda New York no es un trabajo f\u00e1cil. Muchos miembros de la NYPD dedican su vida a este trabajo precisamente porque no es f\u00e1cil.<\/p>\n\n\n\n<p>Entre los dif\u00edciles retos a los que se enfrentan los agentes se encuentran las situaciones en las que deben tomar decisiones en fracciones de segundo con consecuencias de vida o muerte, no s\u00f3lo para el agente, sino tambi\u00e9n para los dem\u00e1s. Si un supervisor cree que su decisi\u00f3n en ese momento fue incorrecta o impropia, puede iniciarse un procedimiento disciplinario.&nbsp;<\/p>\n\n\n\n<p>El Departamento de Polic\u00eda New York City est\u00e1 supervisado por varios departamentos, organismos y juntas, lo que significa que un funcionario NYPD puede enfrentarse a preguntas o acusaciones de varias fuentes. Las acusaciones de mala conducta pueden provenir de fuentes como:<\/p>\n\n\n\n<ul class=\"wp-block-list\">\n<li>Asuntos de Interior<\/li>\n\n\n\n<li>CCRB<\/li>\n\n\n\n<li>OIG<\/li>\n\n\n\n<li>DOI<\/li>\n\n\n\n<li>Sindicatos<\/li>\n\n\n\n<li>Otras fuentes<\/li>\n<\/ul>\n\n\n\n<p>Independientemente de la fuente de los cargos o denuncias en su contra, un abogado con experiencia puede ayudarle a entender las reclamaciones y construir una defensa fuerte que <a href=\"https:\/\/www.brill-legal.com\/es\/nuestros-servicios\/audiencias-disciplinarias-investigaciones\/abogados-de-la-policia-y-del-sindicato-policial\/sus-derechos-como-agente-de-policia-sindicado-de-nueva-york\/\">protege sus derechos legales<\/a>.\u00a0<\/p>\n\n\n\n<h3 class=\"wp-block-heading\">Audiencias bajo juramento<\/h3>\n\n\n\n<p>La Oficina de Juicios y Audiencias Administrativas (OATH) es el tribunal de derecho administrativo independiente del New York City. La Divisi\u00f3n de Audiencias de la OATH celebra audiencias sobre una amplia gama de asuntos de diversos organismos de la ciudad, incluido el NYPD.&nbsp;<\/p>\n\n\n\n<p>Esos <a href=\"https:\/\/www.brill-legal.com\/es\/nuestros-servicios\/audiencias-disciplinarias-investigaciones\/oficina-de-juicios-y-audiencias-administrativas-defensa-del-juramento\/\">convocados a audiencias bajo JURAMENTO<\/a> no est\u00e1n obligados a tener un abogado. Sin embargo, hay varias razones importantes para trabajar con un abogado si usted est\u00e1 enfrentando una citaci\u00f3n a una audiencia OATH. Su abogado puede ayudarle a cumplir con los plazos, recibir una oportunidad para construir su caso y proteger sus derechos legales durante todo el proceso.\u00a0<\/p>\n\n\n\n<p>Faltar a una audiencia bajo juramento puede tener graves consecuencias. Una persona convocada a una audiencia por juramento que no comparece puede ser declarada en rebeld\u00eda. Si se le declara en rebeld\u00eda, se le impondr\u00e1 autom\u00e1ticamente la pena de rebeld\u00eda, que puede ser superior a la que se le impondr\u00eda si hubiera asistido a la vista y hubiera perdido.&nbsp;<\/p>\n\n\n\n<p>Las audiencias del juramento est\u00e1n abiertas al p\u00fablico. Aunque las audiencias p\u00fablicas suelen ser importantes, tambi\u00e9n pueden tratar asuntos que un miembro del NYPD preferir\u00eda mantener en privado. Su abogado puede ayudarle a manejar una citaci\u00f3n de una manera que refleje la necesidad de discreci\u00f3n en cualquier situaci\u00f3n dada.&nbsp;<\/p>\n\n\n\n<p>Recibir una citaci\u00f3n para una vista por juramento puede ser una experiencia angustiosa. Es posible que no entienda bien por qu\u00e9 le han citado y que no est\u00e9 preparado para un asunto que puede acabar implicando su conducta o poniendo en peligro su carrera. Trabaje con un abogado con experiencia para entender la base de la citaci\u00f3n y sus opciones para hacerle frente.&nbsp;<\/p>\n\n\n\n<h3 class=\"wp-block-heading\">NYPD Procedimientos de la sala de pruebas<\/h3>\n\n\n\n<p>Las acusaciones relacionadas con el trabajo de un agente de polic\u00eda suelen juzgarse en la Sala de Primera Instancia del NYPD. La Sala de Primera Instancia del NYPD est\u00e1 supervisada por el comisario y el subcomisario de polic\u00eda, dos personas que se toman en serio la reputaci\u00f3n del NYPD y que se esfuerzan por demostrar que el NYPD puede hacer frente a las acusaciones que surgen entre sus propias filas.&nbsp;<\/p>\n\n\n\n<h3 class=\"wp-block-heading\">Procedimientos en la sala de pruebas NYPD<\/h3>\n\n\n\n<p>El comisario de polic\u00eda est\u00e1 facultado para sancionar a los miembros del NYPD en virtud del C\u00f3digo Administrativo del NYC. Para ello, el comisario o un adjunto deben formular cargos por escrito contra un miembro de la NYPD. Los cargos pueden ser procesados por la Oficina del Defensor del Departamento.&nbsp;<\/p>\n\n\n\n<p>El C\u00f3digo Administrativo NYC tambi\u00e9n otorga a los comisarios de polic\u00eda y a sus adjuntos otros poderes relacionados con la capacidad de emitir cargos por escrito. Por ejemplo, el comisario o un adjunto pueden:<\/p>\n\n\n\n<ul class=\"wp-block-list\">\n<li>Emitir citaciones para requerir la declaraci\u00f3n de testigos,<\/li>\n\n\n\n<li>Emitir citaciones para cualquier documento o prueba relacionada en un caso,&nbsp;<\/li>\n\n\n\n<li>Emitir otros tipos de \u00f3rdenes y mandatos relacionados con la labor de instrucci\u00f3n y acusaci\u00f3n,&nbsp;<\/li>\n\n\n\n<li>Obligar al cumplimiento de una citaci\u00f3n, orden u otro mandato, y<\/li>\n\n\n\n<li>Celebrar procedimientos relacionados con los cargos o las pruebas.&nbsp;<\/li>\n<\/ul>\n\n\n\n<p>Durante un procedimiento en la Sala de Primera Instancia, el Comisario Adjunto de Primera Instancia o un representante designado escucha las pruebas y llega a conclusiones de hecho. Estas conclusiones suelen plasmarse en un informe escrito junto con recomendaciones, que se env\u00edan al comisario. El comisario puede aceptar, modificar o rechazar las recomendaciones.&nbsp;<\/p>\n\n\n\n<p>Cuando una declaraci\u00f3n de culpabilidad las respalda, las recomendaciones pueden consistir en formas de disciplina que el C\u00f3digo Administrativo NYC faculta al comisario de polic\u00eda para imponer a los agentes del NYPD. Estas pueden incluir multas, reprimendas, destituci\u00f3n, suspensi\u00f3n o despido del cuerpo.&nbsp;<\/p>\n\n\n\n<p>Los agentes de la NYPD que se enfrentan a cargos tienen la oportunidad de hacer frente a esos cargos en los procedimientos de la Sala de Primera Instancia. Sin embargo, cuando un agente se enfrenta a cargos, se enfrenta a un fiscal de la Oficina del Defensor del Departamento, un profesional con una larga experiencia en el procesamiento de cargos contra agentes de la NYPD. Para construir un caso, necesita la ayuda de un abogado con experiencia.&nbsp;<\/p>\n\n\n\n<h3 class=\"wp-block-heading\">Declaraciones de culpabilidad y sus consecuencias<\/h3>\n\n\n\n<p>Cuando un procedimiento de la Sala de Primera Instancia termina con una declaraci\u00f3n de culpabilidad, el comisario de polic\u00eda puede imponer una o m\u00e1s sanciones. Las posibles consecuencias de una declaraci\u00f3n de culpabilidad pueden incluir:<\/p>\n\n\n\n<ul class=\"wp-block-list\">\n<li>Advertencia y amonestaci\u00f3n,&nbsp;<\/li>\n\n\n\n<li>Periodo de prueba de despido de hasta un a\u00f1o,<\/li>\n\n\n\n<li>Suspensi\u00f3n sin sueldo de hasta 30 d\u00edas, o<\/li>\n\n\n\n<li>Despido del cuerpo de polic\u00eda.&nbsp;<\/li>\n<\/ul>\n\n\n\n<p>Si se enfrenta a las consecuencias de una declaraci\u00f3n de culpabilidad, tiene derecho a apelar el caso ante el Tribunal Supremo del Estado de New York. Presentar una apelaci\u00f3n conlleva sus propios retos, sin embargo, incluyendo la necesidad de entender y cumplir con las reglas de la corte para las apelaciones. Un abogado experimentado puede ayudarle a entender estas reglas y a seguirlas, as\u00ed como a centrarse en los m\u00e9ritos de su apelaci\u00f3n.&nbsp;<\/p>\n\n\n\n<p>La Sala de Primera Instancia se centra en el NYPD en su conjunto - lo que significa que los que supervisan su audiencia no tienen su lado de la historia en la parte delantera de sus mentes. Usted necesita un abogado con experiencia en la defensa del NYPD a su lado para asegurarse de que su versi\u00f3n sea escuchada en su totalidad. S\u00f3lo cuando todos los hechos est\u00e1n sobre la mesa puede una decisi\u00f3n de la Sala de Primera Instancia reflejar una comprensi\u00f3n justa de la realidad de la situaci\u00f3n.&nbsp;<\/p>\n\n\n\n<h3 class=\"wp-block-heading\">Colaboraci\u00f3n con la Secci\u00f3n de Contenciosos Policiales<\/h3>\n\n\n\n<p>La Secci\u00f3n de Litigios sobre Actuaciones Policiales (PALS) trabaja para apoyar a los agentes de polic\u00eda que se enfrentan a litigios civiles relacionados con actuaciones policiales. Los trabajadores de PALS pueden tomar medidas como<\/p>\n\n\n\n<ul class=\"wp-block-list\">\n<li>Preservar y reunir pruebas en los casos en que el NYPD o cualquiera de sus miembros pueda enfrentarse a acusaciones de conducta indebida,<\/li>\n\n\n\n<li>Representar a las fuerzas de seguridad y los intereses del NYPD cuando una reclamaci\u00f3n impugna las pol\u00edticas del NYPD,&nbsp;<\/li>\n\n\n\n<li>Ayudar al Departamento Jur\u00eddico del New York City con la presentaci\u00f3n de pruebas durante los casos de actuaci\u00f3n policial, y<\/li>\n\n\n\n<li>Formar a los miembros de NYPD y a otras personas en cuestiones como representaci\u00f3n, indemnizaci\u00f3n, defensa frente a demandas y aplicaci\u00f3n de las pol\u00edticas, procedimientos y protocolos de mantenimiento de registros de NYPD.&nbsp;<\/li>\n<\/ul>\n\n\n\n<p>Aunque PALS puede ofrecer apoyo, trabajar con PALS no es lo mismo que trabajar con un abogado experimentado. Los miembros del personal de PALS no representan directamente los intereses jur\u00eddicos de los miembros individuales del servicio. M\u00e1s bien, trabajan para apoyar al NYPD en general cuando un litigio civil es presentado por una parte externa contra el departamento o cualquiera de sus miembros.&nbsp;<\/p>\n\n\n\n<p>En algunos casos presentados contra el NYPD o un miembro, puede quedar claro que los intereses del NYPD en su conjunto y los intereses del miembro individual est\u00e1n en desacuerdo. En estos casos, el objetivo principal de PALS es apoyar los intereses del NYPD, no los del miembro individual. La elecci\u00f3n de un abogado cuya \u00fanica responsabilidad es proteger sus intereses puede ayudar a asegurar que usted reciba una defensa s\u00f3lida.&nbsp;<\/p>\n\n\n\n<p>Cuando elige un abogado defensor NYPD, gana un aliado que puede coordinar el trabajo realizado por PALS, <a href=\"https:\/\/www.brill-legal.com\/es\/nuestros-servicios\/audiencias-disciplinarias-investigaciones\/abogados-de-la-policia-y-del-sindicato-policial\/\">un abogado sindicalista<\/a>y otras partes que le apoyan. Su abogado agiliza el proceso, ofreci\u00e9ndole un \u00fanico punto de contacto con experiencia que puede responder a sus preguntas y ayudar a que el proceso avance sin problemas.\u00a0<\/p>\n\n\n\n<h2 class=\"wp-block-heading\">C\u00f3mo elegir un abogado defensor de NYPD que luche por usted<\/h2>\n\n\n\n<p><a href=\"https:\/\/www.brill-legal.com\/es\/abogados\/peter-e-brill\/\">Abogados Peter Brill<\/a> y <a href=\"https:\/\/www.brill-legal.com\/es\/abogados\/david-gray\/\">David Gray<\/a> de la <a href=\"https:\/\/www.brill-legal.com\/es\/\">Brill Legal Group<\/a> entienden c\u00f3mo funciona la Sala de Primera Instancia y otros procedimientos porque en su d\u00eda trabajaron dentro del propio sistema. La carrera del abogado Peter Brill incluye casi 15 a\u00f1os de trabajo con los sindicatos de detectives, tenientes y capitanes. La experiencia anterior de David Gray incluye el tiempo que pas\u00f3 como abogado adjunto del departamento.\u00a0<\/p>\n\n\n\n<p>En la actualidad, ambos abogados se dedican a representar a agentes de polic\u00eda del NYPD a trav\u00e9s de su bufete privado. De este modo, pueden dedicar todos sus recursos a representar a sus clientes en lugar de negociar la delicada pol\u00edtica de los sindicatos policiales o del NYPD.&nbsp;<\/p>\n\n\n\n<p>Como miembro de la NYPD, has dedicado tu vida a defender la ciudad que llamas hogar. Cuando necesites a alguien que te defienda, acude a la <a href=\"https:\/\/www.brill-legal.com\/es\/abogados\/\">equipo jur\u00eddico del Brill Law Group<\/a>. Nos esforzamos por representar a cada uno de nuestros clientes con habilidad y determinaci\u00f3n. Para saber m\u00e1s, <a href=\"https:\/\/www.brill-legal.com\/es\/pongase-en-contacto-con\/\">Contacte con nosotros<\/a> para programar una consulta gratuita. Sus conversaciones con nuestro bufete de abogados son confidenciales.<\/p>","protected":false},"excerpt":{"rendered":"<p>Los miembros del Departamento de Polic\u00eda de New York City (NYPD) se alistan para marcar la diferencia. Suelen estar profundamente comprometidos con New York City y sus residentes, y se comprometen a hacer de la ciudad un lugar m\u00e1s seguro para vivir. Cuando un agente de polic\u00eda se enfrenta a cargos disciplinarios o a una investigaci\u00f3n penal, puede...<\/p>","protected":false},"author":1,"featured_media":4960,"parent":399,"menu_order":0,"comment_status":"closed","ping_status":"closed","template":"","meta":{"_acf_changed":false,"episode_type":"","audio_file":"","cover_image":"","cover_image_id":"","duration":"","filesize":"","date_recorded":"","explicit":"","block":"","itunes_episode_number":"","itunes_title":"","itunes_season_number":"","itunes_episode_type":"","filesize_raw":"","footnotes":""},"class_list":["post-413","page","type-page","status-publish","has-post-thumbnail","hentry"],"acf":[],"_links":{"self":[{"href":"https:\/\/www.brill-legal.com\/es\/wp-json\/wp\/v2\/pages\/413","targetHints":{"allow":["GET"]}}],"collection":[{"href":"https:\/\/www.brill-legal.com\/es\/wp-json\/wp\/v2\/pages"}],"about":[{"href":"https:\/\/www.brill-legal.com\/es\/wp-json\/wp\/v2\/types\/page"}],"author":[{"embeddable":true,"href":"https:\/\/www.brill-legal.com\/es\/wp-json\/wp\/v2\/users\/1"}],"replies":[{"embeddable":true,"href":"https:\/\/www.brill-legal.com\/es\/wp-json\/wp\/v2\/comments?post=413"}],"version-history":[{"count":6,"href":"https:\/\/www.brill-legal.com\/es\/wp-json\/wp\/v2\/pages\/413\/revisions"}],"predecessor-version":[{"id":6854,"href":"https:\/\/www.brill-legal.com\/es\/wp-json\/wp\/v2\/pages\/413\/revisions\/6854"}],"up":[{"embeddable":true,"href":"https:\/\/www.brill-legal.com\/es\/wp-json\/wp\/v2\/pages\/399"}],"wp:featuredmedia":[{"embeddable":true,"href":"https:\/\/www.brill-legal.com\/es\/wp-json\/wp\/v2\/media\/4960"}],"wp:attachment":[{"href":"https:\/\/www.brill-legal.com\/es\/wp-json\/wp\/v2\/media?parent=413"}],"curies":[{"name":"wp","href":"https:\/\/api.w.org\/{rel}","templated":true}]}}