{"id":406,"date":"2025-11-05T22:57:36","date_gmt":"2025-11-05T22:57:36","guid":{"rendered":"http:\/\/host2.adviahost.net\/~brilllegal\/?page_id=406"},"modified":"2025-11-05T22:57:38","modified_gmt":"2025-11-05T22:57:38","slug":"profesionales-de-la-medicina-sometidos-a-medidas-disciplinarias","status":"publish","type":"page","link":"https:\/\/www.brill-legal.com\/es\/nuestros-servicios\/audiencias-disciplinarias-investigaciones\/profesionales-de-la-medicina-sometidos-a-medidas-disciplinarias\/","title":{"rendered":"New York Abogado defensor de la disciplina profesional m\u00e9dica"},"content":{"rendered":"<p>\u00bfSe enfrenta a un expediente disciplinario por mala conducta o incumplimiento de las normas m\u00e9dicas profesionales? Hay demasiado en juego para confiar en su reputaci\u00f3n o suponer que recibir\u00e1 un trato justo. Necesita asesoramiento jur\u00eddico experimentado y proactivo para hacer frente a las acusaciones.<\/p>\n\n\n\n<p>En Brill Legal Group, entendemos que su licencia m\u00e9dica y su carrera est\u00e1n en juego. Tambi\u00e9n entendemos que incluso una suspensi\u00f3n o censura podr\u00eda ser devastador. Hemos representado con \u00e9xito a m\u00e9dicos, enfermeras y otros profesionales de la medicina que se enfrentan a cargos penales o audiencias disciplinarias.<\/p>\n\n\n\n<p><strong>Nassau County, Suffolk County y New York City. Llame para una consulta gratuita.<\/strong><\/p>\n\n\n\n<p><strong>Suffolk 631-204-8254 - Manhattan 212-233-4141 - Nassau 516-206-2002<br>Tel\u00e9fono gratuito 888-315-9841<\/strong><\/p>\n\n\n\n<h3 class=\"wp-block-heading\">Representaci\u00f3n calificada por mala conducta profesional m\u00e9dica<\/h3>\n\n\n\n<p>En 20 a\u00f1os de pr\u00e1ctica, nuestros abogados experimentados han manejado miles de procedimientos de licencias profesionales y las investigaciones penales iniciadas por la:<\/p>\n\n\n\n<ul class=\"wp-block-list\">\n<li><a href=\"https:\/\/www.brill-legal.com\/es\/nuestros-servicios\/abogados-de-derecho-sanitario\/opmc-abogados-oficina-de-conducta-medica-profesional\/\">Oficina de Conducta M\u00e9dica Profesional (Departamento de Sanidad)<\/a><\/li>\n\n\n\n<li><a href=\"https:\/\/www.brill-legal.com\/es\/nuestros-servicios\/abogados-de-derecho-sanitario\/opd-oficina-de-disciplina-profesional\/\">Oficina de Disciplina Profesional (Departamento de Educaci\u00f3n)<\/a><\/li>\n\n\n\n<li>New York Oficina del Fiscal General del Estado y Unidad de Control del Fraude contra Medicaid del Fiscal General<\/li>\n<\/ul>\n\n\n\n<p>Contamos con los conocimientos y recursos necesarios para rebatir acusaciones condenatorias que amenazan su reputaci\u00f3n y su medio de vida. Hemos defendido contra acusaciones de negligencia m\u00e9dica, abandono del deber, negligencia, fraude de facturaci\u00f3n, fraude de Medicare\/Medicaid, fraude de prescripci\u00f3n y otras faltas profesionales, as\u00ed como abuso de sustancias y otras faltas personales que podr\u00edan conducir a sanciones de licencia.<\/p>\n\n\n\n<h3 class=\"wp-block-heading\">Limitar las consecuencias<\/h3>\n\n\n\n<p>Preparamos argumentos minuciosos y convincentes para la junta de revisi\u00f3n y las audiencias disciplinarias para evitar la revocaci\u00f3n de su licencia m\u00e9dica. Y aunque usted podr\u00eda sentirse aliviado de salir de esto con s\u00f3lo una multa, amonestaci\u00f3n o suspensi\u00f3n, nuestro objetivo es evitar <em>cualquier <\/em>marcas negras en su expediente que le impidan progresar en su carrera u oportunidades de empleo en otros lugares.<\/p>\n\n\n\n<p>Peter Brill y su equipo jur\u00eddico est\u00e1n disponibles a corto plazo para ocuparse de su causa. Estamos disponibles 24 horas al d\u00eda, 7 d\u00edas a la semana. P\u00f3ngase en contacto con nuestro bufete de abogados hoy mismo para <strong><em>gratis <\/em>consulta inicial <\/strong>para discutir una audiencia disciplinaria pendiente o una investigaci\u00f3n rumoreada. Tenemos oficinas en Hauppauge, Hempstead y Manhattan.<\/p>","protected":false},"excerpt":{"rendered":"<p>\u00bfSe enfrenta a un expediente disciplinario por mala conducta o incumplimiento de las normas m\u00e9dicas profesionales? Hay demasiado en juego para confiar en su reputaci\u00f3n o suponer que recibir\u00e1 un trato justo. Necesita un abogado con experiencia y proactivo para hacer frente a las acusaciones. En Brill Legal Group, entendemos que su licencia m\u00e9dica y...<\/p>","protected":false},"author":1,"featured_media":5493,"parent":399,"menu_order":0,"comment_status":"closed","ping_status":"closed","template":"","meta":{"_acf_changed":false,"episode_type":"","audio_file":"","cover_image":"","cover_image_id":"","duration":"","filesize":"","date_recorded":"","explicit":"","block":"","itunes_episode_number":"","itunes_title":"","itunes_season_number":"","itunes_episode_type":"","filesize_raw":"","footnotes":""},"class_list":["post-406","page","type-page","status-publish","has-post-thumbnail","hentry"],"acf":[],"_links":{"self":[{"href":"https:\/\/www.brill-legal.com\/es\/wp-json\/wp\/v2\/pages\/406","targetHints":{"allow":["GET"]}}],"collection":[{"href":"https:\/\/www.brill-legal.com\/es\/wp-json\/wp\/v2\/pages"}],"about":[{"href":"https:\/\/www.brill-legal.com\/es\/wp-json\/wp\/v2\/types\/page"}],"author":[{"embeddable":true,"href":"https:\/\/www.brill-legal.com\/es\/wp-json\/wp\/v2\/users\/1"}],"replies":[{"embeddable":true,"href":"https:\/\/www.brill-legal.com\/es\/wp-json\/wp\/v2\/comments?post=406"}],"version-history":[{"count":7,"href":"https:\/\/www.brill-legal.com\/es\/wp-json\/wp\/v2\/pages\/406\/revisions"}],"predecessor-version":[{"id":6669,"href":"https:\/\/www.brill-legal.com\/es\/wp-json\/wp\/v2\/pages\/406\/revisions\/6669"}],"up":[{"embeddable":true,"href":"https:\/\/www.brill-legal.com\/es\/wp-json\/wp\/v2\/pages\/399"}],"wp:featuredmedia":[{"embeddable":true,"href":"https:\/\/www.brill-legal.com\/es\/wp-json\/wp\/v2\/media\/5493"}],"wp:attachment":[{"href":"https:\/\/www.brill-legal.com\/es\/wp-json\/wp\/v2\/media?parent=406"}],"curies":[{"name":"wp","href":"https:\/\/api.w.org\/{rel}","templated":true}]}}