{"id":404,"date":"2025-11-05T22:57:23","date_gmt":"2025-11-05T22:57:23","guid":{"rendered":"http:\/\/host2.adviahost.net\/~brilllegal\/?page_id=404"},"modified":"2025-11-05T22:57:24","modified_gmt":"2025-11-05T22:57:24","slug":"abogado-defensor-del-educador","status":"publish","type":"page","link":"https:\/\/www.brill-legal.com\/es\/nuestros-servicios\/audiencias-disciplinarias-investigaciones\/abogado-defensor-del-educador\/","title":{"rendered":"Abogado defensor de educadores en New York"},"content":{"rendered":"<p>Ser profesor en New York es cada a\u00f1o m\u00e1s dif\u00edcil. Con recortes presupuestarios, administradores y consejos escolares hostiles, negociaciones contractuales contradictorias y un sistema de calificaci\u00f3n que puede utilizarse para deshacerse de los buenos profesores si defienden sus intereses, a veces necesitas algo m\u00e1s que un representante de la New York State United Teachers (NYSUT) o de la United Federation of Teachers (UFT). En el Brill Legal Group, P.C., nos hemos enfrentado a consejos escolares intransigentes y a agresivos abogados del distrito escolar en nombre de nuestros clientes, ya fueran profesores, psic\u00f3logos escolares, logopedas, auxiliares docentes o paraprofesionales.<\/p>\n\n\n\n<h2 class=\"wp-block-heading\">Abogados para profesores titulares<\/h2>\n\n\n\n<p>Nuestros abogados manejan asuntos disciplinarios que involucran a personal escolar en los condados New York City, Nassau y Suffolk, y tambi\u00e9n cerca de los suburbios del norte de los condados de Westchester, Rockland, Putnam y Orange. Nuestro dedicado equipo puede asesorarle y defenderle en cualquiera de las siguientes \u00e1reas:<\/p>\n\n\n\n<ul class=\"wp-block-list\">\n<li>Secci\u00f3n 3020-A defensa de los derechos de tenencia (incompetencia, castigo corporal, abuso verbal, etc.)<\/li>\n\n\n\n<li>Procedimiento del art\u00edculo 75<\/li>\n\n\n\n<li>Art\u00edculo 78 procedimientos<\/li>\n\n\n\n<li>Recursos del Comisario de Educaci\u00f3n<\/li>\n\n\n\n<li>Casos de discriminaci\u00f3n\/represalias\/Title VII\/ADEA\/ADA ante organismos administrativos CCHR\/SDHR\/EEOC y tribunales federales y estatales.<\/li>\n\n\n\n<li>Reclamaciones<\/li>\n\n\n\n<li>Consultas de la lista de preguntas no admisibles<\/li>\n\n\n\n<li>Consultas de la Oficina M\u00e9dica<\/li>\n\n\n\n<li>Audiencias de la Oficina de Servicios para la Infancia y la Familia (OCFS)<\/li>\n\n\n\n<li>Audiencias de la Oficina de Investigaciones Especiales (OSI)<\/li>\n\n\n\n<li>Audiencias del Comisario Especial de Investigaci\u00f3n (CEI)<\/li>\n\n\n\n<li>Procedimientos de certificaci\u00f3n estatal de la Parte 83<\/li>\n\n\n\n<li>Procedimientos PERB<\/li>\n\n\n\n<li>Ceses en periodo de prueba y suspensiones<\/li>\n\n\n\n<li>Cuestiones de tenencia por impedimento<\/li>\n\n\n\n<li>Procedimientos de control de asistencia en virtud de la legislaci\u00f3n estatal o de la Ley de Licencias M\u00e9dicas y Familiares (FMLA).<\/li>\n\n\n\n<li>Recursos contra la calificaci\u00f3n U<\/li>\n<\/ul>\n\n\n\n<p>Nuestro equipo de abogados tiene d\u00e9cadas de experiencia representando a miembros de sindicatos en todo el estado. Perm\u00edtanos aportar nuestros conocimientos y pasi\u00f3n en su nombre.<\/p>\n\n\n\n<p>P\u00f3ngase en contacto con nuestros abogados de New York City hoy mismo para hablar sobre la representaci\u00f3n legal para profesores. Nuestros abogados especializados en cuestiones disciplinarias para educadores est\u00e1n a su disposici\u00f3n para ofrecerle una evaluaci\u00f3n inicial sin coste de las cuestiones legales a las que pueda enfrentarse.<\/p>\n\n\n\n<p><strong>Manhattan 212-233-4141 - Suffolk 631-204-8254 - Nassau 516-206-2002 - N\u00famero gratuito 888-315-9841.<\/strong><\/p>","protected":false},"excerpt":{"rendered":"<p>Ser profesor en New York es cada a\u00f1o m\u00e1s dif\u00edcil. Con recortes presupuestarios, administradores y consejos escolares hostiles, negociaciones contractuales contradictorias y un sistema de calificaci\u00f3n que puede utilizarse para deshacerse de los buenos profesores si defienden sus intereses, a veces se necesita algo m\u00e1s que un New York Estado Unido....<\/p>","protected":false},"author":1,"featured_media":5490,"parent":399,"menu_order":0,"comment_status":"closed","ping_status":"closed","template":"","meta":{"_acf_changed":false,"episode_type":"","audio_file":"","cover_image":"","cover_image_id":"","duration":"","filesize":"","date_recorded":"","explicit":"","block":"","itunes_episode_number":"","itunes_title":"","itunes_season_number":"","itunes_episode_type":"","filesize_raw":"","footnotes":""},"class_list":["post-404","page","type-page","status-publish","has-post-thumbnail","hentry"],"acf":[],"_links":{"self":[{"href":"https:\/\/www.brill-legal.com\/es\/wp-json\/wp\/v2\/pages\/404","targetHints":{"allow":["GET"]}}],"collection":[{"href":"https:\/\/www.brill-legal.com\/es\/wp-json\/wp\/v2\/pages"}],"about":[{"href":"https:\/\/www.brill-legal.com\/es\/wp-json\/wp\/v2\/types\/page"}],"author":[{"embeddable":true,"href":"https:\/\/www.brill-legal.com\/es\/wp-json\/wp\/v2\/users\/1"}],"replies":[{"embeddable":true,"href":"https:\/\/www.brill-legal.com\/es\/wp-json\/wp\/v2\/comments?post=404"}],"version-history":[{"count":6,"href":"https:\/\/www.brill-legal.com\/es\/wp-json\/wp\/v2\/pages\/404\/revisions"}],"predecessor-version":[{"id":7104,"href":"https:\/\/www.brill-legal.com\/es\/wp-json\/wp\/v2\/pages\/404\/revisions\/7104"}],"up":[{"embeddable":true,"href":"https:\/\/www.brill-legal.com\/es\/wp-json\/wp\/v2\/pages\/399"}],"wp:featuredmedia":[{"embeddable":true,"href":"https:\/\/www.brill-legal.com\/es\/wp-json\/wp\/v2\/media\/5490"}],"wp:attachment":[{"href":"https:\/\/www.brill-legal.com\/es\/wp-json\/wp\/v2\/media?parent=404"}],"curies":[{"name":"wp","href":"https:\/\/api.w.org\/{rel}","templated":true}]}}