{"id":4004,"date":"2020-08-21T21:23:29","date_gmt":"2020-08-21T21:23:29","guid":{"rendered":"https:\/\/www.brill-legal.com\/?page_id=4004"},"modified":"2022-11-30T00:35:52","modified_gmt":"2022-11-30T00:35:52","slug":"long-island-dwi-dui","status":"publish","type":"page","link":"https:\/\/www.brill-legal.com\/es\/nuestros-servicios\/defensa-penal\/dwi\/long-island-dwi-dui\/","title":{"rendered":"Long Island DWI\/DUI"},"content":{"rendered":"<p>Conducir ebrio no es cuesti\u00f3n de estar \"un poco achispado\". Conducir en estado de embriaguez (DWI) es un delito en el que la cantidad de alcohol en su sistema es superior al l\u00edmite legal. Conducir bajo los efectos del alcohol en Long Island puede acarrear multas elevadas, posibles penas de c\u00e1rcel y la p\u00e9rdida del privilegio de conducir. Cualquier persona que ha sido acusado de un delito de conducir ebrio debe trabajar con un abogado con experiencia en defensa de Long Island DWI.<\/p>\n\n\n\n<p><strong>Miles de detenidos al a\u00f1o por conducir ebrios en Long Island<\/strong><\/p>\n\n\n\n<p>New York aplicaci\u00f3n de la ley adopta una postura dura sobre beber y conducir. En una encuesta de 2019, el 69 por ciento de los conductores del estado pensaron que beber y conducir resultar\u00eda en un arresto \"siempre\" o \"la mayor\u00eda de las veces.\" New York La polic\u00eda estatal realiz\u00f3 1,218 patrullas dedicadas y 244 puntos de control de sobriedad fijos ese a\u00f1o. El resultado fue de 660 arrestos por DWI, seg\u00fan el Informe Anual de Seguridad Vial 2019 del estado.<\/p>\n\n\n\n<p>En 2018, el New York del norte del estado represent\u00f3 el 70 por ciento de las detenciones por conducci\u00f3n bajo los efectos del alcohol o las drogas del estado, mientras que el New York City tuvo el 18 por ciento y Long Island tuvo el 12 por ciento de las detenciones. El Suffolk County ha superado significativamente al Nassau County en t\u00e9rminos de arrestos por DWI en los \u00faltimos a\u00f1os. En 2019, 269 personas fueron arrestadas por delitos graves de DWI en Nassau County y 1,762 por delitos menores de DWI, en comparaci\u00f3n con los 419 arrestos por delitos graves de DWI de Suffolk County y los 2,472 arrestos por delitos menores de DWI.<\/p>\n\n\n\n<p>New York ha introducido leyes estrictas y penas severas a lo largo de los a\u00f1os para disuadir de la conducci\u00f3n bajo los efectos del alcohol y convertirla en un delito grave. Sin embargo, el riesgo percibido de ser detenido por conducir bajo los efectos del alcohol tiende a disminuir con la edad del conductor. El 80% de los conductores estatales de entre 16 y 20 a\u00f1os esperan que les detengan \"siempre\" o \"la mayor\u00eda de las veces\", frente a poco m\u00e1s de la mitad de los conductores de 65 a\u00f1os o m\u00e1s.<\/p>\n\n\n\n<p><strong>\u00bfCu\u00e1les son los diferentes tipos de cargos de DWI en Long Island?<\/strong><\/p>\n\n\n\n<p>Si su contenido de alcohol en la sangre (BAC) es de 0,08 por ciento o m\u00e1s, significa que usted est\u00e1 legalmente borracho bajo la ley New York. El estado tiene una pol\u00edtica de Tolerancia Cero para los menores de edad que beben y conducen. Para los conductores menores de 21 a\u00f1os, una tasa de alcoholemia de 0,02% o superior puede suponer importantes sanciones por infringir la ley. Aqu\u00ed est\u00e1n los delitos espec\u00edficos de conducir ebrio un conductor puede ser acusado en Long Island:<\/p>\n\n\n\n<ul class=\"wp-block-list\">\n<li>Conducir en estado de embriaguez (DWI): El nivel de alcoholemia del conductor es de 0,08 o superior. Para los conductores de veh\u00edculos comerciales, el l\u00edmite legal es un BAC de .04. Habla arrastrada, habilidades motoras deterioradas u otros signos de intoxicaci\u00f3n tambi\u00e9n puede conducir a un cargo de DWI.<\/li>\n\n\n\n<li>Conducir en estado de ebriedad agravado (DWI agravado): El BAC del conductor es de .18 por ciento o m\u00e1s, lo que significa que el alcohol en su sistema es m\u00e1s del doble del l\u00edmite legal. Conducir ebrio con un pasajero de 15 a\u00f1os o menor tambi\u00e9n puede resultar en un cargo de DWI Agravado bajo la Ley de Leandra. Se cuenta como un delito grave autom\u00e1tico.<\/li>\n\n\n\n<li>Conducir con la capacidad afectada por el alcohol (DWAI\/Alcohol): El nivel de BAC del conductor mide entre .05 por ciento y .07 por ciento. Una prueba quimica no es necesaria para un arresto de DWAI si hay otras indicaciones de intoxicacion. Esta es la ofensa menos seria de DWI ya que no es una infraccion criminal de trafico.<\/li>\n\n\n\n<li>Otras ofensas de DWAI incluyen Manejar con Habilidad Da\u00f1ada por Drogas (DWAI\/Drug) y Manejar con Habilidad Da\u00f1ada por una Influencia Combinada de Drogas o Alcohol (DWAI\/Combination).<\/li>\n<\/ul>\n\n\n\n<p><strong>Qu\u00e9 esperar durante un arresto por DWI en Long Island<\/strong><\/p>\n\n\n\n<p>Un conductor de Long Island detenido por sospecha de conducir ebrio esta obligado a someterse a una prueba de aliento que mide su BAC. Usted puede pensar que negarse a someterse a una prueba de aliento significa que no puede ser acusado de DWI. La realidad es que un oficial de polic\u00eda todav\u00eda puede arrestarlo por DWI, incluso sin confirmar su BAC supera el l\u00edmite legal de 0,08 por ciento.<\/p>\n\n\n\n<p>New York tiene una ley de consentimiento impl\u00edcito para los conductores. Esto significa que todos los conductores con licencia est\u00e1n de acuerdo en realizar pruebas qu\u00edmicas o pruebas de sobriedad de campo si son sospechosos de DWI. Los oficiales tambi\u00e9n pueden buscar otros signos de intoxicaci\u00f3n cuando te detienen como el olor a alcohol en el aliento, dificultad para hablar o los ojos inyectados en sangre. Negarse a una prueba de aliento, orina o sangre es una violaci\u00f3n de la ley estatal y resulta en una suspensi\u00f3n inmediata de la licencia de conducir por un a\u00f1o.<\/p>\n\n\n\n<p><strong>DWI Penalties: Consecuencias de beber y conducir en Long Island<\/strong><\/p>\n\n\n\n<p>No importa si un polic\u00eda te detuvo por exceso de velocidad en la carretera, o que fueron detenidos por DWI despu\u00e9s de salir de una fiesta sinti\u00e9ndose lo suficientemente bien como para conducir a pesar de tener unas copas. La conclusi\u00f3n es que la conducci\u00f3n bajo la influencia del alcohol en Long Island viene con penas graves. Cuanto mayor sea la intoxicaci\u00f3n, m\u00e1s duro ser\u00e1 el castigo.<\/p>\n\n\n\n<p>Incluso su primer DWI podr\u00eda resultar en fuertes multas y la p\u00e9rdida de su licencia de conducir. Tambi\u00e9n se le exigir\u00e1 que instale en su veh\u00edculo un dispositivo de bloqueo de encendido que comprueba la presencia de alcohol en su aliento. Una primera ofensa de DWI se acusa generalmente como un delito menor, mientras que los delitos m\u00e1s graves de conducir ebrio son delitos graves. La severidad de las penas de DWI depende de muchos factores diferentes que rodean el arresto del conductor incluyendo pero no limitado a:<\/p>\n\n\n\n<ul class=\"wp-block-list\">\n<li>Tasa de alcoholemia del conductor<\/li>\n\n\n\n<li>Condenas previas por conducir ebrio<\/li>\n\n\n\n<li>Lesiones causadas por el comportamiento del conductor<\/li>\n\n\n\n<li>Pasajeros en el veh\u00edculo<\/li>\n<\/ul>\n\n\n\n<p>Un primer delito de DWI en Long Island puede resultar en las siguientes sanciones:<\/p>\n\n\n\n<ul class=\"wp-block-list\">\n<li>Multa entre $500 y $1.000<\/li>\n\n\n\n<li>Hasta un a\u00f1o de c\u00e1rcel<\/li>\n\n\n\n<li>Hasta tres a\u00f1os de libertad condicional<\/li>\n\n\n\n<li>Suspensi\u00f3n del permiso de conducir durante seis meses o m\u00e1s (un a\u00f1o para los conductores menores de 21 a\u00f1os)<\/li>\n<\/ul>\n\n\n\n<p>En algunos casos, se le puede permitir obtener un permiso de conducir condicional para viajar hacia y desde la escuela, el trabajo y las obligaciones judiciales. Las penas aumentan si usted es condenado por DWI Agravado:<\/p>\n\n\n\n<ul class=\"wp-block-list\">\n<li>Multa m\u00e1xima de $2.500<\/li>\n\n\n\n<li>Hasta un a\u00f1o de c\u00e1rcel<\/li>\n\n\n\n<li>Tres a\u00f1os de libertad condicional<\/li>\n\n\n\n<li>Revocaci\u00f3n del permiso de conducir durante un a\u00f1o<\/li>\n<\/ul>\n\n\n\n<p>La reincidencia en DWI conlleva castigos a\u00fan m\u00e1s severos. Los conductores con una condena de DWI agravado existente en la \u00faltima d\u00e9cada pueden enfrentarse a un cargo de delito grave por conducir ebrio, que es el delito de DWI m\u00e1s grave en el estado de New York. Las penas potenciales de un delito grave DWI cargo conlleva incluyen:<\/p>\n\n\n\n<ul class=\"wp-block-list\">\n<li>Fino entre $1.000 y $5000<\/li>\n\n\n\n<li>Un m\u00e1ximo de cuatro a\u00f1os en la prisi\u00f3n estatal<\/li>\n\n\n\n<li>Cinco a\u00f1os de libertad condicional<\/li>\n\n\n\n<li>Revocaci\u00f3n del permiso de conducir durante un a\u00f1o<\/li>\n<\/ul>\n\n\n\n<p>Un tercer delito de DWI en 10 a\u00f1os conlleva una multa m\u00e1s alta de $2,000 a $10,000 y una sentencia potencial de siete a\u00f1os de prisi\u00f3n. Una condena por conducir ebrio es m\u00e1s que un inconveniente. Puede afectar a la vida de una persona de muchas maneras. No s\u00f3lo tendr\u00e1 dificultades para desplazarse sin permiso de conducir, sino que tener antecedentes penales puede afectar a su capacidad para conseguir un trabajo y ganarse la vida.<\/p>\n\n\n\n<p><strong>Posibles defensas para un DWI Long Island<\/strong><\/p>\n\n\n\n<p>Hay muchas posibles defensas por conducir ebrio. Puede estar seguro de que Brill Legal Group explorar\u00e1 todas las v\u00edas disponibles en su caso de DWI en Long Island. Si hay errores cometidos por la aplicaci\u00f3n de la ley, vamos a utilizar a su favor.<\/p>\n\n\n\n<p>Por ejemplo, el polic\u00eda que le par\u00f3 puede haber realizado una parada de tr\u00e1fico ilegal. Pueden alegar que usted estaba intoxicado simplemente porque ten\u00eda los ojos inyectados en sangre, lo que puede ser causado por otras razones adem\u00e1s de la bebida. Las pruebas quimicas y las pruebas de sobriedad no son siempre infalibles, aunque los fiscales a menudo las tratan como si lo fueran. Por ejemplo, las m\u00e1quinas de pruebas de alcoholemia a veces pueden producir lecturas inexactas de la cantidad de alcohol presente en su sistema.<\/p>\n\n\n\n<p><strong>\u00bfPor qu\u00e9 necesito un abogado de DWI de Long Island?<\/strong><\/p>\n\n\n\n<p>Pueden pasar muchas cosas cuando te pones al volante de un coche despu\u00e9s de haber bebido demasiado. Imag\u00ednese no poder conducir, tener que pagar multas caras e incluso pasar tiempo entre rejas. Preg\u00fantese si puede permitirse tener un arresto por DWI en su expediente.<\/p>\n\n\n\n<p>Cuando se enfrentan a cargos de DWI en Long Island, h<a href=\"https:\/\/www.brill-legal.com\/es\/nuestros-servicios\/defensa-penal\/\">ontar con un abogado defensor cualificado a su lado<\/a> puede marcar la diferencia en su caso. Todo el mundo comete errores. Sin la representaci\u00f3n legal adecuada, las personas terminan enfrentando castigos severos y luchando con las consecuencias de sus errores por el resto de sus vidas.<\/p>\n\n\n\n<p>En <a href=\"https:\/\/www.brill-legal.com\/es\/\">Brill Legal Group<\/a>Nuestro objetivo es construir para nuestros clientes una fuerte defensa que conduzca a un resultado favorable, ya sea un sobreseimiento o una absoluci\u00f3n. Como <a href=\"https:\/\/www.brill-legal.com\/es\/abogados\/peter-e-brill\/\">ex Nassau County Ayudante del Fiscal del Distrito, Peter Brill<\/a> conoce los entresijos del sistema legal. No juegue con su futuro y enfrente estos cargos solo.<\/p>\n\n\n\n<h3 class=\"wp-block-heading\">\u00bfArrestado por DWI en Long Island? P\u00f3ngase en contacto con Brill Legal Group hoy.<\/h3>\n\n\n\n<p>Tanto si ha sido <a href=\"https:\/\/www.brill-legal.com\/es\/nuestros-servicios\/defensa-penal\/dwi\/\">arrestado por su primer delito de DWI<\/a> o un delito grave por conducir ebrio, necesita un abogado de defensa de DWI confiable y de buena reputaci\u00f3n en Long Island. <a href=\"https:\/\/www.brill-legal.com\/es\/\">Brill Legal Group<\/a> se asegurar\u00e1 de que reciba un trato justo conforme a la ley y luchar\u00e1 por sus intereses ante los tribunales.<\/p>\n\n\n\n<p>Representamos a los acusados en Nassau County, Suffolk County y en todo Long Island. <a href=\"https:\/\/www.brill-legal.com\/es\/pongase-en-contacto-con\/\">P\u00f3ngase en contacto con nosotros para una primera consulta gratuita<\/a>. Estamos disponibles las 24 horas del d\u00eda, los 7 d\u00edas de la semana y los 365 d\u00edas del a\u00f1o.<\/p>\n\n\n\n<p>Nassau 516-206-2002 - Suffolk 631-204-8254 - Manhattan 212-233-4141 -<br>Tel\u00e9fono gratuito 888-315-9841<\/p>","protected":false},"excerpt":{"rendered":"<p>Conducir ebrio no es cuesti\u00f3n de estar \"un poco achispado\". Conducir en estado de embriaguez (DWI) es un delito en el que la cantidad de alcohol en su sistema es superior al l\u00edmite legal. Conducir bajo los efectos del alcohol en Long Island puede dar lugar a fuertes multas, posibles penas de c\u00e1rcel y la p\u00e9rdida de la...<\/p>","protected":false},"author":1,"featured_media":4899,"parent":98,"menu_order":0,"comment_status":"closed","ping_status":"closed","template":"","meta":{"_acf_changed":false,"episode_type":"","audio_file":"","cover_image":"","cover_image_id":"","duration":"","filesize":"","date_recorded":"","explicit":"","block":"","itunes_episode_number":"","itunes_title":"","itunes_season_number":"","itunes_episode_type":"","filesize_raw":"","footnotes":""},"class_list":["post-4004","page","type-page","status-publish","has-post-thumbnail","hentry"],"acf":[],"_links":{"self":[{"href":"https:\/\/www.brill-legal.com\/es\/wp-json\/wp\/v2\/pages\/4004","targetHints":{"allow":["GET"]}}],"collection":[{"href":"https:\/\/www.brill-legal.com\/es\/wp-json\/wp\/v2\/pages"}],"about":[{"href":"https:\/\/www.brill-legal.com\/es\/wp-json\/wp\/v2\/types\/page"}],"author":[{"embeddable":true,"href":"https:\/\/www.brill-legal.com\/es\/wp-json\/wp\/v2\/users\/1"}],"replies":[{"embeddable":true,"href":"https:\/\/www.brill-legal.com\/es\/wp-json\/wp\/v2\/comments?post=4004"}],"version-history":[{"count":9,"href":"https:\/\/www.brill-legal.com\/es\/wp-json\/wp\/v2\/pages\/4004\/revisions"}],"predecessor-version":[{"id":6501,"href":"https:\/\/www.brill-legal.com\/es\/wp-json\/wp\/v2\/pages\/4004\/revisions\/6501"}],"up":[{"embeddable":true,"href":"https:\/\/www.brill-legal.com\/es\/wp-json\/wp\/v2\/pages\/98"}],"wp:featuredmedia":[{"embeddable":true,"href":"https:\/\/www.brill-legal.com\/es\/wp-json\/wp\/v2\/media\/4899"}],"wp:attachment":[{"href":"https:\/\/www.brill-legal.com\/es\/wp-json\/wp\/v2\/media?parent=4004"}],"curies":[{"name":"wp","href":"https:\/\/api.w.org\/{rel}","templated":true}]}}