{"id":3989,"date":"2020-08-11T21:28:04","date_gmt":"2020-08-11T21:28:04","guid":{"rendered":"https:\/\/www.brill-legal.com\/?page_id=3989"},"modified":"2020-08-11T21:30:04","modified_gmt":"2020-08-11T21:30:04","slug":"sus-derechos-como-agente-de-policia-sindicado-de-nueva-york","status":"publish","type":"page","link":"https:\/\/www.brill-legal.com\/es\/nuestros-servicios\/audiencias-disciplinarias-investigaciones\/abogados-de-la-policia-y-del-sindicato-policial\/sus-derechos-como-agente-de-policia-sindicado-de-nueva-york\/","title":{"rendered":"Sus derechos como agente de polic\u00eda sindicado New York"},"content":{"rendered":"<p>En muchos sentidos, ser polic\u00eda New York es todo un reto. Aunque la inmensa mayor\u00eda de los agentes de polic\u00eda prestan servicio con valent\u00eda e integridad, las acciones de muy pocos agentes han aumentado el escrutinio p\u00fablico sobre todos los agentes de polic\u00eda. Como resultado, los agentes de la NYPD se enfrentan cada vez m\u00e1s a audiencias disciplinarias, acusaciones de violaci\u00f3n de los derechos civiles y, en algunos casos, incluso a cargos penales. En el Brill Legal Group, estamos orgullosos de ofrecer a los agentes de polic\u00eda con una defensa agresiva en cualquier asunto legal que se enfrentan, protegiendo tanto su nombre y su medio de vida. Si usted es <a href=\"https:\/\/www.brill-legal.com\/es\/nuestros-servicios\/disciplinary-hearings-investigations-2\/abogados-de-la-policia-y-del-sindicato-policial\/\">preocupado por la calidad de los abogados de su sindicato<\/a>llame hoy mismo al Brill Legal Group. <\/p>\n<p><strong>Protecci\u00f3n de los agentes de polic\u00eda contra las denuncias por conducta indebida<\/strong><\/p>\n<p>El trabajo de un agente de polic\u00eda no es f\u00e1cil. Los agentes de polic\u00eda New York deben tomar decisiones en fracciones de segundo que a veces tienen consecuencias de vida o muerte. Si un supervisor no est\u00e1 de acuerdo con el criterio de un agente, puede ser objeto de un procedimiento disciplinario, que en \u00faltima instancia puede llevar al despido. Los motivos m\u00e1s comunes por los que los agentes de polic\u00eda New York se enfrentan a medidas disciplinarias son:<\/p>\n<ul>\n<li>Fuerza excesiva de brutalidad policial<\/li>\n<li>Uso injustificado de pistolas Taser<\/li>\n<li>Falsa detenci\u00f3n<\/li>\n<li>Falsificaci\u00f3n de pruebas<\/li>\n<li>Intimidaci\u00f3n<\/li>\n<li>Corrupci\u00f3n<\/li>\n<li>Mala conducta fuera de servicio<\/li>\n<\/ul>\n<p>Durante un procedimiento disciplinario, las acciones de un agente se cuestionan a posteriori, lo que hace casi imposible apreciar la situaci\u00f3n a la que se enfrentaba el agente. Sin embargo, los buenos oficiales de polic\u00eda son despedidos rutinariamente por tomar la decisi\u00f3n \"equivocada\". Con tanto en juego, los agentes de polic\u00eda deben tener un abogado que represente sus intereses en los procedimientos disciplinarios formales. En el Brill Legal Group, entendemos que ser acusado de mala conducta por Asuntos Internos, CCRB, OIG, DOI, u otro grupo de investigaci\u00f3n puede ser aterrador, exasperante y frustrante, todo al mismo tiempo, y estamos orgullosos de representar a los oficiales de NYPD en todo tipo de acciones disciplinarias.<\/p>\n<p><strong>Representaci\u00f3n de agentes de la NYPD en denuncias de violaci\u00f3n de los derechos civiles\u00a0<\/strong><\/p>\n<p>New York El principal cometido de los agentes de polic\u00eda es proteger a la sociedad. En el desempe\u00f1o de esta tarea, los agentes se encuentran a menudo en situaciones que les obligan a tomar decisiones con rapidez. A veces, los agentes tienen que confiar en su instinto. Sin embargo, los agentes bienintencionados pueden acabar cometiendo errores honestos, especialmente en el calor del momento. Cuando esto ocurre, un agente puede enfrentarse a una demanda de derechos civiles en virtud del art\u00edculo 1983 del T\u00edtulo 42 del C\u00f3digo de los Estados Unidos. Ejemplos comunes de reclamaciones de derechos civiles presentadas contra agentes de polic\u00eda New York incluyen:<\/p>\n<li><strong>Falsa detenci\u00f3n<\/strong> - Una demanda por detenci\u00f3n ilegal se basa en una detenci\u00f3n sin causa probable. Sin embargo, la confianza de buena fe de un agente en informaci\u00f3n incorrecta puede invalidar una reclamaci\u00f3n por detenci\u00f3n ilegal.<\/li>\n<li><strong>Persecuci\u00f3n maliciosa<\/strong> - Una demanda por acusaci\u00f3n maliciosa se produce cuando un agente detiene a una persona sin causa probable bas\u00e1ndose en la malicia o la mala voluntad hacia esa persona. Por supuesto, la persona que presenta la demanda debe poder demostrar las intenciones del agente.<\/li>\n<li><strong>Uso irrazonable o excesivo de la fuerza<\/strong> - Los agentes pueden utilizar la fuerza adecuada cuando sea necesario. Que el uso de la fuerza por parte del agente sea razonable depende de los hechos y circunstancias que lo rodean, no de las motivaciones del agente. As\u00ed pues, incluso un agente bienintencionado puede desviarse de lo que exige la ley.\u00a0<\/li>\n<li><strong>Falta de intervenci\u00f3n<\/strong> - Los agentes tienen el deber de intervenir para proteger a las personas de las violaciones constitucionales cometidas por otros agentes. Su omisi\u00f3n puede ser la base de una demanda de derechos civiles.\u00a0<\/li>\n<p>&nbsp;<br \/>\nEn general, los agentes gozan de inmunidad de responsabilidad en el ejercicio de sus funciones. Sin embargo, si el demandante puede demostrar que el oficial viol\u00f3 un derecho constitucional o estatutario claramente establecido, la inmunidad del oficial se desvanece, dej\u00e1ndolos expuestos a la responsabilidad. En el Brill Legal Group, entendemos las realidades a las que se enfrentan los agentes en el trabajo, y estamos orgullosos de representar a agentes de polic\u00eda en todo tipo de reclamaciones de derechos civiles.<\/p>\n<p><strong>Defensa de funcionarios de la NYPD en asuntos penales<\/strong><\/p>\n<p>Ya se trate de un delito presuntamente cometido en acto de servicio o fuera de \u00e9l, una condena penal puede significar el fin de la carrera de un agente de polic\u00eda. Y dado el clima actual, los oficiales de polic\u00eda est\u00e1n bajo m\u00e1s escrutinio que nunca. En el Brill Legal Group, defendemos agresivamente a los agentes de polic\u00eda que se enfrentan a todo tipo de acusaciones penales, incluyendo:<\/p>\n<ul>\n<li>Conducci\u00f3n bajo los efectos del alcohol<\/li>\n<li>Agresi\u00f3n sexual<\/li>\n<li>Violencia dom\u00e9stica<\/li>\n<li>Cargos por drogas<\/li>\n<li>Intimidaci\u00f3n de testigos<\/li>\n<\/ul>\n<p>Independientemente del tipo de cargas, el <a href=\"https:\/\/www.brill-legal.com\/es\/\">dedicados abogados de defensa criminal New York en el Brill Legal Group<\/a> puede ayudar.<\/p>\n<p><strong>Contacte a un abogado defensor de oficiales de polic\u00eda para asistencia inmediata<\/strong><\/p>\n<p>En el <a href=\"https:\/\/www.brill-legal.com\/es\/\">Brill Legal Group<\/a>, <a href=\"https:\/\/www.brill-legal.com\/es\/abogados\/peter-e-brill\/\">abogados Peter Brill<\/a> y <a href=\"https:\/\/www.brill-legal.com\/es\/abogados\/david-gray\/\">David Gray<\/a> pas\u00f3 muchos a\u00f1os trabajando en el sistema disciplinario del NYPD. Mientras que Peter Brill pas\u00f3 casi 15 a\u00f1os como abogado de los sindicatos de Detectives, Tenientes y Capitanes. Estas experiencias permiten al Brill Legal Group proporcionar una representaci\u00f3n de primera categor\u00eda a los agentes de polic\u00eda New York en casos penales pendientes, casos de derechos civiles, as\u00ed como en audiencias disciplinarias. Nuestra clara comprensi\u00f3n de la Gu\u00eda de Patrulla y otras pol\u00edticas departamentales nos permite defendernos contra todas las acusaciones agresivamente. Luchamos por nuestros clientes, usando nuestra experiencia para proteger las pensiones, beneficios y reputaciones que nuestros Miembros Uniformados del Servicio han trabajado tan duro para obtener. Si le preocupa la calidad de los abogados de su sindicato, llame al Brill Legal Group. Para obtener m\u00e1s informaci\u00f3n, p\u00f3ngase en contacto con nosotros en el 888-315-9841 para <a href=\"https:\/\/www.brill-legal.com\/es\/pongase-en-contacto-con\/\">programe hoy mismo una consulta gratuita<\/a>. Es un privilegio servirle.<\/p>","protected":false},"excerpt":{"rendered":"<p>En muchos sentidos, ser polic\u00eda New York es todo un reto. Aunque la gran mayor\u00eda de los agentes de polic\u00eda sirven con valent\u00eda e integridad, las acciones de unos pocos agentes han aumentado el escrutinio p\u00fablico sobre todos los agentes de polic\u00eda. Como resultado, los agentes de NYPD se enfrentan cada vez m\u00e1s a audiencias disciplinarias,...<\/p>","protected":false},"author":1,"featured_media":0,"parent":407,"menu_order":0,"comment_status":"closed","ping_status":"closed","template":"","meta":{"_acf_changed":false,"episode_type":"","audio_file":"","cover_image":"","cover_image_id":"","duration":"","filesize":"","date_recorded":"","explicit":"","block":"","itunes_episode_number":"","itunes_title":"","itunes_season_number":"","itunes_episode_type":"","filesize_raw":"","footnotes":""},"class_list":["post-3989","page","type-page","status-publish","hentry"],"acf":[],"_links":{"self":[{"href":"https:\/\/www.brill-legal.com\/es\/wp-json\/wp\/v2\/pages\/3989","targetHints":{"allow":["GET"]}}],"collection":[{"href":"https:\/\/www.brill-legal.com\/es\/wp-json\/wp\/v2\/pages"}],"about":[{"href":"https:\/\/www.brill-legal.com\/es\/wp-json\/wp\/v2\/types\/page"}],"author":[{"embeddable":true,"href":"https:\/\/www.brill-legal.com\/es\/wp-json\/wp\/v2\/users\/1"}],"replies":[{"embeddable":true,"href":"https:\/\/www.brill-legal.com\/es\/wp-json\/wp\/v2\/comments?post=3989"}],"version-history":[{"count":7,"href":"https:\/\/www.brill-legal.com\/es\/wp-json\/wp\/v2\/pages\/3989\/revisions"}],"predecessor-version":[{"id":3996,"href":"https:\/\/www.brill-legal.com\/es\/wp-json\/wp\/v2\/pages\/3989\/revisions\/3996"}],"up":[{"embeddable":true,"href":"https:\/\/www.brill-legal.com\/es\/wp-json\/wp\/v2\/pages\/407"}],"wp:attachment":[{"href":"https:\/\/www.brill-legal.com\/es\/wp-json\/wp\/v2\/media?parent=3989"}],"curies":[{"name":"wp","href":"https:\/\/api.w.org\/{rel}","templated":true}]}}