{"id":397,"date":"2015-12-09T05:35:11","date_gmt":"2015-12-09T05:35:11","guid":{"rendered":"http:\/\/host2.adviahost.net\/~brilllegal\/?page_id=397"},"modified":"2025-11-28T21:45:33","modified_gmt":"2025-11-28T21:45:33","slug":"fraude-de-valores","status":"publish","type":"page","link":"https:\/\/www.brill-legal.com\/es\/nuestros-servicios\/defensa-penal\/delitos-de-cuello-blanco\/fraude-de-valores\/","title":{"rendered":"Fraude de valores"},"content":{"rendered":"<h2 class=\"wp-block-heading\">Long Island y NYC Abogados de Defensa de Fraude de Valores<\/h2>\n\n\n\n<p>Si fueras <a href=\"https:\/\/www.brill-legal.com\/es\/nuestros-servicios\/defensa-penal\/delitos-de-cuello-blanco\/\">acusado de fraude de valores<\/a> o sospecha que est\u00e1 siendo investigado por un delito de este tipo, necesita una representaci\u00f3n agresiva y experimentada para contrarrestar las acusaciones. Usted necesita un bufete de abogados que entienda c\u00f3mo las agencias reguladoras y los fiscales federales construyen su caso.<\/p>\n\n\n\n<p>En <a href=\"https:\/\/www.brill-legal.com\/es\/\">Brill Legal Group<\/a>, con oficinas en <a href=\"https:\/\/www.brill-legal.com\/es\/nuestros-servicios\/defensa-penal\/abogado-de-defensa-criminal-en-manhattan\/\">El distrito financiero de Manhattan<\/a> y en Long Island, ha defendido con \u00e9xito a corredores de bolsa, ejecutivos de corretaje, gestores de fondos y asesores de inversi\u00f3n acusados de estafar a inversores o de incumplimiento del deber fiduciario. Tenemos una amplia experiencia en litigios de valores en los tribunales estatales y federales de todo el pa\u00eds, as\u00ed como en el manejo de la aplicaci\u00f3n de valores no p\u00fablicos y asuntos de cumplimiento interno. <a href=\"https:\/\/www.brill-legal.com\/es\/abogados\/\">Nuestros abogados<\/a> representan a clientes en todo el New York City, as\u00ed como en los condados de Nassau y Suffolk.<\/p>\n\n\n\n<p><strong>\u00bfEs objeto de una investigaci\u00f3n por fraude de valores? Ll\u00e1menos para una consulta gratuita.<\/strong><\/p>\n\n\n\n<p><strong><a href=\"tel:1-631-204-8254\">Suffolk 631-204-8254<\/a> &#8211; <a href=\"tel:1-212-233-4141\">Manhattan 212-233-4141<\/a> &#8211; <a href=\"tel:1-516-206-2002\">Nassau 516-206-2002<\/a><br><a href=\"tel:1-888-315-9841\">Tel\u00e9fono gratuito 888-315-9841<\/a><\/strong><\/p>\n\n\n\n<h3 class=\"wp-block-heading\">Ideas poderosas para la representaci\u00f3n en casos de fraude de valores<\/h3>\n\n\n\n<p>Nuestro abogado litigante pas\u00f3 10 a\u00f1os como operador de materias primas en el New York Mercantile Exchange (<strong>NYMEX<\/strong>) antes de volver a ejercer la abogac\u00eda. Entiende, desde dentro, las pr\u00e1cticas de Wall Street y c\u00f3mo pueden malinterpretarse f\u00e1cilmente como actividad delictiva. En la actualidad representa habitualmente a clientes que se enfrentan al escrutinio de la Comisi\u00f3n del Mercado de Valores, FINRA, el Departamento del Tesoro o investigaciones internas de NYSE o NASDAQ. Ha asesorado a clientes en investigaciones y bajo acusaci\u00f3n formal en el Tribunal de Distrito de EE.UU. para el Distrito Este o el Distrito Sur de New York. Tambi\u00e9n defendemos a corredores en audiencias disciplinarias administrativas.<\/p>\n\n\n\n<p>Brill Legal Group ha defendido <a href=\"https:\/\/www.brill-legal.com\/es\/nuestros-servicios\/defensa-penal\/delitos-de-cuello-blanco\/\">todo tipo de acusaciones de fraude de valores<\/a>:<\/p>\n\n\n\n<ul class=\"wp-block-list\">\n<li>Fraude burs\u00e1til (tergiversaci\u00f3n, pump-and-dump)<\/li>\n\n\n\n<li>Irregularidades en la negociaci\u00f3n (churning, inversiones inadecuadas)<\/li>\n\n\n\n<li>Malversaci\u00f3n fiduciaria (malversaci\u00f3n de fondos de clientes)<\/li>\n\n\n\n<li>Informaci\u00f3n privilegiada y manipulaci\u00f3n de valores<\/li>\n\n\n\n<li>Presentaciones falsas ante la SEC y declaraciones falsas ante los organismos reguladores<\/li>\n\n\n\n<li>Esquemas Ponzi y otras estafas de inversi\u00f3n<\/li>\n<\/ul>\n\n\n\n<h3 class=\"wp-block-heading\">No se hunda m\u00e1s<\/h3>\n\n\n\n<p>Las personas que se ganan la vida vendiendo valores a menudo creen que pueden salirse con la suya. Insistimos en que no debe hablar con los reguladores ni con los investigadores policiales sin asesoramiento jur\u00eddico. Las admisiones o explicaciones se utilizar\u00e1n en su contra. Cooperar no le proporcionar\u00e1 necesariamente clemencia.<\/p>\n\n\n\n<p><a href=\"https:\/\/www.brill-legal.com\/es\/pongase-en-contacto-con\/\">P\u00f3ngase en contacto con nosotros<\/a> inmediatamente por un <strong>consulta inicial gratuita<\/strong>. Nuestros tel\u00e9fonos se atienden 24 horas al d\u00eda, 7 d\u00edas a la semana, 365 d\u00edas al a\u00f1o. Tenemos oficinas en Hauppauge, Hempstead y Manhattan.<\/p>","protected":false},"excerpt":{"rendered":"<p>Long Island y NYC Abogados de Defensa de Fraude de Valores Si usted fue acusado de fraude de valores o sospecha que est\u00e1 bajo investigaci\u00f3n por tal delito, necesita una representaci\u00f3n agresiva y con experiencia para contrarrestar las acusaciones. Necesita un bufete de abogados que entienda c\u00f3mo las agencias reguladoras y los fiscales federales construyen su caso. El Brill Legal Group, con...<\/p>","protected":false},"author":1,"featured_media":5607,"parent":383,"menu_order":0,"comment_status":"closed","ping_status":"closed","template":"","meta":{"_acf_changed":false,"episode_type":"","audio_file":"","cover_image":"","cover_image_id":"","duration":"","filesize":"","date_recorded":"","explicit":"","block":"","itunes_episode_number":"","itunes_title":"","itunes_season_number":"","itunes_episode_type":"","filesize_raw":"","footnotes":""},"class_list":["post-397","page","type-page","status-publish","has-post-thumbnail","hentry"],"acf":[],"_links":{"self":[{"href":"https:\/\/www.brill-legal.com\/es\/wp-json\/wp\/v2\/pages\/397","targetHints":{"allow":["GET"]}}],"collection":[{"href":"https:\/\/www.brill-legal.com\/es\/wp-json\/wp\/v2\/pages"}],"about":[{"href":"https:\/\/www.brill-legal.com\/es\/wp-json\/wp\/v2\/types\/page"}],"author":[{"embeddable":true,"href":"https:\/\/www.brill-legal.com\/es\/wp-json\/wp\/v2\/users\/1"}],"replies":[{"embeddable":true,"href":"https:\/\/www.brill-legal.com\/es\/wp-json\/wp\/v2\/comments?post=397"}],"version-history":[{"count":10,"href":"https:\/\/www.brill-legal.com\/es\/wp-json\/wp\/v2\/pages\/397\/revisions"}],"predecessor-version":[{"id":7361,"href":"https:\/\/www.brill-legal.com\/es\/wp-json\/wp\/v2\/pages\/397\/revisions\/7361"}],"up":[{"embeddable":true,"href":"https:\/\/www.brill-legal.com\/es\/wp-json\/wp\/v2\/pages\/383"}],"wp:featuredmedia":[{"embeddable":true,"href":"https:\/\/www.brill-legal.com\/es\/wp-json\/wp\/v2\/media\/5607"}],"wp:attachment":[{"href":"https:\/\/www.brill-legal.com\/es\/wp-json\/wp\/v2\/media?parent=397"}],"curies":[{"name":"wp","href":"https:\/\/api.w.org\/{rel}","templated":true}]}}