{"id":389,"date":"2015-12-09T00:04:48","date_gmt":"2015-12-09T00:04:48","guid":{"rendered":"http:\/\/host2.adviahost.net\/~brilllegal\/?page_id=389"},"modified":"2025-11-28T21:41:56","modified_gmt":"2025-11-28T21:41:56","slug":"espionaje-empresarial","status":"publish","type":"page","link":"https:\/\/www.brill-legal.com\/es\/nuestros-servicios\/defensa-penal\/delitos-de-cuello-blanco\/espionaje-empresarial\/","title":{"rendered":"Espionaje empresarial"},"content":{"rendered":"<h2 class=\"wp-block-heading\">Defensa agresiva contra cargos de espionaje<\/h2>\n\n\n\n<p>Cuando la mayor\u00eda de la gente oye la palabra \"espionaje\", piensa en James Bond, esp\u00edas, cuestiones de seguridad nacional y agentes de un gobierno que venden informaci\u00f3n de seguridad nacional a otro pa\u00eds. El espionaje empresarial puede considerarse el equivalente en el sector privado. Se trata esencialmente de una empresa que intenta obtener una ventaja mediante la obtenci\u00f3n de secretos comerciales de otra empresa. Tambi\u00e9n conocido como \"espionaje econ\u00f3mico\" y \"espionaje industrial\", los cargos de este tipo son muy graves y conllevan fuertes penas.<\/p>\n\n\n\n<p>En el Brill Legal Group, defendemos a individuos y empresas acusados de espionaje corporativo y una variedad de otros delitos de cuello blanco. Proporcionamos una defensa agresiva y experimentada a clientes de los cinco distritos de New York City y de todo Long Island. Nuestro \u00e9xito en casos de delitos empresariales significa que puede contar con nosotros cuando usted o su empresa m\u00e1s nos necesiten.<\/p>\n\n\n\n<p><strong>\u00bfSe enfrenta al robo de datos o a cargos relacionados?<br><\/strong>Ll\u00e1menos hoy mismo para<em><strong> gratis<\/strong><\/em> consulta inicial<strong><br><\/strong>Tel\u00e9fono gratuito: 888-315-9841<\/p>\n\n\n\n<h2 class=\"wp-block-heading\">Abogados que entienden casos complejos<\/h2>\n\n\n\n<p>La Ley de Espionaje Econ\u00f3mico de 1996 (18 U.S.C 1831) es una de las leyes dise\u00f1adas para proteger a las empresas del espionaje de otras empresas. El robo de informaci\u00f3n privilegiada est\u00e1 reconocido como un problema grave, y los fiscales del gobierno persiguen implacablemente a quienes creen que est\u00e1n implicados en tal actividad. En <a href=\"https:\/\/www.brill-legal.com\/es\/nuestros-servicios\/defensa-penal\/abogado-de-defensa-criminal-en-manhattan\/\">abogados expertos en espionaje corporativo en Manhattan<\/a>, somos igualmente implacables en la defensa de nuestros clientes.<\/p>\n\n\n\n<p>Algunos de los cargos contra los que luchamos son:<\/p>\n\n\n\n<ul class=\"wp-block-list\">\n<li>Espionaje industrial<\/li>\n\n\n\n<li>Robo de datos<\/li>\n\n\n\n<li>Robo de secretos comerciales<\/li>\n\n\n\n<li>Robo de f\u00f3rmulas secretas<\/li>\n\n\n\n<li>Uso no autorizado de t\u00e9cnicas de fabricaci\u00f3n patentadas<\/li>\n\n\n\n<li>Uso de programas de vigilancia ocultos, key loggers o sniffer bots<\/li>\n<\/ul>\n\n\n\n<p>Internet ha hecho com\u00fan que personas y empresas utilicen malware, spyware y programas de sniffer para obtener informaci\u00f3n sobre otras empresas. Nos defendemos en\u00e9rgicamente contra este tipo de cargos y otros cargos por delitos en Internet.<\/p>\n\n\n\n<p>En la defensa de estos casos, nuestros abogados especializados en robo de datos New York inspeccionan de cerca todos los aspectos del caso. A menudo, las actividades que la acusaci\u00f3n considera delictivas se clasifican mejor como recopilaci\u00f3n de inteligencia competitiva. Se trata de una pr\u00e1ctica completamente legal que consiste en obtener informaci\u00f3n sobre una empresa a partir de fuentes p\u00fablicas, como registros de patentes, peri\u00f3dicos y bases de datos del sector. Examinaremos todos los detalles de su caso y determinaremos si se dedicaba a la recopilaci\u00f3n de inteligencia competitiva y, por lo tanto, no estaba haciendo nada ilegal.<\/p>\n\n\n\n<h3 class=\"wp-block-heading\">P\u00f3ngase en contacto con un abogado especializado en robo de datos New York<\/h3>\n\n\n\n<p>Si usted o su empresa ha sido acusado de espionaje corporativo o robo de datos, el Brill Legal Group est\u00e1 listo para evaluar su situaci\u00f3n. Para una consulta inicial gratuita, llame al 888- 309-8876 o p\u00f3ngase en contacto con nosotros en l\u00ednea. Tenemos oficinas en Hauppauge, Hempstead y Manhattan.<\/p>","protected":false},"excerpt":{"rendered":"<p>Defensa agresiva contra cargos de espionaje Cuando la mayor\u00eda de la gente oye la palabra \"espionaje\", piensa en James Bond, esp\u00edas, cuestiones de seguridad nacional y agentes de un gobierno que venden informaci\u00f3n de seguridad nacional a otro pa\u00eds. El espionaje corporativo puede considerarse el equivalente en el mundo de los negocios privados. En esencia, se trata de una empresa que intenta...<\/p>","protected":false},"author":1,"featured_media":5609,"parent":383,"menu_order":0,"comment_status":"closed","ping_status":"closed","template":"","meta":{"_acf_changed":false,"episode_type":"","audio_file":"","cover_image":"","cover_image_id":"","duration":"","filesize":"","date_recorded":"","explicit":"","block":"","itunes_episode_number":"","itunes_title":"","itunes_season_number":"","itunes_episode_type":"","filesize_raw":"","footnotes":""},"class_list":["post-389","page","type-page","status-publish","has-post-thumbnail","hentry"],"acf":[],"_links":{"self":[{"href":"https:\/\/www.brill-legal.com\/es\/wp-json\/wp\/v2\/pages\/389","targetHints":{"allow":["GET"]}}],"collection":[{"href":"https:\/\/www.brill-legal.com\/es\/wp-json\/wp\/v2\/pages"}],"about":[{"href":"https:\/\/www.brill-legal.com\/es\/wp-json\/wp\/v2\/types\/page"}],"author":[{"embeddable":true,"href":"https:\/\/www.brill-legal.com\/es\/wp-json\/wp\/v2\/users\/1"}],"replies":[{"embeddable":true,"href":"https:\/\/www.brill-legal.com\/es\/wp-json\/wp\/v2\/comments?post=389"}],"version-history":[{"count":5,"href":"https:\/\/www.brill-legal.com\/es\/wp-json\/wp\/v2\/pages\/389\/revisions"}],"predecessor-version":[{"id":7343,"href":"https:\/\/www.brill-legal.com\/es\/wp-json\/wp\/v2\/pages\/389\/revisions\/7343"}],"up":[{"embeddable":true,"href":"https:\/\/www.brill-legal.com\/es\/wp-json\/wp\/v2\/pages\/383"}],"wp:featuredmedia":[{"embeddable":true,"href":"https:\/\/www.brill-legal.com\/es\/wp-json\/wp\/v2\/media\/5609"}],"wp:attachment":[{"href":"https:\/\/www.brill-legal.com\/es\/wp-json\/wp\/v2\/media?parent=389"}],"curies":[{"name":"wp","href":"https:\/\/api.w.org\/{rel}","templated":true}]}}