{"id":385,"date":"2015-12-08T23:52:57","date_gmt":"2015-12-08T23:52:57","guid":{"rendered":"http:\/\/host2.adviahost.net\/~brilllegal\/?page_id=385"},"modified":"2025-11-28T21:41:46","modified_gmt":"2025-11-28T21:41:46","slug":"conspiracion","status":"publish","type":"page","link":"https:\/\/www.brill-legal.com\/es\/nuestros-servicios\/defensa-penal\/delitos-de-cuello-blanco\/conspiracion\/","title":{"rendered":"Conspiraci\u00f3n"},"content":{"rendered":"<p>Si est\u00e1 siendo investigado o ya ha sido acusado de conspiraci\u00f3n, necesita un abogado que entienda las complejidades de la ley de conspiraci\u00f3n. En el Brill Legal Group, defendemos en\u00e9rgicamente a los clientes contra los cargos de conspiraci\u00f3n y los cargos penales subyacentes. Tenemos un historial de \u00e9xito en estos casos, y estamos dispuestos a poner nuestra experiencia y reputaci\u00f3n a trabajar para usted.<\/p>\n\n\n\n<p><strong>\u00bfSe enfrenta a cargos de conspiraci\u00f3n?<br><\/strong>Ll\u00e1menos hoy mismo para<em><strong> gratis<\/strong><\/em> consulta inicial<strong><br><\/strong>Tel\u00e9fono gratuito: 888-315-9841<\/p>\n\n\n\n<h2 class=\"wp-block-heading\">Proporcionando Defensa Penal H\u00e1bil y Estrat\u00e9gica<\/h2>\n\n\n\n<p>Nuestros abogados de conspiraci\u00f3n New York saben lo que se necesita para tener \u00e9xito en los casos de conspiraci\u00f3n. Podemos ayudarle a entender a qu\u00e9 penas se enfrenta, y trabajaremos diligentemente para que su caso sea desestimado o sus cargos reducidos. En New York, hay muchos grados de cargos de conspiraci\u00f3n en virtud del art\u00edculo 105 de la Ley Penal, cada uno con su propio castigo. Las posibilidades van desde un delito menor de clase B y tres meses de c\u00e1rcel, hasta un delito grave de clase A, que podr\u00eda significar cadena perpetua sin posibilidad de libertad condicional.<\/p>\n\n\n\n<p>Una representaci\u00f3n eficaz de defensa criminal puede significar la diferencia entre cumplir una larga pena de prisi\u00f3n y tal vez evitar la c\u00e1rcel por completo. Abordamos cada caso de conspiraci\u00f3n agresivamente desde el principio, descubriendo hechos y desarrollando estrategias para nuestros clientes. Estamos comprometidos a preservar los derechos y libertades de aquellos que enfrentan acusaciones de actividad criminal.<\/p>\n\n\n\n<h2 class=\"wp-block-heading\">Defensa en toda la gama de casos de conspiraci\u00f3n<\/h2>\n\n\n\n<p>La mayor\u00eda de la gente se sorprende al saber que los cargos de conspiraci\u00f3n conllevan penas significativamente m\u00e1s altas que los cargos subyacentes. Por ejemplo, en muchos casos de drogas hay cargos por distribucion de narcoticos (bajo 21 U.S.C 841) y cargos separados por conspiracion para distribuir narcoticos. El cargo de conspiracion puede conllevar penas que son el doble de severas que el cargo de distribucion. Nosotros manejamos una gran variedad de cargos, incluyendo conspiracion para cometer:<\/p>\n\n\n\n<ul class=\"wp-block-list\">\n<li>Fraude postal y electr\u00f3nico<\/li>\n\n\n\n<li>Asesinato<\/li>\n\n\n\n<li>Robo<\/li>\n\n\n\n<li>Fraude de valores<\/li>\n<\/ul>\n\n\n\n<p>Cuando usted contrata a nuestro bufete de abogados, inmediatamente nos pondremos a trabajar en la construcci\u00f3n de la mejor defensa posible, adaptada a los hechos de su situaci\u00f3n espec\u00edfica. Entendemos la gravedad de estos cargos, y hacemos todo lo posible para reivindicar sus derechos.<\/p>\n\n\n\n<h2 class=\"wp-block-heading\">P\u00f3ngase en contacto con nosotros<\/h2>\n\n\n\n<p>Estamos disponibles 24 horas al d\u00eda, 7 d\u00edas a la semana, y siempre contestamos nuestros tel\u00e9fonos. Para programar una consulta gratuita, ll\u00e1menos al 888-315-9841 o p\u00f3ngase en contacto con nosotros en l\u00ednea. Tenemos oficinas en Hauppauge, Hempstead y <a href=\"https:\/\/www.brill-legal.com\/es\/nuestros-servicios\/defensa-penal\/abogado-de-defensa-criminal-en-manhattan\/\">Manhattan<\/a>.<\/p>","protected":false},"excerpt":{"rendered":"<p>Si est\u00e1 siendo investigado o ya ha sido acusado de conspiraci\u00f3n, necesita un abogado que entienda las complejidades de la ley de conspiraci\u00f3n. En el Brill Legal Group, defendemos en\u00e9rgicamente a los clientes contra los cargos de conspiraci\u00f3n y los cargos penales subyacentes. Tenemos un historial de \u00e9xito en estos casos, y estamos...<\/p>","protected":false},"author":1,"featured_media":4309,"parent":383,"menu_order":0,"comment_status":"closed","ping_status":"closed","template":"","meta":{"_acf_changed":false,"episode_type":"","audio_file":"","cover_image":"","cover_image_id":"","duration":"","filesize":"","date_recorded":"","explicit":"","block":"","itunes_episode_number":"","itunes_title":"","itunes_season_number":"","itunes_episode_type":"","filesize_raw":"","footnotes":""},"class_list":["post-385","page","type-page","status-publish","has-post-thumbnail","hentry"],"acf":[],"_links":{"self":[{"href":"https:\/\/www.brill-legal.com\/es\/wp-json\/wp\/v2\/pages\/385","targetHints":{"allow":["GET"]}}],"collection":[{"href":"https:\/\/www.brill-legal.com\/es\/wp-json\/wp\/v2\/pages"}],"about":[{"href":"https:\/\/www.brill-legal.com\/es\/wp-json\/wp\/v2\/types\/page"}],"author":[{"embeddable":true,"href":"https:\/\/www.brill-legal.com\/es\/wp-json\/wp\/v2\/users\/1"}],"replies":[{"embeddable":true,"href":"https:\/\/www.brill-legal.com\/es\/wp-json\/wp\/v2\/comments?post=385"}],"version-history":[{"count":4,"href":"https:\/\/www.brill-legal.com\/es\/wp-json\/wp\/v2\/pages\/385\/revisions"}],"predecessor-version":[{"id":7342,"href":"https:\/\/www.brill-legal.com\/es\/wp-json\/wp\/v2\/pages\/385\/revisions\/7342"}],"up":[{"embeddable":true,"href":"https:\/\/www.brill-legal.com\/es\/wp-json\/wp\/v2\/pages\/383"}],"wp:featuredmedia":[{"embeddable":true,"href":"https:\/\/www.brill-legal.com\/es\/wp-json\/wp\/v2\/media\/4309"}],"wp:attachment":[{"href":"https:\/\/www.brill-legal.com\/es\/wp-json\/wp\/v2\/media?parent=385"}],"curies":[{"name":"wp","href":"https:\/\/api.w.org\/{rel}","templated":true}]}}