{"id":383,"date":"2025-11-05T23:01:07","date_gmt":"2025-11-05T23:01:07","guid":{"rendered":"http:\/\/host2.adviahost.net\/~brilllegal\/?page_id=383"},"modified":"2025-11-28T21:45:15","modified_gmt":"2025-11-28T21:45:15","slug":"delitos-de-cuello-blanco","status":"publish","type":"page","link":"https:\/\/www.brill-legal.com\/es\/nuestros-servicios\/defensa-penal\/delitos-de-cuello-blanco\/","title":{"rendered":"New York Abogado defensor de delitos de cuello blanco"},"content":{"rendered":"<h2 class=\"wp-block-heading\">Manhattan Fraude, Robo de Identidad, Delitos de Internet Abogado<\/h2>\n\n\n\n<p>El Brill Legal Group representa a particulares y empresas en todas las fases de investigaciones gubernamentales y asuntos penales de cuello blanco. Nuestros abogados defensores de delitos de cuello blanco New York City se han ganado una reputaci\u00f3n de eficacia basada en una investigaci\u00f3n temprana y exhaustiva de los hechos, estrategias legales sofisticadas y una defensa en\u00e9rgica. Nuestro eficaz trabajo inicial a menudo significa que nuestros clientes nunca son acusados de delitos, y algunos de nuestros mayores \u00e9xitos se han producido en asuntos que nunca se hicieron p\u00fablicos. Siempre que es necesario, estamos dispuestos a llevar casos ante tribunales federales y estatales en todo el estado New York.<\/p>\n\n\n\n<p>A menudo representamos a funcionarios p\u00fablicos y otras personas en investigaciones pol\u00edticas y casos penales de gran repercusi\u00f3n. Los abogados del Brill Legal Group son l\u00edderes en asuntos como estos, habiendo representado a funcionarios p\u00fablicos y otras personas notables en muchas situaciones de gran visibilidad.<\/p>\n\n\n\n<p><strong>\u00bfSe enfrenta a cargos penales de cuello blanco?<br><\/strong>Ll\u00e1menos hoy mismo para<em><strong> gratis<\/strong><\/em> consulta inicial<strong><br>Tel\u00e9fono gratuito: 888-315-9841<\/strong><\/p>\n\n\n\n<h3 class=\"wp-block-heading\">Manejo de todos los aspectos de los delitos de cuello blanco<\/h3>\n\n\n\n<p>Representamos a clientes con eficacia en muchos \u00e1mbitos en los que se desarrollan las investigaciones modernas y los casos de cuello blanco, incluidos el gran jurado, los tribunales federales y estatales, las audiencias del Congreso, los procedimientos de aplicaci\u00f3n de la normativa y los casos de fraude civil. Gestionamos audiencias ante el Departamento de Justicia, la Comisi\u00f3n del Mercado de Valores (SEC), la Autoridad Reguladora de la Industria Financiera (FINRA), el Servicio de Impuestos Internos (IRS), la Corporaci\u00f3n Federal de Seguros de Dep\u00f3sitos (FDIC), la Fiscal\u00eda General del Estado New York y el Departamento Tributario del Estado New York.<\/p>\n\n\n\n<p>Tenemos capacidad para reunir recursos destinados a resolver asuntos complejos y con m\u00faltiples frentes, incluidos investigadores, contables forenses y cualquier otro recurso que exijan nuestros casos.<\/p>\n\n\n\n<p>En el Brill Legal Group, proporcionamos representaci\u00f3n de defensa agresiva a los hombres de peque\u00f1as empresas, profesionales y otros en la mira del gobierno federal. Nuestros abogados de defensa criminal manejan una gama completa de delitos menores y delitos graves de cuello blanco y cargos de malversaci\u00f3n, tales como:<\/p>\n\n\n\n<ul class=\"wp-block-list\">\n<li>Antimonopolio<\/li>\n\n\n\n<li>Fraude bancario y fraude electr\u00f3nico<\/li>\n\n\n\n<li>Sobornos y comisiones ilegales<\/li>\n\n\n\n<li>Delitos e intrusiones inform\u00e1ticas, fraudes y delitos en Internet<\/li>\n\n\n\n<li>Conspiraci\u00f3n<\/li>\n\n\n\n<li>Fraude aduanero<\/li>\n\n\n\n<li>Espionaje empresarial<\/li>\n\n\n\n<li>Vigilancia electr\u00f3nica<\/li>\n\n\n\n<li>Malversaci\u00f3n, robo de empleados<\/li>\n\n\n\n<li>Delitos medioambientales<\/li>\n\n\n\n<li>Fraude, incluido el fraude postal y electr\u00f3nico<\/li>\n\n\n\n<li>Corrupci\u00f3n gubernamental<\/li>\n\n\n\n<li>Fraude sanitario<\/li>\n\n\n\n<li>Robo de identidad<\/li>\n\n\n\n<li>Inmigraci\u00f3n<\/li>\n\n\n\n<li>Fraude al seguro<\/li>\n\n\n\n<li>Delitos contra la propiedad intelectual<\/li>\n\n\n\n<li>Blanqueo de dinero<\/li>\n\n\n\n<li>Fraude hipotecario<\/li>\n\n\n\n<li>Juegos de azar en l\u00ednea<\/li>\n\n\n\n<li>Corrupci\u00f3n p\u00fablica<\/li>\n\n\n\n<li>RICO<\/li>\n\n\n\n<li>Fraude de valores<\/li>\n\n\n\n<li>Investigaciones sobre violaciones de la seguridad y privacidad<\/li>\n\n\n\n<li>Fraude fiscal y otros fraudes financieros<\/li>\n\n\n\n<li>Casos de denuncia<\/li>\n<\/ul>\n\n\n\n<h3 class=\"wp-block-heading\">P\u00f3ngase en contacto con un abogado con experiencia en malversaci\u00f3n de Manhattan<\/h3>\n\n\n\n<p>Si ha sido detenido por malversaci\u00f3n o est\u00e1 siendo investigado por cualquier delito de cuello blanco, <strong>contacte con nuestros abogados defensores <\/strong>en nuestro Hauppauge, Hempstead o <a href=\"https:\/\/www.brill-legal.com\/es\/nuestros-servicios\/defensa-penal\/abogado-de-defensa-criminal-en-manhattan\/\">Oficinas de Manhattan<\/a>. Estamos disponibles 24 horas al d\u00eda, 7 d\u00edas a la semana, 365 d\u00edas al a\u00f1o. Su llamada siempre ser\u00e1 atendida, sea cual sea la hora del d\u00eda. Llame al 888-315-9841.<\/p>","protected":false},"excerpt":{"rendered":"<p>Manhattan Fraude, Robo de Identidad, Delitos de Internet Abogado El Brill Legal Group representa a individuos y corporaciones en todas las etapas de las investigaciones del gobierno y los asuntos penales de cuello blanco. Nuestros New York City abogados defensores de delitos de cuello blanco se han ganado una reputaci\u00f3n de eficacia basada en la investigaci\u00f3n temprana y exhaustiva de los hechos, sofisticadas estrategias legales y en\u00e9rgicas....<\/p>","protected":false},"author":1,"featured_media":5607,"parent":75,"menu_order":0,"comment_status":"closed","ping_status":"closed","template":"","meta":{"_acf_changed":false,"episode_type":"","audio_file":"","cover_image":"","cover_image_id":"","duration":"","filesize":"","date_recorded":"","explicit":"","block":"","itunes_episode_number":"","itunes_title":"","itunes_season_number":"","itunes_episode_type":"","filesize_raw":"","footnotes":""},"class_list":["post-383","page","type-page","status-publish","has-post-thumbnail","hentry"],"acf":[],"_links":{"self":[{"href":"https:\/\/www.brill-legal.com\/es\/wp-json\/wp\/v2\/pages\/383","targetHints":{"allow":["GET"]}}],"collection":[{"href":"https:\/\/www.brill-legal.com\/es\/wp-json\/wp\/v2\/pages"}],"about":[{"href":"https:\/\/www.brill-legal.com\/es\/wp-json\/wp\/v2\/types\/page"}],"author":[{"embeddable":true,"href":"https:\/\/www.brill-legal.com\/es\/wp-json\/wp\/v2\/users\/1"}],"replies":[{"embeddable":true,"href":"https:\/\/www.brill-legal.com\/es\/wp-json\/wp\/v2\/comments?post=383"}],"version-history":[{"count":13,"href":"https:\/\/www.brill-legal.com\/es\/wp-json\/wp\/v2\/pages\/383\/revisions"}],"predecessor-version":[{"id":7359,"href":"https:\/\/www.brill-legal.com\/es\/wp-json\/wp\/v2\/pages\/383\/revisions\/7359"}],"up":[{"embeddable":true,"href":"https:\/\/www.brill-legal.com\/es\/wp-json\/wp\/v2\/pages\/75"}],"wp:featuredmedia":[{"embeddable":true,"href":"https:\/\/www.brill-legal.com\/es\/wp-json\/wp\/v2\/media\/5607"}],"wp:attachment":[{"href":"https:\/\/www.brill-legal.com\/es\/wp-json\/wp\/v2\/media?parent=383"}],"curies":[{"name":"wp","href":"https:\/\/api.w.org\/{rel}","templated":true}]}}