{"id":381,"date":"2015-12-08T22:55:41","date_gmt":"2015-12-08T22:55:41","guid":{"rendered":"http:\/\/host2.adviahost.net\/~brilllegal\/?page_id=381"},"modified":"2022-06-17T00:56:53","modified_gmt":"2022-06-17T00:56:53","slug":"cargos-por-armas","status":"publish","type":"page","link":"https:\/\/www.brill-legal.com\/es\/nuestros-servicios\/defensa-penal\/cargos-por-armas\/","title":{"rendered":"Cargos por armas"},"content":{"rendered":"<h2 class=\"wp-block-heading\">Dedicado Manhattan Abogados de Defensa Penal<\/h2>\n\n\n\n<p>El estado de New York tiene algunas de las leyes de armas m\u00e1s estrictas del pa\u00eds, especialmente en lo que respecta a las armas de fuego. Una condena por poseer un arma cargada sin permiso New York, por ejemplo, conlleva una pena m\u00ednima de tres a\u00f1os y medio de prisi\u00f3n.<\/p>\n\n\n\n<p>Los abogados de cargos de armas New York City en el Brill Legal Group entienden que los acusados de delitos de armas necesitan una representaci\u00f3n de defensa fuerte y agresiva. Proporcionamos defensa personalizada, completa y eficaz para nuestros clientes, trabajando duro para preservar su libertad y libertades. Tenemos un profundo conocimiento de las leyes de armas de fuego y la legislaci\u00f3n relacionada con las armas, y hacemos todo lo posible para obtener resultados positivos en los casos que manejamos.<\/p>\n\n\n\n<p><strong>\u00bfSe enfrenta a cargos por tenencia de armas?<br><\/strong>Ll\u00e1menos hoy mismo para<em><strong> gratis<\/strong><\/em> consulta inicial<strong><br><\/strong>Tel\u00e9fono gratuito: 888-315-9841<\/p>\n\n\n\n<h3 class=\"wp-block-heading\">Defensa contra todo tipo de cargos<\/h3>\n\n\n\n<p>En el Brill Legal Group, ofrecemos asesoramiento integral de defensa penal en una amplia gama de cargos relacionados con las armas, incluyendo:<\/p>\n\n\n\n<ul class=\"wp-block-list\"><li>Posesi\u00f3n criminal de un arma<\/li><li>Delincuente en posesi\u00f3n de un arma<\/li><li>Posesi\u00f3n de un arma en el recinto escolar<\/li><li>Posesi\u00f3n de armas por menores<\/li><li>Tr\u00e1fico de armas<\/li><li>Agresi\u00f3n con arma mortal<\/li><\/ul>\n\n\n\n<p>En New York City, la simple posesi\u00f3n de un arma de fuego no registrada puede acarrear una pena de c\u00e1rcel obligatoria de un a\u00f1o o m\u00e1s. La \u00fanica manera de portar legalmente un arma de fuego en New York City es obtener la licencia en la Ciudad. Esto significa que muchos viajeros a la zona, que poseen armas de fuego legalmente en su estado de origen, pueden ser detenidos y sometidos a penas graves. A pesar de que la Segunda Enmienda de la Constituci\u00f3n de los Estados Unidos garantiza el derecho a portar armas, las leyes sobre armas de New York parten a menudo de la presunci\u00f3n de que las armas son intr\u00ednsecamente malas y de que sus propietarios son delincuentes. Luchamos en\u00e9rgicamente contra estos cargos y ayudamos a las personas a evitar la c\u00e1rcel.<\/p>\n\n\n\n<h3 class=\"wp-block-heading\">M\u00e1s que armas de fuego<\/h3>\n\n\n\n<p>En New York, la palabra \"armas\" significa mucho m\u00e1s que pistolas. Se consideran armas una gran variedad de objetos, como cuchillos, nudillos de metal, bates de b\u00e9isbol y cualquier otra cosa que pueda utilizarse para hacer da\u00f1o a alguien.<\/p>\n\n\n\n<p>Los abogados experimentados de nuestro bufete de abogados defensores de Brooklyn trabajan diligentemente para descubrir todos los hechos que rodean un cargo de armas. Actuamos agresivamente en las primeras etapas del caso. A menudo encontramos errores cometidos por la polic\u00eda en el momento de la detenci\u00f3n, como un registro ilegal y la incautaci\u00f3n, que puede conducir a cargos retirados. Si el caso sigue adelante, usted puede estar seguro sabiendo que somos expertos en negociar con los fiscales de distrito en un esfuerzo por reducir sus cargos. Si las negociaciones no son productivas, puede confiar en nuestro historial de \u00e9xitos en los tribunales.<\/p>\n\n\n\n<h3 class=\"wp-block-heading\">P\u00f3ngase en contacto con un abogado con experiencia en posesi\u00f3n de armas Hauppauge<\/h3>\n\n\n\n<p>Si se enfrenta a cargos por posesi\u00f3n de armas en New York, no dude en hablar con un abogado de confianza. Los abogados del Brill Legal Group est\u00e1n listos para defender sus derechos. Para una consulta gratuita, llame al 888-315-9841 o p\u00f3ngase en contacto con nosotros en l\u00ednea. Estamos disponibles 24 horas al d\u00eda, 7 d\u00edas a la semana.<\/p>","protected":false},"excerpt":{"rendered":"<p>Abogados especializados en defensa penal en Manhattan El estado de New York tiene algunas de las leyes de armas m\u00e1s estrictas del pa\u00eds, especialmente en lo que respecta a las armas de fuego. Una condena por poseer un arma cargada sin un permiso New York, por ejemplo, conlleva una pena m\u00ednima de tres a\u00f1os y medio de prisi\u00f3n. La acusaci\u00f3n por tenencia de armas New York City...<\/p>","protected":false},"author":1,"featured_media":5855,"parent":75,"menu_order":0,"comment_status":"closed","ping_status":"closed","template":"","meta":{"_acf_changed":false,"episode_type":"","audio_file":"","cover_image":"","cover_image_id":"","duration":"","filesize":"","date_recorded":"","explicit":"","block":"","itunes_episode_number":"","itunes_title":"","itunes_season_number":"","itunes_episode_type":"","filesize_raw":"","footnotes":""},"class_list":["post-381","page","type-page","status-publish","has-post-thumbnail","hentry"],"acf":[],"_links":{"self":[{"href":"https:\/\/www.brill-legal.com\/es\/wp-json\/wp\/v2\/pages\/381","targetHints":{"allow":["GET"]}}],"collection":[{"href":"https:\/\/www.brill-legal.com\/es\/wp-json\/wp\/v2\/pages"}],"about":[{"href":"https:\/\/www.brill-legal.com\/es\/wp-json\/wp\/v2\/types\/page"}],"author":[{"embeddable":true,"href":"https:\/\/www.brill-legal.com\/es\/wp-json\/wp\/v2\/users\/1"}],"replies":[{"embeddable":true,"href":"https:\/\/www.brill-legal.com\/es\/wp-json\/wp\/v2\/comments?post=381"}],"version-history":[{"count":4,"href":"https:\/\/www.brill-legal.com\/es\/wp-json\/wp\/v2\/pages\/381\/revisions"}],"predecessor-version":[{"id":6270,"href":"https:\/\/www.brill-legal.com\/es\/wp-json\/wp\/v2\/pages\/381\/revisions\/6270"}],"up":[{"embeddable":true,"href":"https:\/\/www.brill-legal.com\/es\/wp-json\/wp\/v2\/pages\/75"}],"wp:featuredmedia":[{"embeddable":true,"href":"https:\/\/www.brill-legal.com\/es\/wp-json\/wp\/v2\/media\/5855"}],"wp:attachment":[{"href":"https:\/\/www.brill-legal.com\/es\/wp-json\/wp\/v2\/media?parent=381"}],"curies":[{"name":"wp","href":"https:\/\/api.w.org\/{rel}","templated":true}]}}