{"id":379,"date":"2015-12-08T22:14:11","date_gmt":"2015-12-08T22:14:11","guid":{"rendered":"http:\/\/host2.adviahost.net\/~brilllegal\/?page_id=379"},"modified":"2025-06-09T18:39:57","modified_gmt":"2025-06-09T18:39:57","slug":"ee-uu-incauta-bienes-de-propiedad-extranjera","status":"publish","type":"page","link":"https:\/\/www.brill-legal.com\/es\/nuestros-servicios\/defensa-penal\/defensa-penal-internacional-y-transnacional\/ee-uu-incauta-bienes-de-propiedad-extranjera\/","title":{"rendered":"Incautaci\u00f3n en EE.UU: Activos de propiedad extranjera"},"content":{"rendered":"<p>Como muchos de nuestros clientes internacionales y ciudadanos estadounidenses han descubierto, el gobierno de los Estados Unidos puede confiscar bienes relacionados con cualquier acusaci\u00f3n o investigaci\u00f3n penal. A trav\u00e9s de acciones administrativas, el gobierno puede confiscar cualquier tipo de propiedad: bienes inmuebles, dinero, existencias en Estados Unidos, autom\u00f3viles y otros objetos de valor. El valor de los bienes incautados puede oscilar entre casi nada y muchos miles o millones de d\u00f3lares.<\/p>\n\n\n\n<p>Siempre que los representantes del gobierno tengan motivos para creer que la propiedad que se va a incautar se produjo como resultado de una actividad delictiva o se estaba utilizando para cometer un delito, el propietario individual puede perder esa propiedad mediante el decomiso. Los bienes pueden empezar siendo propiedad de Estados Unidos. Incluso despu\u00e9s de la transferencia de la propiedad a alguien en un pa\u00eds extranjero, si ese pa\u00eds tiene un acuerdo con los EE.UU., los agentes estadounidenses pueden incautar la propiedad en ese otro pa\u00eds.<\/p>\n\n\n\n<p>Por ejemplo, a un fabricante de piezas de aviones que intente vender mercanc\u00edas a Ir\u00e1n violando el embargo comercial con ese pa\u00eds, el gobierno federal estadounidense puede confiscarle las mercanc\u00edas. Mientras tanto, los fondos transferidos para comprar las piezas de avi\u00f3n tambi\u00e9n pueden ser confiscados. Del mismo modo, al interrumpir un env\u00edo de narcotr\u00e1fico, los agentes federales pueden confiscar cualquier barco, coche o cami\u00f3n que se est\u00e9 utilizando para transportar las sustancias prohibidas.<\/p>\n\n\n\n<h2 class=\"wp-block-heading\">Abogados defensores de confiscaci\u00f3n de bienes federales<\/h2>\n\n\n\n<p>Cuando una agencia de aplicaci\u00f3n de la ley incauta bienes personales, puede haber una ventana de oportunidad para recuperar esos bienes y activos a trav\u00e9s de acciones legales apropiadas. Un abogado agresivo y con experiencia es un defensor esencial en estos momentos. Nuestros a\u00f1os de experiencia en la defensa penal internacional y transaccional han dado a Brill Legal Group, P.C., una gran parte de los conocimientos que hemos utilizado para permitir a los clientes recuperar los activos congelados y los bienes incautados.<\/p>\n\n\n\n<p>Desde sus despachos de Manhattan, Hauppauge y Hempstead, el Brill Legal Group representa a clientes estadounidenses e internacionales en los tribunales estatales y federales de New York City, Nassau County y Suffolk County. Nuestros clientes proceden de comunidades locales como Southampton, East Hampton y cualquiera de los distritos de New York City - o de otras partes de New York, los EE.UU. y naciones de todo el mundo.<\/p>\n\n\n\n<p>P\u00f3ngase en contacto con nosotros <strong>consulta inicial gratuita<\/strong> en relaci\u00f3n con la confiscaci\u00f3n de bienes por parte del gobierno de EE.UU. Aceptamos llamadas 24 horas al d\u00eda, siete d\u00edas a la semana y 365 d\u00edas al a\u00f1o.<\/p>\n\n\n\n<p><strong>Manhattan 212-233-4141 - Suffolk 631-204-8254 - Nassau 516-206-2002 - Llamada gratuita 888-315-9841<\/strong><\/p>","protected":false},"excerpt":{"rendered":"<p>Como muchos de nuestros clientes internacionales y ciudadanos estadounidenses han descubierto, el gobierno de los Estados Unidos puede confiscar bienes relacionados con cualquier acusaci\u00f3n o investigaci\u00f3n penal. A trav\u00e9s de acciones administrativas, el gobierno puede tomar cualquier tipo de propiedad: bienes inmuebles, dinero, inventario con sede en EE.UU., autom\u00f3viles y otros objetos de valor. El valor de los bienes incautados puede oscilar entre casi nada...<\/p>","protected":false},"author":1,"featured_media":6183,"parent":309,"menu_order":0,"comment_status":"closed","ping_status":"closed","template":"","meta":{"_acf_changed":false,"episode_type":"","audio_file":"","cover_image":"","cover_image_id":"","duration":"","filesize":"","date_recorded":"","explicit":"","block":"","itunes_episode_number":"","itunes_title":"","itunes_season_number":"","itunes_episode_type":"","filesize_raw":"","footnotes":""},"class_list":["post-379","page","type-page","status-publish","has-post-thumbnail","hentry"],"acf":[],"_links":{"self":[{"href":"https:\/\/www.brill-legal.com\/es\/wp-json\/wp\/v2\/pages\/379","targetHints":{"allow":["GET"]}}],"collection":[{"href":"https:\/\/www.brill-legal.com\/es\/wp-json\/wp\/v2\/pages"}],"about":[{"href":"https:\/\/www.brill-legal.com\/es\/wp-json\/wp\/v2\/types\/page"}],"author":[{"embeddable":true,"href":"https:\/\/www.brill-legal.com\/es\/wp-json\/wp\/v2\/users\/1"}],"replies":[{"embeddable":true,"href":"https:\/\/www.brill-legal.com\/es\/wp-json\/wp\/v2\/comments?post=379"}],"version-history":[{"count":7,"href":"https:\/\/www.brill-legal.com\/es\/wp-json\/wp\/v2\/pages\/379\/revisions"}],"predecessor-version":[{"id":7156,"href":"https:\/\/www.brill-legal.com\/es\/wp-json\/wp\/v2\/pages\/379\/revisions\/7156"}],"up":[{"embeddable":true,"href":"https:\/\/www.brill-legal.com\/es\/wp-json\/wp\/v2\/pages\/309"}],"wp:featuredmedia":[{"embeddable":true,"href":"https:\/\/www.brill-legal.com\/es\/wp-json\/wp\/v2\/media\/6183"}],"wp:attachment":[{"href":"https:\/\/www.brill-legal.com\/es\/wp-json\/wp\/v2\/media?parent=379"}],"curies":[{"name":"wp","href":"https:\/\/api.w.org\/{rel}","templated":true}]}}