{"id":374,"date":"2015-12-08T22:04:56","date_gmt":"2015-12-08T22:04:56","guid":{"rendered":"http:\/\/host2.adviahost.net\/~brilllegal\/?page_id=374"},"modified":"2022-06-17T00:29:55","modified_gmt":"2022-06-17T00:29:55","slug":"transporte-o-traslado-de-pornografia-infantil","status":"publish","type":"page","link":"https:\/\/www.brill-legal.com\/es\/nuestros-servicios\/defensa-penal\/delitos-sexuales\/transporte-o-traslado-de-pornografia-infantil\/","title":{"rendered":"Transporte o traslado de pornograf\u00eda infantil"},"content":{"rendered":"<p>Ser acusado de transporte o transporte de pornograf\u00eda infantil puede ser una acusaci\u00f3n devastadora para la que se requiere absolutamente representaci\u00f3n legal inmediata. La definici\u00f3n legal de transporte abarca un amplio abanico de posibles conductas, desde el transporte f\u00edsico real a trav\u00e9s del correo nacional o extranjero hasta las comunicaciones virtuales, como las contenidas en correos electr\u00f3nicos, mensajes de texto mms\/sms y enlaces a sitios web.<\/p>\n\n\n\n<p>Si usted est\u00e1 bajo investigaci\u00f3n o ha sido acusado de transporte o transporte de pornograf\u00eda infantil, es importante conocer los detalles de lo que se le ha acusado, y sus derechos bajo la ley. En el Brill Legal Group, tenemos la informaci\u00f3n que necesita para comprender plenamente sus opciones, adem\u00e1s de proporcionarle la experiencia legal que necesita para luchar contra estos cargos muy graves.<\/p>\n\n\n\n<p>Seg\u00fan el C\u00f3digo de Estados Unidos, 18 USC \u00a7 2252 y 18 USC \u00a7 2252A, el \"transporte\" puede aplicarse tanto al \u00e1mbito f\u00edsico como al virtual; por ejemplo, seg\u00fan la ley, enviar im\u00e1genes pulsando el bot\u00f3n \"enviar\" de tu ordenador o smartphone es tan ilegal como ir a la oficina de correos o al buz\u00f3n de UPS de tu barrio para enviar im\u00e1genes por correo.<\/p>\n\n\n\n<h3 class=\"wp-block-heading\">Riverhead Compartir Archivos Abogado de Defensa<\/h3>\n\n\n\n<p>En la era de Internet, en la que la inmensa mayor\u00eda de las detenciones por pornograf\u00eda infantil son el resultado de investigaciones por correo electr\u00f3nico o intercambio de archivos procedentes de sitios de torrents (Limewire, etc.) o de publicaciones en tablones de anuncios, las leyes sobre transporte son utilizadas ahora con m\u00e1s frecuencia como garrote por los fiscales del Gobierno contra los incautos. La elecci\u00f3n de los cargos recae exclusivamente en manos de la Fiscal\u00eda, y un cargo de transporte en un tribunal federal conlleva una condena mucho m\u00e1s dura (incluyendo al menos 5 a\u00f1os de c\u00e1rcel) que un cargo de posesi\u00f3n.<\/p>\n\n\n\n<h3 class=\"wp-block-heading\">New York Bufete de abogados de delitos sexuales<\/h3>\n\n\n\n<p>En el Brill Legal Group, entendemos todas estas cuestiones a fondo, y podemos argumentar que un cargo de posesi\u00f3n, sin tiempo de c\u00e1rcel, frente a un cargo de transporte es a menudo m\u00e1s apropiado. En estos casos, tambi\u00e9n nos encontramos a menudo con importantes cuestiones de trampa del Gobierno, y a menudo nos preocupa que los agentes del Gobierno hayan sobrepasado los l\u00edmites de su autoridad en la b\u00fasqueda excesiva de un arresto pol\u00edticamente cargado.<\/p>\n\n\n\n<p>No importa qu\u00e9 circunstancias rodean sus cargos de transporte o el transporte de pornograf\u00eda infantil, p\u00f3ngase en contacto con nosotros o llame al Brill Legal Group en: 888-315-9841. Deje que nuestro equipo de defensa legal calificado le ayude a asegurar que sus derechos y su reputaci\u00f3n est\u00e9n protegidos de una vida de verg\u00fcenza.<\/p>","protected":false},"excerpt":{"rendered":"<p>Ser acusado de transporte o transporte de pornograf\u00eda infantil puede ser una acusaci\u00f3n devastadora para la que es absolutamente necesaria una representaci\u00f3n legal inmediata. La definici\u00f3n legal de transporte abarca un amplio abanico de posibles conductas, desde el transporte f\u00edsico real a trav\u00e9s del correo nacional o extranjero hasta las comunicaciones virtuales, como las contenidas en correos electr\u00f3nicos, mensajes de texto mms\/sms,...<\/p>","protected":false},"author":1,"featured_media":0,"parent":104,"menu_order":0,"comment_status":"closed","ping_status":"closed","template":"","meta":{"_acf_changed":false,"episode_type":"","audio_file":"","cover_image":"","cover_image_id":"","duration":"","filesize":"","date_recorded":"","explicit":"","block":"","itunes_episode_number":"","itunes_title":"","itunes_season_number":"","itunes_episode_type":"","filesize_raw":"","footnotes":""},"class_list":["post-374","page","type-page","status-publish","hentry"],"acf":[],"_links":{"self":[{"href":"https:\/\/www.brill-legal.com\/es\/wp-json\/wp\/v2\/pages\/374","targetHints":{"allow":["GET"]}}],"collection":[{"href":"https:\/\/www.brill-legal.com\/es\/wp-json\/wp\/v2\/pages"}],"about":[{"href":"https:\/\/www.brill-legal.com\/es\/wp-json\/wp\/v2\/types\/page"}],"author":[{"embeddable":true,"href":"https:\/\/www.brill-legal.com\/es\/wp-json\/wp\/v2\/users\/1"}],"replies":[{"embeddable":true,"href":"https:\/\/www.brill-legal.com\/es\/wp-json\/wp\/v2\/comments?post=374"}],"version-history":[{"count":4,"href":"https:\/\/www.brill-legal.com\/es\/wp-json\/wp\/v2\/pages\/374\/revisions"}],"predecessor-version":[{"id":6239,"href":"https:\/\/www.brill-legal.com\/es\/wp-json\/wp\/v2\/pages\/374\/revisions\/6239"}],"up":[{"embeddable":true,"href":"https:\/\/www.brill-legal.com\/es\/wp-json\/wp\/v2\/pages\/104"}],"wp:attachment":[{"href":"https:\/\/www.brill-legal.com\/es\/wp-json\/wp\/v2\/media?parent=374"}],"curies":[{"name":"wp","href":"https:\/\/api.w.org\/{rel}","templated":true}]}}