{"id":372,"date":"2015-12-08T22:03:09","date_gmt":"2015-12-08T22:03:09","guid":{"rendered":"http:\/\/host2.adviahost.net\/~brilllegal\/?page_id=372"},"modified":"2022-06-17T00:29:19","modified_gmt":"2022-06-17T00:29:19","slug":"exito-de-la-peticion-para-reducir-el-nivel-de-delito-sexual","status":"publish","type":"page","link":"https:\/\/www.brill-legal.com\/es\/nuestros-servicios\/defensa-penal\/delitos-sexuales\/exito-de-la-peticion-para-reducir-el-nivel-de-delito-sexual\/","title":{"rendered":"Petici\u00f3n exitosa para reducir el nivel de delito sexual"},"content":{"rendered":"<p>Para muchas personas que han sido condenadas por un delito sexual, la obligaci\u00f3n de inscribirse en el registro local de delincuentes sexuales puede tener el mayor impacto en sus vidas y en su futuro. El registro muestra informaci\u00f3n b\u00e1sica, as\u00ed como la naturaleza del delito por el que ha sido condenado. Esto significa que cualquier persona del p\u00fablico puede ver una descripci\u00f3n general de su condena. Si la descripci\u00f3n es vaga, la gente puede sacar f\u00e1cilmente conclusiones sobre usted sin conocer los hechos.<\/p>\n\n\n\n<p>Hay pasos legales que usted puede tomar para solicitar que se reduzca el nivel de delito sexual que aparece en el registro.<\/p>\n\n\n\n<h2 class=\"wp-block-heading\">Asistencia para solicitar con \u00e9xito la reducci\u00f3n del nivel de delito sexual<\/h2>\n\n\n\n<p>Los abogados de la Brill Legal Group tienen una gran experiencia en los detalles de la Ley de Megan y sus implicaciones para nuestros clientes. Aparecemos rutinariamente en la corte en todo el Estado New York para ayudar a nuestros clientes en la obtenci\u00f3n del nivel de registro apropiado bajo SORA, y entendemos los matices en la ley y c\u00f3mo se aplica por los fiscales, los jueces y la Junta New York de Examinadores de Delincuentes Sexuales.<\/p>\n\n\n\n<p>Recientemente, una decisi\u00f3n relativa a un caso que ganamos para uno de nuestros clientes apareci\u00f3 en el New York Law Journal y se public\u00f3 en el bolet\u00edn oficial de casos del estado. La Oficina del Fiscal del Distrito Suffolk County argument\u00f3 que nuestro cliente era un ped\u00f3filo que merec\u00eda una designaci\u00f3n de Nivel 3. Nosotros argumentamos con \u00e9xito en contra de etiquetarlo como depredador sexualmente violento y en contra de cualquier designaci\u00f3n. Argumentamos con \u00e9xito en contra de etiquetarlo como depredador sexualmente violento y en contra de cualquier modificaci\u00f3n hacia arriba.<\/p>\n\n\n\n<p>Si usted o un ser querido se enfrenta a una situaci\u00f3n similar, estaremos encantados de consultar con usted acerca de c\u00f3mo podemos ayudar a reducir el nivel de delincuente sexual. Por favor llame a nuestras oficinas legales hoy al 888-309-8876.<\/p>","protected":false},"excerpt":{"rendered":"<p>Para muchas personas que han sido condenadas por un delito sexual, la obligaci\u00f3n de inscribirse en el registro local de delincuentes sexuales puede tener el mayor impacto en sus vidas y en su futuro. El registro muestra informaci\u00f3n b\u00e1sica, as\u00ed como la naturaleza del delito por el que ha sido condenado. Esto significa que cualquier...<\/p>","protected":false},"author":1,"featured_media":0,"parent":104,"menu_order":0,"comment_status":"closed","ping_status":"closed","template":"","meta":{"_acf_changed":false,"episode_type":"","audio_file":"","cover_image":"","cover_image_id":"","duration":"","filesize":"","date_recorded":"","explicit":"","block":"","itunes_episode_number":"","itunes_title":"","itunes_season_number":"","itunes_episode_type":"","filesize_raw":"","footnotes":""},"class_list":["post-372","page","type-page","status-publish","hentry"],"acf":[],"_links":{"self":[{"href":"https:\/\/www.brill-legal.com\/es\/wp-json\/wp\/v2\/pages\/372","targetHints":{"allow":["GET"]}}],"collection":[{"href":"https:\/\/www.brill-legal.com\/es\/wp-json\/wp\/v2\/pages"}],"about":[{"href":"https:\/\/www.brill-legal.com\/es\/wp-json\/wp\/v2\/types\/page"}],"author":[{"embeddable":true,"href":"https:\/\/www.brill-legal.com\/es\/wp-json\/wp\/v2\/users\/1"}],"replies":[{"embeddable":true,"href":"https:\/\/www.brill-legal.com\/es\/wp-json\/wp\/v2\/comments?post=372"}],"version-history":[{"count":5,"href":"https:\/\/www.brill-legal.com\/es\/wp-json\/wp\/v2\/pages\/372\/revisions"}],"predecessor-version":[{"id":6237,"href":"https:\/\/www.brill-legal.com\/es\/wp-json\/wp\/v2\/pages\/372\/revisions\/6237"}],"up":[{"embeddable":true,"href":"https:\/\/www.brill-legal.com\/es\/wp-json\/wp\/v2\/pages\/104"}],"wp:attachment":[{"href":"https:\/\/www.brill-legal.com\/es\/wp-json\/wp\/v2\/media?parent=372"}],"curies":[{"name":"wp","href":"https:\/\/api.w.org\/{rel}","templated":true}]}}