{"id":366,"date":"2015-12-08T21:53:34","date_gmt":"2015-12-08T21:53:34","guid":{"rendered":"http:\/\/host2.adviahost.net\/~brilllegal\/?page_id=366"},"modified":"2022-06-17T00:28:06","modified_gmt":"2022-06-17T00:28:06","slug":"recepcion-de-pornografia-infantil","status":"publish","type":"page","link":"https:\/\/www.brill-legal.com\/es\/nuestros-servicios\/defensa-penal\/delitos-sexuales\/recepcion-de-pornografia-infantil\/","title":{"rendered":"Recepci\u00f3n de pornograf\u00eda infantil"},"content":{"rendered":"<p>Recibir pornograf\u00eda infantil es un cargo muy grave - uno que puede tener ramificaciones que alteran la vida, tanto dentro como fuera del sistema de justicia. Incluso las personas que son acusadas err\u00f3neamente de recibir pornograf\u00eda infantil son a menudo condenadas al ostracismo por los dem\u00e1s, mientras que los sospechosos en casos de pornograf\u00eda infantil son a menudo objeto de agresivas trampas por parte de las investigaciones policiales.<\/p>\n\n\n\n<p>Si usted ha sido acusado de recibir pornograf\u00eda infantil o es sospechoso de recibir pornograf\u00eda infantil, es vital recurrir a un equipo legal que pueda ayudarle a luchar contra sus cargos, preservando as\u00ed sus derechos y su reputaci\u00f3n. Los abogados de la Brill Legal Group se especializan en proporcionar una defensa legal integral para nuestros clientes, ya sea en Nassau County, Suffolk County, New York City, o en todo Estados Unidos.<\/p>\n\n\n\n<h2 class=\"wp-block-heading\">Abogado Defensor de Material Sexualmente Expl\u00edcito Sirviendo Mineola, y todo Suffolk County y Nassau County<\/h2>\n\n\n\n<p>Seg\u00fan el C\u00f3digo de EE.UU., T\u00edtulo 18, Cap\u00edtulo 110, Secci\u00f3n 2256, la \"pornograf\u00eda infantil\" se define como cualquier representaci\u00f3n visual -incluidas las contenidas en fotograf\u00edas, pel\u00edculas, v\u00eddeos, im\u00e1genes e im\u00e1genes generadas por ordenador- que contenga conductas sexualmente expl\u00edcitas que impliquen el uso de un menor (una persona menor de 18 a\u00f1os).<\/p>\n\n\n\n<p>Por lo tanto, recibir pornograf\u00eda infantil es exactamente lo que parece. Si se le acusa o se le sorprende recibiendo cualquier material -f\u00edsico o electr\u00f3nico- que muestre a menores (reales o generados por ordenador) en actos sexuales expl\u00edcitos, puede ser acusado de recibir pornograf\u00eda infantil.<\/p>\n\n\n\n<p>En ese caso, tambi\u00e9n se enfrenta a un m\u00ednimo de cinco a\u00f1os en una prisi\u00f3n federal y a d\u00e9cadas como delincuente sexual registrado, algo casi seguro si no cuenta con el respaldo del equipo legal adecuado.<\/p>\n\n\n\n<h3 class=\"wp-block-heading\">Lucha contra los cargos de pornograf\u00eda bufete de abogados<\/h3>\n\n\n\n<h4 class=\"wp-block-heading\">Brill Legal Group - Defender su buen nombre<\/h4>\n\n\n\n<p>En el Brill Legal Group, nuestro equipo de abogados tiene una gran experiencia en la lucha contra los cargos de pornograf\u00eda infantil, en particular los relacionados con la recepci\u00f3n de pornograf\u00eda infantil. Muchos de estos cargos son el resultado de una trampa agresiva de las fuerzas del orden o de errores cometidos por los proveedores de servicios de Internet (ISP); frente a las fuerzas desplegadas contra usted, nuestro equipo de defensa legal puede ayudarle a defenderse de tales acusaciones.<\/p>\n\n\n\n<p>Si est\u00e1 enfrentando cargos por recibir pornograf\u00eda infantil, cont\u00e1ctenos o llame al 888-315-9841 para programar una consulta gratuita.<\/p>","protected":false},"excerpt":{"rendered":"<p>Recibir pornograf\u00eda infantil es un cargo muy grave - uno que puede tener ramificaciones que alteran la vida, tanto dentro como fuera del sistema de justicia. Incluso las personas que son acusadas err\u00f3neamente de recibir pornograf\u00eda infantil son a menudo condenadas al ostracismo por los dem\u00e1s, mientras que los sospechosos en casos de pornograf\u00eda infantil son a menudo objeto de agresivas trampas por parte de las investigaciones policiales. Si usted ha...<\/p>","protected":false},"author":1,"featured_media":0,"parent":104,"menu_order":0,"comment_status":"closed","ping_status":"closed","template":"","meta":{"_acf_changed":false,"episode_type":"","audio_file":"","cover_image":"","cover_image_id":"","duration":"","filesize":"","date_recorded":"","explicit":"","block":"","itunes_episode_number":"","itunes_title":"","itunes_season_number":"","itunes_episode_type":"","filesize_raw":"","footnotes":""},"class_list":["post-366","page","type-page","status-publish","hentry"],"acf":[],"_links":{"self":[{"href":"https:\/\/www.brill-legal.com\/es\/wp-json\/wp\/v2\/pages\/366","targetHints":{"allow":["GET"]}}],"collection":[{"href":"https:\/\/www.brill-legal.com\/es\/wp-json\/wp\/v2\/pages"}],"about":[{"href":"https:\/\/www.brill-legal.com\/es\/wp-json\/wp\/v2\/types\/page"}],"author":[{"embeddable":true,"href":"https:\/\/www.brill-legal.com\/es\/wp-json\/wp\/v2\/users\/1"}],"replies":[{"embeddable":true,"href":"https:\/\/www.brill-legal.com\/es\/wp-json\/wp\/v2\/comments?post=366"}],"version-history":[{"count":5,"href":"https:\/\/www.brill-legal.com\/es\/wp-json\/wp\/v2\/pages\/366\/revisions"}],"predecessor-version":[{"id":6234,"href":"https:\/\/www.brill-legal.com\/es\/wp-json\/wp\/v2\/pages\/366\/revisions\/6234"}],"up":[{"embeddable":true,"href":"https:\/\/www.brill-legal.com\/es\/wp-json\/wp\/v2\/pages\/104"}],"wp:attachment":[{"href":"https:\/\/www.brill-legal.com\/es\/wp-json\/wp\/v2\/media?parent=366"}],"curies":[{"name":"wp","href":"https:\/\/api.w.org\/{rel}","templated":true}]}}