{"id":364,"date":"2025-11-05T23:03:03","date_gmt":"2025-11-05T23:03:03","guid":{"rendered":"http:\/\/host2.adviahost.net\/~brilllegal\/?page_id=364"},"modified":"2025-11-05T23:03:05","modified_gmt":"2025-11-05T23:03:05","slug":"violacion-violacion-en-cita","status":"publish","type":"page","link":"https:\/\/www.brill-legal.com\/es\/nuestros-servicios\/defensa-penal\/delitos-sexuales\/violacion-violacion-en-cita\/","title":{"rendered":"Violaci\u00f3n y violaci\u00f3n en cita"},"content":{"rendered":"<p>Violaci\u00f3n es una palabra fuerte que se utiliza en una amplia gama de situaciones. Aunque la gente suele pensar en ataques violentos, la violaci\u00f3n puede imputarse en situaciones en las que los dos individuos se conoc\u00edan, ya ten\u00edan relaciones sexuales o incluso estaban casados. Puede aplicarse a adolescentes mayores que tienen relaciones sexuales con alguien unos a\u00f1os m\u00e1s joven. Puede aplicarse a un malentendido entre borrachos.<\/p>\n\n\n\n<p>Las consecuencias de una condena por violaci\u00f3n son graves. Adem\u00e1s de posibles penas de c\u00e1rcel, deber\u00e1 inscribirse en el registro de delincuentes sexuales, visible al p\u00fablico.<\/p>\n\n\n\n<h2 class=\"wp-block-heading\">Protecci\u00f3n de los derechos de los acusados<\/h2>\n\n\n\n<p>Si usted ha sido acusado de violaci\u00f3n, es fundamental que tome estos cargos y acusaciones en serio y encontrar la mejor representaci\u00f3n legal posible para proteger sus derechos y su reputaci\u00f3n. El Brill Legal Group proporciona una defensa agresiva y experimentada. Investigaremos a fondo la situaci\u00f3n y lucharemos para proteger sus derechos y su nombre.<\/p>\n\n\n\n<p>\u00bfArrestado o acusado de violaci\u00f3n o asalto sexual? Llame a nuestros abogados de defensa de violaci\u00f3n de Long Island al Brill Legal Group para una consulta confidencial gratuita.<\/p>\n\n\n\n<p>Las acusaciones de violaci\u00f3n pueden ser dif\u00edciles de defender. El caso puede convertirse en una situaci\u00f3n de \"\u00e9l dijo, ella dijo\". Otros casos pueden implicar ADN u otras pruebas circunstanciales fuertes. Sin embargo, como un ex Nassau County Asistente del Fiscal de Distrito, Peter E. Brill entiende c\u00f3mo la fiscal\u00eda se acerca a estos casos. Nuestro bufete de abogados trabaja para impugnar las pruebas en su contra y localizar los puntos d\u00e9biles en el caso de la fiscal\u00eda. Manejamos todas las formas de casos de defensa de violaci\u00f3n, incluyendo:<\/p>\n\n\n\n<ul class=\"wp-block-list\"><li>Violaci\u00f3n en cita<\/li><li>Violaci\u00f3n conyugal<\/li><li>Estupro<\/li><li>Violaci\u00f3n de menores<\/li><li>Violaci\u00f3n<\/li><\/ul>\n\n\n\n<p>Cada situaci\u00f3n es diferente, y construimos defensas adaptadas a las necesidades espec\u00edficas de cada cliente. Nuestros abogados defensores de delitos sexuales New York City trabajan duro para desarrollar estrategias efectivas.<\/p>\n\n\n\n<ul class=\"wp-block-list\"><li>Utilizamos expertos en ADN para cuestionar la validez de cualquier prueba de ADN.<\/li><li>Cuando un caso carece de pruebas de ADN, utilizamos este hecho en beneficio de nuestro cliente.<\/li><li>Escuchamos la historia de nuestro cliente. \u00bfFue el acto consentido?<\/li><li>\u00bfViol\u00f3 la polic\u00eda los derechos de nuestro cliente al coaccionarle para que confesara?<\/li><li>\u00bfEl acusador era conocido por hacer acusaciones falsas?<\/li><\/ul>\n\n\n\n<h2 class=\"wp-block-heading\">Contacto New York Abogados defensores de acusaciones de abuso sexual en Brill Legal Group<\/h2>\n\n\n\n<p>Su reputaci\u00f3n puede verse seriamente da\u00f1ada por acusaciones de abuso sexual, violaci\u00f3n o violaci\u00f3n en una cita. La sociedad no tarda en sacar conclusiones. En el Brill Legal Group, empezamos r\u00e1pidamente a preparar su defensa y a mitigar la exposici\u00f3n medi\u00e1tica. Para programar una consulta inicial gratuita, <strong>p\u00f3ngase en contacto con nuestros abogados de defensa de violaci\u00f3n en l\u00ednea<\/strong><strong>,<\/strong> o llame al 888-315-9841. Tenemos oficinas en Hauppauge, Hempstead y Manhattan.<\/p>","protected":false},"excerpt":{"rendered":"<p>Violaci\u00f3n es una palabra fuerte que se utiliza en una amplia gama de situaciones. Aunque la gente suele pensar en ataques violentos, la violaci\u00f3n puede imputarse en situaciones en las que los dos individuos se conoc\u00edan, ya ten\u00edan relaciones sexuales o incluso estaban casados. Puede aplicarse a adolescentes mayores que mantienen relaciones sexuales con alguien...<\/p>","protected":false},"author":1,"featured_media":5656,"parent":104,"menu_order":0,"comment_status":"closed","ping_status":"closed","template":"","meta":{"_acf_changed":false,"episode_type":"","audio_file":"","cover_image":"","cover_image_id":"","duration":"","filesize":"","date_recorded":"","explicit":"","block":"","itunes_episode_number":"","itunes_title":"","itunes_season_number":"","itunes_episode_type":"","filesize_raw":"","footnotes":""},"class_list":["post-364","page","type-page","status-publish","has-post-thumbnail","hentry"],"acf":[],"_links":{"self":[{"href":"https:\/\/www.brill-legal.com\/es\/wp-json\/wp\/v2\/pages\/364","targetHints":{"allow":["GET"]}}],"collection":[{"href":"https:\/\/www.brill-legal.com\/es\/wp-json\/wp\/v2\/pages"}],"about":[{"href":"https:\/\/www.brill-legal.com\/es\/wp-json\/wp\/v2\/types\/page"}],"author":[{"embeddable":true,"href":"https:\/\/www.brill-legal.com\/es\/wp-json\/wp\/v2\/users\/1"}],"replies":[{"embeddable":true,"href":"https:\/\/www.brill-legal.com\/es\/wp-json\/wp\/v2\/comments?post=364"}],"version-history":[{"count":6,"href":"https:\/\/www.brill-legal.com\/es\/wp-json\/wp\/v2\/pages\/364\/revisions"}],"predecessor-version":[{"id":5660,"href":"https:\/\/www.brill-legal.com\/es\/wp-json\/wp\/v2\/pages\/364\/revisions\/5660"}],"up":[{"embeddable":true,"href":"https:\/\/www.brill-legal.com\/es\/wp-json\/wp\/v2\/pages\/104"}],"wp:featuredmedia":[{"embeddable":true,"href":"https:\/\/www.brill-legal.com\/es\/wp-json\/wp\/v2\/media\/5656"}],"wp:attachment":[{"href":"https:\/\/www.brill-legal.com\/es\/wp-json\/wp\/v2\/media?parent=364"}],"curies":[{"name":"wp","href":"https:\/\/api.w.org\/{rel}","templated":true}]}}