{"id":362,"date":"2015-12-08T21:47:23","date_gmt":"2015-12-08T21:47:23","guid":{"rendered":"http:\/\/host2.adviahost.net\/~brilllegal\/?page_id=362"},"modified":"2025-11-28T21:45:24","modified_gmt":"2025-11-28T21:45:24","slug":"prostitucion-condescendiente","status":"publish","type":"page","link":"https:\/\/www.brill-legal.com\/es\/nuestros-servicios\/defensa-penal\/delitos-sexuales\/prostitucion-condescendiente\/","title":{"rendered":"Prostituci\u00f3n y clientelismo"},"content":{"rendered":"<h2 class=\"wp-block-heading\">Manhattan \/ NYC Defensa Jur\u00eddica por Proxenetismo o Tr\u00e1fico de Personas<\/h2>\n\n\n\n<p>Si se le acusa de contratar a una prostituta o de participar en la trata de seres humanos, es probable que se enfrente a penas de prisi\u00f3n, antecedentes penales duraderos, da\u00f1os a su reputaci\u00f3n y todas las consecuencias de registrarse como delincuente sexual. Una defensa proactiva puede evitar o rebajar estas penas y evitar la publicidad adversa, que puede destruir reputaciones y relaciones familiares.<\/p>\n\n\n\n<p>Brill Legal Group ha representado a trabajadoras del sexo, presuntos proxenetas y \u201cclientes\u201d detenidos en virtud de las leyes de prostituci\u00f3n del Estado New York, as\u00ed como de cargos federales relacionados. Con oficinas en Hauppauge, Hempstead y <a href=\"https:\/\/www.brill-legal.com\/es\/nuestros-servicios\/defensa-penal\/abogado-de-defensa-criminal-en-manhattan\/\">Manhattan<\/a>, nuestros abogados representan a clientes en Long Island y en todo New York City.<\/p>\n\n\n\n<p><strong>\u00bfArrestado por patrocinar o promover la prostituci\u00f3n? Llame para una consulta gratuita.<\/strong><\/p>\n\n\n\n<p><strong>Suffolk 631-204-8254 - Manhattan 212-233-4141 - Nassau 516-206-2002<br>Tel\u00e9fono gratuito 888-315-9841<\/strong><\/p>\n\n\n\n<h3 class=\"wp-block-heading\">Defensa experimentada para delitos de prostituci\u00f3n<\/h3>\n\n\n\n<p>Peter Brill es un ex fiscal Nassau County con una d\u00e9cada de experiencia en defensa criminal. \u00c9l y el resto de nuestro equipo legal proporcionan representaci\u00f3n inteligente en casos relacionados con:<\/p>\n\n\n\n<ul class=\"wp-block-list\">\n<li>Solicitar los servicios de una prostituta<\/li>\n\n\n\n<li>Promover o incitar a la prostituci\u00f3n<\/li>\n\n\n\n<li>Ejercer la prostituci\u00f3n<\/li>\n\n\n\n<li>Captaci\u00f3n en l\u00ednea de adolescentes con fines sexuales<\/li>\n<\/ul>\n\n\n\n<p>El patrocinio de una prostituta es normalmente un delito menor. Pero si se le acusa de mantener relaciones sexuales con una prostituta menor de edad, aunque usted no supiera que ella (o \u00e9l) era menor de edad, puede ser un delito grave de primer o segundo grado que requiere el registro como delincuente sexual. El tr\u00e1fico sexual tambi\u00e9n es un delito grave seg\u00fan la ley recientemente promulgada, castigado con hasta 25 a\u00f1os de prisi\u00f3n.<\/p>\n\n\n\n<p>En defensa de los clientes, examinamos todos los aspectos de una operaci\u00f3n encubierta o las circunstancias de la detenci\u00f3n. \u00bfSe produjo alg\u00fan acto sexual? \u00bfExisten pruebas de un acuerdo a cambio de dinero o de una transacci\u00f3n real? \u00bfFue un encuentro consentido y no sexo por dinero? \u00bfUn agente encubierto que se hac\u00eda pasar por prostituta le incit\u00f3 a quedar? \u00bfLe enga\u00f1aron sobre la edad real de la chica o el chico?<\/p>\n\n\n\n<p>Nuestro objetivo es evitar una condena, y sobre todo evitar cargos por delitos graves, la c\u00e1rcel, el registro de delincuentes sexuales y la publicaci\u00f3n embarazosa de su nombre y foto en relaci\u00f3n con la prostituci\u00f3n. P\u00f3ngase en contacto con nuestros experimentados abogados defensores de delitos sexuales para una consulta inicial gratuita. Puede comunicarse con nosotros las 24 horas del d\u00eda, los 7 d\u00edas de la semana.<\/p>","protected":false},"excerpt":{"rendered":"<p>Manhattan \/ NYC Defensa Legal por Solicitaci\u00f3n o Tr\u00e1fico Si usted es acusado de contratar a una prostituta o participar en la trata de personas, se enfrenta a tiempo de prisi\u00f3n probable, un registro de antecedentes penales duradera, el da\u00f1o a su reputaci\u00f3n y todas las consecuencias de registrarse como un delincuente sexual. Una defensa proactiva puede evitar o rebajar estas penas y...<\/p>","protected":false},"author":1,"featured_media":0,"parent":104,"menu_order":0,"comment_status":"closed","ping_status":"closed","template":"","meta":{"_acf_changed":false,"episode_type":"","audio_file":"","cover_image":"","cover_image_id":"","duration":"","filesize":"","date_recorded":"","explicit":"","block":"","itunes_episode_number":"","itunes_title":"","itunes_season_number":"","itunes_episode_type":"","filesize_raw":"","footnotes":""},"class_list":["post-362","page","type-page","status-publish","hentry"],"acf":[],"_links":{"self":[{"href":"https:\/\/www.brill-legal.com\/es\/wp-json\/wp\/v2\/pages\/362","targetHints":{"allow":["GET"]}}],"collection":[{"href":"https:\/\/www.brill-legal.com\/es\/wp-json\/wp\/v2\/pages"}],"about":[{"href":"https:\/\/www.brill-legal.com\/es\/wp-json\/wp\/v2\/types\/page"}],"author":[{"embeddable":true,"href":"https:\/\/www.brill-legal.com\/es\/wp-json\/wp\/v2\/users\/1"}],"replies":[{"embeddable":true,"href":"https:\/\/www.brill-legal.com\/es\/wp-json\/wp\/v2\/comments?post=362"}],"version-history":[{"count":5,"href":"https:\/\/www.brill-legal.com\/es\/wp-json\/wp\/v2\/pages\/362\/revisions"}],"predecessor-version":[{"id":7360,"href":"https:\/\/www.brill-legal.com\/es\/wp-json\/wp\/v2\/pages\/362\/revisions\/7360"}],"up":[{"embeddable":true,"href":"https:\/\/www.brill-legal.com\/es\/wp-json\/wp\/v2\/pages\/104"}],"wp:attachment":[{"href":"https:\/\/www.brill-legal.com\/es\/wp-json\/wp\/v2\/media?parent=362"}],"curies":[{"name":"wp","href":"https:\/\/api.w.org\/{rel}","templated":true}]}}