{"id":359,"date":"2015-12-08T21:43:42","date_gmt":"2015-12-08T21:43:42","guid":{"rendered":"http:\/\/host2.adviahost.net\/~brilllegal\/?page_id=359"},"modified":"2015-12-17T16:15:01","modified_gmt":"2015-12-17T16:15:01","slug":"posesion-de-pornografia-infantil","status":"publish","type":"page","link":"https:\/\/www.brill-legal.com\/es\/nuestros-servicios\/defensa-penal\/delitos-sexuales\/posesion-de-pornografia-infantil\/","title":{"rendered":"Posesi\u00f3n de pornograf\u00eda infantil"},"content":{"rendered":"<p>La sola menci\u00f3n de las palabras \"pornograf\u00eda infantil\" y su nombre en la misma frase -especialmente si esa frase aparece en un peri\u00f3dico o en un sitio web- puede tener un impacto devastador en su vida, su carrera y sus relaciones personales. Los procesos judiciales por pornograf\u00eda infantil son agresivos y suelen dejar a sus objetivos a la deriva, con escaso apoyo de familiares o amigos, normalmente sin trabajo y a menudo encarcelados a la espera de juicio. Con una fianza alta por lo general se da por sentado y las sentencias en algunos cargos a partir de un m\u00ednimo obligatorio de cinco a\u00f1os en una prisi\u00f3n federal, usted quiere elegir su representaci\u00f3n sabiamente.<\/p>\n<p>Aunque sigue siendo un delito grave, la posesi\u00f3n de pornograf\u00eda infantil conlleva un castigo mucho menos severo, por lo general sin sentencia m\u00ednima. Por lo tanto, durante las negociaciones o en el juicio, los expertos legales en el Brill Legal Group trabajar con diligencia para asegurar que el resultado final es una absoluci\u00f3n, desestimaci\u00f3n, o cargo de posesi\u00f3n, en lugar de vender, distribuir, recibir y \/ o transporte de pornograf\u00eda infantil. Esto puede hacer toda la diferencia en ayudar a un acusado a vivir una vida fuera de la c\u00e1rcel.<\/p>\n<p>Con esto en mente, el Brill Legal Group se asegura de que nuestros clientes entiendan en qu\u00e9 se est\u00e1n metiendo y c\u00f3mo funciona el proceso en cada paso del camino.<\/p>\n<h3>Posesi\u00f3n de Pornograf\u00eda Infantil Abogado Defensor<\/h3>\n<p>Seg\u00fan la legislaci\u00f3n federal, 18 USC 2252 y 2252A (a)(5), la posesi\u00f3n de pornograf\u00eda infantil implica poseer a sabiendas, o acceder a sabiendas con intenci\u00f3n de ver, cualquier libro, revista, publicaci\u00f3n peri\u00f3dica, pel\u00edcula, cinta de v\u00eddeo, disco de ordenador o cualquier otro material que contenga una imagen de pornograf\u00eda infantil. Esto incluye im\u00e1genes alojadas en salas de chat, sitios de intercambio de archivos, tablones de anuncios o sitios ftp, incluso si est\u00e1n alojados en pa\u00edses fuera de Estados Unidos.<\/p>\n<p>Aquellos encontrados culpables pueden ser castigados con una sentencia de no m\u00e1s de 10 a\u00f1os de prisi\u00f3n; sin embargo, condenas anteriores por pornograf\u00eda infantil o cualquier abuso sexual de menores pueden conllevar una sentencia m\u00ednima de 10 a\u00f1os de prisi\u00f3n. La clave para la mayor\u00eda de nuestros clientes, sin embargo, es que con nuestra ayuda, los delincuentes por primera vez a menudo pueden evitar la c\u00e1rcel por completo.<\/p>\n<h3>Brill Legal Group - Defensa agresiva y exitosa<\/h3>\n<p>Si usted ha sido acusado de posesi\u00f3n de pornograf\u00eda infantil, p\u00f3ngase en contacto con Brill Legal Group hoy o llame a nuestra oficina al: 888-315-9841. Estamos orgullosos de representar a clientes en las \u00e1reas Nassau County, Suffolk County y New York City.<\/p>\n<div style=\":height:2em;\"\"><\/div>","protected":false},"excerpt":{"rendered":"<p>La sola menci\u00f3n de las palabras \"pornograf\u00eda infantil\" y su nombre en la misma frase -especialmente si esa frase aparece en un peri\u00f3dico o en un sitio web- puede tener un impacto devastador en su vida, su carrera y sus relaciones personales. Los procesos judiciales por pornograf\u00eda infantil son agresivos y a menudo dejan a sus objetivos a la deriva con...<\/p>","protected":false},"author":1,"featured_media":0,"parent":104,"menu_order":0,"comment_status":"closed","ping_status":"closed","template":"","meta":{"_acf_changed":false,"episode_type":"","audio_file":"","cover_image":"","cover_image_id":"","duration":"","filesize":"","date_recorded":"","explicit":"","block":"","itunes_episode_number":"","itunes_title":"","itunes_season_number":"","itunes_episode_type":"","filesize_raw":"","footnotes":""},"class_list":["post-359","page","type-page","status-publish","hentry"],"acf":[],"_links":{"self":[{"href":"https:\/\/www.brill-legal.com\/es\/wp-json\/wp\/v2\/pages\/359","targetHints":{"allow":["GET"]}}],"collection":[{"href":"https:\/\/www.brill-legal.com\/es\/wp-json\/wp\/v2\/pages"}],"about":[{"href":"https:\/\/www.brill-legal.com\/es\/wp-json\/wp\/v2\/types\/page"}],"author":[{"embeddable":true,"href":"https:\/\/www.brill-legal.com\/es\/wp-json\/wp\/v2\/users\/1"}],"replies":[{"embeddable":true,"href":"https:\/\/www.brill-legal.com\/es\/wp-json\/wp\/v2\/comments?post=359"}],"version-history":[{"count":3,"href":"https:\/\/www.brill-legal.com\/es\/wp-json\/wp\/v2\/pages\/359\/revisions"}],"predecessor-version":[{"id":1593,"href":"https:\/\/www.brill-legal.com\/es\/wp-json\/wp\/v2\/pages\/359\/revisions\/1593"}],"up":[{"embeddable":true,"href":"https:\/\/www.brill-legal.com\/es\/wp-json\/wp\/v2\/pages\/104"}],"wp:attachment":[{"href":"https:\/\/www.brill-legal.com\/es\/wp-json\/wp\/v2\/media?parent=359"}],"curies":[{"name":"wp","href":"https:\/\/api.w.org\/{rel}","templated":true}]}}