{"id":357,"date":"2015-12-08T21:41:16","date_gmt":"2015-12-08T21:41:16","guid":{"rendered":"http:\/\/host2.adviahost.net\/~brilllegal\/?page_id=357"},"modified":"2022-06-17T00:23:41","modified_gmt":"2022-06-17T00:23:41","slug":"distribucion-de-pornografia-infantil","status":"publish","type":"page","link":"https:\/\/www.brill-legal.com\/es\/nuestros-servicios\/defensa-penal\/delitos-sexuales\/distribucion-de-pornografia-infantil\/","title":{"rendered":"Distribuci\u00f3n de pornograf\u00eda infantil"},"content":{"rendered":"<p>La mayor\u00eda de nuestros clientes no se consideran delincuentes; tienen trabajo y familia, amigos e hijos. Algunos incluso tienen nietos. Pero la pornograf\u00eda en Internet es f\u00e1cilmente accesible, y a veces la gente tropieza con cosas que no deber\u00eda mirar, aunque fueran f\u00e1ciles de encontrar. El Gobierno no suele acusar a las personas que s\u00f3lo han visto unas pocas fotos ilegales (aunque a veces ocurre), pero los fiscales perseguir\u00e1n a cualquiera que comercie con estas fotos o las env\u00ede a otros.<\/p>\n\n\n\n<p>A menos que se trate de la persona que realmente produce las im\u00e1genes o v\u00eddeos de ni\u00f1os implicados en conductas sexuales, los acusados de distribuir ese contenido pueden enfrentarse a toda la ira del Gobierno, con todo el poder que ejerce. Incluso ser acusado de distribuir pornograf\u00eda infantil puede tener graves repercusiones en la vida de alguien, aunque haya sido acusado err\u00f3neamente. Tales cargos -por muy err\u00f3neos que hayan sido- pueden perseguirte de por vida. Esto puede suponer la p\u00e9rdida de tu reputaci\u00f3n y de tus derechos, adem\u00e1s del ostracismo de amigos y familiares.<\/p>\n\n\n\n<p>Los acusados de producci\u00f3n o distribuci\u00f3n de pornograf\u00eda infantil pueden esperar enfrentarse a muchos obst\u00e1culos en los tribunales: elevadas fianzas solicitadas por el Gobierno, monta\u00f1as de pruebas electr\u00f3nicas que revisar y la presunci\u00f3n en la prensa y en el tribunal de la opini\u00f3n p\u00fablica de que usted es culpable.<\/p>\n\n\n\n<p>En el Brill Legal Group, tenemos mucha experiencia en la representaci\u00f3n de acusados en casos de pornograf\u00eda infantil, y podemos ofrecer defensas razonables en muchas situaciones. Por ejemplo, algunas personas acusadas de distribuci\u00f3n de pornograf\u00eda infantil han estado bajo la impresi\u00f3n de que el individuo era un adulto con consentimiento, mientras que otros distribuyeron representaciones art\u00edsticas de los ni\u00f1os que no deben ser considerados pornogr\u00e1ficos. Y otros fueron inducidos a distribuir pornograf\u00eda infantil por agentes de la ley demasiado entusiastas. Ah\u00ed es donde entra en juego el Brill Legal Group: nuestros respetados abogados pueden ayudar a hacer valer estos argumentos, especialmente cuando los fiscales son hostiles a nuestros clientes.<\/p>\n\n\n\n<h3 class=\"wp-block-heading\">Cargos por distribuci\u00f3n de pornograf\u00eda infantil<\/h3>\n\n\n\n<p>Si le han acusado de distribuir pornograf\u00eda infantil, esto es a lo que se enfrenta: Seg\u00fan 18 USC \u00a7 2252(a) y 18 U.S.C. \u00a7 2252A(a)(2), puedes ser acusado de distribuci\u00f3n de pornograf\u00eda infantil si env\u00edas im\u00e1genes ilegales \"por cualquier medio, incluido el ordenador\". En resumen, si te han pillado en una situaci\u00f3n en la que has subido im\u00e1genes o enviado fotos por correo electr\u00f3nico a un amigo, o las has enviado de cualquier otra forma, por cualquier medio, te pueden acusar de distribuci\u00f3n de pornograf\u00eda infantil.<\/p>\n\n\n\n<h3 class=\"wp-block-heading\">Suffolk County Abogado de delitos sexuales en Internet<\/h3>\n\n\n\n<p><strong>Busque asesoramiento legal por cargos de distribuci\u00f3n de pornograf\u00eda infantil<\/strong><br>Si usted o un ser querido es acusado de distribuir pornograf\u00eda infantil, usted debe buscar un abogado con una amplia formaci\u00f3n y experiencia en esta \u00e1rea tan delicada de la ley, ya que cualquier cargo de este tipo puede incluir el tiempo de prisi\u00f3n federal. Aseg\u00farese de que esto no le suceda a usted poni\u00e9ndose en contacto con el Brill Legal Group para su representaci\u00f3n legal. Nuestro equipo de defensa legal puede proporcionarle la representaci\u00f3n agresiva que necesita para luchar contra sus cargos de pornograf\u00eda infantil.<\/p>\n\n\n\n<p>Si ha sido acusado de distribuir pornograf\u00eda infantil, p\u00f3ngase en contacto con nosotros o llame al 888-315-9841.<\/p>","protected":false},"excerpt":{"rendered":"<p>La mayor\u00eda de nuestros clientes no se consideran delincuentes; tienen trabajo y familia, amigos e hijos. Algunos incluso tienen nietos. Pero la pornograf\u00eda en Internet es de f\u00e1cil acceso, y a veces la gente tropieza con cosas que no deber\u00eda mirar, aunque fueran f\u00e1ciles de encontrar. El Gobierno no suele acusar a las personas que...<\/p>","protected":false},"author":1,"featured_media":0,"parent":104,"menu_order":0,"comment_status":"closed","ping_status":"closed","template":"","meta":{"_acf_changed":false,"episode_type":"","audio_file":"","cover_image":"","cover_image_id":"","duration":"","filesize":"","date_recorded":"","explicit":"","block":"","itunes_episode_number":"","itunes_title":"","itunes_season_number":"","itunes_episode_type":"","filesize_raw":"","footnotes":""},"class_list":["post-357","page","type-page","status-publish","hentry"],"acf":[],"_links":{"self":[{"href":"https:\/\/www.brill-legal.com\/es\/wp-json\/wp\/v2\/pages\/357","targetHints":{"allow":["GET"]}}],"collection":[{"href":"https:\/\/www.brill-legal.com\/es\/wp-json\/wp\/v2\/pages"}],"about":[{"href":"https:\/\/www.brill-legal.com\/es\/wp-json\/wp\/v2\/types\/page"}],"author":[{"embeddable":true,"href":"https:\/\/www.brill-legal.com\/es\/wp-json\/wp\/v2\/users\/1"}],"replies":[{"embeddable":true,"href":"https:\/\/www.brill-legal.com\/es\/wp-json\/wp\/v2\/comments?post=357"}],"version-history":[{"count":4,"href":"https:\/\/www.brill-legal.com\/es\/wp-json\/wp\/v2\/pages\/357\/revisions"}],"predecessor-version":[{"id":6228,"href":"https:\/\/www.brill-legal.com\/es\/wp-json\/wp\/v2\/pages\/357\/revisions\/6228"}],"up":[{"embeddable":true,"href":"https:\/\/www.brill-legal.com\/es\/wp-json\/wp\/v2\/pages\/104"}],"wp:attachment":[{"href":"https:\/\/www.brill-legal.com\/es\/wp-json\/wp\/v2\/media?parent=357"}],"curies":[{"name":"wp","href":"https:\/\/api.w.org\/{rel}","templated":true}]}}