{"id":3565,"date":"2019-05-29T23:09:58","date_gmt":"2019-05-29T23:09:58","guid":{"rendered":"https:\/\/www.brill-legal.com\/?page_id=3565"},"modified":"2025-11-28T21:42:45","modified_gmt":"2025-11-28T21:42:45","slug":"malversacion","status":"publish","type":"page","link":"https:\/\/www.brill-legal.com\/es\/nuestros-servicios\/defensa-penal\/delitos-de-cuello-blanco\/malversacion\/","title":{"rendered":"Malversaci\u00f3n"},"content":{"rendered":"<p>La malversaci\u00f3n es un tipo de robo que se produce cuando una o m\u00e1s personas ejercen el control sobre parte o la totalidad del dinero en efectivo, los bienes u otros activos de otra parte. Si la persona que controla el dinero, los bienes u otros activos sustrae fraudulentamente al menos parte de ellos sin permiso, esa persona ha cometido malversaci\u00f3n.<\/p>\n\n\n\n<p>La malversaci\u00f3n suele producirse en entornos empresariales, como cuando un empleado maneja dinero para un empleador. Implica incidentes en los que las personas roban bienes a los que tienen acceso y sobre los que tienen control legal debido a sus cargos. Los bienes se definen generalmente como dinero en efectivo, activos personales, bienes inmuebles y pr\u00e1cticamente cualquier otra cosa de valor.  <\/p>\n\n\n\n<p>Cuando el propietario acuerda pagar a otra parte para que supervise y proteja esos bienes, se est\u00e1 ante un acuerdo fiduciario. Un ejecutivo financiero con autoridad para gestionar los fondos de una empresa es un ejemplo de alguien que ejerce un deber fiduciario sobre los bienes de otra parte. A veces, esos acuerdos se incumplen, accidentalmente o no.  <\/p>\n\n\n\n<p><strong>\u00bfSe enfrenta a cargos de malversaci\u00f3n en New York?<\/strong><\/p>\n\n\n\n<p>Los cargos de malversaci\u00f3n a menudo se agrupan con otros tipos de delitos financieros relacionados, tales como <a href=\"https:\/\/www.brill-legal.com\/es\/nuestros-servicios\/defensa-penal\/ciberdelincuencia-en-internet\/fraude-con-tarjetas-de-credito\/\">fraude con tarjetas de cr\u00e9dito<\/a>blanqueo de dinero, <a href=\"https:\/\/www.brill-legal.com\/es\/nuestros-servicios\/defensa-penal\/ciberdelincuencia-en-internet\/robo-de-identidad\/\">robo de identidad<\/a> y <a href=\"https:\/\/www.brill-legal.com\/es\/nuestros-servicios\/defensa-penal\/delitos-de-cuello-blanco\/fraude-postal-fraude-electronico\/\">fraude electr\u00f3nico<\/a>. En consecuencia, es esencial que los empresarios, profesionales y otras personas en el punto de mira del gobierno federal cuenten con representaci\u00f3n legal experimentada para luchar contra los cargos.<\/p>\n\n\n\n<p>Debido a que los tribunales New York reconocen el dinero como \"propiedad monetaria\", la malversaci\u00f3n puede caer bajo la ley de hurto. El hurto se refiere a la sustracci\u00f3n de dinero o bienes de su leg\u00edtimo propietario sin su consentimiento, con la intenci\u00f3n de quedarse con ellos. Se clasifica en cinco clases que incluyen el hurto menor y cuatro grados de hurto mayor, dependiendo del valor de la propiedad en cuesti\u00f3n.<\/p>\n\n\n\n<p><strong>Diferencias entre hurto menor y hurto mayor en New York<\/strong><\/p>\n\n\n\n<p>Seg\u00fan la ley New York, el robo de cualquier propiedad cuyo valor sea inferior a $1.000 se considera hurto menor. Se trata de un delito menor que conlleva una pena m\u00e1xima de un a\u00f1o de prisi\u00f3n y que a menudo se acusa de otros tipos de delitos de hurto que son m\u00e1s graves. El hurto menor ocurre cuando alguien toma intencionalmente el dinero o la propiedad de otra persona sin el permiso del due\u00f1o. Robar en una tienda es un ejemplo de hurto menor.<\/p>\n\n\n\n<p>El hurto mayor consiste en el robo de bienes valorados en $1.000 o m\u00e1s. Dependiendo del grado de hurto, el acusado se enfrenta a entre cuatro y 25 a\u00f1os de prisi\u00f3n. Los cuatro grados de hurto mayor son delitos graves. Los delitos son cada vez m\u00e1s graves en funci\u00f3n del valor y el tipo de propiedad, as\u00ed como de d\u00f3nde o a qui\u00e9n se sustrajo. A diferencia del hurto menor, los cargos de hurto mayor se asocian con bienes robados que tienen un valor y tipo espec\u00edficos.  <\/p>\n\n\n\n<p>El menos grave de estos cargos es el hurto mayor en cuarto grado, un delito grave de clase E que conlleva una pena de prisi\u00f3n de hasta cuatro a\u00f1os. Implica un robo de nivel relativamente bajo de bienes por valor superior a $1.000 pero igual o inferior a $3.000. Sin embargo, malversar bienes por valor de m\u00e1s de $1 millones probablemente constituir\u00eda hurto mayor en primer grado y dar\u00eda lugar a un cargo de delito grave de clase B, que conlleva una pena de prisi\u00f3n de hasta 25 a\u00f1os.<\/p>\n\n\n\n<p><strong>P\u00f3ngase en contacto con un abogado con experiencia en malversaci\u00f3n New York<\/strong><\/p>\n\n\n\n<p>Un abogado con experiencia en malversaci\u00f3n de fondos New York es una gran baza para los acusados de robo y violaci\u00f3n de acuerdos de deber fiduciario. La naturaleza compleja de tales cargos hace que sea pr\u00e1cticamente imposible manejar las acusaciones de malversaci\u00f3n sin representaci\u00f3n legal calificada.<\/p>\n\n\n\n<p>En Brill Legal Group, proporcionamos representaci\u00f3n agresiva a individuos acusados de malversaci\u00f3n en New York. Conocemos los requisitos legales de cada cargo de hurto y entendemos lo que est\u00e1 en juego. Si se enfrenta a cargos de malversaci\u00f3n o est\u00e1 siendo investigado por cualquier <a href=\"https:\/\/www.brill-legal.com\/es\/nuestros-servicios\/defensa-penal\/delitos-de-cuello-blanco\/\">otro tipo de delito de cuello blanco<\/a>p\u00f3ngase en contacto con <a href=\"https:\/\/www.brill-legal.com\/es\/\">abogados penalistas<\/a> hoy.  <\/p>\n\n\n\n<p>Estamos disponibles 24 horas al d\u00eda, 7 d\u00edas a la semana, 365 d\u00edas al a\u00f1o en nuestros Hauppauge, Hempstead o <a href=\"https:\/\/www.brill-legal.com\/es\/nuestros-servicios\/defensa-penal\/abogado-de-defensa-criminal-en-manhattan\/\">Oficinas de Manhattan<\/a>. Su llamada siempre ser\u00e1 atendida, sea cual sea la hora del d\u00eda. Llame al 888-315-9841.<\/p>","protected":false},"excerpt":{"rendered":"<p>La malversaci\u00f3n es un tipo de robo que se produce cuando una o m\u00e1s personas ejercen el control sobre parte o la totalidad del dinero en efectivo, los bienes u otros activos de otra parte. Si la persona que controla el efectivo, los bienes u otros activos sustrae fraudulentamente al menos parte de ellos sin permiso, esa persona ha cometido malversaci\u00f3n. La malversaci\u00f3n suele...<\/p>","protected":false},"author":1,"featured_media":4451,"parent":383,"menu_order":0,"comment_status":"closed","ping_status":"closed","template":"","meta":{"_acf_changed":false,"episode_type":"","audio_file":"","cover_image":"","cover_image_id":"","duration":"","filesize":"","date_recorded":"","explicit":"","block":"","itunes_episode_number":"","itunes_title":"","itunes_season_number":"","itunes_episode_type":"","filesize_raw":"","footnotes":""},"class_list":["post-3565","page","type-page","status-publish","has-post-thumbnail","hentry"],"acf":[],"_links":{"self":[{"href":"https:\/\/www.brill-legal.com\/es\/wp-json\/wp\/v2\/pages\/3565","targetHints":{"allow":["GET"]}}],"collection":[{"href":"https:\/\/www.brill-legal.com\/es\/wp-json\/wp\/v2\/pages"}],"about":[{"href":"https:\/\/www.brill-legal.com\/es\/wp-json\/wp\/v2\/types\/page"}],"author":[{"embeddable":true,"href":"https:\/\/www.brill-legal.com\/es\/wp-json\/wp\/v2\/users\/1"}],"replies":[{"embeddable":true,"href":"https:\/\/www.brill-legal.com\/es\/wp-json\/wp\/v2\/comments?post=3565"}],"version-history":[{"count":6,"href":"https:\/\/www.brill-legal.com\/es\/wp-json\/wp\/v2\/pages\/3565\/revisions"}],"predecessor-version":[{"id":7348,"href":"https:\/\/www.brill-legal.com\/es\/wp-json\/wp\/v2\/pages\/3565\/revisions\/7348"}],"up":[{"embeddable":true,"href":"https:\/\/www.brill-legal.com\/es\/wp-json\/wp\/v2\/pages\/383"}],"wp:featuredmedia":[{"embeddable":true,"href":"https:\/\/www.brill-legal.com\/es\/wp-json\/wp\/v2\/media\/4451"}],"wp:attachment":[{"href":"https:\/\/www.brill-legal.com\/es\/wp-json\/wp\/v2\/media?parent=3565"}],"curies":[{"name":"wp","href":"https:\/\/api.w.org\/{rel}","templated":true}]}}