{"id":355,"date":"2015-12-08T21:17:59","date_gmt":"2015-12-08T21:17:59","guid":{"rendered":"http:\/\/host2.adviahost.net\/~brilllegal\/?page_id=355"},"modified":"2025-11-28T21:41:38","modified_gmt":"2025-11-28T21:41:38","slug":"defensa-de-abuso-sexual-infantil","status":"publish","type":"page","link":"https:\/\/www.brill-legal.com\/es\/nuestros-servicios\/defensa-penal\/delitos-sexuales\/defensa-de-abuso-sexual-infantil\/","title":{"rendered":"Defensa de los ni\u00f1os v\u00edctimas de abusos sexuales"},"content":{"rendered":"<p>Las acusaciones penales de abusos sexuales a menores suelen implicar a miembros de la familia o adultos en puestos de confianza con ni\u00f1os, como profesores, entrenadores, l\u00edderes juveniles o l\u00edderes religiosos. El abuso sexual infantil de extra\u00f1o a extra\u00f1o es muy raro. Las relaciones implicadas en los casos de defensa de abuso sexual infantil pueden hacer que sean muy dif\u00edciles de resolver.<\/p>\n\n\n\n<p>Brill Legal Group, P.C., tiene una gran experiencia en el manejo de asuntos de defensa penal emocionalmente sensibles, como los casos de delitos sexuales. Hemos navegado con \u00e9xito este paisaje delicado con integridad y determinaci\u00f3n para abogar con eficacia en nombre de nuestros clientes. Las estrategias de defensa exitosas difieren mucho de un caso a otro. Ejemplos de factores que pueden entrar en la defensa de alguien acusado de abuso sexual infantil incluyen:<\/p>\n\n\n\n<ul class=\"wp-block-list\">\n<li>Cuestiones de identificaci\u00f3n<\/li>\n\n\n\n<li>Problemas de credibilidad de los testigos denunciantes<\/li>\n\n\n\n<li>Problemas de malentendidos o exageraciones<\/li>\n\n\n\n<li>Concienciaci\u00f3n sobre la edad<\/li>\n\n\n\n<li>Problemas de trastornos del comportamiento<\/li>\n<\/ul>\n\n\n\n<h2 class=\"wp-block-heading\">New York Abogados defensa contra cargos de abuso sexual infantil - Agresi\u00f3n sexual de menores - Defensa Penal<\/h2>\n\n\n\n<p>Cualesquiera que sean las circunstancias que rodean los cargos penales contra usted, puede estar seguro de un an\u00e1lisis inteligente y una defensa agresiva si se le acusa de abuso sexual infantil. La gravedad de sus cargos y las penas correspondientes pueden depender de la edad del menor implicado. Si se le declara culpable, las penas diferir\u00e1n en funci\u00f3n de si el menor lo era en el momento del supuesto incidente o incidentes:<\/p>\n\n\n\n<ul class=\"wp-block-list\">\n<li>11 a\u00f1os o menos<\/li>\n\n\n\n<li>14, 13 o 12 a\u00f1os<\/li>\n\n\n\n<li>15 o 16 a\u00f1os<\/li>\n<\/ul>\n\n\n\n<p>La gravedad de los cargos penales tambi\u00e9n variar\u00e1 en funci\u00f3n de las partes del cuerpo implicadas. Entre los aspectos espec\u00edficos que un fiscal, un juez y\/o un jurado tendr\u00e1n en cuenta se incluyen:<\/p>\n\n\n\n<ul class=\"wp-block-list\">\n<li>Incapacidad<\/li>\n\n\n\n<li>Capacidad de dar consentimiento<\/li>\n\n\n\n<li>Edad<\/li>\n\n\n\n<li>Estado mental<\/li>\n\n\n\n<li>Deterioro<\/li>\n\n\n\n<li>La supuesta indefensi\u00f3n f\u00edsica de la presunta v\u00edctima<\/li>\n<\/ul>\n\n\n\n<p>Si usted ha sido acusado de un delito sexual grave, como el abuso sexual infantil, estamos dispuestos a trabajar duro en la b\u00fasqueda de sus objetivos, a saber:<\/p>\n\n\n\n<ul class=\"wp-block-list\">\n<li>Sin penas de c\u00e1rcel<\/li>\n\n\n\n<li>Evitar el registro de delincuentes sexuales<\/li>\n\n\n\n<li>Evitar las consecuencias negativas que conlleva cualquier condena penal<\/li>\n<\/ul>\n\n\n\n<p>Los cargos de abuso sexual de menores o acusaciones de estupro pueden ser devastadores para nuestros clientes, sus familias y su futuro. Las acusaciones por s\u00ed solas traen muchos problemas, independientemente de la verdad de las acusaciones. Brill Legal Group, P.C., trabaja duro para preservar los derechos de nuestros clientes y su capacidad para poner estos problemas legales detr\u00e1s de ellos.<\/p>\n\n\n\n<h3 class=\"wp-block-heading\">New York Abogados Penalistas y Audiencias Disciplinarias\/Abogados de Investigaci\u00f3n<\/h3>\n\n\n\n<p>Con oficinas en <a href=\"https:\/\/www.brill-legal.com\/es\/nuestros-servicios\/defensa-penal\/abogado-de-defensa-criminal-en-manhattan\/\">Manhattan<\/a>, Hauppauge y Hempstead, el Brill Legal Group representa a clientes de toda la regi\u00f3n en el New York, incluso en comunidades como Southampton y East Hampton.<\/p>\n\n\n\n<p>P\u00f3ngase en contacto con nosotros <strong>consulta inicial gratuita.<\/strong> Estamos disponibles 24 horas al d\u00eda, siete d\u00edas a la semana y 365 d\u00edas al a\u00f1o. Su llamada siempre ser\u00e1 atendida.<\/p>\n\n\n\n<p>Manhattan 212-233-4141 - Suffolk 631-204-8254 - Nassau 516-206-2002 - <strong>Tel\u00e9fono gratuito 888-315-9841<\/strong><\/p>","protected":false},"excerpt":{"rendered":"<p>Las acusaciones penales de abuso sexual infantil suelen implicar a miembros de la familia o adultos en puestos de confianza con ni\u00f1os, como profesores, entrenadores, l\u00edderes juveniles o l\u00edderes religiosos. El abuso sexual infantil de extra\u00f1o a extra\u00f1o es muy raro. Las relaciones que intervienen en los casos de defensa de abuso sexual infantil pueden hacer que sean muy dif\u00edciles de resolver. Brill Legal Group, P.C., ha...<\/p>","protected":false},"author":1,"featured_media":0,"parent":104,"menu_order":0,"comment_status":"closed","ping_status":"closed","template":"","meta":{"_acf_changed":false,"episode_type":"","audio_file":"","cover_image":"","cover_image_id":"","duration":"","filesize":"","date_recorded":"","explicit":"","block":"","itunes_episode_number":"","itunes_title":"","itunes_season_number":"","itunes_episode_type":"","filesize_raw":"","footnotes":""},"class_list":["post-355","page","type-page","status-publish","hentry"],"acf":[],"_links":{"self":[{"href":"https:\/\/www.brill-legal.com\/es\/wp-json\/wp\/v2\/pages\/355","targetHints":{"allow":["GET"]}}],"collection":[{"href":"https:\/\/www.brill-legal.com\/es\/wp-json\/wp\/v2\/pages"}],"about":[{"href":"https:\/\/www.brill-legal.com\/es\/wp-json\/wp\/v2\/types\/page"}],"author":[{"embeddable":true,"href":"https:\/\/www.brill-legal.com\/es\/wp-json\/wp\/v2\/users\/1"}],"replies":[{"embeddable":true,"href":"https:\/\/www.brill-legal.com\/es\/wp-json\/wp\/v2\/comments?post=355"}],"version-history":[{"count":7,"href":"https:\/\/www.brill-legal.com\/es\/wp-json\/wp\/v2\/pages\/355\/revisions"}],"predecessor-version":[{"id":7341,"href":"https:\/\/www.brill-legal.com\/es\/wp-json\/wp\/v2\/pages\/355\/revisions\/7341"}],"up":[{"embeddable":true,"href":"https:\/\/www.brill-legal.com\/es\/wp-json\/wp\/v2\/pages\/104"}],"wp:attachment":[{"href":"https:\/\/www.brill-legal.com\/es\/wp-json\/wp\/v2\/media?parent=355"}],"curies":[{"name":"wp","href":"https:\/\/api.w.org\/{rel}","templated":true}]}}