{"id":353,"date":"2015-12-08T21:14:47","date_gmt":"2015-12-08T21:14:47","guid":{"rendered":"http:\/\/host2.adviahost.net\/~brilllegal\/?page_id=353"},"modified":"2022-06-17T00:22:07","modified_gmt":"2022-06-17T00:22:07","slug":"pornografia-infantil-a-un-menor","status":"publish","type":"page","link":"https:\/\/www.brill-legal.com\/es\/nuestros-servicios\/defensa-penal\/delitos-sexuales\/pornografia-infantil-a-un-menor\/","title":{"rendered":"Pornograf\u00eda infantil dirigida a un menor"},"content":{"rendered":"<p>Cuando se trata de pornograf\u00eda infantil, no se puede negar que las representaciones populares implican a adultos que abusan de menores con fines nefastos. Sin embargo, recientemente ha surgido un controvertido asunto legal que podr\u00eda tener graves consecuencias para los residentes en Nassau County, Suffolk County, Brooklyn y NYC. Se trata de la venta, distribuci\u00f3n o env\u00edo de pornograf\u00eda infantil a un menor.<\/p>\n\n\n\n<p>Aunque controvertidos, muchos menores (en su mayor\u00eda estudiantes de secundaria) se han enfrentado a cargos de pornograf\u00eda infantil por haber sido acusados de enviar im\u00e1genes suyas a otros menores en poses expl\u00edcitas y\/o sexuales. Aunque los menores pueden considerar que el \"sexting\" no es gran cosa, ya que es consentido y suele darse entre amigos, la ley adopta una postura diferente: los menores pueden ser detenidos en virtud de las leyes vigentes sobre pornograf\u00eda infantil, y los acusados pueden ser condenados a un m\u00ednimo de cinco a\u00f1os en una prisi\u00f3n federal.<\/p>\n\n\n\n<h3 class=\"wp-block-heading\">Las leyes de pornograf\u00eda infantil que utilizar\u00e1 la Fiscal\u00eda<\/h3>\n\n\n\n<p>Si su hijo fue sorprendido enviando sexting o im\u00e1genes o representaciones sexualmente expl\u00edcitas de un menor a otro menor por correo electr\u00f3nico, \u00e9stas son las leyes sobre pornograf\u00eda infantil que la fiscal\u00eda utilizar\u00e1 para condenar al menor acusado:<\/p>\n\n\n\n<p>Seg\u00fan el T\u00edtulo 18, Cap\u00edtulo 110, Secci\u00f3n 2552A (6), un menor puede ser acusado por \"distribuir, ofrecer, enviar o proporcionar a sabiendas a un menor cualquier representaci\u00f3n visual, incluida cualquier fotograf\u00eda, pel\u00edcula, v\u00eddeo, imagen o imagen generada por ordenador, ya sea realizada o producida por medios electr\u00f3nicos, mec\u00e1nicos o de otro tipo, en la que dicha representaci\u00f3n visual sea, o parezca ser, de un menor participando en una conducta sexualmente expl\u00edcita\".<\/p>\n\n\n\n<p>Como se mencion\u00f3 anteriormente, tales cargos conllevan una sentencia m\u00ednima de cinco a\u00f1os en una prisi\u00f3n federal. Adem\u00e1s, si un menor ha sido condenado por tales cargos en un caso anterior, las penas ser\u00e1n m\u00e1s severas.<\/p>\n\n\n\n<h3 class=\"wp-block-heading\">Brill Legal Group puede ayudar cuando se le acusa de un delito sexual juvenil en Long Island o en NYC<\/h3>\n\n\n\n<p><strong>El Brill Legal Group tiene los recursos para defender a su hijo<\/strong><br>Si su hijo o alumno ha sido acusado de vender, distribuir y\/o enviar im\u00e1genes sexualmente expl\u00edcitas de s\u00ed mismo o de otros en forma de fotograf\u00eda, imagen visual o sexting, lucharemos para defender el buen nombre y el futuro de su hijo.<\/p>\n\n\n\n<p>Ser acusado de pornograf\u00eda infantil puede tener un efecto devastador en los menores, ya que puede destruir su futuro y forzar una etiqueta de delincuente sexual en ellos. Su hijo merece una oportunidad en un futuro libre de registro de delincuentes sexuales, particularmente si tales cargos fueron presentados como resultado de tendencias desafortunadas como el sexting.<\/p>\n\n\n\n<p>Si usted y su menor necesitan representaci\u00f3n legal, cont\u00e1ctenos o llame a nuestros abogados defensores de pornograf\u00eda infantil al Brill Legal Group al: 888-315-9841. Nuestro equipo legal est\u00e1 preparado para ayudarle con sus necesidades legales.<\/p>","protected":false},"excerpt":{"rendered":"<p>Cuando se trata de pornograf\u00eda infantil, no se puede negar que las representaciones populares implican a adultos que abusan de menores con fines nefastos. Sin embargo, recientemente ha surgido un controvertido asunto legal que podr\u00eda tener graves consecuencias para los residentes en Nassau County, Suffolk County, Brooklyn y NYC. Se trata de la venta, distribuci\u00f3n o env\u00edo de pornograf\u00eda infantil a un menor....<\/p>","protected":false},"author":1,"featured_media":0,"parent":104,"menu_order":0,"comment_status":"closed","ping_status":"closed","template":"","meta":{"_acf_changed":false,"episode_type":"","audio_file":"","cover_image":"","cover_image_id":"","duration":"","filesize":"","date_recorded":"","explicit":"","block":"","itunes_episode_number":"","itunes_title":"","itunes_season_number":"","itunes_episode_type":"","filesize_raw":"","footnotes":""},"class_list":["post-353","page","type-page","status-publish","hentry"],"acf":[],"_links":{"self":[{"href":"https:\/\/www.brill-legal.com\/es\/wp-json\/wp\/v2\/pages\/353","targetHints":{"allow":["GET"]}}],"collection":[{"href":"https:\/\/www.brill-legal.com\/es\/wp-json\/wp\/v2\/pages"}],"about":[{"href":"https:\/\/www.brill-legal.com\/es\/wp-json\/wp\/v2\/types\/page"}],"author":[{"embeddable":true,"href":"https:\/\/www.brill-legal.com\/es\/wp-json\/wp\/v2\/users\/1"}],"replies":[{"embeddable":true,"href":"https:\/\/www.brill-legal.com\/es\/wp-json\/wp\/v2\/comments?post=353"}],"version-history":[{"count":5,"href":"https:\/\/www.brill-legal.com\/es\/wp-json\/wp\/v2\/pages\/353\/revisions"}],"predecessor-version":[{"id":6224,"href":"https:\/\/www.brill-legal.com\/es\/wp-json\/wp\/v2\/pages\/353\/revisions\/6224"}],"up":[{"embeddable":true,"href":"https:\/\/www.brill-legal.com\/es\/wp-json\/wp\/v2\/pages\/104"}],"wp:attachment":[{"href":"https:\/\/www.brill-legal.com\/es\/wp-json\/wp\/v2\/media?parent=353"}],"curies":[{"name":"wp","href":"https:\/\/api.w.org\/{rel}","templated":true}]}}