{"id":347,"date":"2015-12-08T21:06:25","date_gmt":"2015-12-08T21:06:25","guid":{"rendered":"http:\/\/host2.adviahost.net\/~brilllegal\/?page_id=347"},"modified":"2022-06-17T00:20:45","modified_gmt":"2022-06-17T00:20:45","slug":"defensas-afirmativas-en-pornografia-infantil","status":"publish","type":"page","link":"https:\/\/www.brill-legal.com\/es\/nuestros-servicios\/defensa-penal\/delitos-sexuales\/defensas-afirmativas-en-pornografia-infantil\/","title":{"rendered":"Defensas afirmativas en pornograf\u00eda infantil"},"content":{"rendered":"<p>Para nuestros clientes que han sido acusados de distribuir, poseer, vender y\/o transportar pornograf\u00eda infantil, es importante hacer un balance de las defensas legales que puede utilizar. La elecci\u00f3n de la defensa legal equivocada a menudo puede resultar en graves consecuencias, incluyendo largas penas de prisi\u00f3n. Por lo tanto, es absolutamente imperativo que los que se enfrentan a cargos de pornograf\u00eda infantil en contacto con los abogados de la Brill Legal Group, ya que podemos ayudarle a elegir la mejor defensa a los cargos de pornograf\u00eda infantil.<\/p>\n\n\n\n<p>Una defensa afirmativa es diferente a una defensa; es una excepci\u00f3n legal espec\u00edfica que puede ser usada para combatir un cargo. El uso de una defensa afirmativa puede ser un proceso delicado; afortunadamente, los abogados de Brill Legal Group tienen una gran experiencia en el uso de tales t\u00e1cticas de defensa.<\/p>\n\n\n\n<h2 class=\"wp-block-heading\">Abogado de Manhattan utiliza una defensa afirmativa en casos de pornograf\u00eda infantil<\/h2>\n\n\n\n<p>En virtud del T\u00edtulo 18, Cap\u00edtulo 110, Secci\u00f3n 2552, una defensa afirmativa s\u00f3lo puede utilizarse si el acusado:<\/p>\n\n\n\n<ul class=\"wp-block-list\"><li>Pose\u00eda menos de tres asuntos que conten\u00edan pornograf\u00eda infantil;<\/li><li>Adopt\u00f3 inmediatamente medidas razonables para destruir todos los objetos que conten\u00edan pornograf\u00eda infantil; o bien<\/li><li>Inform\u00f3 del asunto a un organismo de aplicaci\u00f3n de la ley y le dio acceso a todos los objetos que conten\u00edan pornograf\u00eda infantil.<\/li><\/ul>\n\n\n\n<p>Recuerde, sin embargo, que esto s\u00f3lo se aplica en virtud de la ley federal. Las leyes estatales pueden seguir considerando ilegal la posesi\u00f3n de pornograf\u00eda infantil, incluso en peque\u00f1as cantidades, por lo que <strong><em>acudir a un organismo policial sin contactar antes con un abogado podr\u00eda ser extremadamente peligroso<\/em><\/strong>.<\/p>\n\n\n\n<h3 class=\"wp-block-heading\">P\u00f3ngase en contacto con el Brill Legal Group cuando necesite experiencia a su lado<\/h3>\n\n\n\n<p>El uso de una defensa afirmativa en casos de pornograf\u00eda infantil requiere la experiencia de un equipo legal probado. P\u00f3ngase en contacto con nosotros o llame al Brill Legal Group al: 888-315-9841 con respecto a su caso hoy. Representamos a clientes en el Distrito Este de New York, el Distrito Sur de New York, y en todo Estados Unidos.<\/p>","protected":false},"excerpt":{"rendered":"<p>Para nuestros clientes que han sido acusados de distribuir, poseer, vender y\/o transportar pornograf\u00eda infantil, es importante hacer un balance de las defensas legales que puede utilizar. La elecci\u00f3n de la defensa legal equivocada a menudo puede resultar en graves consecuencias, incluyendo largas penas de prisi\u00f3n. Por lo tanto, es absolutamente imperativo que los que se enfrentan a cargos de pornograf\u00eda infantil en contacto con los abogados...<\/p>","protected":false},"author":1,"featured_media":0,"parent":104,"menu_order":0,"comment_status":"closed","ping_status":"closed","template":"","meta":{"_acf_changed":false,"episode_type":"","audio_file":"","cover_image":"","cover_image_id":"","duration":"","filesize":"","date_recorded":"","explicit":"","block":"","itunes_episode_number":"","itunes_title":"","itunes_season_number":"","itunes_episode_type":"","filesize_raw":"","footnotes":""},"class_list":["post-347","page","type-page","status-publish","hentry"],"acf":[],"_links":{"self":[{"href":"https:\/\/www.brill-legal.com\/es\/wp-json\/wp\/v2\/pages\/347","targetHints":{"allow":["GET"]}}],"collection":[{"href":"https:\/\/www.brill-legal.com\/es\/wp-json\/wp\/v2\/pages"}],"about":[{"href":"https:\/\/www.brill-legal.com\/es\/wp-json\/wp\/v2\/types\/page"}],"author":[{"embeddable":true,"href":"https:\/\/www.brill-legal.com\/es\/wp-json\/wp\/v2\/users\/1"}],"replies":[{"embeddable":true,"href":"https:\/\/www.brill-legal.com\/es\/wp-json\/wp\/v2\/comments?post=347"}],"version-history":[{"count":4,"href":"https:\/\/www.brill-legal.com\/es\/wp-json\/wp\/v2\/pages\/347\/revisions"}],"predecessor-version":[{"id":6220,"href":"https:\/\/www.brill-legal.com\/es\/wp-json\/wp\/v2\/pages\/347\/revisions\/6220"}],"up":[{"embeddable":true,"href":"https:\/\/www.brill-legal.com\/es\/wp-json\/wp\/v2\/pages\/104"}],"wp:attachment":[{"href":"https:\/\/www.brill-legal.com\/es\/wp-json\/wp\/v2\/media?parent=347"}],"curies":[{"name":"wp","href":"https:\/\/api.w.org\/{rel}","templated":true}]}}