{"id":344,"date":"2015-12-08T11:41:56","date_gmt":"2015-12-08T11:41:56","guid":{"rendered":"http:\/\/host2.adviahost.net\/~brilllegal\/?page_id=344"},"modified":"2025-07-07T22:25:31","modified_gmt":"2025-07-07T22:25:31","slug":"robo-con-allanamiento-de-morada","status":"publish","type":"page","link":"https:\/\/www.brill-legal.com\/es\/nuestros-servicios\/defensa-penal\/robo-con-allanamiento-de-morada\/","title":{"rendered":"Abogado de Defensa de Robo y Hurto"},"content":{"rendered":"<p>Cuando se le acusa de robo o allanamiento de morada en New York City, toda su vida puede parecer que se ha puesto patas arriba. Estos son delitos graves con graves consecuencias, pero una defensa fuerte puede hacer toda la diferencia. En Brill Legal Group, entendemos la complejidad y la urgencia de estos casos. Vamos a explorar lo que significa el robo y el robo con allanamiento de morada en virtud de la ley New York, las posibles sanciones, las estrategias de defensa comunes, y por qu\u00e9 es importante el apoyo legal con experiencia.<\/p>\n\n\n\n<div class=\"wp-block-rank-math-toc-block\" id=\"rank-math-toc\"><h2>\u00cdndice<\/h2><nav><ul><li><a href=\"#what-is-considered-robbery-and-burglary-under-new-york-law\">\u00bfQu\u00e9 se considera atraco y robo con fuerza seg\u00fan la Ley New York?<\/a><\/li><li><a href=\"#the-real-life-consequences-of-robbery-burglary-convictions\">Las consecuencias en la vida real de las condenas por robo y allanamiento de morada<\/a><\/li><li><a href=\"#building-a-strategic-defense-how-your-attorney-can-help\">La construcci\u00f3n de una defensa estrat\u00e9gica: C\u00f3mo su New York Robery abogado defensor puede ayudar<\/a><\/li><li><a href=\"#why-having-the-right-defense-attorney-makes-a-difference\">Por qu\u00e9 contar con el abogado defensor de robo adecuado marca la diferencia<\/a><\/li><li><a href=\"#what-to-do-if-youre-arrested-for-robbery-or-burglary-in-nyc\">Qu\u00e9 hacer si le detienen por atraco o robo en NYC<\/a><\/li><li><a href=\"#fa-qs\">Preguntas frecuentes sobre la defensa de robo y robo con allanamiento de morada<\/a><\/li><\/ul><\/nav><\/div>\n\n\n\n<h2 class=\"wp-block-heading\" id=\"what-is-considered-robbery-and-burglary-under-new-york-law\">\u00bfQu\u00e9 se considera atraco y robo con fuerza seg\u00fan la Ley New York?<\/h2>\n\n\n\n<p>El atraco y el robo se mencionan a menudo juntos, pero tienen definiciones legales distintas en el New York. El robo se define como la sustracci\u00f3n por la fuerza de bienes de otra persona, normalmente con violencia o amenaza de violencia. Por ejemplo, si alguien agarra una cartera en la calle y utiliza la fuerza f\u00edsica para vencer la resistencia de la v\u00edctima, eso constituye un robo. Se considera un delito violento, y el uso o exhibici\u00f3n de un arma aumenta la gravedad del cargo.<\/p>\n\n\n\n<p>El allanamiento de morada, por el contrario, consiste en entrar ilegalmente con la intenci\u00f3n de cometer un delito en el interior, como un robo o una agresi\u00f3n. Alguien puede cometer un robo con allanamiento de morada si irrumpe en una vivienda, un negocio o cualquier edificio sin permiso, con la intenci\u00f3n de robar, agredir o cometer otro delito. La ley califica el robo bas\u00e1ndose en factores como si la propiedad era una vivienda, si estaba ocupada y si hab\u00eda armas implicadas.<\/p>\n\n\n\n<p>Entender estos matices es vital porque los cargos pueden escalar r\u00e1pidamente - lo que comienza como una acusaci\u00f3n de allanamiento puede convertirse en robo o hurto si ciertos elementos est\u00e1n presentes. Por eso es tan importante contar con un abogado defensor que entienda tanto la ley como la forma en que los fiscales construyen sus casos.<\/p>\n\n\n\n<h2 class=\"wp-block-heading\" id=\"the-real-life-consequences-of-robbery-burglary-convictions\">Las consecuencias en la vida real de las condenas por robo y allanamiento de morada<\/h2>\n\n\n\n<p>Ser acusado de robo o allanamiento de morada no es s\u00f3lo un asunto legal, puede afectar su trabajo, su familia y todo su futuro. En el New York, una condena por robo o hurto en primer grado puede significar hasta 25 a\u00f1os en la prisi\u00f3n estatal. Incluso cargos menores, como robo en tercer grado o hurto, conllevan a\u00f1os de encarcelamiento, junto con multas significativas y antecedentes penales permanentes.<\/p>\n\n\n\n<p>Adem\u00e1s del encarcelamiento, hay consecuencias colaterales. Las personas condenadas suelen tener dificultades para encontrar trabajo o vivienda, pueden perder licencias profesionales e incluso se les puede prohibir el acceso a determinadas prestaciones p\u00fablicas. Para los no ciudadanos, estas condenas pueden dar lugar a procedimientos de deportaci\u00f3n. Imag\u00ednese tener que explicar una condena por robo a un posible empleador o arrendador: es un estigma que le persigue de por vida.<\/p>\n\n\n\n<p>Adem\u00e1s, New York trata estos delitos como delitos violentos, lo que significa que los fiscales y los jueces son menos propensos a ofrecer acuerdos indulgentes. Contar con un equipo legal experimentado que le defienda puede ayudar a proteger no s\u00f3lo su libertad, sino tambi\u00e9n su reputaci\u00f3n y la estabilidad de su familia.<\/p>\n\n\n\n<h2 class=\"wp-block-heading\" id=\"building-a-strategic-defense-how-your-attorney-can-help\">La construcci\u00f3n de una defensa estrat\u00e9gica: C\u00f3mo su New York Robery abogado defensor puede ayudar<\/h2>\n\n\n\n<p>Es natural sentirse abrumado o desesperado si es arrestado por robo o hurto, pero recuerde que tiene derechos y opciones. Una defensa s\u00f3lida a menudo comienza con una investigaci\u00f3n exhaustiva de los hechos. \u00bfHubo un error de identidad? \u00bfSiguieron las fuerzas del orden los procedimientos adecuados? \u00bfSe malinterpret\u00f3 o caracteriz\u00f3 err\u00f3neamente su intenci\u00f3n?<\/p>\n\n\n\n<p><strong>Las defensas comunes incluyen:<\/strong><\/p>\n\n\n\n<ul class=\"wp-block-list\">\n<li><strong>Cuestionar las pruebas:<\/strong>\u00a0Tal vez las im\u00e1genes de vigilancia son granuladas, o los testigos oculares no son fiables. Su defensa puede atacar la solidez de las pruebas de la acusaci\u00f3n.<\/li>\n\n\n\n<li><strong>Falta de intenci\u00f3n:<\/strong>\u00a0Especialmente en el caso de robo, si entr\u00f3 en un edificio sin intenci\u00f3n de cometer un delito, esto podr\u00eda debilitar la acusaci\u00f3n.<\/li>\n\n\n\n<li><strong>Coartada:<\/strong>\u00a0Aportar pruebas de que se encontraba en otro lugar en el momento del presunto delito es una defensa s\u00f3lida.<\/li>\n\n\n\n<li><strong>Violaci\u00f3n de derechos:<\/strong>\u00a0Si la polic\u00eda realiz\u00f3 un registro ilegal, no le ley\u00f3 sus derechos o incumpli\u00f3 el protocolo de alguna otra forma, podr\u00edan suprimirse pruebas clave.<\/li>\n\n\n\n<li><strong>Coacci\u00f3n o coerci\u00f3n:<\/strong>\u00a0Si alguien le amenaz\u00f3 para que participara, su abogado puede sacar a la luz este contexto.<\/li>\n<\/ul>\n\n\n\n<p>Cada caso es \u00fanico. En Brill Legal Group, preparamos defensas personalizadas, peinando a trav\u00e9s de informes policiales, declaraciones de testigos y pruebas f\u00edsicas para encontrar agujeros en la narrativa de la fiscal\u00eda. A veces, la intervenci\u00f3n temprana de su abogado puede incluso evitar que se presenten cargos en primer lugar. Cuanto antes pida ayuda, m\u00e1s opciones tendr\u00e1.<\/p>\n\n\n\n<h2 class=\"wp-block-heading\" id=\"why-having-the-right-defense-attorney-makes-a-difference\">Por qu\u00e9 contar con el abogado defensor de robo adecuado marca la diferencia<\/h2>\n\n\n\n<p>Enfrentarse a cargos de robo y allanamiento de morada sin apoyo legal cualificado es una apuesta arriesgada. El sistema de justicia penal en New York es complejo, con innumerables normas y matices legales que pueden hacer o deshacer su caso. Los fiscales est\u00e1n entrenados para perseguir las condenas agresivamente, y los defensores p\u00fablicos a menudo est\u00e1n sobrecargados de casos.<\/p>\n\n\n\n<p>Trabajar con un <a href=\"https:\/\/www.brill-legal.com\/es\/\" data-type=\"link\" data-id=\"https:\/\/www.brill-legal.com\/\">el mejor abogado penalista<\/a> en Brill Legal Group significa que su abogado defender\u00e1 ferozmente sus derechos, le mantendr\u00e1 informado en cada etapa y buscar\u00e1 implacablemente el mejor resultado. Ya sea que eso signifique luchar por el sobreseimiento del caso, negociar una declaraci\u00f3n de culpabilidad favorable o ir a juicio, su equipo de defensa es su recurso m\u00e1s importante. Sabemos c\u00f3mo impugnar las pruebas, interrogar a los testigos, y detectar cuando sus derechos constitucionales han sido violados.<\/p>\n\n\n\n<p>Usted se merece un equipo que se preocupe por los detalles, que le ofrezca un asesoramiento honesto y que nunca trate su caso como un expediente m\u00e1s. Sabemos que su futuro y el bienestar de su familia dependen del resultado.<\/p>\n\n\n\n<h2 class=\"wp-block-heading\" id=\"what-to-do-if-youre-arrested-for-robbery-or-burglary-in-nyc\">Qu\u00e9 hacer si le detienen por atraco o robo en NYC<\/h2>\n\n\n\n<p>Si est\u00e1 detenido, bajo investigaci\u00f3n o <a href=\"https:\/\/www.brill-legal.com\/es\/nuestros-servicios\/defensa-penal\/defensa-penal-faq\/que-debo-hacer-si-la-policia-de-nueva-york-quiere-hablar-conmigo\/\" data-type=\"page\" data-id=\"4566\">el NYPD quiere hablar contigo<\/a>Lo m\u00e1s importante que puede hacer es mantener la calma y ejercer sus derechos. No responda a preguntas sin la presencia de un abogado. Todo lo que diga puede y ser\u00e1 utilizado en su contra m\u00e1s adelante. Pida educadamente un abogado y ni\u00e9guese a firmar o admitir nada hasta que haya tenido asesoramiento legal.<\/p>\n\n\n\n<p>P\u00f3ngase en contacto inmediatamente con el Brill Legal Group. La intervenci\u00f3n temprana puede limitar las declaraciones perjudiciales, iniciar una investigaci\u00f3n r\u00e1pida, y a veces influir en los cargos que el fiscal de distrito finalmente presenta. Le guiaremos a trav\u00e9s de cada paso, desde la lectura de cargos hasta el juicio, o incluso apelaciones si es necesario.<\/p>\n\n\n\n<p>Recuerde, ser acusado no es lo mismo que ser culpable. La ley presume su inocencia, y nos aseguramos de que su versi\u00f3n de los hechos sea escuchada, con todas las estrategias defensivas disponibles a su lado.<\/p>\n\n\n\n<hr class=\"wp-block-separator has-alpha-channel-opacity\"\/>\n\n\n\n<h2 class=\"wp-block-heading\" id=\"fa-qs\">Preguntas frecuentes sobre la defensa de robo y robo con allanamiento de morada<\/h2>\n\n\n\n<p><strong>\u00bfCu\u00e1l es la diferencia entre atraco y robo en New York?<\/strong><br>El robo implica el uso de la fuerza o la amenaza de fuerza para robar bienes directamente a otra persona. El allanamiento de morada, por el contrario, consiste en entrar ilegalmente en un edificio con la intenci\u00f3n de cometer un delito en su interior, se produzca o no realmente el robo o el enfrentamiento con una persona.<\/p>\n\n\n\n<p><strong>\u00bfMe pueden acusar de robo aunque no haya robado nada?<\/strong><br>S\u00ed. En el New York, el elemento cr\u00edtico para el allanamiento de morada es la entrada no autorizada con la intenci\u00f3n de cometer cualquier delito en el interior, no s\u00f3lo el robo. Aunque no te hayas llevado nada, podr\u00edan acusarte de allanamiento de morada si la fiscal\u00eda piensa que ten\u00edas intenci\u00f3n de cometer un delito.<\/p>\n\n\n\n<p><strong>\u00bfY si me identifican err\u00f3neamente como autor del delito?<\/strong><br>El error de identidad es una defensa com\u00fan. El testimonio de testigos oculares puede ser poco fiable, especialmente en situaciones estresantes o ca\u00f3ticas. Nuestros abogados investigan a fondo, impugnan las identificaciones err\u00f3neas y buscan pruebas -como testigos de vigilancia o coartada- que apoyen su inocencia.<\/p>\n\n\n\n<p><strong>\u00bfDebo hablar con la polic\u00eda si soy inocente?<\/strong><br>No. Incluso personas inocentes pueden decir inadvertidamente cosas que perjudiquen su caso. Siempre solicite un abogado antes de cualquier interrogatorio policial. Su derecho a permanecer en silencio est\u00e1 ah\u00ed para protegerlo, \u00faselo y luego llame al Brill Legal Group para obtener representaci\u00f3n inmediata.<\/p>","protected":false},"excerpt":{"rendered":"<p>Cuando se le acusa de robo o allanamiento de morada en New York City, toda su vida puede parecer que se ha puesto patas arriba. Estos son delitos graves con graves consecuencias, pero una defensa fuerte puede hacer toda la diferencia. En Brill Legal Group, entendemos la complejidad y la urgencia de estos casos. Vamos a explorar lo que el robo ...<\/p>","protected":false},"author":1,"featured_media":5950,"parent":75,"menu_order":0,"comment_status":"closed","ping_status":"closed","template":"","meta":{"_acf_changed":false,"episode_type":"","audio_file":"","cover_image":"","cover_image_id":"","duration":"","filesize":"","date_recorded":"","explicit":"","block":"","itunes_episode_number":"","itunes_title":"","itunes_season_number":"","itunes_episode_type":"","filesize_raw":"","footnotes":""},"class_list":["post-344","page","type-page","status-publish","has-post-thumbnail","hentry"],"acf":[],"_links":{"self":[{"href":"https:\/\/www.brill-legal.com\/es\/wp-json\/wp\/v2\/pages\/344","targetHints":{"allow":["GET"]}}],"collection":[{"href":"https:\/\/www.brill-legal.com\/es\/wp-json\/wp\/v2\/pages"}],"about":[{"href":"https:\/\/www.brill-legal.com\/es\/wp-json\/wp\/v2\/types\/page"}],"author":[{"embeddable":true,"href":"https:\/\/www.brill-legal.com\/es\/wp-json\/wp\/v2\/users\/1"}],"replies":[{"embeddable":true,"href":"https:\/\/www.brill-legal.com\/es\/wp-json\/wp\/v2\/comments?post=344"}],"version-history":[{"count":10,"href":"https:\/\/www.brill-legal.com\/es\/wp-json\/wp\/v2\/pages\/344\/revisions"}],"predecessor-version":[{"id":7201,"href":"https:\/\/www.brill-legal.com\/es\/wp-json\/wp\/v2\/pages\/344\/revisions\/7201"}],"up":[{"embeddable":true,"href":"https:\/\/www.brill-legal.com\/es\/wp-json\/wp\/v2\/pages\/75"}],"wp:featuredmedia":[{"embeddable":true,"href":"https:\/\/www.brill-legal.com\/es\/wp-json\/wp\/v2\/media\/5950"}],"wp:attachment":[{"href":"https:\/\/www.brill-legal.com\/es\/wp-json\/wp\/v2\/media?parent=344"}],"curies":[{"name":"wp","href":"https:\/\/api.w.org\/{rel}","templated":true}]}}