{"id":3418,"date":"2019-02-04T21:55:04","date_gmt":"2019-02-04T21:55:04","guid":{"rendered":"https:\/\/www.brill-legal.com\/?page_id=3418"},"modified":"2025-06-09T18:29:27","modified_gmt":"2025-06-09T18:29:27","slug":"dui","status":"publish","type":"page","link":"https:\/\/www.brill-legal.com\/es\/lp\/dui\/","title":{"rendered":"DUI\/DWI"},"content":{"rendered":"<img decoding=\"async\" src=\"https:\/\/www.brill-legal.com\/wp-content\/uploads\/2018\/07\/logo_f.png\" alt=\"Brill Legal Group\" itemprop=\"image\" height=\"38\" width=\"377\" title=\"logo_f\" onerror=\"this.style.display='none'\" loading='lazy' \/>\n\t<h1>Inicie su consulta gratuita<\/h1>\n<h2>Llame al (888) 315-9841<\/h2>\n<h5>\n\t\t\tProporcionamos una defensa s\u00f3lida y agresiva dirigida a salvar su licencia y mantenerlo fuera de la c\u00e1rcel.\t<\/h5>\n\t<p>\u2192 Consulta inicial gratuita<\/p>\n<p>&nbsp;<\/p>\n<p>\u2192 Un historial de obtenci\u00f3n de resultados<\/p>\n<p>&nbsp;<\/p>\n<p>\u2192 Planes de pago<\/p>\n<p>&nbsp;<\/p>\n<p>\u2192 M\u00e1s de 20 a\u00f1os de experiencia<\/p>\n<p>&nbsp;<\/p>\n<p>\u2192 Certificado por el National Board of Trial Advocacy en Derecho Procesal Penal.<\/p>\n<h2>\n\t\t\tProgramar una cita con un abogado de defensa de DWI\t<\/h2>\n<h3>\n\t\t\tEmpieza por aqu\u00ed:\t<\/h3>\n<h5>\n\t\t\tObtenemos resultados\t<\/h5>\n\t\t\t\t\t\t\t\t<h3 class='uabb-testimonial-author-name testimonial-author-name'>.18 BAC DWI<\/h3>\t\t\t\t\t\t\t\t\n\t\t\t\t\t\t\t<p>\u00a1No culpable!<\/p>\t\t\t\t\t\t\n\t\t\t\t\t\t\t\t<h3 class='uabb-testimonial-author-name testimonial-author-name'>Art\u00edculo 78 vs. NYC Correcciones<\/h3>\t\t\t\t\t\t\t\t\n\t\t\t\t\t\t\t<p>Decisi\u00f3n ganadora<\/p>\t\t\t\t\t\t\n\t\t\t\t\t\t\t\t<h3 class='uabb-testimonial-author-name testimonial-author-name'> Un cliente empleado del gobierno de L.I. se enfrenta a medidas disciplinarias<\/h3>\t\t\t\t\t\t\t\t\n\t\t\t\t\t\t\t<p>Sin cargos por corrupci\u00f3n<\/p>\n\t\t\t\t\t\t\t\t<h3 class='uabb-testimonial-author-name testimonial-author-name'>$2 Millones + Esquema de falsificaci\u00f3n<\/h3>\t\t\t\t\t\t\t\t\n\t\t\t\t\t\t\t<p>Sin penas de c\u00e1rcel<\/p>\t\t\t\t\t\t\n\t\t\t\t\t\t\t\t<h3 class='uabb-testimonial-author-name testimonial-author-name'>EDNY Cliente que se enfrenta a cargos federales<\/h3>\t\t\t\t\t\t\t\t\n\t\t\t\t\t\t\t<p>Despu\u00e9s de m\u00e1s de 2 a\u00f1os de trabajo, todos los cargos federales de conspiraci\u00f3n y obstrucci\u00f3n desestimados<\/p>\t\t\t\t\t\t\n\t\t\t\t\t\t\t\t<h3 class='uabb-testimonial-author-name testimonial-author-name'>Juicio con jurado al ex detective de la NYPD en la Nassau County<\/h3>\t\t\t\t\t\t\t\t\n\t\t\t\t\t\t\t<p>\u00a1No culpable de m\u00faltiples cargos!<\/p>\t\t\t\t\t\t\n\t<h5>\n\t\t\tDWI abogado que obtiene resultados en \t<\/h5>\n\t\t\t\t<img decoding=\"async\" src=\"https:\/\/www.brill-legal.com\/wp-content\/uploads\/2019\/02\/five-stars-orange-1.png\" alt=\"cinco estrellas-naranja (1)\" title=\"cinco estrellas-naranja (1)\" itemprop=\"image\"\/>\n\t\t\t\t\t\t\t\t<h3 class='uabb-testimonial-author-name testimonial-author-name'>Peter Brill es un abogado incre\u00edble<\/h3>\t\t\t\t\t\t\t\t\n\t\t\t\t\t\t\t<p>\u00a1Peter Brill es un abogado incre\u00edble que sabe de leyes! Es un genio y un abogado incre\u00edblemente minucioso que realmente se preocupa por sus clientes y es extremadamente paciente y se toma su tiempo para explicar todo.<\/p>\t\t\t\t\t\t\n\t\t\t\t<img decoding=\"async\" src=\"https:\/\/www.brill-legal.com\/wp-content\/uploads\/2019\/02\/five-stars-orange-1.png\" alt=\"cinco estrellas-naranja (1)\" title=\"cinco estrellas-naranja (1)\" itemprop=\"image\"\/>\n\t\t\t\t\t\t\t\t<h3 class='uabb-testimonial-author-name testimonial-author-name'>\u00a1Peter es un genio!<\/h3>\t\t\t\t\t\t\t\t\n\t\t\t\t\t\t\t<p>Excelente servicio. \u00a1Brill Legal fue un soplo de aire fresco y Peter es un genio!<\/p>\t\t\t\t\t\t\n\t\t\t\t<img decoding=\"async\" src=\"https:\/\/www.brill-legal.com\/wp-content\/uploads\/2019\/02\/five-stars-orange-1.png\" alt=\"cinco estrellas-naranja (1)\" title=\"cinco estrellas-naranja (1)\" itemprop=\"image\"\/>\n\t\t\t\t\t\t\t\t<h3 class='uabb-testimonial-author-name testimonial-author-name'>Muy profesional.<\/h3>\t\t\t\t\t\t\t\t\n\t\t\t\t\t\t\t<p>Peter Brill es uno de los abogados m\u00e1s profesionales con los que he trabajado.<\/p>\t\t\t\t\t\t\n\t\t\t\t<img decoding=\"async\" src=\"https:\/\/www.brill-legal.com\/wp-content\/uploads\/2019\/02\/five-stars-orange-1.png\" alt=\"cinco estrellas-naranja (1)\" title=\"cinco estrellas-naranja (1)\" itemprop=\"image\"\/>\n\t\t\t\t\t\t\t\t<h3 class='uabb-testimonial-author-name testimonial-author-name'>Me dio tranquilidad<\/h3>\t\t\t\t\t\t\t\t\n\t\t\t\t\t\t\t<p>Peter hizo un trabajo excelente con mi caso. Me dio tranquilidad durante todo el proceso.<\/p>\t\t\t\t\t\t\n\t\t\t\t<img decoding=\"async\" src=\"https:\/\/www.brill-legal.com\/wp-content\/uploads\/2019\/02\/five-stars-orange-1.png\" alt=\"cinco estrellas-naranja (1)\" title=\"cinco estrellas-naranja (1)\" itemprop=\"image\"\/>\n\t\t\t\t\t\t\t\t<h3 class='uabb-testimonial-author-name testimonial-author-name'>Peter es un abogado excepcional<\/h3>\t\t\t\t\t\t\t\t\n\t\t\t\t\t\t\t<p>Peter es un abogado excepcional con una incre\u00edble habilidad negociadora.<\/p>\t\t\t\t\t\t\n\t<h5>\n\t\t\tBrill Legal Group ha aparecido en los medios de comunicaci\u00f3n\t<\/h5>\n\t\t\t\t<img decoding=\"async\" src=\"https:\/\/www.brill-legal.com\/wp-content\/uploads\/2017\/08\/news-12-home.png\" alt=\"Noticias 12\" itemprop=\"image\" height=\"90\" width=\"200\" title=\"noticias-12-casa\" onerror=\"this.style.display='none'\" loading='lazy' \/>\n\t\t\t\t<img decoding=\"async\" src=\"https:\/\/www.brill-legal.com\/wp-content\/uploads\/2015\/12\/cbs-news-e1454549523637.png\" alt=\"noticias cbs\" itemprop=\"image\" height=\"158\" width=\"285\" title=\"Peter Brill en CBS News\" onerror=\"this.style.display='none'\" loading='lazy' \/>\n\t\t\t\t<img decoding=\"async\" src=\"https:\/\/www.brill-legal.com\/wp-content\/uploads\/2015\/12\/foxnews.jpg\" alt=\"Fox News Channel\" itemprop=\"image\" height=\"144\" width=\"153\" title=\"foxnews\" onerror=\"this.style.display='none'\" loading='lazy' \/>\n\t\t\t\t<img decoding=\"async\" src=\"https:\/\/www.brill-legal.com\/wp-content\/uploads\/2018\/10\/cnn-logo.png\" alt=\"cnn-logo\" itemprop=\"image\" height=\"700\" width=\"700\" title=\"cnn-logo\" onerror=\"this.style.display='none'\" loading='lazy' \/>\n\t\t\t\t<img decoding=\"async\" src=\"https:\/\/www.brill-legal.com\/wp-content\/uploads\/2015\/12\/i24news.png\" alt=\"Peter Brill debate las normas de inmigraci\u00f3n en i24 News\" itemprop=\"image\" height=\"168\" width=\"290\" title=\"i24noticias\" onerror=\"this.style.display='none'\" loading='lazy' \/>\n\t\t\t\t<img decoding=\"async\" src=\"https:\/\/www.brill-legal.com\/wp-content\/uploads\/2017\/08\/usa-today-home2.png\" alt=\"usa-hoy-casa2\" itemprop=\"image\" height=\"90\" width=\"175\" title=\"usa-hoy-casa2\" onerror=\"this.style.display='none'\" loading='lazy' \/>\n<h1>\n\t\t\tUn historial de prestaci\u00f3n de servicios jur\u00eddicos excepcionales\t<\/h1>\n\t<p>Durante m\u00e1s de 20 a\u00f1os, los abogados del Brill Legal Group han proporcionado una orientaci\u00f3n sofisticada y eficaz a personas y organizaciones que se enfrentan a procesos judiciales. Con cuatro oficinas, nuestro bufete atiende a clientes de toda la zona New York en Suffolk County, Nassau County, Queens, Brooklyn, el Bronx y Manhattan.<\/p>\n<h5>\n\t\t\tLlame al (888) 315-9841 para una consulta gratuita\t<\/h5>\n<h5>\n\t\t\tNew York DUI \/ DWI Abogado de Defensa\t<\/h5>\n\t<p>Quiz\u00e1 nunca pensaste que te pasar\u00eda a ti. O, tal vez pensaste que nunca te volver\u00eda a pasar. De cualquier manera, los cargos por conducir ebrio pueden causar serios problemas en su vida, lo cual es una posibilidad real en estos d\u00edas. No pierda el tiempo - consiga un abogado que sabe c\u00f3mo manejar este tipo de casos y puede proporcionar una defensa s\u00f3lida y agresiva destinada a salvar su licencia y mantenerlo fuera de la c\u00e1rcel.<\/p>\n<p>&nbsp;<\/p>\n<p>Las pruebas de alcoholemia no son infalibles, como tampoco lo son las pruebas de alcoholemia. Se pueden cometer errores, tanto por los oficiales de arresto como por el personal policial en la estaci\u00f3n de polic\u00eda. Si se cometieron errores, los encontraremos y los usaremos a su favor.<\/p>\n<p>&nbsp;<\/p>\n<p>En el Brill Legal Group, nuestros abogados de DWI ha ayudado a decenas de personas evitar sanciones severas y preservar sus privilegios de conducir. \u00bfEs facil? No, pero se puede hacer. Como ex Nassau County Asistente del Fiscal de Distrito, nuestro abogado de DUI sabe c\u00f3mo este tipo de casos se desarrollan. El sabe cuando luchar, cuando negociar, donde buscar agujeros en el caso del Fiscal del Distrito contra usted, y le puede ayudar con:<\/p>\n\t\t\t\t\t<a href=\"#\"  id=\"fl-accordion--label-0\" tabindex=\"0\" aria-controls=\"fl-accordion--panel-0\">Conducci\u00f3n bajo los efectos del alcohol con agravantes<\/a>\n\t\t\t\t\t\t\t\t\t\t\t<a href=\"#\" id=\"fl-accordion--icon-0\"  tabindex=\"0\"><i title=\"Ampliar\">Ampliar<\/i><\/a>\n\t\t\t\t\t<p>Una condena por DWI\/DUI agravado conlleva penas muy duras. Una condena bajo la Ley de Leandra, por conducir ebrio con un ni\u00f1o en el coche, puede ser a\u00fan peor. Pero usted no esta condenado, todavia. Hay defensas leg\u00edtimas que un abogado con experiencia puede explorar.<\/p>\n\t\t\t\t\t<a href=\"#\"  id=\"fl-accordion--label-1\" tabindex=\"0\" aria-controls=\"fl-accordion--panel-1\">DWI: La negativa de alcohol\u00edmetro<\/a>\n\t\t\t\t\t\t\t\t\t\t\t<a href=\"#\" id=\"fl-accordion--icon-1\"  tabindex=\"0\"><i title=\"Ampliar\">Ampliar<\/i><\/a>\n\t\t\t\t\t<p>Seg\u00fan la ley estatal New York, conducir se considera un privilegio y no un derecho. Los tribunales han dictaminado que una persona detenida bajo sospecha de conducir ebria debe someterse a una prueba formal de alcoholemia para determinar el contenido de alcohol en la sangre (BAC). Si se niega a someterse al alcohol\u00edmetro, se enfrentar\u00e1 a consecuencias autom\u00e1ticas y graves. Esto incluye perder su licencia por 12 meses, pagar multas adicionales - y aun asi ser acusado de un DWI.<\/p>\n\t\t\t\t\t<a href=\"#\"  id=\"fl-accordion--label-2\" tabindex=\"0\" aria-controls=\"fl-accordion--panel-2\">Navegaci\u00f3n en estado de embriaguez<\/a>\n\t\t\t\t\t\t\t\t\t\t\t<a href=\"#\" id=\"fl-accordion--icon-2\"  tabindex=\"0\"><i title=\"Ampliar\">Ampliar<\/i><\/a>\n\t\t\t\t\t<p>Si un navegante es declarado culpable de conducir una embarcaci\u00f3n en estado de embriaguez por primera vez en virtud de la Ley de Navegaci\u00f3n, se le suspende el privilegio de conducir una embarcaci\u00f3n durante seis meses y tambi\u00e9n peligra su permiso de conducir. Si el operador es menor de 21 a\u00f1os o tiene una condena anterior por conducir una embarcaci\u00f3n bajo la influencia de las aguas, la suspensi\u00f3n dura un a\u00f1o. Peor a\u00fan, una condena por conducir bajo la influencia de alcohol o drogas puede hacer que las tarifas de su seguro de autom\u00f3vil se disparen, al igual que una condena por conducir bajo la influencia de alcohol o drogas, junto con su seguro de navegante.<\/p>\n\t\t\t\t\t<a href=\"#\"  id=\"fl-accordion--label-3\" tabindex=\"0\" aria-controls=\"fl-accordion--panel-3\">Audiencias de suspensi\u00f3n de licencia del DMV<\/a>\n\t\t\t\t\t\t\t\t\t\t\t<a href=\"#\" id=\"fl-accordion--icon-3\"  tabindex=\"0\"><i title=\"Ampliar\">Ampliar<\/i><\/a>\n\t\t\t\t\t<p>El DMV del Estado New York detalla una amplia gama de infracciones, y cada una conlleva sus propias sanciones potenciales. En Brill Legal Group, P.C., tenemos un amplio conocimiento y experiencia en la defensa de clientes acusados de todo tipo de violaci\u00f3nes. Sabemos qu\u00e9 cargos pueden ser impugnados con eficacia y en qu\u00e9 circunstancias. Sabemos c\u00f3mo ayudarle a calificar para licencias condicionales que le permitir\u00e1n conducir al trabajo.<\/p>\n\t\t\t\t\t<a href=\"#\"  id=\"fl-accordion--label-4\" tabindex=\"0\" aria-controls=\"fl-accordion--panel-4\">Audiencias de revocaci\u00f3n<\/a>\n\t\t\t\t\t\t\t\t\t\t\t<a href=\"#\" id=\"fl-accordion--icon-4\"  tabindex=\"0\"><i title=\"Ampliar\">Ampliar<\/i><\/a>\n\t\t\t\t\t<p>Si su licencia fue suspendida o revocada por negarse a tomar una prueba de aliento, sangre u orina despu\u00e9s de ser detenido por conducir ebrio en New York, usted tiene derecho a una audiencia para impugnar la revocaci\u00f3n de la licencia. En tales circunstancias, usted necesita un abogado con experiencia a su lado para ayudarle a proteger sus privilegios de conducir. El Brill Legal Group puede proporcionarle una representaci\u00f3n eficaz para guiarle a trav\u00e9s del proceso de audiencia de revocaci\u00f3n.<\/p>\n\t\t\t\t\t<a href=\"#\"  id=\"fl-accordion--label-5\" tabindex=\"0\" aria-controls=\"fl-accordion--panel-5\">Primera infracci\u00f3n<\/a>\n\t\t\t\t\t\t\t\t\t\t\t<a href=\"#\" id=\"fl-accordion--icon-5\"  tabindex=\"0\"><i title=\"Ampliar\">Ampliar<\/i><\/a>\n\t\t\t\t\t<p>Ser acusado de conducir ebrio puede ser una experiencia aterradora. Si usted esta enfrentando un cargo de DWI por primera vez, usted puede estar inseguro de como lidiar con esto. Como conducir ebrio puede poner en peligro a otros, los cargos de DWI pueden conllevar penas severas, incluso para los infractores por primera vez con antecedentes limpios. En Brill Legal Group, ofrecemos representaci\u00f3n a las personas que han sido detenidas por conducir ebrio en el \u00e1rea de New York. Nuestro abogado de defensa DWI sabe c\u00f3mo manejar estos casos y le puede proporcionar una s\u00f3lida defensa que preserva sus privilegios de conducir y te mantiene fuera de la c\u00e1rcel.<\/p>\n\t\t\t\t\t<a href=\"#\"  id=\"fl-accordion--label-6\" tabindex=\"0\" aria-controls=\"fl-accordion--panel-6\">Reincidencia<\/a>\n\t\t\t\t\t\t\t\t\t\t\t<a href=\"#\" id=\"fl-accordion--icon-6\"  tabindex=\"0\"><i title=\"Ampliar\">Ampliar<\/i><\/a>\n\t\t\t\t\t<p>Ser condenado por una ofensa repetida de DWI puede tener un impacto significativo en su futuro. Si usted ha sido previamente acusado de un delito relacionado con el alcohol, el fiscal de distrito es probable que perseguir mayores sanciones en su contra. Como resultado, usted necesita la atenci\u00f3n de un abogado defensor con experiencia que agresivamente proteger sus mejores intereses. En Brill Legal Group, sabemos exactamente lo que se necesita para lograr un resultado exitoso en su caso.<\/p>\n\t\t\t\t\t<a href=\"#\"  id=\"fl-accordion--label-7\" tabindex=\"0\" aria-controls=\"fl-accordion--panel-7\">Consumo de alcohol por menores<\/a>\n\t\t\t\t\t\t\t\t\t\t\t<a href=\"#\" id=\"fl-accordion--icon-7\"  tabindex=\"0\"><i title=\"Ampliar\">Ampliar<\/i><\/a>\n\t\t\t\t\t<p>Los conductores menores de 21 a\u00f1os representan menos del 10% de los conductores con carn\u00e9 del estado. Sin embargo, son responsables del 14% de todas las muertes relacionadas con la conducci\u00f3n bajo los efectos del alcohol en New York, seg\u00fan una investigaci\u00f3n de la Foundation for Advancing Alcohol Responsibility. Como resultado, los bebedores menores de edad se enfrentan a penas m\u00e1s duras que si tuvieran la edad legal para beber. Enfrentarse a un cargo de DWI puede ser una experiencia estresante. Si usted o su hijo ha sido acusado de conducir ebrio, Brill Legal Group puede ayudar.<\/p>\n<h2>\n\t\t\tPremiado DWI Defensa Firma de Abogados\t<\/h2>\n\t\t\t\t<img decoding=\"async\" src=\"https:\/\/www.brill-legal.com\/wp-content\/uploads\/2016\/01\/avvo.png\" alt=\"avvo\" itemprop=\"image\" height=\"105\" width=\"117\" title=\"avvo\" onerror=\"this.style.display='none'\" loading='lazy' \/>\n\t\t\t\t<img decoding=\"async\" src=\"https:\/\/www.brill-legal.com\/wp-content\/uploads\/2015\/12\/nbta.png\" alt=\"nbta\" itemprop=\"image\" height=\"105\" width=\"100\" title=\"nbta\" onerror=\"this.style.display='none'\" loading='lazy' \/>\n\t\t\t\t<img decoding=\"async\" src=\"https:\/\/www.brill-legal.com\/wp-content\/uploads\/2015\/12\/SuperLawyersLarge.png\" alt=\"Super Lawyers Grande\" itemprop=\"image\" height=\"90\" width=\"300\" title=\"Super Lawyers Grande\" onerror=\"this.style.display='none'\" loading='lazy' \/>\n\t\t\t\t<img decoding=\"async\" src=\"https:\/\/www.brill-legal.com\/wp-content\/uploads\/2015\/12\/avvo.png\" alt=\"avvo\" itemprop=\"image\" height=\"75\" width=\"190\" title=\"avvo\" onerror=\"this.style.display='none'\" loading='lazy' \/>\n<h5>\n\t\t\tConoce a Peter Brill, abogado defensor de DWI\t<\/h5>\n\t\t\t\t<img decoding=\"async\" src=\"https:\/\/www.brill-legal.com\/wp-content\/uploads\/2015\/12\/AT_Feature_Peter_Brill.jpg\" alt=\"Funci\u00f3n de perfil de abogado: Peter Brill\" itemprop=\"image\" height=\"500\" width=\"500\" title=\"Funci\u00f3n de perfil de abogado: Peter Brill\" onerror=\"this.style.display='none'\" loading='lazy' \/>\n\t<p>Peter E. Brill es uno de los dos \u00fanicos abogados en todo el Estado de New York - y el \u00fanico abogado en el \u00e1rea metropolitana de New York - certificado por el National Board of Trial Advocacy in Criminal Law, una certificaci\u00f3n con rigurosos requisitos de conocimientos jur\u00eddicos y experiencia en juicios penales. En sus casi 20 a\u00f1os de pr\u00e1ctica, tiene una amplia experiencia en juicios en tribunales estatales y federales, arbitrajes y procedimientos administrativos. Se ha labrado una s\u00f3lida reputaci\u00f3n entre los fiscales estatales y federales de todo el New York y ha ejercido ante casi todos los organismos administrativos existentes. Ha ganado muchos m\u00e1s casos de los que ha perdido para sus clientes en pr\u00e1cticamente todos los condados del \u00e1rea metropolitana New York. Est\u00e1 en los tribunales de Long Island y de la zona New York City todos los d\u00edas y se re\u00fane con casi todos los clientes, ya sea en el tribunal o en la oficina. Ha representado y defendido a miles de personas acusadas de delitos menores y delitos graves en New York.<\/p>\n<h5>\n\t\t\tPara una consulta gratuita, llame al (888) 315-9841\t<\/h5>\n\t\t\t\t<img decoding=\"async\" src=\"https:\/\/www.brill-legal.com\/wp-content\/uploads\/2018\/07\/logo_f.png\" alt=\"Brill Legal Group\" itemprop=\"image\" height=\"38\" width=\"377\" title=\"logo_f\" onerror=\"this.style.display='none'\" loading='lazy' \/>\n\t<h4><strong>Oficina de Manhattan<\/strong><\/h4>\n<strong>176 Lexington Avenue, Suite O<\/strong><br \/>\n<strong>New York, NY 10016<\/strong>\n<strong>Tel\u00e9fono: 212-233-4141<\/strong><br \/>\n<strong>Tel\u00e9fono gratuito: 888-315-9841<\/strong>\n\t<h4>Nassau County Oficina<\/h4>\n<strong>64 Hilton Avenue<\/strong><br \/>\n<strong>Hempstead, NY 11550<\/strong>\n<strong>Tel: 516-206-2002<\/strong><br \/>\n<strong>Tel\u00e9fono gratuito: 888-315-9841<\/strong>\n\t<h4><strong>Suffolk County Oficina<\/strong><\/h4>\n<p><strong>150 Motor Parkway, Suite 401<\/strong><br \/><strong>Hauppauge, NY 11788<\/strong><\/p>\n<p><strong>Tel\u00e9fono 631-237-1919<\/strong><br \/><strong>Tel\u00e9fono gratuito: 888-315-9841<\/strong><\/p>\n\t\u00a9 2025 BRILL LEGAL GROUP, P.C.<br \/>\nProporcionamos defensa penal, representaci\u00f3n para investigaciones internas, defensa de licencias profesionales y cumplimiento de las normas de atenci\u00f3n m\u00e9dica en el \u00e1rea metropolitana de New York. Practicamos en los tribunales de la zona y ante el OPMC, OPD y DOH.\n<p><strong><a href=\"https:\/\/www.brill-legal.com\/es\/descargo-de-responsabilidad\/\">Descargo de responsabilidad<\/a>\u00a0|\u00a0<a href=\"https:\/\/www.brill-legal.com\/es\/politica-de-privacidad\/\">Pol\u00edtica de privacidad<\/a><\/strong><\/p>","protected":false},"excerpt":{"rendered":"<p>Comience su consulta gratuita Llame al (888) 315-9841 Proporcionamos una defensa s\u00f3lida y agresiva dirigida a salvar su licencia y mantenerlo fuera de la c\u00e1rcel. \u2192 Consulta Inicial Gratuita \u2192 Un R\u00e9cord de Obtener Resultados \u2192 Planes de Pago \u2192 M\u00e1s de 20 A\u00f1os de Experiencia \u2192 Certificados por el Consejo Nacional de...<\/p>","protected":false},"author":1,"featured_media":0,"parent":3306,"menu_order":0,"comment_status":"closed","ping_status":"closed","template":"","meta":{"_acf_changed":false,"episode_type":"","audio_file":"","cover_image":"","cover_image_id":"","duration":"","filesize":"","date_recorded":"","explicit":"","block":"","itunes_episode_number":"","itunes_title":"","itunes_season_number":"","itunes_episode_type":"","filesize_raw":"","footnotes":""},"class_list":["post-3418","page","type-page","status-publish","hentry"],"acf":[],"_links":{"self":[{"href":"https:\/\/www.brill-legal.com\/es\/wp-json\/wp\/v2\/pages\/3418","targetHints":{"allow":["GET"]}}],"collection":[{"href":"https:\/\/www.brill-legal.com\/es\/wp-json\/wp\/v2\/pages"}],"about":[{"href":"https:\/\/www.brill-legal.com\/es\/wp-json\/wp\/v2\/types\/page"}],"author":[{"embeddable":true,"href":"https:\/\/www.brill-legal.com\/es\/wp-json\/wp\/v2\/users\/1"}],"replies":[{"embeddable":true,"href":"https:\/\/www.brill-legal.com\/es\/wp-json\/wp\/v2\/comments?post=3418"}],"version-history":[{"count":19,"href":"https:\/\/www.brill-legal.com\/es\/wp-json\/wp\/v2\/pages\/3418\/revisions"}],"predecessor-version":[{"id":7098,"href":"https:\/\/www.brill-legal.com\/es\/wp-json\/wp\/v2\/pages\/3418\/revisions\/7098"}],"up":[{"embeddable":true,"href":"https:\/\/www.brill-legal.com\/es\/wp-json\/wp\/v2\/pages\/3306"}],"wp:attachment":[{"href":"https:\/\/www.brill-legal.com\/es\/wp-json\/wp\/v2\/media?parent=3418"}],"curies":[{"name":"wp","href":"https:\/\/api.w.org\/{rel}","templated":true}]}}