{"id":3408,"date":"2019-02-04T21:30:28","date_gmt":"2019-02-04T21:30:28","guid":{"rendered":"https:\/\/www.brill-legal.com\/?page_id=3408"},"modified":"2025-06-09T18:28:27","modified_gmt":"2025-06-09T18:28:27","slug":"maltrato-domestico","status":"publish","type":"page","link":"https:\/\/www.brill-legal.com\/es\/lp\/maltrato-domestico\/","title":{"rendered":"Maltrato dom\u00e9stico"},"content":{"rendered":"<img decoding=\"async\" src=\"https:\/\/www.brill-legal.com\/wp-content\/uploads\/2018\/07\/logo_f.png\" alt=\"Brill Legal Group\" itemprop=\"image\" height=\"38\" width=\"377\" title=\"logo_f\" onerror=\"this.style.display='none'\" loading='lazy' \/>\n\t<h1>Si le han detenido por maltrato dom\u00e9stico,<\/h1>\n<h2><a href=\"tel:1-888-315-9841\">Llame al (888) 315-9841 para una consulta gratuita<\/a><\/h2>\n<h5>\n\t\t\tProporcionamos una Defensa S\u00f3lida y Agresiva Dirigida a Mantenerlo Fuera de la C\u00e1rcel.\t<\/h5>\n\t<p>\u2192 Consulta inicial gratuita<\/p>\n<p>&nbsp;<\/p>\n<p>\u2192 Un historial de obtenci\u00f3n de resultados<\/p>\n<p>&nbsp;<\/p>\n<p>\u2192 M\u00e1s de 20 a\u00f1os de experiencia<\/p>\n<p>&nbsp;<\/p>\n<p>\u2192 Certificado por el National Board of Trial Advocacy en Derecho Procesal Penal.<\/p>\n<h2>\n\t\t\tPrograme una cita con un abogado defensor de abuso dom\u00e9stico\t<\/h2>\n<h3>\n\t\t\tEmpieza aqu\u00ed:\t<\/h3>\n<h5>\n\t\t\tObtenemos resultados\t<\/h5>\n\t\t\t\t\t\t\t\t<h3 class='uabb-testimonial-author-name testimonial-author-name'>.18 BAC DWI<\/h3>\t\t\t\t\t\t\t\t\n\t\t\t\t\t\t\t<p>\u00a1No culpable!<\/p>\t\t\t\t\t\t\n\t\t\t\t\t\t\t\t<h3 class='uabb-testimonial-author-name testimonial-author-name'>Art\u00edculo 78 vs. NYC Correcciones<\/h3>\t\t\t\t\t\t\t\t\n\t\t\t\t\t\t\t<p>Decisi\u00f3n ganadora<\/p>\n\t\t\t\t\t\t\t\t<h3 class='uabb-testimonial-author-name testimonial-author-name'> Un cliente empleado del gobierno de L.I. se enfrenta a medidas disciplinarias<\/h3>\t\t\t\t\t\t\t\t\n\t\t\t\t\t\t\t<p>Sin cargos por corrupci\u00f3n<\/p>\n\t\t\t\t\t\t\t\t<h3 class='uabb-testimonial-author-name testimonial-author-name'>$2 Millones + Esquema de falsificaci\u00f3n<\/h3>\t\t\t\t\t\t\t\t\n\t\t\t\t\t\t\t<p>Sin penas de c\u00e1rcel<\/p>\n\t\t\t\t\t\t\t\t<h3 class='uabb-testimonial-author-name testimonial-author-name'>EDNY Cliente que se enfrenta a cargos federales<\/h3>\t\t\t\t\t\t\t\t\n\t\t\t\t\t\t\t<p>Despu\u00e9s de m\u00e1s de 2 a\u00f1os de trabajo, todos los cargos federales de conspiraci\u00f3n y obstrucci\u00f3n desestimados<\/p>\n\t\t\t\t\t\t\t\t<h3 class='uabb-testimonial-author-name testimonial-author-name'>Juicio con jurado al ex detective de la NYPD en la Nassau County<\/h3>\t\t\t\t\t\t\t\t\n\t\t\t\t\t\t\t<p>\u00a1No culpable de m\u00faltiples cargos!<\/p>\n\t<h5>\n\t\t\t<a href=\"tel:1-888-315-9841\">Llame al (888) 315-9841 para una consulta gratuita<\/a>\t<\/h5>\n\t\t\t<p><img decoding=\"async\" src=\"https:\/\/www.brill-legal.com\/wp-content\/uploads\/2019\/02\/five-stars-orange-1.png\" alt=\"\" title=\"\"><\/p>\n<h5>\u00a1Excelente abogado! Brill hizo todo lo posible para trabajar en mi caso y me explic\u00f3 todo. Cada vez que ten\u00eda muchas preguntas que \u00e9l estaba all\u00ed para responder a ella. Realmente hizo un gran trabajo y me ayud\u00f3 a dejar atr\u00e1s una mala situaci\u00f3n. Gracias a su amabilidad, dedicaci\u00f3n y profesionalidad el caso se resolvi\u00f3 con \u00e9xito.<\/h5>\n<p>- A.P. 25 de enero de 2017<\/p>\n\t\t\t<p><img decoding=\"async\" src=\"https:\/\/www.brill-legal.com\/wp-content\/uploads\/2019\/02\/five-stars-orange-1.png\" alt=\"\" title=\"\"><\/p>\n<h5>El no me hace sentir que todo se trata de dinero; El fue muy realista y agresivo preparando mi caso. \u00c9l te hace sentir toda la parte importante es conseguir la bola rodando con su caso y hace una conexi\u00f3n personal real con usted. Este es el abogado que usted quiere tener de su lado - \u00c9l es muy valioso, h\u00e1bil y complaciente. No podr\u00eda estar m\u00e1s satisfecho con este abogado de defensa criminal como Brill.<\/h5>\n<p>- M.F. 3 de enero de 2017<\/p>\n\t\t\t<p><img decoding=\"async\" src=\"https:\/\/www.brill-legal.com\/wp-content\/uploads\/2019\/02\/five-stars-orange-1.png\" alt=\"\" title=\"\"><\/p>\n<h5>Gracias Peter Brill y su oficina por su compromiso y honestidad en lo que respecta a mi caso. Me hiciste sentir c\u00f3modo desde el primer d\u00eda al tenerte como mi abogado y nunca lo olvidar\u00e9. Su estrategia (aunque puede que no funcione en todos los casos) salv\u00f3 mi pensi\u00f3n y le estoy verdaderamente agradecido. Su conocimiento de la jurisprudencia y su profesionalidad en los tribunales fueron excepcionales y marcaron la diferencia en mi caso. Gracias por su orientaci\u00f3n en el momento m\u00e1s dif\u00edcil de mi vida.<\/h5>\n<p>- E.V. 6 de diciembre de 2016<\/p>\n\t\t\t<p><img decoding=\"async\" src=\"https:\/\/www.brill-legal.com\/wp-content\/uploads\/2019\/02\/five-stars-orange-1.png\" alt=\"\" title=\"\"><\/p>\n<h5>Excelente abogado que parece entender c\u00f3mo navegar a trav\u00e9s del sistema de justicia penal. \u00a1En un momento de estr\u00e9s y agitaci\u00f3n incre\u00edble, su orientaci\u00f3n y sabidur\u00eda le llevar\u00e1 al resultado m\u00e1s favorable! Recomiendo encarecidamente sus servicios.<\/h5>\n<p>- P.K. 24 de octubre de 2016<\/p>\n\t\t\t<p><img decoding=\"async\" src=\"https:\/\/www.brill-legal.com\/wp-content\/uploads\/2019\/02\/five-stars-orange-1.png\" alt=\"\" title=\"\"><\/p>\n<h5>Impresionante abogado vers\u00e1til. \u00a1Despu\u00e9s de demostrar mi inocencia se dio la vuelta y demand\u00f3 a la agencia responsable de mi detenci\u00f3n y gan\u00f3! Debido a mi experiencia con Peter ahora estoy inspirado para seguir una carrera legal a m\u00ed mismo.<\/h5>\n<p>- P.H. 18 de mayo de 2016<\/p>\n<h5>\n\t\t\tBrill Legal Group ha aparecido en los medios de comunicaci\u00f3n\t<\/h5>\n\t\t\t\t<img decoding=\"async\" src=\"https:\/\/www.brill-legal.com\/wp-content\/uploads\/2017\/08\/news-12-home.png\" alt=\"Noticias 12\" itemprop=\"image\" height=\"90\" width=\"200\" title=\"noticias-12-casa\" onerror=\"this.style.display='none'\" loading='lazy' \/>\n\t\t\t\t<img decoding=\"async\" src=\"https:\/\/www.brill-legal.com\/wp-content\/uploads\/2015\/12\/cbs-news-e1454549523637.png\" alt=\"noticias cbs\" itemprop=\"image\" height=\"158\" width=\"285\" title=\"Peter Brill en CBS News\" onerror=\"this.style.display='none'\" loading='lazy' \/>\n\t\t\t\t<img decoding=\"async\" src=\"https:\/\/www.brill-legal.com\/wp-content\/uploads\/2015\/12\/foxnews.jpg\" alt=\"Fox News Channel\" itemprop=\"image\" height=\"144\" width=\"153\" title=\"foxnews\" onerror=\"this.style.display='none'\" loading='lazy' \/>\n\t\t\t\t<img decoding=\"async\" src=\"https:\/\/www.brill-legal.com\/wp-content\/uploads\/2018\/10\/cnn-logo.png\" alt=\"cnn-logo\" itemprop=\"image\" height=\"700\" width=\"700\" title=\"cnn-logo\" onerror=\"this.style.display='none'\" loading='lazy' \/>\n\t\t\t\t<img decoding=\"async\" src=\"https:\/\/www.brill-legal.com\/wp-content\/uploads\/2015\/12\/i24news.png\" alt=\"Peter Brill debate las normas de inmigraci\u00f3n en i24 News\" itemprop=\"image\" height=\"168\" width=\"290\" title=\"i24noticias\" onerror=\"this.style.display='none'\" loading='lazy' \/>\n\t\t\t\t<img decoding=\"async\" src=\"https:\/\/www.brill-legal.com\/wp-content\/uploads\/2017\/08\/usa-today-home2.png\" alt=\"usa-hoy-casa2\" itemprop=\"image\" height=\"90\" width=\"175\" title=\"usa-hoy-casa2\" onerror=\"this.style.display='none'\" loading='lazy' \/>\n\t<h1>Un historial de prestaci\u00f3n de servicios jur\u00eddicos excepcionales<\/h1>\n<p>Durante m\u00e1s de 20 a\u00f1os, los abogados del Brill Legal Group han proporcionado una orientaci\u00f3n sofisticada y eficaz a personas y organizaciones que se enfrentan a procesos judiciales. Con cuatro oficinas, nuestro bufete atiende a clientes de toda la zona New York en Suffolk County, Nassau County, Queens, Brooklyn, el Bronx y Manhattan.<\/p>\n<p>&nbsp;<\/p>\n<p>Entendemos c\u00f3mo funcionan los sistemas de justicia de Long Island y New York City. Gracias a nuestros a\u00f1os de trabajo en defensa penal, hemos llegado a conocer a los reguladores, investigadores, polic\u00edas, fiscales y jueces de la zona. Nuestra firma ha desarrollado una reputaci\u00f3n de confiabilidad y respeto que prioriza los mejores intereses de nuestros clientes. Los abogados de nuestra firma entienden lo que est\u00e1 en juego para nuestros clientes, y tenemos la capacidad probada para proteger a los acusados de las peores consecuencias del sistema de justicia penal.<\/p>\n<p>&nbsp;<\/p>\n<p>Nuestro principal abogado de defensa criminal, Peter Brill, es un ex asistente del fiscal de distrito que conoce la ley por dentro y por fuera. Su comprensi\u00f3n de c\u00f3mo los fiscales piensan y operan le da una clara ventaja al entrar en la sala del tribunal o sentarse en la mesa de negociaci\u00f3n. El Brill Legal Group cuenta con el apoyo de un equipo de abogados penalistas muy experimentados que han llevado cientos de casos. Estos abogados consumados aportan una riqueza colectiva de conocimientos y experiencia que es insuperable en Long Island o los Cinco Condados.<\/p>\n<h5>\n\t\t\tNew York Abogado defensor de maltrato dom\u00e9stico\t<\/h5>\n\t<p>Cuando las pasiones se desatan, a veces las cosas se salen de control. Lo que condujo a una acusaci\u00f3n de maltrato dom\u00e9stico puede haber sido un incidente aislado. De hecho, el llamado \"abuso\" puede haber sido en defensa propia. Sin embargo, la ley no siempre lo ve as\u00ed. A los ojos de la ley, se le acusa de haber cometido agresi\u00f3n, amenaza con un arma o desacato criminal, que son cargos graves con consecuencias muy reales. De hecho, con la pol\u00edtica de abuso dom\u00e9stico de \"debe arrestar\" de todos los departamentos de polic\u00eda locales, es probable que ya haya experimentado una muestra de c\u00f3mo el sistema de justicia penal trata incluso a aquellos que se presumen inocentes.<\/p>\n<p>&nbsp;<\/p>\n<p>En el Brill Legal Group, la defensa penal es todo lo que hacemos, incluyendo la defensa de los acusados de abuso dom\u00e9stico y servido injustamente una orden de restricci\u00f3n u orden temporal de protecci\u00f3n. No estamos aqu\u00ed para juzgarle; estamos aqu\u00ed para ayudarle. Estamos comprometidos a ayudar a nuestros clientes a mantenerse fuera de la c\u00e1rcel y minimizar otras sanciones penales.<\/p>\n\t\t\t\t\t<a href=\"#\"  id=\"fl-accordion--label-0\" tabindex=\"0\" aria-controls=\"fl-accordion--panel-0\">Cargos por agresi\u00f3n dom\u00e9stica<\/a>\n\t\t\t\t\t\t\t\t\t\t\t<a href=\"#\" id=\"fl-accordion--icon-0\"  tabindex=\"0\"><i title=\"Ampliar\">Ampliar<\/i><\/a>\n\t\t\t\t\t<p>El Brill Legal Group proporciona una defensa cualificada para los cargos penales de asalto dom\u00e9stico y agresi\u00f3n. Trabajamos para que se desestimen los cargos, negociamos acuerdos de culpabilidad y, cuando es necesario, defendemos contra los cargos en juicio. Tambi\u00e9n luchamos \u00f3rdenes de protecci\u00f3n para asegurarse de que no se utilizan como armas para separar a los acusados de sus hijos o dar a los c\u00f3nyuges influencia en los procedimientos de divorcio.<\/p>\n\t\t\t\t\t<a href=\"#\"  id=\"fl-accordion--label-1\" tabindex=\"0\" aria-controls=\"fl-accordion--panel-1\">\u00d3rdenes de protecci\u00f3n contra la violencia dom\u00e9stica<\/a>\n\t\t\t\t\t\t\t\t\t\t\t<a href=\"#\" id=\"fl-accordion--icon-1\"  tabindex=\"0\"><i title=\"Ampliar\">Ampliar<\/i><\/a>\n\t\t\t\t\t<p>Una Orden de Protecci\u00f3n contra la violencia dom\u00e9stica puede ser tan mala o peor que los cargos penales. Las duras restricciones pueden arrastrarle como un ancla - y ponerle en m\u00e1s problemas legales si se le acusa de violar la orden. Lucharemos tanto por una orden de protecci\u00f3n permanente como temporal o abogaremos por condiciones razonables y limitadas. Lucharemos para que vuelva a su casa y para asegurarnos de que no le separen de sus hijos.<\/p>\n\t\t\t\t\t<a href=\"#\"  id=\"fl-accordion--label-2\" tabindex=\"0\" aria-controls=\"fl-accordion--panel-2\">Acoso<\/a>\n\t\t\t\t\t\t\t\t\t\t\t<a href=\"#\" id=\"fl-accordion--icon-2\"  tabindex=\"0\"><i title=\"Ampliar\">Ampliar<\/i><\/a>\n\t\t\t\t\t<p>Nuestro bufete de abogados tiene una amplia experiencia en el tratamiento de casos de acoso de celebridades y otros que se derivan de las relaciones de noviazgo y matrimonios. Entendemos c\u00f3mo a veces la gente va a utilizar acusaciones como el acecho o el acoso para ganar influencia en el divorcio o disputas por la custodia de los hijos. Si su caso va a juicio, sabemos c\u00f3mo exponer estas acusaciones falsas.<\/p>\n\t\t\t\t\t<a href=\"#\"  id=\"fl-accordion--label-3\" tabindex=\"0\" aria-controls=\"fl-accordion--panel-3\">Malos tratos y abandono infantil<\/a>\n\t\t\t\t\t\t\t\t\t\t\t<a href=\"#\" id=\"fl-accordion--icon-3\"  tabindex=\"0\"><i title=\"Ampliar\">Ampliar<\/i><\/a>\n\t\t\t\t\t<p>Si usted ha sido contactado por un investigador o trabajador del caso del Departamento de Servicios Sociales o Servicios de Protecci\u00f3n Infantil (CPS), es en su mejor inter\u00e9s de tener un abogado con experiencia en su esquina a la mayor brevedad posible. En el Brill Legal Group, nuestros abogados est\u00e1n listos para responder a cualquier situaci\u00f3n, de emergencia o de otro tipo, que implica acusaciones por el gobierno de abuso infantil o negligencia infantil.<\/p>\n<h2>\n\t\t\tPremiado bufete de abogados de defensa criminal\t<\/h2>\n\t\t\t\t<img decoding=\"async\" src=\"https:\/\/www.brill-legal.com\/wp-content\/uploads\/2016\/01\/avvo.png\" alt=\"avvo\" itemprop=\"image\" height=\"105\" width=\"117\" title=\"avvo\" onerror=\"this.style.display='none'\" loading='lazy' \/>\n\t\t\t\t<img decoding=\"async\" src=\"https:\/\/www.brill-legal.com\/wp-content\/uploads\/2015\/12\/nbta.png\" alt=\"nbta\" itemprop=\"image\" height=\"105\" width=\"100\" title=\"nbta\" onerror=\"this.style.display='none'\" loading='lazy' \/>\n\t\t\t\t<img decoding=\"async\" src=\"https:\/\/www.brill-legal.com\/wp-content\/uploads\/2015\/12\/SuperLawyersLarge.png\" alt=\"Super Lawyers Grande\" itemprop=\"image\" height=\"90\" width=\"300\" title=\"Super Lawyers Grande\" onerror=\"this.style.display='none'\" loading='lazy' \/>\n\t\t\t\t<img decoding=\"async\" src=\"https:\/\/www.brill-legal.com\/wp-content\/uploads\/2015\/12\/avvo.png\" alt=\"avvo\" itemprop=\"image\" height=\"75\" width=\"190\" title=\"avvo\" onerror=\"this.style.display='none'\" loading='lazy' \/>\n<h5>\n\t\t\tConozca a Peter Brill, abogado penalista\t<\/h5>\n\t\t\t\t<img decoding=\"async\" src=\"https:\/\/www.brill-legal.com\/wp-content\/uploads\/2015\/12\/AT_Feature_Peter_Brill.jpg\" alt=\"Funci\u00f3n de perfil de abogado: Peter Brill\" itemprop=\"image\" height=\"500\" width=\"500\" title=\"Funci\u00f3n de perfil de abogado: Peter Brill\" onerror=\"this.style.display='none'\" loading='lazy' \/>\n\t<p>Peter E. Brill es uno de los dos \u00fanicos abogados en todo el Estado de New York - y el \u00fanico abogado en el \u00e1rea metropolitana de New York - certificado por el National Board of Trial Advocacy in Criminal Law, una certificaci\u00f3n con rigurosos requisitos de conocimientos jur\u00eddicos y experiencia en juicios penales. En sus casi 20 a\u00f1os de pr\u00e1ctica, tiene una amplia experiencia en juicios en tribunales estatales y federales, arbitrajes y procedimientos administrativos. Se ha labrado una s\u00f3lida reputaci\u00f3n entre los fiscales estatales y federales de todo el New York y ha ejercido ante casi todos los organismos administrativos existentes. Ha ganado muchos m\u00e1s casos de los que ha perdido para sus clientes en pr\u00e1cticamente todos los condados del \u00e1rea metropolitana New York. Est\u00e1 en los tribunales de Long Island y de la zona New York City todos los d\u00edas y se re\u00fane con casi todos los clientes, ya sea en el tribunal o en la oficina. Ha representado y defendido a miles de personas acusadas de delitos menores y delitos graves en New York.<\/p>\n<h5>\n\t\t\t<a href=\"tel:1-888-315-9841\">Para una consulta gratuita, llame al (888) 315-9841<\/a>\t<\/h5>\n\t\t\t\t<img decoding=\"async\" src=\"https:\/\/www.brill-legal.com\/wp-content\/uploads\/2018\/07\/logo_f.png\" alt=\"Brill Legal Group\" itemprop=\"image\" height=\"38\" width=\"377\" title=\"logo_f\" onerror=\"this.style.display='none'\" loading='lazy' \/>\n\t<h4><strong>Oficina de Manhattan<\/strong><\/h4>\n<strong>176 Lexington Avenue, Suite O<\/strong><br \/>\n<strong>New York, NY 10016<\/strong>\n<strong>Tel\u00e9fono: 212-233-4141<\/strong><br \/>\n<strong>Tel\u00e9fono gratuito: 888-315-9841<\/strong>\n\t<h4>Nassau County Oficina<\/h4>\n<strong>64 Hilton Avenue<\/strong><br \/>\n<strong>Hempstead, NY 11550<\/strong>\n<strong>Tel: 516-206-2002<\/strong><br \/>\n<strong>Tel\u00e9fono gratuito: 888-315-9841<\/strong>\n\t<h4><strong>Suffolk County Oficina<\/strong><\/h4>\n<strong>150 Motor Parkway, Suite 401<\/strong><br \/>\n<strong>Hauppauge, NY 11788<\/strong>\n<strong>Tel\u00e9fono 631-237-1919<\/strong><br \/>\n<strong>Tel\u00e9fono gratuito: 888-315-9841<\/strong>\n\t\u00a9 2025 BRILL LEGAL GROUP, P.C.<br \/>\nProporcionamos defensa penal, representaci\u00f3n para investigaciones internas, defensa de licencias profesionales y cumplimiento de las normas de atenci\u00f3n m\u00e9dica en el \u00e1rea metropolitana de New York. Practicamos en los tribunales de la zona y ante el OPMC, OPD y DOH.\n<p><strong><a href=\"https:\/\/www.brill-legal.com\/es\/descargo-de-responsabilidad\/\">Descargo de responsabilidad<\/a>\u00a0|\u00a0<a href=\"https:\/\/www.brill-legal.com\/es\/politica-de-privacidad\/\">Pol\u00edtica de privacidad<\/a><\/strong><\/p>","protected":false},"excerpt":{"rendered":"<p>Si usted ha sido arrestado por cargos de abuso dom\u00e9stico, llame al (888) 315-9841 para una consulta gratuita Proporcionamos una defensa s\u00f3lida y agresiva dirigida a mantenerlo fuera de la c\u00e1rcel. \u2192 Consulta Inicial Gratuita \u2192 Un R\u00e9cord de Obtener Resultados \u2192 M\u00e1s de 20 A\u00f1os de Experiencia \u2192 Certificado por el Consejo Nacional...<\/p>","protected":false},"author":1,"featured_media":0,"parent":3306,"menu_order":0,"comment_status":"closed","ping_status":"closed","template":"","meta":{"_acf_changed":false,"episode_type":"","audio_file":"","cover_image":"","cover_image_id":"","duration":"","filesize":"","date_recorded":"","explicit":"","block":"","itunes_episode_number":"","itunes_title":"","itunes_season_number":"","itunes_episode_type":"","filesize_raw":"","footnotes":""},"class_list":["post-3408","page","type-page","status-publish","hentry"],"acf":[],"_links":{"self":[{"href":"https:\/\/www.brill-legal.com\/es\/wp-json\/wp\/v2\/pages\/3408","targetHints":{"allow":["GET"]}}],"collection":[{"href":"https:\/\/www.brill-legal.com\/es\/wp-json\/wp\/v2\/pages"}],"about":[{"href":"https:\/\/www.brill-legal.com\/es\/wp-json\/wp\/v2\/types\/page"}],"author":[{"embeddable":true,"href":"https:\/\/www.brill-legal.com\/es\/wp-json\/wp\/v2\/users\/1"}],"replies":[{"embeddable":true,"href":"https:\/\/www.brill-legal.com\/es\/wp-json\/wp\/v2\/comments?post=3408"}],"version-history":[{"count":15,"href":"https:\/\/www.brill-legal.com\/es\/wp-json\/wp\/v2\/pages\/3408\/revisions"}],"predecessor-version":[{"id":7093,"href":"https:\/\/www.brill-legal.com\/es\/wp-json\/wp\/v2\/pages\/3408\/revisions\/7093"}],"up":[{"embeddable":true,"href":"https:\/\/www.brill-legal.com\/es\/wp-json\/wp\/v2\/pages\/3306"}],"wp:attachment":[{"href":"https:\/\/www.brill-legal.com\/es\/wp-json\/wp\/v2\/media?parent=3408"}],"curies":[{"name":"wp","href":"https:\/\/api.w.org\/{rel}","templated":true}]}}