{"id":3351,"date":"2018-12-27T22:50:23","date_gmt":"2018-12-27T22:50:23","guid":{"rendered":"https:\/\/www.brill-legal.com\/?page_id=3351"},"modified":"2022-06-08T21:55:25","modified_gmt":"2022-06-08T21:55:25","slug":"no-hable-con-la-policia-sin-tener-un-abogado-a-su-lado","status":"publish","type":"page","link":"https:\/\/www.brill-legal.com\/es\/nuestros-servicios\/defensa-penal\/no-hable-con-la-policia-sin-tener-un-abogado-a-su-lado\/","title":{"rendered":"No hable con la polic\u00eda sin tener un abogado a su lado"},"content":{"rendered":"<p>La gran pregunta que siempre se hace a <strong>abogados penalistas<\/strong> es - \u00bfdebo hablar con la polic\u00eda voluntariamente cuando me piden que entre para una conversaci\u00f3n? Cada abogado de defensa criminal tiene exactamente la misma respuesta - no. No hable con la polic\u00eda sin un abogado <a href=\"https:\/\/www.brill-legal.com\/es\/nuestros-servicios\/defensa-penal\/\">abogado penalista<\/a> a tu lado.   <\/p>\n\n\n\n<p>No es como en las series polic\u00edacas de la tele, donde la polic\u00eda s\u00f3lo intenta averiguar la verdad. La mayor\u00eda de las veces, cuando te invitan a una charla, ya creen que has cometido el delito que est\u00e1n investigando. Puede esperar no salir de la comisar\u00eda y ser detenido.<\/p>\n\n\n\n<p>La polic\u00eda intentar\u00e1 convencerte de que si cooperas todo ir\u00e1 bien y podr\u00e1s irte a casa despu\u00e9s de una larga entrevista grabada. En lugar de eso lo que est\u00e1n pensando es que \"ya creemos que es culpable y vamos a conseguir que este delincuente nos cuente todo lo que podamos para que se autoinculpe y pase el mayor tiempo posible en la c\u00e1rcel.\"   <\/p>\n\n\n\n<p>Si la polic\u00eda quiere hablar contigo, no te niegues a cooperar y huyas o pases a la clandestinidad. En realidad deber\u00eda hacer lo contrario. Huir es muy diferente a ir a una reuni\u00f3n con la polic\u00eda sin un abogado penalista con experiencia que le cubra las espaldas. Sin un abogado all\u00ed en su nombre, usted puede decir algo que la polic\u00eda interpretar\u00e1 de una manera que podr\u00eda conseguir que usted o un ser querido arrestado por un delito que no cometieron. En muchos casos, una vez que usted contrata a un abogado de defensa criminal, esa persona puede ser un intermediario inicial con usted y la polic\u00eda. Un abogado puede saber si usted es o no un objetivo de la investigaci\u00f3n, qu\u00e9 pruebas tiene la polic\u00eda y la direcci\u00f3n de su investigaci\u00f3n.<\/p>\n\n\n\n<p>Adem\u00e1s, su abogado de defensa criminal puede analizar todas las cosas que le dir\u00e1 la polic\u00eda. No se debe confiar en nada de lo que le diga la polic\u00eda. Un abogado puede ayudar a determinar lo que es exacto, lo que no lo es y lo que todav\u00eda necesita ser confirmado. No existen normas que impidan a la polic\u00eda utilizar mentiras, t\u00e1cticas desleales y artima\u00f1as para convencerle de que les diga cosas contrarias a sus intereses. Deje que su abogado le proteja de la posibilidad de que usted se incrimine a s\u00ed mismo.  <\/p>\n\n\n\n<p>No crea en la suposici\u00f3n de que si lleva un abogado a una reuni\u00f3n con la polic\u00eda, \u00e9sta pensar\u00e1 que usted es culpable. Incluso si existe esa suposici\u00f3n, los beneficios de llevar protecci\u00f3n superar\u00e1n con creces los negativos de una posible presunci\u00f3n de culpabilidad por parte de la polic\u00eda.<\/p>\n\n\n\n<p>La conclusi\u00f3n es que no debe confiar en la polic\u00eda si existe la m\u00e1s m\u00ednima posibilidad de que se vea envuelto en una investigaci\u00f3n penal. Haga lo inteligente y contrate a un <strong><a href=\"https:\/\/www.brill-legal.com\/es\/\">abogado penalista<\/a><\/strong> que puede protegerte.<\/p>","protected":false},"excerpt":{"rendered":"<p>La gran pregunta que siempre se hace a los abogados de defensa criminal es - \u00bfdebo hablar con la polic\u00eda voluntariamente cuando me piden que entre para una conversaci\u00f3n? Cada abogado de defensa criminal tiene exactamente la misma respuesta - no. No hable con la polic\u00eda sin un abogado penalista experimentado a su lado. Es...<\/p>","protected":false},"author":1,"featured_media":4975,"parent":75,"menu_order":0,"comment_status":"closed","ping_status":"closed","template":"","meta":{"_acf_changed":false,"episode_type":"","audio_file":"","cover_image":"","cover_image_id":"","duration":"","filesize":"","date_recorded":"","explicit":"","block":"","itunes_episode_number":"","itunes_title":"","itunes_season_number":"","itunes_episode_type":"","filesize_raw":"","footnotes":""},"class_list":["post-3351","page","type-page","status-publish","has-post-thumbnail","hentry"],"acf":[],"_links":{"self":[{"href":"https:\/\/www.brill-legal.com\/es\/wp-json\/wp\/v2\/pages\/3351","targetHints":{"allow":["GET"]}}],"collection":[{"href":"https:\/\/www.brill-legal.com\/es\/wp-json\/wp\/v2\/pages"}],"about":[{"href":"https:\/\/www.brill-legal.com\/es\/wp-json\/wp\/v2\/types\/page"}],"author":[{"embeddable":true,"href":"https:\/\/www.brill-legal.com\/es\/wp-json\/wp\/v2\/users\/1"}],"replies":[{"embeddable":true,"href":"https:\/\/www.brill-legal.com\/es\/wp-json\/wp\/v2\/comments?post=3351"}],"version-history":[{"count":6,"href":"https:\/\/www.brill-legal.com\/es\/wp-json\/wp\/v2\/pages\/3351\/revisions"}],"predecessor-version":[{"id":5394,"href":"https:\/\/www.brill-legal.com\/es\/wp-json\/wp\/v2\/pages\/3351\/revisions\/5394"}],"up":[{"embeddable":true,"href":"https:\/\/www.brill-legal.com\/es\/wp-json\/wp\/v2\/pages\/75"}],"wp:featuredmedia":[{"embeddable":true,"href":"https:\/\/www.brill-legal.com\/es\/wp-json\/wp\/v2\/media\/4975"}],"wp:attachment":[{"href":"https:\/\/www.brill-legal.com\/es\/wp-json\/wp\/v2\/media?parent=3351"}],"curies":[{"name":"wp","href":"https:\/\/api.w.org\/{rel}","templated":true}]}}