{"id":333,"date":"2015-12-08T10:39:38","date_gmt":"2015-12-08T10:39:38","guid":{"rendered":"http:\/\/host2.adviahost.net\/~brilllegal\/?page_id=333"},"modified":"2022-06-16T22:25:37","modified_gmt":"2022-06-16T22:25:37","slug":"consejos-para-padres-de-adolescentes-con-problemas","status":"publish","type":"page","link":"https:\/\/www.brill-legal.com\/es\/nuestros-servicios\/defensa-penal\/delitos-juveniles\/consejos-para-padres-de-adolescentes-con-problemas\/","title":{"rendered":"Consejos para padres de adolescentes con problemas"},"content":{"rendered":"<p>Si en tu casa viven adolescentes, aunque s\u00f3lo sea los fines de semana, ya sabes lo dif\u00edcil que es mantener una estructura, poner l\u00edmites y asegurarse de que no se meten en l\u00edos. Puede que no parezcan ni act\u00faen como los recuerdas a los cinco o seis a\u00f1os, pero por mucho que hayan cambiado, siguen siendo ni\u00f1os. Y aunque est\u00e9n enfurru\u00f1ados mientras env\u00edan mensajes de texto a sus amigos y no te hablan, aunque se burlen de tus consejos o incluso los desaf\u00eden abiertamente, siguen buscando en sus padres una gu\u00eda y un modelo a seguir.<\/p>\n\n\n\n<p>Como padres, el primer objetivo deber\u00eda ser determinar qu\u00e9 es \"normal\" para cada adolescente. Algunos chicos no parecen cambiar mucho de la secundaria a la preparatoria; otros se ti\u00f1en el cabello de rosa y se perforan varias partes del cuerpo sin permiso. Y muchos de esos chicos sin problemas en el instituto empezar\u00e1n a portarse mal en la universidad cuando ya no est\u00e9n bajo la atenta mirada de mam\u00e1 y pap\u00e1. A lo largo de los a\u00f1os de representaci\u00f3n de adolescentes que han sido acusados de delitos, he descubierto que la mayor\u00eda de los padres no aprecian plenamente la turbulencia normal y esperada que viene con un adolescente.<\/p>\n\n\n\n<p>El mundo de los adolescentes est\u00e1 lleno de paradojas. El t\u00edpico adolescente americano es ego\u00edsta pero dependiente, malhumorado pero distante, predeciblemente impredecible y hosco pero inseguro. As\u00ed que hay que tenerlo en cuenta a la hora de evaluar la vida en casa.<\/p>\n\n\n\n<p>En nuestra pr\u00e1ctica profesional, trabajamos con psic\u00f3logos de adolescentes, consejeros de abuso de sustancias y terapeutas conductuales que pueden ayudar a fiscales y jueces a comprender las dif\u00edciles transiciones de la adolescencia. Personalmente, y en repetidas ocasiones, he llegado a comprender la gran transici\u00f3n que supone pasar del octavo o noveno grado al instituto. Como estudiante de octavo o noveno grado, su adolescente era uno de los mayores en la escuela, completamente familiarizado con la rutina diaria y los matices sutiles dentro de cada grupo de compa\u00f1eros. Ahora, ese adolescente se encuentra con un cambio impresionante: una escuela nueva y mucho m\u00e1s grande, una falta de comprensi\u00f3n de las \"reglas\" de la escuela secundaria (especialmente las no escritas), y el estr\u00e9s emocional y mental asociado con ser un guppy en un estanque lleno de peces m\u00e1s grandes. La hora de la comida, por ejemplo, se convierte en una de las experiencias m\u00e1s estresantes para un estudiante de primer a\u00f1o. La batalla diaria por encontrar un grupo \"seguro\" con el que comer para evitar comer solo es quiz\u00e1 la peor experiencia para un chico de 14 o 15 a\u00f1os.<\/p>\n\n\n\n<p>Nunca se insistir\u00e1 lo suficiente en la importancia de que su hijo elija el grupo de iguales adecuado con el que \"encajar\", tanto para su bienestar como para el suyo. El grupo de amigos de su hijo le guiar\u00e1 dentro o fuera del peligro. El primer a\u00f1o de instituto suele introducir a los chicos en el alcohol (y la marihuana), una mayor conciencia sexual y un aumento de la timidez. Esta tormenta perfecta har\u00e1 que hasta el ni\u00f1o m\u00e1s humilde se convierta en un adolescente ensimismado. No es una transici\u00f3n agradable para la mayor\u00eda de los hogares. En las raras ocasiones en que su hijo se abra a usted, sea paciente y utilice sus mejores dotes de escucha.<\/p>\n\n\n\n<p>A medida que avanzan en el instituto, los adolescentes van cogiendo impulso y se les invita a fiestas de clase alta (o organizan las suyas propias). Tambi\u00e9n salen a la carretera: beben y conducen con los amigos, van a campos, carreteras cerradas y parques para salir de la vigilancia de los padres. Esta sensaci\u00f3n de independencia y libertad puede ser abrumadora para algunos adolescentes, y pueden llegar a tener muy poco juicio. Asumen riesgos que la mayor\u00eda de los adultos no asumir\u00edan, lo que da lugar a peleas, agresiones sexuales, delitos contra la propiedad y conducci\u00f3n bajo los efectos del alcohol.<\/p>\n\n\n\n<p>En el pen\u00faltimo a\u00f1o, la conciencia de la imagen corporal est\u00e1 en pleno apogeo. El estr\u00e9s que sufren los adolescentes estadounidenses para tener un aspecto determinado puede ser muy poco saludable y nublar el juicio. Las chicas pueden no comer bien (o purgarse) mientras que los chicos toman suplementos no aprobados (o incluso esteroides). La experimentaci\u00f3n con el alcohol y las drogas y los comportamientos de alto riesgo tienden a aumentar. A los 17 a\u00f1os, es bastante normal que los adolescentes rechacen los valores paternos y no respeten a las figuras de autoridad. En el pen\u00faltimo a\u00f1o, la mayor\u00eda de los adolescentes no dudan en identificar la hipocres\u00eda de sus padres, de la escuela o de cualquier otra figura de autoridad a la que se supone que deben respetar. Su b\u00fasqueda de la individualidad y una mayor libertad son las razones que explican esta situaci\u00f3n.<\/p>\n\n\n\n<p>La percepci\u00f3n que tienen de sus propios padres como seres humanos con defectos se convierte en motivo de discusi\u00f3n. Esta revelaci\u00f3n tiene un efecto escalofriante en la din\u00e1mica padre-hijo. Los padres deben ver m\u00e1s all\u00e1 de estos ataques personales y centrarse en terminar los dos \u00faltimos a\u00f1os de crianza del adolescente.<\/p>\n\n\n\n<p>Por lo general, no es aconsejable que los padres admitan su propio consumo de alcohol o drogas porque esta informaci\u00f3n no s\u00f3lo sorprender\u00e1 a los adolescentes, sino que les har\u00e1 sentirse m\u00e1s c\u00f3modos a la hora de experimentar o consumir de forma habitual.<\/p>\n\n\n\n<p>En el \u00faltimo a\u00f1o de secundaria, la mayor\u00eda de los adolescentes se sienten bastante c\u00f3modos en la escuela, se dan cuenta de que est\u00e1n casi fuera de casa y por su cuenta, y deben empezar a saber qui\u00e9nes son realmente. Al final del duod\u00e9cimo curso, suelen empezar a reparar las relaciones con sus padres (y otros miembros de la familia) y a preparar el terreno para su \"nueva relaci\u00f3n\" con los suyos.<\/p>\n\n\n\n<p>El \u00faltimo a\u00f1o est\u00e1 lleno de alcohol en la mayor\u00eda de las situaciones sociales. Conducir ya no es algo nuevo y angustioso, lo que conduce a una conducci\u00f3n m\u00e1s temeraria y a la falta de atenci\u00f3n. Beber y conducir debe abordarse con firmeza y severidad, por ejemplo: \"Si bebes y conduces hasta casa, no volver\u00e1s a ver tu coche hasta que te grad\u00faes. Te lo garantizamos\". Incluso le sugerimos que escriba esta promesa y haga que su hijo o hija firme el \"acuerdo\". Sin embargo, tambi\u00e9n debes ofrecerles una amnist\u00eda si te llaman para que les lleves a casa (es decir, sin hacer preguntas) despu\u00e9s de beber.<\/p>\n\n\n\n<p>Para los padres, la cuesti\u00f3n es c\u00f3mo poner l\u00edmites. Si se les da demasiado margen, los adolescentes se precipitar\u00e1n m\u00e1s all\u00e1 de los l\u00edmites impl\u00edcitos. Sin embargo, si les impones demasiadas restricciones, el adolescente se rebelar\u00e1. Los padres deben entender que mentir forma parte de la adolescencia. Es temporal, pero el enga\u00f1o es una necesidad para que la mayor\u00eda de los adolescentes experimenten con las drogas y el alcohol, as\u00ed como para que se involucren en comportamientos \"divertidos\" de alto riesgo.<\/p>\n\n\n\n<p>El problema es que una vez que los padres pillan a su hijo adolescente mintiendo, los padres no saben d\u00f3nde est\u00e1 la verdad. Los padres empiezan a cuestionar casi todo lo que hace el adolescente, ya sea en su cara o a sus espaldas. Esto fastidia al adolescente y dificulta a\u00fan m\u00e1s la din\u00e1mica del hogar.<\/p>\n\n\n\n<p>Seg\u00fan muchos expertos, la respuesta es bastante sencilla. Si los adolescentes quieren m\u00e1s independencia y tomar decisiones personales, entonces tendr\u00e1n que sentir las \"consecuencias naturales\" de esas mismas decisiones. Como padre, es su deber imponer las normas del hogar a su hijo adolescente, sobre todo cuando sabe que reaccionar\u00e1 de forma exagerada ante la sanci\u00f3n. Como usted sabe desde que su hijo era peque\u00f1o, los ni\u00f1os ans\u00edan disciplina y l\u00edmites. A todos nos va mejor cuando las normas son claras.<\/p>\n\n\n\n<p>El lado coercitivo de tener un hijo adolescente es, por supuesto, dif\u00edcil de digerir para muchos padres. A corto plazo, puede ser m\u00e1s f\u00e1cil dejar que el adolescente siga mandando en casa y dicte su estado de \u00e1nimo. Pero, a largo plazo, esto es horrible para su desarrollo personal. La rendici\u00f3n de cuentas y la responsabilidad personal son las claves del \u00e9xito adulto.<\/p>\n\n\n\n<p>En mi pr\u00e1ctica profesional, muchos padres me han pedido expl\u00edcita o impl\u00edcitamente que fije por ellos los l\u00edmites de su hijo adolescente. Una vez que un adolescente es acusado de un delito, los padres tienden a sobreanalizar la situaci\u00f3n. No comprenden bien lo superficiales o profundos que son los problemas. En esta situaci\u00f3n, los padres buscan ayuda en otras personas, ya sea un amigo polic\u00eda, un abogado, un juez o un terapeuta. Sin embargo, el castigo en casa sigue siendo competencia exclusiva de los padres.<\/p>\n\n\n\n<p>La idea del castigo es (a) disuadir conductas futuras, (b) definir cu\u00e1ndo se recupera la confianza y (c) permitir al adolescente seguir adelante y alejarse de la culpa asociada a esta transgresi\u00f3n. Debe ser justo. No puede ser una respuesta emocional ni arbitraria. Debe estar naturalmente relacionada con la transgresi\u00f3n. Busque el acuerdo de sus hijos adolescentes de que violaron su confianza. Evita sermonearles, ya que a menudo caen en saco roto. Expl\u00edqueles de forma clara y concisa lo que espera de ellos, d\u00edgales espec\u00edficamente qu\u00e9 han hecho para violar esas expectativas y c\u00f3mo piensa castigarles. Los expertos coinciden en que debe resistir la tentaci\u00f3n de reducir o eliminar la sanci\u00f3n. Por el bien de su hijo, mantenga el rumbo, imponga la sanci\u00f3n completa y no cambie de opini\u00f3n m\u00e1s adelante.<\/p>\n\n\n\n<p>Cuando aconsejo a adolescentes y padres, les recuerdo que el 90% de los adolescentes a los que pillan bebiendo y fumando no se convierten en adultos adictos. Noventa y nueve de cada cien de estos adolescentes ascender\u00e1n por la escalera de la vida. Hay un adolescente en alg\u00fan lugar de Estados Unidos ahora mismo que est\u00e1 bebiendo alcohol (o inhalando) el fin de semana en fiestas que ser\u00e1 elegido Presidente alg\u00fan d\u00eda.<\/p>\n\n\n\n<p>Si usted tiene un adolescente acusado de un delito menor o delito grave en Queens, Brooklyn o en Long Island y le gustar\u00eda contratar al Sr. Brill, por favor llame al 888-315-9841 (incluyendo noches, fines de semana y d\u00edas festivos).<\/p>","protected":false},"excerpt":{"rendered":"<p>Si en tu casa viven adolescentes, aunque s\u00f3lo sea los fines de semana, ya sabes lo dif\u00edcil que es mantener una estructura, poner l\u00edmites y asegurarse de que no se meten en l\u00edos. Puede que no parezcan ni act\u00faen como los recuerdas a los cinco o seis a\u00f1os, pero por mucho que hayan cambiado, siguen siendo...<\/p>","protected":false},"author":1,"featured_media":6206,"parent":331,"menu_order":0,"comment_status":"closed","ping_status":"closed","template":"","meta":{"_acf_changed":false,"episode_type":"","audio_file":"","cover_image":"","cover_image_id":"","duration":"","filesize":"","date_recorded":"","explicit":"","block":"","itunes_episode_number":"","itunes_title":"","itunes_season_number":"","itunes_episode_type":"","filesize_raw":"","footnotes":""},"class_list":["post-333","page","type-page","status-publish","has-post-thumbnail","hentry"],"acf":[],"_links":{"self":[{"href":"https:\/\/www.brill-legal.com\/es\/wp-json\/wp\/v2\/pages\/333","targetHints":{"allow":["GET"]}}],"collection":[{"href":"https:\/\/www.brill-legal.com\/es\/wp-json\/wp\/v2\/pages"}],"about":[{"href":"https:\/\/www.brill-legal.com\/es\/wp-json\/wp\/v2\/types\/page"}],"author":[{"embeddable":true,"href":"https:\/\/www.brill-legal.com\/es\/wp-json\/wp\/v2\/users\/1"}],"replies":[{"embeddable":true,"href":"https:\/\/www.brill-legal.com\/es\/wp-json\/wp\/v2\/comments?post=333"}],"version-history":[{"count":2,"href":"https:\/\/www.brill-legal.com\/es\/wp-json\/wp\/v2\/pages\/333\/revisions"}],"predecessor-version":[{"id":6211,"href":"https:\/\/www.brill-legal.com\/es\/wp-json\/wp\/v2\/pages\/333\/revisions\/6211"}],"up":[{"embeddable":true,"href":"https:\/\/www.brill-legal.com\/es\/wp-json\/wp\/v2\/pages\/331"}],"wp:featuredmedia":[{"embeddable":true,"href":"https:\/\/www.brill-legal.com\/es\/wp-json\/wp\/v2\/media\/6206"}],"wp:attachment":[{"href":"https:\/\/www.brill-legal.com\/es\/wp-json\/wp\/v2\/media?parent=333"}],"curies":[{"name":"wp","href":"https:\/\/api.w.org\/{rel}","templated":true}]}}