{"id":3324,"date":"2018-12-10T23:17:22","date_gmt":"2018-12-10T23:17:22","guid":{"rendered":"https:\/\/www.brill-legal.com\/?page_id=3324"},"modified":"2022-06-16T22:26:29","modified_gmt":"2022-06-16T22:26:29","slug":"los-peligros-del-consumo-de-alcohol-entre-los-adolescentes","status":"publish","type":"page","link":"https:\/\/www.brill-legal.com\/es\/nuestros-servicios\/defensa-penal\/delitos-juveniles\/los-peligros-del-consumo-de-alcohol-entre-los-adolescentes\/","title":{"rendered":"Los peligros del consumo de alcohol en la adolescencia"},"content":{"rendered":"<p>Abusar del alcohol a cualquier edad es malo. Pero para los adolescentes puede ser especialmente peligroso. Cuanto m\u00e1s joven es una persona cuando empieza a abusar del alcohol, m\u00e1s probable es que aparezcan consecuencias duraderas para su salud. No s\u00f3lo eso, sino que <a href=\"https:\/\/www.brill-legal.com\/es\/nuestros-servicios\/defensa-penal\/delitos-juveniles\/\">consecuencias jur\u00eddicas del consumo de alcohol por menores<\/a>. El abuso de alcohol en la adolescencia puede afectar a una persona para el resto de su vida.<\/p>\n\n\n\n<p>Uno de los principales problemas del consumo abusivo de alcohol entre los adolescentes es que sus cerebros a\u00fan se est\u00e1n desarrollando. El cerebro est\u00e1 completamente desarrollado <a href=\"https:\/\/www.urmc.rochester.edu\/encyclopedia\/content.aspx?ContentTypeID=1&amp;ContentID=3051\" target=\"_blank\" rel=\"noopener\">alrededor de los 25 a\u00f1os<\/a>. Adem\u00e1s, mientras que los adultos piensan con el c\u00f3rtex prefrontal, la parte racional del cerebro, los adolescentes procesan la informaci\u00f3n con la am\u00edgdala o la parte emocional. Por lo tanto, los adolescentes no suelen considerar los efectos a largo plazo de una decisi\u00f3n como lo har\u00eda un adulto. El abuso de alcohol durante la adolescencia puede afectar al desarrollo del cerebro.<\/p>\n\n\n\n<p>Otra preocupaci\u00f3n importante del abuso de alcohol en la adolescencia es que har\u00e1 que los adolescentes sean m\u00e1s propensos a abusar del alcohol m\u00e1s adelante en su vida adulta, incluso si el abuso fue relativamente corto. Por lo tanto, cometer un error a los 17 a\u00f1os puede tener consecuencias para toda la vida, tanto para la salud como para el futuro laboral y familiar.<\/p>\n\n\n\n<p>Los padres que deseen atajar el problema antes de que el abuso se vuelva incontrolable y provoque problemas legales o riesgos para la salud pueden buscar signos de abuso de alcohol en sus hijos adolescentes. Algunos de los signos de abuso de alcohol en adolescentes incluyen:<\/p>\n\n\n\n<p>- Bajada de notas en la escuela<br>- Desinter\u00e9s por las cosas que les gustaban en el pasado<br>- Ser reservado y mentir<br>- Tener nuevos amigos de los que los padres no saben nada<br>- Estar cansado todo el tiempo y\/o tener n\u00e1useas<br>- Un cambio negativo de actitud<\/p>\n\n\n\n<p>Los padres que se esfuerzan por mantener un di\u00e1logo abierto con sus hijos sobre los riesgos potenciales del abuso de alcohol en la adolescencia pueden posiblemente prevenir un problema grave antes de que empiece. Si sospecha que su hijo adolescente abusa del alcohol, hay muchos recursos disponibles para ayudarle a afrontar el problema. Hay muchos profesionales disponibles para ayudar, incluso los orientadores escolares est\u00e1n formados para ayudar a los adolescentes con problemas de abuso de sustancias. Otro recurso en el que puede confiar un padre preocupado es el <a href=\"https:\/\/www.samhsa.gov\/find-help\/national-helpline\" target=\"_blank\" rel=\"noopener\">SAMHSA L\u00ednea nacional de ayuda contra el abuso de sustancias<\/a>. Esta l\u00ednea telef\u00f3nica y este sitio web son una excelente fuente de informaci\u00f3n sobre el abuso de sustancias. SAMHSA's National Helpline es un servicio gratuito, confidencial, 24 horas al d\u00eda, 7 d\u00edas a la semana, 365 d\u00edas al a\u00f1o, de informaci\u00f3n y derivaci\u00f3n a tratamientos (en ingl\u00e9s y espa\u00f1ol) para personas y familias que se enfrentan a trastornos mentales y\/o por consumo de sustancias.<\/p>","protected":false},"excerpt":{"rendered":"<p>Abusar del alcohol a cualquier edad es malo. Pero para los adolescentes puede ser especialmente peligroso. Cuanto m\u00e1s joven es una persona cuando empieza a abusar del alcohol, m\u00e1s probable es que surjan consecuencias duraderas para su salud. No s\u00f3lo eso, sino que el consumo de alcohol por menores tiene consecuencias legales. El abuso de alcohol en la adolescencia puede afectar...<\/p>","protected":false},"author":1,"featured_media":3329,"parent":331,"menu_order":0,"comment_status":"closed","ping_status":"closed","template":"","meta":{"_acf_changed":false,"episode_type":"","audio_file":"","cover_image":"","cover_image_id":"","duration":"","filesize":"","date_recorded":"","explicit":"","block":"","itunes_episode_number":"","itunes_title":"","itunes_season_number":"","itunes_episode_type":"","filesize_raw":"","footnotes":""},"class_list":["post-3324","page","type-page","status-publish","has-post-thumbnail","hentry"],"acf":[],"_links":{"self":[{"href":"https:\/\/www.brill-legal.com\/es\/wp-json\/wp\/v2\/pages\/3324","targetHints":{"allow":["GET"]}}],"collection":[{"href":"https:\/\/www.brill-legal.com\/es\/wp-json\/wp\/v2\/pages"}],"about":[{"href":"https:\/\/www.brill-legal.com\/es\/wp-json\/wp\/v2\/types\/page"}],"author":[{"embeddable":true,"href":"https:\/\/www.brill-legal.com\/es\/wp-json\/wp\/v2\/users\/1"}],"replies":[{"embeddable":true,"href":"https:\/\/www.brill-legal.com\/es\/wp-json\/wp\/v2\/comments?post=3324"}],"version-history":[{"count":5,"href":"https:\/\/www.brill-legal.com\/es\/wp-json\/wp\/v2\/pages\/3324\/revisions"}],"predecessor-version":[{"id":6213,"href":"https:\/\/www.brill-legal.com\/es\/wp-json\/wp\/v2\/pages\/3324\/revisions\/6213"}],"up":[{"embeddable":true,"href":"https:\/\/www.brill-legal.com\/es\/wp-json\/wp\/v2\/pages\/331"}],"wp:featuredmedia":[{"embeddable":true,"href":"https:\/\/www.brill-legal.com\/es\/wp-json\/wp\/v2\/media\/3329"}],"wp:attachment":[{"href":"https:\/\/www.brill-legal.com\/es\/wp-json\/wp\/v2\/media?parent=3324"}],"curies":[{"name":"wp","href":"https:\/\/api.w.org\/{rel}","templated":true}]}}