{"id":331,"date":"2015-12-08T10:30:26","date_gmt":"2015-12-08T10:30:26","guid":{"rendered":"http:\/\/host2.adviahost.net\/~brilllegal\/?page_id=331"},"modified":"2022-12-08T21:01:41","modified_gmt":"2022-12-08T21:01:41","slug":"delitos-juveniles","status":"publish","type":"page","link":"https:\/\/www.brill-legal.com\/es\/nuestros-servicios\/defensa-penal\/delitos-juveniles\/","title":{"rendered":"New York Abogado defensor de delitos juveniles"},"content":{"rendered":"<p>Desde el consumo de alcohol y la posesi\u00f3n de alcohol por menores de edad hasta la posesi\u00f3n de drogas y la conducci\u00f3n bajo los efectos del alcohol, los j\u00f3venes pueden incurrir en conductas delictivas por una serie de razones diferentes a las de los adultos, entre ellas el menor control de los impulsos que tienen los adolescentes y la presi\u00f3n de sus compa\u00f1eros. Los padres deben tener en cuenta que el desarrollo normal de la adolescencia incluye la rebeli\u00f3n, la experimentaci\u00f3n y el rechazo abierto de los valores paternos. Del mismo modo que los ni\u00f1os peque\u00f1os suelen caerse mientras aprenden a andar, los adolescentes que intentan convertirse en adultos por su cuenta tienen muchos escollos. Normalmente, se observa un aumento de los comportamientos de riesgo a partir del primer a\u00f1o de instituto (aunque la secundaria tiene sus propios problemas para los ni\u00f1os), mientras que en los \u00faltimos a\u00f1os de instituto adquieren vida propia.<\/p>\n\n\n\n<p>Por supuesto, los chavales con problemas preexistentes de TDA\/TDAH, depresi\u00f3n o dificultades de aprendizaje suelen ser m\u00e1s proclives a los comportamientos de riesgo que conducen a ser acusados de un delito. Al carecer de control de los impulsos y no estar dispuestos a pedir consejo a sus padres, los adolescentes pueden intentar automedicarse con alcohol y otras drogas para controlar su estado de \u00e1nimo. A menudo, los adolescentes que toman Ritalin, Adderall, Vyvanse o alguno de los otros estimulantes para combatir el TDA\/TDAH dejan de tomarlos por verg\u00fcenza, pudor o simplemente porque no les gusta c\u00f3mo les hace sentir.<\/p>\n\n\n\n<p>Para empezar, muchos padres tienen sentimientos encontrados respecto a medicar a sus hijos. Como resultado, los adolescentes que dejan de tomar sus recetas sienten r\u00e1pidamente los efectos y saltan al alcohol, a otras drogas o a la marihuana, para sentirse \"felices\" o \"normales\". A partir del 31 de marzo de 2021, ya no es delito fumar o poseer cantidades limitadas de cannabis en New York.<\/p>\n\n\n\n<p>Por desgracia, en muchos casos, lo que suele ser un error puntual o un lapsus de juicio conduce a una detenci\u00f3n y a un viaje al Tribunal de Familia o al Tribunal Penal. Y mientras que, como padres, nuestro amor y preocupaci\u00f3n por nuestros hijos nos lleva a creer que la lecci\u00f3n est\u00e1 aprendida en el momento en que se completa el procedimiento de detenci\u00f3n y fichaje, los miembros de la polic\u00eda y del sistema judicial a menudo no piensan lo mismo. En la era de las comprobaciones de antecedentes en l\u00ednea y las p\u00e1ginas de Facebook que nunca desaparecen, los antecedentes penales pueden ser ruinosos para el futuro de un joven.<\/p>\n\n\n\n<p>En los casos de detenciones de menores, cargos penales para mayores de 16 a\u00f1os en el Tribunal Penal o de Distrito, o la detenci\u00f3n de estudiantes universitarios por un DWI, delito de drogas o travesura criminal, llame a un Nassau County y Suffolk County <a href=\"https:\/\/www.brill-legal.com\/es\/nuestros-servicios\/defensa-penal\/\">abogado penalista<\/a> para ayudarle con el caso y luchar por el futuro de su hijo.<\/p>\n\n\n\n<h3 class=\"wp-block-heading\">Abogado penalista para casos de instituto y universidad: El Brill Legal Group<\/h3>\n\n\n\n<p>El equipo legal de la Brill Legal Group est\u00e1 muy interesado en ayudar a los j\u00f3venes en sus cargos penales y luchar por penas alternativas, o presentar una defensa a los cargos improcedentes. Hay muchas circunstancias \u00fanicas que est\u00e1n involucrados con los j\u00f3venes y la ley, incluyendo los siguientes:<\/p>\n\n\n\n<ul class=\"wp-block-list\">\n<li>Actividades relacionadas con las bandas<\/li>\n\n\n\n<li>Consumo de alcohol por menores<\/li>\n\n\n\n<li>Absentismo escolar Expedientes disciplinarios<\/li>\n\n\n\n<li>Vandalismo, da\u00f1os a la propiedad, actos delictivos<\/li>\n\n\n\n<li>Posesi\u00f3n de drogas, consumo de drogas<\/li>\n\n\n\n<li>Asalto, agresi\u00f3n<\/li>\n\n\n\n<li>Incendio provocado<\/li>\n\n\n\n<li>Allanamiento de morada<\/li>\n\n\n\n<li>Hurto, hurto menor<\/li>\n\n\n\n<li>Cargos por armas<\/li>\n\n\n\n<li>B\u00fasquedas escolares<\/li>\n<\/ul>\n\n\n\n<p>Si su hijo o hija se ha visto involucrado con la ley, es crucial que obtenga asesoramiento jur\u00eddico que pueda ayudarle con sus necesidades espec\u00edficas. A <a href=\"https:\/\/www.brill-legal.com\/es\/\">abogado defensor de menores<\/a>, con la asistencia de los padres, puede guiar a su hijo o hija a trav\u00e9s del proceso legal y, con suerte, evitar que tenga antecedentes penales. Cada caso tiene circunstancias y detalles espec\u00edficos, y debe ser analizado en su totalidad por el abogado con el fin de proporcionarle la estrategia que se utilizar\u00e1 para proteger a su hijo.<\/p>\n\n\n\n<p>Con la orientaci\u00f3n y el asesoramiento jur\u00eddico de la Brill Legal Group, se har\u00e1 todo lo posible para ayudar al joven a evitar el mismo error en el futuro, y para ayudar en la b\u00fasqueda de penas alternativas en algunos casos, acuerdos de culpabilidad en otros y, si es posible, una desestimaci\u00f3n de los cargos. Puede estar seguro de que nos preocupamos por todos y cada uno de nuestros clientes y haremos de su caso una prioridad.<\/p>\n\n\n\n<p>No se equivoque el abogado que elija puede hacer una gran diferencia en c\u00f3mo se resuelve el caso de su hijo. D\u00e9se la tranquilidad de saber que un abogado con experiencia significativa en derecho de menores est\u00e1 velando por los derechos de su hijo.<\/p>\n\n\n\n<p><a href=\"https:\/\/www.brill-legal.com\/es\/pongase-en-contacto-con\/\">P\u00f3ngase en contacto con nosotros<\/a> hoy para poner nuestros conocimientos, experiencia y enfoque agresivo a trabajar para usted. Ofrecemos una consulta inicial gratuita. Ll\u00e1menos en cualquier momento; estamos disponibles 24 horas al d\u00eda, 7 d\u00edas a la semana, y 365 d\u00edas al a\u00f1o. Su llamada siempre ser\u00e1 atendida, sin importar la hora del d\u00eda.<\/p>","protected":false},"excerpt":{"rendered":"<p>Desde el consumo de alcohol y la posesi\u00f3n de bebidas alcoh\u00f3licas por menores de edad hasta la posesi\u00f3n de drogas y la conducci\u00f3n bajo los efectos del alcohol, los j\u00f3venes pueden incurrir en conductas delictivas por una serie de razones diferentes a las de los adultos, entre ellas el menor control de los impulsos que tienen los adolescentes y la presi\u00f3n de sus compa\u00f1eros. Los padres deben tener en cuenta que el desarrollo normal de los adolescentes incluye la rebeli\u00f3n, la experimentaci\u00f3n y el rechazo abierto de los valores paternos.....<\/p>","protected":false},"author":1,"featured_media":6206,"parent":75,"menu_order":0,"comment_status":"closed","ping_status":"closed","template":"","meta":{"_acf_changed":false,"episode_type":"","audio_file":"","cover_image":"","cover_image_id":"","duration":"","filesize":"","date_recorded":"","explicit":"","block":"","itunes_episode_number":"","itunes_title":"","itunes_season_number":"","itunes_episode_type":"","filesize_raw":"","footnotes":""},"class_list":["post-331","page","type-page","status-publish","has-post-thumbnail","hentry"],"acf":[],"_links":{"self":[{"href":"https:\/\/www.brill-legal.com\/es\/wp-json\/wp\/v2\/pages\/331","targetHints":{"allow":["GET"]}}],"collection":[{"href":"https:\/\/www.brill-legal.com\/es\/wp-json\/wp\/v2\/pages"}],"about":[{"href":"https:\/\/www.brill-legal.com\/es\/wp-json\/wp\/v2\/types\/page"}],"author":[{"embeddable":true,"href":"https:\/\/www.brill-legal.com\/es\/wp-json\/wp\/v2\/users\/1"}],"replies":[{"embeddable":true,"href":"https:\/\/www.brill-legal.com\/es\/wp-json\/wp\/v2\/comments?post=331"}],"version-history":[{"count":9,"href":"https:\/\/www.brill-legal.com\/es\/wp-json\/wp\/v2\/pages\/331\/revisions"}],"predecessor-version":[{"id":6544,"href":"https:\/\/www.brill-legal.com\/es\/wp-json\/wp\/v2\/pages\/331\/revisions\/6544"}],"up":[{"embeddable":true,"href":"https:\/\/www.brill-legal.com\/es\/wp-json\/wp\/v2\/pages\/75"}],"wp:featuredmedia":[{"embeddable":true,"href":"https:\/\/www.brill-legal.com\/es\/wp-json\/wp\/v2\/media\/6206"}],"wp:attachment":[{"href":"https:\/\/www.brill-legal.com\/es\/wp-json\/wp\/v2\/media?parent=331"}],"curies":[{"name":"wp","href":"https:\/\/api.w.org\/{rel}","templated":true}]}}