{"id":329,"date":"2015-12-08T10:20:08","date_gmt":"2015-12-08T10:20:08","guid":{"rendered":"http:\/\/host2.adviahost.net\/~brilllegal\/?page_id=329"},"modified":"2022-06-16T22:16:58","modified_gmt":"2022-06-16T22:16:58","slug":"uso-de-las-redes-sociales-con-fines-delictivos","status":"publish","type":"page","link":"https:\/\/www.brill-legal.com\/es\/nuestros-servicios\/defensa-penal\/ciberdelincuencia-en-internet\/uso-de-las-redes-sociales-con-fines-delictivos\/","title":{"rendered":"Uso de redes sociales con fines delictivos"},"content":{"rendered":"<p><strong>La experiencia y los conocimientos que necesita<\/strong><\/p>\n\n\n\n<p>Internet ha cambiado fundamentalmente la vida de muchas personas en el mundo y, en cierto modo, tambi\u00e9n ha cambiado la naturaleza de la delincuencia. Es m\u00e1s f\u00e1cil que nunca encontrar informaci\u00f3n sobre los dem\u00e1s y utilizar esa informaci\u00f3n para perjudicar a otros. La ley sigue evolucionando en un intento de seguir el ritmo de los cambios tecnol\u00f3gicos y de proteger al p\u00fablico.<\/p>\n\n\n\n<p>En el Brill Legal Group, nos mantenemos al d\u00eda de los nuevos desarrollos de la ley y mantenemos una pr\u00f3spera pr\u00e1ctica de Internet y ciberdelincuencia. Parte de nuestro trabajo de defensa consiste en defender a los acusados de ciberacoso. El ciberacoso a trav\u00e9s de diversos sitios de redes sociales es un desafortunado desarrollo que ha ganado publicidad recientemente. Nuestros abogados de delitos en redes sociales New York saben c\u00f3mo manejar estos casos y muchos otros cargos criminales que surgen del uso de las redes sociales.<\/p>\n\n\n\n<p><strong>\u00bfSe enfrenta a cargos relacionados con delitos en Internet?<\/strong><\/p>\n\n\n\n<p>Ll\u00e1menos hoy mismo para<em><strong> gratis<\/strong><\/em> consulta inicial<strong><br><\/strong>Tel\u00e9fono gratuito: 888-315-9841<\/p>\n\n\n\n<h2 class=\"wp-block-heading\">Ciberacoso<\/h2>\n\n\n\n<p>El uso de la tecnolog\u00eda, como las redes sociales, para acosar, antagonizar o causar da\u00f1o a otra persona se conoce como ciberacoso. Se ha convertido en una gran preocupaci\u00f3n para los adolescentes, los estudiantes universitarios y sus familias. Desafortunadamente, personas inocentes pueden ser acusadas de acoso cibern\u00e9tico si su identidad es robada y el autor crea una cuenta falsa en las redes sociales haci\u00e9ndose pasar por la persona inocente y acosando a una v\u00edctima. Nuestros experimentados abogados de defensa criminal trabajan duro para descubrir la verdad y proteger los derechos de los falsamente acusados de este grave delito.<\/p>\n\n\n\n<p>Las redes sociales m\u00e1s populares que a veces se utilizan para el ciberacoso son:<\/p>\n\n\n\n<ul class=\"wp-block-list\"><li>Facebook<\/li><li>LinkedIn<\/li><li>Twitter<\/li><\/ul>\n\n\n\n<h2 class=\"wp-block-heading\">Defensa para toda la gama de delitos de Internet<\/h2>\n\n\n\n<p>Las redes sociales tambi\u00e9n se utilizan para otros delitos, y construimos defensas s\u00f3lidas para los clientes acusados de estos delitos. Defendemos a aquellos que enfrentan cargos de:<\/p>\n\n\n\n<ul class=\"wp-block-list\"><li>Seducci\u00f3n y captaci\u00f3n de menores en Internet<\/li><li>Pornograf\u00eda infantil<\/li><li>Fraude con tarjetas de cr\u00e9dito<\/li><li>Hackear<\/li><li>Phishing (creaci\u00f3n de sitios web con el fin de estafar a los usuarios)<\/li><\/ul>\n\n\n\n<p>Contamos con una amplia red de funcionarios encargados de hacer cumplir la ley y abogados en todo el pa\u00eds que pueden ayudarnos en estos casos complejos. Tenemos los recursos y conocimientos necesarios para representar a personas acusadas de delitos en Internet en otros estados y otros pa\u00edses que fueron extraditados a New York para hacer frente a los cargos.<\/p>\n\n\n\n<p>Adem\u00e1s, si ha sido v\u00edctima de ciberacoso o de cualquier otro tipo de acto delictivo en l\u00ednea, no dude en hablar con nosotros sobre lo que podemos hacer por usted.<\/p>\n\n\n\n<h3 class=\"wp-block-heading\">P\u00f3ngase en contacto con un abogado de defensa contra el acoso cibern\u00e9tico en Manhattan<\/h3>\n\n\n\n<p>Si se enfrenta a cargos penales derivados de sus actividades en l\u00ednea, el Brill Legal Group puede evaluar su caso. Para programar una consulta inicial gratuita, ll\u00e1menos al 888-315-9841. Tenemos oficinas en Hauppauge, Hempstead y Manhattan y estamos disponibles 24 horas al d\u00eda, 7 d\u00edas a la semana.<\/p>","protected":false},"excerpt":{"rendered":"<p>La experiencia y la comprensi\u00f3n que necesita Internet ha cambiado fundamentalmente la vida de muchas personas en el mundo y, en cierto modo, tambi\u00e9n ha cambiado la naturaleza de la delincuencia. Es m\u00e1s f\u00e1cil que nunca encontrar informaci\u00f3n sobre los dem\u00e1s y utilizar esa informaci\u00f3n para perjudicar a otros. La ley sigue...<\/p>","protected":false},"author":1,"featured_media":5622,"parent":323,"menu_order":0,"comment_status":"closed","ping_status":"closed","template":"","meta":{"_acf_changed":false,"episode_type":"","audio_file":"","cover_image":"","cover_image_id":"","duration":"","filesize":"","date_recorded":"","explicit":"","block":"","itunes_episode_number":"","itunes_title":"","itunes_season_number":"","itunes_episode_type":"","filesize_raw":"","footnotes":""},"class_list":["post-329","page","type-page","status-publish","has-post-thumbnail","hentry"],"acf":[],"_links":{"self":[{"href":"https:\/\/www.brill-legal.com\/es\/wp-json\/wp\/v2\/pages\/329","targetHints":{"allow":["GET"]}}],"collection":[{"href":"https:\/\/www.brill-legal.com\/es\/wp-json\/wp\/v2\/pages"}],"about":[{"href":"https:\/\/www.brill-legal.com\/es\/wp-json\/wp\/v2\/types\/page"}],"author":[{"embeddable":true,"href":"https:\/\/www.brill-legal.com\/es\/wp-json\/wp\/v2\/users\/1"}],"replies":[{"embeddable":true,"href":"https:\/\/www.brill-legal.com\/es\/wp-json\/wp\/v2\/comments?post=329"}],"version-history":[{"count":6,"href":"https:\/\/www.brill-legal.com\/es\/wp-json\/wp\/v2\/pages\/329\/revisions"}],"predecessor-version":[{"id":6205,"href":"https:\/\/www.brill-legal.com\/es\/wp-json\/wp\/v2\/pages\/329\/revisions\/6205"}],"up":[{"embeddable":true,"href":"https:\/\/www.brill-legal.com\/es\/wp-json\/wp\/v2\/pages\/323"}],"wp:featuredmedia":[{"embeddable":true,"href":"https:\/\/www.brill-legal.com\/es\/wp-json\/wp\/v2\/media\/5622"}],"wp:attachment":[{"href":"https:\/\/www.brill-legal.com\/es\/wp-json\/wp\/v2\/media?parent=329"}],"curies":[{"name":"wp","href":"https:\/\/api.w.org\/{rel}","templated":true}]}}