{"id":327,"date":"2015-12-08T10:12:05","date_gmt":"2015-12-08T10:12:05","guid":{"rendered":"http:\/\/host2.adviahost.net\/~brilllegal\/?page_id=327"},"modified":"2025-11-28T21:43:11","modified_gmt":"2025-11-28T21:43:11","slug":"solicitud-por-internet","status":"publish","type":"page","link":"https:\/\/www.brill-legal.com\/es\/nuestros-servicios\/defensa-penal\/ciberdelincuencia-en-internet\/solicitud-por-internet\/","title":{"rendered":"Solicitud por Internet"},"content":{"rendered":"<p>Los medios de comunicaci\u00f3n modernos han prestado mucha atenci\u00f3n a la captaci\u00f3n de menores por Internet en New York y en todo Estados Unidos. Las personas acusadas de atraer a menores a trav\u00e9s de Internet con fines sexuales son presentadas como un problema a gran escala que afecta a todo el pa\u00eds. Esta exposici\u00f3n medi\u00e1tica ha dado lugar a prejuicios y a duras consecuencias para las personas sospechosas de captaci\u00f3n de menores por Internet, incluso antes de que hayan tenido la oportunidad de demostrar su inocencia. En el Brill Legal Group, creemos en la importancia de la intervenci\u00f3n temprana y un fuerte equipo de defensa de la solicitaci\u00f3n de Internet.<\/p>\n<p><strong>\u00bfDetenido por captar menores por Internet?<\/strong><br \/>\n<em>Llame a nuestros abogados de defensa de solicitaci\u00f3n de Internet hoy<\/em><\/p>\n<p><strong>Consultas confidenciales gratuitas 888-315-9841<\/strong><\/p>\n<p>Como ex Nassau County Asistente del Fiscal de Distrito, nuestro abogado de defensa criminal entiende c\u00f3mo los fiscales y las fuerzas del orden operan. A menudo comienzan sus investigaciones desde un punto de vista estrecho y demasiado entusiasta, haciendo suposiciones que pueden no estar respaldadas por pruebas e ignorando a otros posibles sospechosos. Entendemos c\u00f3mo socavar y desmantelar una acusaci\u00f3n mal estructurada mediante un examen cuidadoso de los cargos a los que se enfrenta.<\/p>\n<p>En el Brill Legal Group, investigamos y analizamos cada elemento de su caso. Mientras que muchos abogados pueden tomar atajos, nosotros escuchamos su versi\u00f3n de los hechos y evaluamos cada prueba. Desarrollamos la mejor estrategia de defensa posible basada en los hechos y pruebas \u00fanicas para su caso.<\/p>\n<p>Sea cual sea el sitio web o la red social que se le acuse de utilizar para captar clientes, contamos con expertos forenses para analizar el sitio web y determinar las posibles defensas. Por ejemplo, muchos de estos servicios en l\u00ednea contienen descargos de responsabilidad o certificaciones de que todas las partes que participan en las conversaciones son mayores de 18 a\u00f1os.<\/p>\n<p>La solicitaci\u00f3n por Internet es un delito grave que es perseguido agresivamente por la polic\u00eda. Sin embargo, si usted ha sido arrestado o est\u00e1 siendo investigado por solicitaci\u00f3n por Internet u otro delito sexual por Internet, es fundamental hablar con un abogado defensor con experiencia de inmediato. Cuanto antes hablemos con usted, antes podremos desarrollar una estrategia de defensa viable. P\u00f3ngase en contacto con nuestros abogados de defensa criminal en nuestro Nassau County, Suffolk County o <a href=\"https:\/\/www.brill-legal.com\/es\/nuestros-servicios\/defensa-penal\/abogado-de-defensa-criminal-en-manhattan\/\">Oficinas de Manhattan<\/a> para una consulta inicial gratuita.<\/p>\n<div style=\"height: 2em;\"><\/div>","protected":false},"excerpt":{"rendered":"<p>Los medios de comunicaci\u00f3n modernos han prestado mucha atenci\u00f3n a la captaci\u00f3n de menores por Internet en New York y en todo Estados Unidos. Las personas acusadas de entrar en Internet para atraer a menores con fines sexuales son presentadas como un problema a gran escala que afecta a toda la naci\u00f3n. Esta exposici\u00f3n medi\u00e1tica ha dado lugar a prejuicios y a duras consecuencias para las personas sospechosas de...<\/p>","protected":false},"author":1,"featured_media":5622,"parent":323,"menu_order":0,"comment_status":"closed","ping_status":"closed","template":"","meta":{"_acf_changed":false,"episode_type":"","audio_file":"","cover_image":"","cover_image_id":"","duration":"","filesize":"","date_recorded":"","explicit":"","block":"","itunes_episode_number":"","itunes_title":"","itunes_season_number":"","itunes_episode_type":"","filesize_raw":"","footnotes":""},"class_list":["post-327","page","type-page","status-publish","has-post-thumbnail","hentry"],"acf":[],"_links":{"self":[{"href":"https:\/\/www.brill-legal.com\/es\/wp-json\/wp\/v2\/pages\/327","targetHints":{"allow":["GET"]}}],"collection":[{"href":"https:\/\/www.brill-legal.com\/es\/wp-json\/wp\/v2\/pages"}],"about":[{"href":"https:\/\/www.brill-legal.com\/es\/wp-json\/wp\/v2\/types\/page"}],"author":[{"embeddable":true,"href":"https:\/\/www.brill-legal.com\/es\/wp-json\/wp\/v2\/users\/1"}],"replies":[{"embeddable":true,"href":"https:\/\/www.brill-legal.com\/es\/wp-json\/wp\/v2\/comments?post=327"}],"version-history":[{"count":7,"href":"https:\/\/www.brill-legal.com\/es\/wp-json\/wp\/v2\/pages\/327\/revisions"}],"predecessor-version":[{"id":7350,"href":"https:\/\/www.brill-legal.com\/es\/wp-json\/wp\/v2\/pages\/327\/revisions\/7350"}],"up":[{"embeddable":true,"href":"https:\/\/www.brill-legal.com\/es\/wp-json\/wp\/v2\/pages\/323"}],"wp:featuredmedia":[{"embeddable":true,"href":"https:\/\/www.brill-legal.com\/es\/wp-json\/wp\/v2\/media\/5622"}],"wp:attachment":[{"href":"https:\/\/www.brill-legal.com\/es\/wp-json\/wp\/v2\/media?parent=327"}],"curies":[{"name":"wp","href":"https:\/\/api.w.org\/{rel}","templated":true}]}}