{"id":323,"date":"2015-12-08T09:34:19","date_gmt":"2015-12-08T09:34:19","guid":{"rendered":"http:\/\/host2.adviahost.net\/~brilllegal\/?page_id=323"},"modified":"2025-11-28T21:44:49","modified_gmt":"2025-11-28T21:44:49","slug":"ciberdelincuencia-en-internet","status":"publish","type":"page","link":"https:\/\/www.brill-legal.com\/es\/nuestros-servicios\/defensa-penal\/ciberdelincuencia-en-internet\/","title":{"rendered":"New York Abogados defensores de delitos cibern\u00e9ticos y de Internet"},"content":{"rendered":"<h2>\n\t\t\tDefensa en Internet y Ciberdelincuencia\t<\/h2>\n<h4>\n\t\t\tLa defensa penal es todo lo que hacemos, y somos muy buenos en ello.\t<\/h4>\n\t<p>Ambos lados de la ley todav\u00eda est\u00e1n aprendiendo a lidiar con el territorio en constante evoluci\u00f3n de la delincuencia inform\u00e1tica. Los fiscales se dejan enga\u00f1ar f\u00e1cilmente por los investigadores y los agentes de polic\u00eda, y los abogados defensores suelen tener poca o ninguna experiencia con los tipos de casos que llevan.<\/p>\n<p>Tenemos una amplia experiencia innovando estrategias de defensa para los delitos sexuales en Internet, robo de identidad, fraude inform\u00e1tico, infracci\u00f3n de derechos de autor (pirater\u00eda), y m\u00e1s.<\/p>\n\t\t\t\t<!-- Flexy Breadcrumb -->\n\t\t\t\t<!-- Breadcrumb wrapper -->\n\t\t\t\t\t<!-- Ordered list-->\n\t\t\t\t\t<ol itemscope itemtype=\"https:\/\/schema.org\/BreadcrumbList\">\n\t\t\t\t\t\t            <li itemprop=\"itemListElement\" itemscope itemtype=\"https:\/\/schema.org\/ListItem\">\n                    <!-- Home Link -->\n                    <a itemprop=\"item\" href=\"\/es\/\">\n                                                    Inicio                    <\/a>\n                <meta itemprop=\"position\" content=\"1\" \/><!-- Meta Position-->\n             <\/li><li>\/<\/li><li itemprop=\"itemListElement\" itemscope itemtype=\"https:\/\/schema.org\/ListItem\"><a itemprop=\"item\" page-parent=\"96\" href=\"https:\/\/www.brill-legal.com\/es\/nuestros-servicios\/\" title=\"Nuestros servicios\">Nuestros servicios<\/a><meta itemprop=\"position\" content=\"2\" \/><\/li><li>\/<\/li><li itemprop=\"itemListElement\" itemscope itemtype=\"https:\/\/schema.org\/ListItem\"><a itemprop=\"item\" page-parent=\"75\" href=\"https:\/\/www.brill-legal.com\/es\/nuestros-servicios\/defensa-penal\/\" title=\"New York Abogados penalistas\">New York Defensa Penal...<\/a><meta itemprop=\"position\" content=\"3\" \/><\/li><li>\/<\/li><li itemprop=\"itemListElement\" itemscope itemtype=\"https:\/\/schema.org\/ListItem\">New York Internet y...<meta itemprop=\"position\" content=\"4\" \/><\/li>\t\t\t\t\t<\/ol>\n\t\t\t\n<h1>\n\t\t\tNew York Abogados defensores de delitos cibern\u00e9ticos y de Internet\t<\/h1>\n\t<p>En el Brill Legal Group, centramos nuestra pr\u00e1ctica exclusivamente en la representaci\u00f3n de clientes que enfrentan cargos criminales en Nassau County, Suffolk County y en todo New York City. Cuando se enfrentan a acusaciones penales por estos delitos, es esencial contar con un abogado defensor con experiencia a su lado la defensa de sus derechos.<\/p>\n<p>Aunque este tipo de delitos ya no son nuevos en el espacio jur\u00eddico, la tecnolog\u00eda que impulsa la Red y las posibilidades que abre a los delincuentes cambian constantemente. Y ese es precisamente el problema, porque la mayor\u00eda de los fiscales no tienen ni idea de a qu\u00e9 se enfrentan y se dejan enga\u00f1ar f\u00e1cilmente por cruzados de Internet demasiado entusiastas y por investigadores y polic\u00edas mal informados.<\/p>\n<h4>\n\t\t\t\u00bfEst\u00e1 en juego su reputaci\u00f3n?\t<\/h4>\n\t<p>Llame a nuestros abogados defensores de delitos cibern\u00e9ticos y delitos sexuales en Internet<\/p>\n<strong><em>Gratis<\/em><\/strong>\u00a0Consultas confidenciales<br \/>\n<strong>Tel\u00e9fono gratuito: 888-315-9841<\/strong>\n<p>Algunas personas son acusadas injustamente de delitos sexuales por Internet u otros delitos por Internet porque las pruebas se encontraron en el disco duro de su ordenador. Por lo tanto, es importante tener un abogado que entiende lo que se necesita para proporcionar la mejor defensa posible. Investigamos en busca de pruebas de virus, \"bots\" o uso ilegal de la red inal\u00e1mbrica de nuestro cliente.<\/p>\n<h3>\n\t\t\tServicios\t<\/h3>\n\t\t\t\t\t<ul id=\"menu-services-criminal-defense\"><li id=\"menu-item-4740\"><a href=\"https:\/\/www.brill-legal.com\/es\/nuestros-servicios\/defensa-penal\/\">Defensa Penal<\/a><\/li>\n<li id=\"menu-item-4749\"><a href=\"https:\/\/www.brill-legal.com\/es\/nuestros-servicios\/defensa-penal\/fraude-robo-y-delitos-de-cuello-blanco\/\">Fraude, robo y delitos de cuello blanco<\/a><\/li>\n<li id=\"menu-item-4742\"><a href=\"https:\/\/www.brill-legal.com\/es\/nuestros-servicios\/defensa-penal\/ciberdelincuencia-en-internet\/\">Delitos en Internet<\/a><\/li>\n<li id=\"menu-item-4750\"><a href=\"https:\/\/www.brill-legal.com\/es\/nuestros-servicios\/defensa-penal\/violencia-domestica\/\">Violencia dom\u00e9stica<\/a><\/li>\n<li id=\"menu-item-4743\"><a href=\"https:\/\/www.brill-legal.com\/es\/nuestros-servicios\/defensa-penal\/delitos-sexuales\/\">Delitos sexuales<\/a><\/li>\n<li id=\"menu-item-4745\"><a href=\"https:\/\/www.brill-legal.com\/es\/nuestros-servicios\/audiencias-disciplinarias-investigaciones\/\">Audiencias e investigaciones disciplinarias<\/a><\/li>\n<li id=\"menu-item-4744\"><a href=\"https:\/\/www.brill-legal.com\/es\/nuestros-servicios\/\">Todos los servicios<\/a><\/li>\n<\/ul>\t\n\t<h3>\n\t\t\tContacto\t<\/h3>\n\t<p>P\u00f3ngase en contacto con nosotros hoy mismo para una consulta gratuita. Estamos a su disposici\u00f3n <strong>24<\/strong> horas al d\u00eda, <strong>7<\/strong> d\u00edas a la semana, y <strong>365<\/strong> d\u00edas al a\u00f1o.<\/p>\n\t\t\t<a href=\"\/es\/pongase-en-contacto-con\/\" target=\"_self\">\n\t\t\t\t\t\t\tProgramar ahora\n\t\t\t\t\t<\/a>\n\t\t\t<a href=\"\/es\/abogados\/\" target=\"_self\">\n\t\t\t\t\t\t\tConoce a nuestro equipo\n\t\t\t\t\t<\/a>\n<h4>\n\t\t\tLos muchos delitos relacionados con Internet y delitos inform\u00e1ticos contra los que podemos proporcionar una defensa inteligente y agresiva incluyen:\t<\/h4>\n<h3>\n\t\t<a href=\"https:\/\/www.brill-legal.com\/es\/nuestros-servicios\/defensa-penal\/ciberdelincuencia-en-internet\/solicitud-por-internet\/\" title=\"Delitos sexuales por Internet\"  target=\"_self\">\n\t\t\tDelitos sexuales por Internet\t\t<\/a>\n\t<\/h3>\n\t<p>Como ex Nassau County Asistente del Fiscal de Distrito, el abogado de defensa criminal Peter Brill entiende c\u00f3mo operan los fiscales y las fuerzas del orden. A menudo comienzan sus investigaciones desde un punto de vista estrecho y demasiado entusiasta, haciendo suposiciones que pueden no estar respaldadas por pruebas e ignorando a otros posibles sospechosos. Entendemos c\u00f3mo socavar y desmantelar una acusaci\u00f3n mal estructurada mediante un examen cuidadoso de los cargos a los que se enfrenta.<\/p>\n\t\t\t<a href=\"\/es\/nuestros-servicios\/defensa-penal\/ciberdelincuencia-en-internet\/solicitud-por-internet\/\" target=\"_self\">\n\t\t\t\t\t\t\tM\u00e1s informaci\u00f3n\n\t\t\t\t\t<\/a>\n<h3>\n\t\t<a href=\"https:\/\/www.brill-legal.com\/es\/nuestros-servicios\/defensa-penal\/ciberdelincuencia-en-internet\/robo-de-identidad\/\" title=\"Robo de identidad\"  target=\"_self\">\n\t\t\tRobo de identidad\t\t<\/a>\n\t<\/h3>\n\t<p>Las fuerzas de seguridad estatales y federales est\u00e1n dedicando m\u00e1s recursos a combatir el robo de identidad y el fraude con tarjetas de cr\u00e9dito. Cuentan con la colaboraci\u00f3n de bancos y empresas de tarjetas de cr\u00e9dito que pierden millones y millones cada a\u00f1o por compras fraudulentas. Si se ha visto atrapado en la red de arrastre, la <a href=\"https:\/\/www.brill-legal.com\/es\/nuestros-servicios\/defensa-penal\/abogado-de-defensa-criminal-en-manhattan\/\">Brill Legal Group en el distrito financiero de Manhattan<\/a> proporciona una defensa sofisticada para contrarrestar el caso del gobierno en su contra.<\/p>\n\t\t\t<a href=\"\/es\/nuestros-servicios\/defensa-penal\/ciberdelincuencia-en-internet\/robo-de-identidad\/\" target=\"_self\">\n\t\t\t\t\t\t\tM\u00e1s informaci\u00f3n\n\t\t\t\t\t<\/a>\n<h3>\n\t\t<a href=\"https:\/\/www.brill-legal.com\/es\/nuestros-servicios\/defensa-penal\/ciberdelincuencia-en-internet\/uso-de-las-redes-sociales-con-fines-delictivos\/pirateria\/\" title=\"Hackear\"  target=\"_self\">\n\t\t\tHackear\t\t<\/a>\n\t<\/h3>\n\t<p>La polic\u00eda y la fiscal\u00eda est\u00e1n investigando en\u00e9rgicamente los intentos de recopilar datos personales a trav\u00e9s de correos electr\u00f3nicos y sitios web falsos. El pirateo inform\u00e1tico es un delito que a veces se imputa a personas que no pretenden hacer da\u00f1o a nadie.<\/p>\n\t\t\t<a href=\"\/es\/nuestros-servicios\/defensa-penal\/ciberdelincuencia-en-internet\/uso-de-las-redes-sociales-con-fines-delictivos\/pirateria\/\" target=\"_self\">\n\t\t\t\t\t\t\tM\u00e1s informaci\u00f3n\n\t\t\t\t\t<\/a>\n<h3>\n\t\t<a href=\"https:\/\/www.brill-legal.com\/es\/nuestros-servicios\/defensa-penal\/ciberdelincuencia-en-internet\/uso-de-las-redes-sociales-con-fines-delictivos\/phishing\/\" title=\"Phishing\"  target=\"_self\">\n\t\t\tPhishing\t\t<\/a>\n\t<\/h3>\n\t<p>El phishing es un intento de obtener informaci\u00f3n de alguien, como sus credenciales de acceso a un sitio web o los datos de su tarjeta de cr\u00e9dito, por medios enga\u00f1osos. Es una forma de usurpaci\u00f3n o intento de usurpaci\u00f3n de identidad.<\/p>\n\t\t\t<a href=\"\/es\/nuestros-servicios\/defensa-penal\/ciberdelincuencia-en-internet\/uso-de-las-redes-sociales-con-fines-delictivos\/phishing\/\" target=\"_self\">\n\t\t\t\t\t\t\tM\u00e1s informaci\u00f3n\n\t\t\t\t\t<\/a>\n<h3>\n\t\t<a href=\"https:\/\/www.brill-legal.com\/es\/nuestros-servicios\/defensa-penal\/ciberdelincuencia-en-internet\/uso-de-las-redes-sociales-con-fines-delictivos\/\" title=\"Uso de redes sociales con fines delictivos\"  target=\"_self\">\n\t\t\tUso de redes sociales con fines delictivos\t\t<\/a>\n\t<\/h3>\n\t<p>Internet ha cambiado fundamentalmente la vida de muchas personas en el mundo y, en cierto modo, tambi\u00e9n ha cambiado la naturaleza de la delincuencia. Es m\u00e1s f\u00e1cil que nunca encontrar informaci\u00f3n sobre los dem\u00e1s y utilizar esa informaci\u00f3n para perjudicar a otros. La ley sigue evolucionando en un intento de seguir el ritmo de los cambios tecnol\u00f3gicos y de proteger al p\u00fablico.<\/p>\n\t\t\t<a href=\"\/es\/nuestros-servicios\/defensa-penal\/ciberdelincuencia-en-internet\/uso-de-las-redes-sociales-con-fines-delictivos\/\" target=\"_self\">\n\t\t\t\t\t\t\tM\u00e1s informaci\u00f3n\n\t\t\t\t\t<\/a>\n<h3>\n\t\t<a href=\"https:\/\/www.brill-legal.com\/es\/nuestros-servicios\/defensa-penal\/ciberdelincuencia-en-internet\/fraude-con-tarjetas-de-credito\/\" title=\"Fraude con tarjetas de cr\u00e9dito\"  target=\"_self\">\n\t\t\tFraude con tarjetas de cr\u00e9dito\t\t<\/a>\n\t<\/h3>\n\t<p>El fraude con tarjetas de cr\u00e9dito puede incluir el uso de tarjetas falsificadas, el robo f\u00edsico de una tarjeta, el robo de datos, el uso de esos datos para realizar compras en l\u00ednea y el uso no autorizado de informaci\u00f3n para obtener un nuevo cr\u00e9dito. Los cargos asociados a estos delitos incluyen el robo de tarjetas de cr\u00e9dito, la posesi\u00f3n de tarjetas de cr\u00e9dito robadas, el uso ilegal de una tarjeta de cr\u00e9dito, la falsificaci\u00f3n y el robo de identidad.<\/p>\n\t\t\t<a href=\"\/es\/nuestros-servicios\/defensa-penal\/ciberdelincuencia-en-internet\/fraude-con-tarjetas-de-credito\/\" target=\"_self\">\n\t\t\t\t\t\t\tM\u00e1s informaci\u00f3n\n\t\t\t\t\t<\/a>\n<h3>\n\t\t<a href=\"https:\/\/www.brill-legal.com\/es\/nuestros-servicios\/defensa-penal\/delitos-sexuales\/posesion-de-pornografia-infantil\/\" title=\"Posesi\u00f3n de pornograf\u00eda infantil\"  target=\"_self\">\n\t\t\tPosesi\u00f3n de pornograf\u00eda infantil\t\t<\/a>\n\t<\/h3>\n\t<p>La sola menci\u00f3n de las palabras \"pornograf\u00eda infantil\" y su nombre en la misma frase - especialmente si esa frase est\u00e1 en un peri\u00f3dico o en un sitio web - puede tener un impacto devastador en su vida, su carrera y sus relaciones personales. Durante las negociaciones o en el juicio, los expertos legales en el Brill Legal Group trabajar con diligencia para asegurar que el resultado final es una absoluci\u00f3n, desestimaci\u00f3n, o cargo de posesi\u00f3n, en lugar de venta, distribuci\u00f3n, recepci\u00f3n y \/ o transporte de pornograf\u00eda infantil. Esto puede hacer toda la diferencia en ayudar a un acusado a vivir una vida fuera de la c\u00e1rcel.<\/p>\n\t\t\t<a href=\"\/es\/nuestros-servicios\/defensa-penal\/delitos-sexuales\/posesion-de-pornografia-infantil\/\" target=\"_self\">\n\t\t\t\t\t\t\tM\u00e1s informaci\u00f3n\n\t\t\t\t\t<\/a>\n\t\t<h4>Excelente servicio. Brill Legal fue un soplo de aire fresco y Peter es un genio. No s\u00f3lo es meticuloso y pr\u00e1ctico, sino que hace el trabajo r\u00e1pido, especialmente cuando hay plazos de entrega cortos. Recomiendo encarecidamente a Peter y al personal de Brill.<\/h4>\t\t\t\n\t\t\t\t<p>- T.H.<\/p>\n<h3>\n\t\t\tUn abogado con experiencia a su lado\t<\/h3>\n\t<p>Como ex Nassau County Asistente del Fiscal de Distrito, nuestro abogado de delitos cibern\u00e9ticos sabe c\u00f3mo estos casos son procesados y c\u00f3mo el exceso de celo de las autoridades hacer detenciones y ganar condenas. Nuestro bufete de abogados de defensa criminal no permitir\u00e1 que las autoridades doblen y distorsionen los hechos para obtener una condena f\u00e1cil.<\/p>\n<p>Aunque esta \u00e1rea de la ley a\u00fan est\u00e1 en desarrollo, no subestime el deseo del Estado de procesarle. Debido a la atenci\u00f3n de los medios de comunicaci\u00f3n, los procesamientos pueden ser muy agresivos.<\/p>\n<p>Si usted ha sido acusado de un delito sexual en Internet u otro delito inform\u00e1tico, p\u00f3ngase en contacto con nosotros hoy para poner nuestros conocimientos, experiencia y representaci\u00f3n de defensa agresiva a trabajar para usted. Ofrecemos una consulta inicial gratuita. Ll\u00e1menos en cualquier momento. Su llamada siempre ser\u00e1 atendida, sin importar la hora del d\u00eda.<\/p>","protected":false},"excerpt":{"rendered":"<p>Defensa de delitos cibern\u00e9ticos y de Internet La defensa penal es todo lo que hacemos, y somos muy buenos en ello. Ambos lados de la ley todav\u00eda est\u00e1n aprendiendo a lidiar con el territorio en constante evoluci\u00f3n de la delincuencia inform\u00e1tica. Los fiscales son f\u00e1cilmente enga\u00f1ados por los investigadores y agentes de polic\u00eda, y los abogados defensores a menudo tienen poca o ninguna experiencia con...<\/p>","protected":false},"author":1,"featured_media":5283,"parent":75,"menu_order":0,"comment_status":"closed","ping_status":"closed","template":"","meta":{"_acf_changed":false,"episode_type":"","audio_file":"","cover_image":"","cover_image_id":"","duration":"","filesize":"","date_recorded":"","explicit":"","block":"","itunes_episode_number":"","itunes_title":"","itunes_season_number":"","itunes_episode_type":"","filesize_raw":"","footnotes":""},"class_list":["post-323","page","type-page","status-publish","has-post-thumbnail","hentry"],"acf":[],"_links":{"self":[{"href":"https:\/\/www.brill-legal.com\/es\/wp-json\/wp\/v2\/pages\/323","targetHints":{"allow":["GET"]}}],"collection":[{"href":"https:\/\/www.brill-legal.com\/es\/wp-json\/wp\/v2\/pages"}],"about":[{"href":"https:\/\/www.brill-legal.com\/es\/wp-json\/wp\/v2\/types\/page"}],"author":[{"embeddable":true,"href":"https:\/\/www.brill-legal.com\/es\/wp-json\/wp\/v2\/users\/1"}],"replies":[{"embeddable":true,"href":"https:\/\/www.brill-legal.com\/es\/wp-json\/wp\/v2\/comments?post=323"}],"version-history":[{"count":16,"href":"https:\/\/www.brill-legal.com\/es\/wp-json\/wp\/v2\/pages\/323\/revisions"}],"predecessor-version":[{"id":7356,"href":"https:\/\/www.brill-legal.com\/es\/wp-json\/wp\/v2\/pages\/323\/revisions\/7356"}],"up":[{"embeddable":true,"href":"https:\/\/www.brill-legal.com\/es\/wp-json\/wp\/v2\/pages\/75"}],"wp:featuredmedia":[{"embeddable":true,"href":"https:\/\/www.brill-legal.com\/es\/wp-json\/wp\/v2\/media\/5283"}],"wp:attachment":[{"href":"https:\/\/www.brill-legal.com\/es\/wp-json\/wp\/v2\/media?parent=323"}],"curies":[{"name":"wp","href":"https:\/\/api.w.org\/{rel}","templated":true}]}}