{"id":315,"date":"2015-12-08T07:46:07","date_gmt":"2015-12-08T07:46:07","guid":{"rendered":"http:\/\/host2.adviahost.net\/~brilllegal\/?page_id=315"},"modified":"2025-06-09T18:36:22","modified_gmt":"2025-06-09T18:36:22","slug":"defensa-de-extradicion-interestatal","status":"publish","type":"page","link":"https:\/\/www.brill-legal.com\/es\/nuestros-servicios\/defensa-penal\/defensa-en-extradicion-internacional\/defensa-de-extradicion-interestatal\/","title":{"rendered":"Defensa en extradici\u00f3n interestatal"},"content":{"rendered":"<p>En el \u00e1mbito de la extradici\u00f3n interestatal, los clientes de Brill Legal Group, P.C., son los m\u00e1s probables:<\/p>\n\n\n\n<ul class=\"wp-block-list\">\n<li>Personas detenidas en otro estado de Estados Unidos sobre las que pesa una orden de detenci\u00f3n en un tribunal estatal New York<\/li>\n\n\n\n<li>Personas bajo arresto en New York o en otro estado, siendo transferidas entre distritos federales en los dos estados.<\/li>\n<\/ul>\n\n\n\n<p>Por ejemplo, los agentes de las fuerzas del orden federales pueden determinar que una persona debe ser trasladada de Texas a New York o de New York a Texas por cualquier motivo en una audiencia de expulsi\u00f3n conforme a la Norma 5 tras una detenci\u00f3n en cualquiera de los dos estados.<\/p>\n\n\n\n<h2 class=\"wp-block-heading\">\u00bfUn Tribunal Busca Extraditarle De New York A Otro Estado?<\/h2>\n\n\n\n<p>Si una petici\u00f3n de extradici\u00f3n est\u00e1 en curso, con las autoridades gubernamentales que buscan extraditarlo de New York a otro estado o viceversa, Brill Legal Group, P.C., le insta a ponerse en contacto con nuestro bufete de abogados. Es posible que se pueda levantar la orden de detenci\u00f3n del estado solicitante y pagar la fianza mientras avanza la extradici\u00f3n. Nuestros abogados penalistas pueden actuar con prontitud para proteger sus derechos e intereses en un asunto de defensa de extradici\u00f3n interestatal.<\/p>\n\n\n\n<p>Desde sus despachos de Manhattan, Hauppauge y Hempstead, el Brill Legal Group ejerce en los tribunales estatales y federales de New York City, Nassau County y Suffolk County. Nuestros clientes a menudo se ponen en contacto con nosotros desde comunidades locales como Southampton y East Hampton, as\u00ed como desde otros estados cuando las autoridades judiciales buscan extraditarlos a New York. P\u00f3ngase en contacto con nosotros hoy mismo para una <strong>consulta inicial gratuita<\/strong> con un abogado con respecto a una petici\u00f3n de extradici\u00f3n interestatal. Nuestro bufete est\u00e1 preparado para atender su llamada 24 horas al d\u00eda, siete d\u00edas a la semana y 365 d\u00edas al a\u00f1o.<\/p>\n\n\n\n<p><strong>Manhattan 212-233-4141 - Suffolk 631-204-8254 - Nassau 516-206-2002 - Llamada gratuita 888-315-9841<\/strong><\/p>","protected":false},"excerpt":{"rendered":"<p>En el \u00e1mbito de la extradici\u00f3n interestatal, los clientes de Brill Legal Group, P.C., son los m\u00e1s probables: Por ejemplo, los agentes del orden federales pueden determinar que una persona debe ser trasladada de Texas a New York o de New York a Texas por cualquier motivo en una audiencia de expulsi\u00f3n conforme a la Regla 5 tras una detenci\u00f3n en cualquiera de los dos estados.....<\/p>","protected":false},"author":1,"featured_media":4329,"parent":311,"menu_order":0,"comment_status":"closed","ping_status":"closed","template":"","meta":{"_acf_changed":false,"episode_type":"","audio_file":"","cover_image":"","cover_image_id":"","duration":"","filesize":"","date_recorded":"","explicit":"","block":"","itunes_episode_number":"","itunes_title":"","itunes_season_number":"","itunes_episode_type":"","filesize_raw":"","footnotes":""},"class_list":["post-315","page","type-page","status-publish","has-post-thumbnail","hentry"],"acf":[],"_links":{"self":[{"href":"https:\/\/www.brill-legal.com\/es\/wp-json\/wp\/v2\/pages\/315","targetHints":{"allow":["GET"]}}],"collection":[{"href":"https:\/\/www.brill-legal.com\/es\/wp-json\/wp\/v2\/pages"}],"about":[{"href":"https:\/\/www.brill-legal.com\/es\/wp-json\/wp\/v2\/types\/page"}],"author":[{"embeddable":true,"href":"https:\/\/www.brill-legal.com\/es\/wp-json\/wp\/v2\/users\/1"}],"replies":[{"embeddable":true,"href":"https:\/\/www.brill-legal.com\/es\/wp-json\/wp\/v2\/comments?post=315"}],"version-history":[{"count":6,"href":"https:\/\/www.brill-legal.com\/es\/wp-json\/wp\/v2\/pages\/315\/revisions"}],"predecessor-version":[{"id":7137,"href":"https:\/\/www.brill-legal.com\/es\/wp-json\/wp\/v2\/pages\/315\/revisions\/7137"}],"up":[{"embeddable":true,"href":"https:\/\/www.brill-legal.com\/es\/wp-json\/wp\/v2\/pages\/311"}],"wp:featuredmedia":[{"embeddable":true,"href":"https:\/\/www.brill-legal.com\/es\/wp-json\/wp\/v2\/media\/4329"}],"wp:attachment":[{"href":"https:\/\/www.brill-legal.com\/es\/wp-json\/wp\/v2\/media?parent=315"}],"curies":[{"name":"wp","href":"https:\/\/api.w.org\/{rel}","templated":true}]}}