{"id":311,"date":"2015-12-08T07:36:54","date_gmt":"2015-12-08T07:36:54","guid":{"rendered":"http:\/\/host2.adviahost.net\/~brilllegal\/?page_id=311"},"modified":"2022-06-16T20:26:48","modified_gmt":"2022-06-16T20:26:48","slug":"defensa-en-extradicion-internacional","status":"publish","type":"page","link":"https:\/\/www.brill-legal.com\/es\/nuestros-servicios\/defensa-penal\/defensa-en-extradicion-internacional\/","title":{"rendered":"New York Abogado defensor de extradici\u00f3n internacional"},"content":{"rendered":"<p>La extradici\u00f3n internacional es el proceso por el que un pa\u00eds acuerda entregar a un presunto delincuente a otra naci\u00f3n que asume la jurisdicci\u00f3n sobre el caso. La extradici\u00f3n internacional es habitual en situaciones en las que el acusado est\u00e1 acusado de delitos como la evasi\u00f3n fiscal, <a href=\"https:\/\/www.brill-legal.com\/es\/nuestros-servicios\/defensa-penal\/delitos-de-drogas\/posesion-o-venta-de-drogas\/\">tr\u00e1fico de drogas<\/a>conspiraci\u00f3n y cr\u00edmenes violentos contra ciudadanos estadounidenses.<\/p>\n\n\n\n<p>Si se enfrenta a la amenaza de una extradici\u00f3n internacional, podemos ayudarle. Con oficinas en todo el New York, el <a href=\"https:\/\/www.brill-legal.com\/es\/nuestros-servicios\/defensa-penal\/\">abogados penalistas<\/a> en Brill Legal Group est\u00e1n preparados para luchar contra la extradici\u00f3n en su nombre, tanto si corre el riesgo de ser enviado dentro como fuera de los Estados Unidos.<\/p>\n\n\n\n<h3 class=\"wp-block-heading\">Podemos ayudarle a proteger sus derechos<\/h3>\n\n\n\n<p>La extradici\u00f3n implica leyes penales e internacionales complejas que pueden ser dif\u00edciles de manejar. Incluso si usted es un ciudadano extranjero que se enfrenta a la extradici\u00f3n a su pa\u00eds de origen, todav\u00eda tendr\u00e1 que lidiar con partes del sistema legal de EE.UU. que pueden ser dif\u00edciles de entender. Necesitar\u00e1 un abogado con un profundo conocimiento de las leyes estadounidenses para que le defienda de los cargos penales a los que se enfrenta. Nuestros experimentados abogados pueden asesorarle sobre los muchos factores que afectan a su caso, como su petici\u00f3n de extradici\u00f3n internacional o <a href=\"https:\/\/www.brill-legal.com\/es\/nuestros-servicios\/defensa-penal\/defensa-en-extradicion-internacional\/eliminacion-de-la-notificacion-roja-de-interpol\/\">una difusi\u00f3n roja de Interpol<\/a>.<\/p>\n\n\n\n<p>Es importante darse cuenta de que en los Estados Unidos, usted tiene derechos, incluso si usted no es un residente o un ciudadano. En Brill Legal Group, tenemos en cuenta sus intereses y nos aseguramos de que sus derechos est\u00e9n protegidos. Nuestros abogados pueden comparecer ante los tribunales federales estadounidenses de todo el pa\u00eds. Adem\u00e1s, estamos preparados para colaborar con abogados locales en el extranjero.<\/p>\n\n\n\n<p>El proceso de extradici\u00f3n internacional est\u00e1 regulado por tratados de extradici\u00f3n entre los pa\u00edses implicados. En la actualidad, Estados Unidos tiene tratados de este tipo con m\u00e1s de 100 naciones. Cuando el gobierno estadounidense cuenta con la cooperaci\u00f3n de otra naci\u00f3n que solicita su extradici\u00f3n, puede parecer que no hay nada que usted pueda hacer para impedirlo. Sin embargo, impedir la extradici\u00f3n es posible. Brill Legal Group tiene los recursos para obtener el resultado deseado.<\/p>\n\n\n\n<h3 class=\"wp-block-heading\">Utilizar los l\u00edmites de la extradici\u00f3n para su defensa<\/h3>\n\n\n\n<p>Hay numerosos factores que pueden afectar a su defensa de extradici\u00f3n. Por ejemplo, algunos pa\u00edses se niegan a extraditar individuos a Estados Unidos si existe la posibilidad de que se imponga la pena de muerte. Los pa\u00edses tambi\u00e9n pueden negarse a extraditar por motivos humanitarios o de pol\u00edtica exterior.<\/p>\n\n\n\n<p>En circunstancias normales, una persona que ha sido extraditada s\u00f3lo puede ser procesada por los delitos espec\u00edficos por los que se concedi\u00f3 la extradici\u00f3n. Tanto el pa\u00eds que concede la extradici\u00f3n como el que la solicita acuerdan impl\u00edcitamente que el acusado no ser\u00e1 procesado por otros delitos. Cuando la persona extraditada es acusada de un delito por el que el pa\u00eds extranjero no acept\u00f3 entregarla, la defensa puede utilizar la Regla de Especialidad para desestimar el caso o recurrir la sentencia.<\/p>\n\n\n\n<p>La extradici\u00f3n internacional es un asunto muy serio. Si se enfrenta a la posibilidad de una extradici\u00f3n, necesita una representaci\u00f3n legal con experiencia. Los abogados de Brill Legal Group son expertos en litigios y negociaciones de extradici\u00f3n internacional. Hemos utilizado nuestro conocimiento de las complejidades de las leyes de extradici\u00f3n para ayudar a los clientes a resistir la extradici\u00f3n o tener una transici\u00f3n sin problemas al sistema de justicia penal de Estados Unidos.<\/p>\n\n\n\n<p><a href=\"https:\/\/www.brill-legal.com\/es\/pongase-en-contacto-con\/\">P\u00f3ngase en contacto con nosotros<\/a> para una consulta inicial gratuita con respecto a la defensa de extradici\u00f3n internacional. Estamos disponibles 24 horas al d\u00eda, siete d\u00edas a la semana y 365 d\u00edas al a\u00f1o. Su llamada siempre ser\u00e1 atendida.<\/p>","protected":false},"excerpt":{"rendered":"<p>La extradici\u00f3n internacional es el proceso por el que un pa\u00eds acuerda entregar a un presunto delincuente a otra naci\u00f3n que asume la jurisdicci\u00f3n sobre el caso. La extradici\u00f3n internacional es com\u00fan en situaciones en las que el acusado est\u00e1 acusado de delitos como evasi\u00f3n de impuestos, tr\u00e1fico de drogas, conspiraci\u00f3n y delitos violentos contra ciudadanos estadounidenses. Si se enfrenta a la amenaza de...<\/p>","protected":false},"author":1,"featured_media":6190,"parent":75,"menu_order":0,"comment_status":"closed","ping_status":"closed","template":"","meta":{"_acf_changed":false,"episode_type":"","audio_file":"","cover_image":"","cover_image_id":"","duration":"","filesize":"","date_recorded":"","explicit":"","block":"","itunes_episode_number":"","itunes_title":"","itunes_season_number":"","itunes_episode_type":"","filesize_raw":"","footnotes":""},"class_list":["post-311","page","type-page","status-publish","has-post-thumbnail","hentry"],"acf":[],"_links":{"self":[{"href":"https:\/\/www.brill-legal.com\/es\/wp-json\/wp\/v2\/pages\/311","targetHints":{"allow":["GET"]}}],"collection":[{"href":"https:\/\/www.brill-legal.com\/es\/wp-json\/wp\/v2\/pages"}],"about":[{"href":"https:\/\/www.brill-legal.com\/es\/wp-json\/wp\/v2\/types\/page"}],"author":[{"embeddable":true,"href":"https:\/\/www.brill-legal.com\/es\/wp-json\/wp\/v2\/users\/1"}],"replies":[{"embeddable":true,"href":"https:\/\/www.brill-legal.com\/es\/wp-json\/wp\/v2\/comments?post=311"}],"version-history":[{"count":7,"href":"https:\/\/www.brill-legal.com\/es\/wp-json\/wp\/v2\/pages\/311\/revisions"}],"predecessor-version":[{"id":6192,"href":"https:\/\/www.brill-legal.com\/es\/wp-json\/wp\/v2\/pages\/311\/revisions\/6192"}],"up":[{"embeddable":true,"href":"https:\/\/www.brill-legal.com\/es\/wp-json\/wp\/v2\/pages\/75"}],"wp:featuredmedia":[{"embeddable":true,"href":"https:\/\/www.brill-legal.com\/es\/wp-json\/wp\/v2\/media\/6190"}],"wp:attachment":[{"href":"https:\/\/www.brill-legal.com\/es\/wp-json\/wp\/v2\/media?parent=311"}],"curies":[{"name":"wp","href":"https:\/\/api.w.org\/{rel}","templated":true}]}}