{"id":295,"date":"2015-12-08T06:44:22","date_gmt":"2015-12-08T06:44:22","guid":{"rendered":"http:\/\/host2.adviahost.net\/~brilllegal\/?page_id=295"},"modified":"2022-06-09T16:42:46","modified_gmt":"2022-06-09T16:42:46","slug":"acusado-de-acoso-en-nueva-york","status":"publish","type":"page","link":"https:\/\/www.brill-legal.com\/es\/nuestros-servicios\/defensa-penal\/violencia-domestica\/acusado-de-acoso-en-nueva-york\/","title":{"rendered":"Acusado de acoso en New York"},"content":{"rendered":"<p>El acecho consiste en seguir a alguien o intentar comunicarse con \u00e9l repetidamente de forma que la persona se sienta amenazada. El acecho era un delito que rara vez se imputaba en New York hasta hace poco, cuando el Tribunal de Apelaciones de New York declar\u00f3 inconstitucional la ley de acoso con agravantes existente en su mayor parte. En muchas situaciones de violencia dom\u00e9stica en el pasado, especialmente cuando hab\u00eda correos electr\u00f3nicos, mensajes de texto o llamadas telef\u00f3nicas no deseadas de un miembro de la pareja al otro durante una pelea o ruptura, la polic\u00eda de New York acusaba a las personas de acoso con agravantes. Desde la decisi\u00f3n del Tribunal de Apelaciones, la polic\u00eda y los fiscales de distrito han cambiado de t\u00e1ctica, acusando a la gente de acoso por el mismo comportamiento, aunque las acciones no se ajusten realmente al lenguaje o la intenci\u00f3n de esa ley.<\/p>\n\n\n\n<p>No luche solo contra los cargos de acoso. P\u00f3ngase en contacto con el Brill Legal Group. Llame al 888-315-9841 para una consulta gratuita. Tenemos oficinas en New York City y en todo Long Island para servirle mejor.<\/p>\n\n\n\n<h3 class=\"wp-block-heading\">Podemos ayudarle a luchar contra estos cargos graves<\/h3>\n\n\n\n<p>Ex fiscal adjunto en Nassau County, el abogado Peter Brill comprende la gravedad de todos los&nbsp;<a href=\"https:\/\/www.brill-legal.com\/es\/nuestros-servicios\/defensa-penal\/violencia-domestica\/\">cargos relacionados con la violencia dom\u00e9stica<\/a> y c\u00f3mo ayudarle a navegar por el sistema legal.<\/p>\n\n\n\n<p>Los fiscales a menudo se basan en un rastro de papel escrito o electr\u00f3nico para establecer un patr\u00f3n de comportamiento. Nuestros abogados pueden examinar los mensajes de texto, correos electr\u00f3nicos y registros telef\u00f3nicos entre usted y la persona que se le acusa de acoso para encontrar debilidades en el caso en su contra. Empleamos investigadores y expertos en inform\u00e1tica forense para impugnar las pruebas del gobierno y la credibilidad de los testigos de la acusaci\u00f3n.<\/p>\n\n\n\n<p>Nuestro bufete de abogados tiene una amplia experiencia en el tratamiento de casos de acoso de celebridades y otros que se derivan de las relaciones de noviazgo y matrimonios. Entendemos c\u00f3mo a veces la gente va a utilizar acusaciones como el acecho o el acoso para ganar influencia en el divorcio o disputas por la custodia de los hijos. Si su caso va a juicio, sabemos c\u00f3mo exponer estas acusaciones falsas.<\/p>\n\n\n\n<h3 class=\"wp-block-heading\">Llame hoy al Brill Legal Group para pedir ayuda<\/h3>\n\n\n\n<p>Si se le declara culpable de acoso, podr\u00eda enfrentarse a penas de c\u00e1rcel, multas, libertad condicional o incluso una combinaci\u00f3n de estas penas. La sentencia que reciba ser\u00e1 determinada por la naturaleza de su delito de acecho. Las consecuencias de una condena por acecho son graves y pueden tener un impacto negativo a largo plazo. Tener antecedentes penales de por vida puede limitar las oportunidades de empleo y perjudicar las relaciones personales. Por ello, es esencial contar con una representaci\u00f3n experimentada que pueda ayudarle a luchar contra tales cargos.<\/p>\n\n\n\n<p>Nuestro bufete de abogados toma en serio su derecho a la presunci\u00f3n de inocencia hasta que se demuestre su culpabilidad. Le trataremos con el respeto que se merece y trabajaremos para ayudarle a encontrar el mejor resultado para su caso. No nos conformaremos con un acuerdo r\u00e1pido que no proteja sus intereses.<\/p>\n\n\n\n<p>Para obtener m\u00e1s informaci\u00f3n sobre c\u00f3mo podemos ayudarle, p\u00f3ngase en contacto con nosotros en l\u00ednea o llame al 888-315-9841 para programar una consulta. Servimos a clientes en toda el \u00e1rea metropolitana de New York, incluyendo cerca de Hauppauge y Huntington.<\/p>","protected":false},"excerpt":{"rendered":"<p>El acecho consiste en seguir a alguien o intentar comunicarse con \u00e9l repetidamente de forma que la persona se sienta amenazada. El acecho era un delito que rara vez se imputaba en New York hasta hace poco, cuando el Tribunal de Apelaciones de New York declar\u00f3 inconstitucional en su mayor parte la ley de acoso con agravantes existente. En muchas situaciones de violencia dom\u00e9stica en...<\/p>","protected":false},"author":1,"featured_media":5649,"parent":289,"menu_order":0,"comment_status":"closed","ping_status":"closed","template":"","meta":{"_acf_changed":false,"episode_type":"","audio_file":"","cover_image":"","cover_image_id":"","duration":"","filesize":"","date_recorded":"","explicit":"","block":"","itunes_episode_number":"","itunes_title":"","itunes_season_number":"","itunes_episode_type":"","filesize_raw":"","footnotes":""},"class_list":["post-295","page","type-page","status-publish","has-post-thumbnail","hentry"],"acf":[],"_links":{"self":[{"href":"https:\/\/www.brill-legal.com\/es\/wp-json\/wp\/v2\/pages\/295","targetHints":{"allow":["GET"]}}],"collection":[{"href":"https:\/\/www.brill-legal.com\/es\/wp-json\/wp\/v2\/pages"}],"about":[{"href":"https:\/\/www.brill-legal.com\/es\/wp-json\/wp\/v2\/types\/page"}],"author":[{"embeddable":true,"href":"https:\/\/www.brill-legal.com\/es\/wp-json\/wp\/v2\/users\/1"}],"replies":[{"embeddable":true,"href":"https:\/\/www.brill-legal.com\/es\/wp-json\/wp\/v2\/comments?post=295"}],"version-history":[{"count":6,"href":"https:\/\/www.brill-legal.com\/es\/wp-json\/wp\/v2\/pages\/295\/revisions"}],"predecessor-version":[{"id":5651,"href":"https:\/\/www.brill-legal.com\/es\/wp-json\/wp\/v2\/pages\/295\/revisions\/5651"}],"up":[{"embeddable":true,"href":"https:\/\/www.brill-legal.com\/es\/wp-json\/wp\/v2\/pages\/289"}],"wp:featuredmedia":[{"embeddable":true,"href":"https:\/\/www.brill-legal.com\/es\/wp-json\/wp\/v2\/media\/5649"}],"wp:attachment":[{"href":"https:\/\/www.brill-legal.com\/es\/wp-json\/wp\/v2\/media?parent=295"}],"curies":[{"name":"wp","href":"https:\/\/api.w.org\/{rel}","templated":true}]}}