{"id":291,"date":"2025-11-05T23:01:20","date_gmt":"2025-11-05T23:01:20","guid":{"rendered":"http:\/\/host2.adviahost.net\/~brilllegal\/?page_id=291"},"modified":"2025-11-05T23:01:22","modified_gmt":"2025-11-05T23:01:22","slug":"cargos-por-agresion-domestica","status":"publish","type":"page","link":"https:\/\/www.brill-legal.com\/es\/nuestros-servicios\/defensa-penal\/violencia-domestica\/cargos-por-agresion-domestica\/","title":{"rendered":"Cargos por agresi\u00f3n dom\u00e9stica"},"content":{"rendered":"<p>Ser detenido y acusado de agresi\u00f3n dom\u00e9stica en New York puede ser un d\u00eda muy terrible para usted. A menudo estos incidentes implican que ambas partes son violentas, pero el hombre de la pareja es el que es arrestado y llevado a la c\u00e1rcel. Aunque, ciertamente hay ejemplos horribles de hombres que abusan dom\u00e9sticamente de las mujeres, y esos hombres deben ir a la c\u00e1rcel, hay casos en los que usted puede no ser culpable de los cargos de asalto. Hay varias cosas que usted puede hacer para ayudar a sus posibilidades de conseguir a trav\u00e9s de este proceso con los cargos, ya sea retirado, rebajado y \/ o sin tiempo en la c\u00e1rcel.<\/p>\n\n\n\n<p>Hay muchas versiones de maltrato dom\u00e9stico de las que uno puede ser acusado. El cargo que se le impute depender\u00e1 de muchos factores, como qui\u00e9n estuvo implicado y la gravedad de las lesiones. Estas son algunas de las acciones por las que puede ser acusado de agresi\u00f3n dom\u00e9stica en New York:<\/p>\n\n\n\n<ul class=\"wp-block-list\">\n<li>Delitos graves y leves de agresi\u00f3n sexual; <\/li>\n\n\n\n<li>Hacer temer a la v\u00edctima acoso o lesiones corporales; <\/li>\n\n\n\n<li>Causar o intentar causar acoso o lesiones corporales; <\/li>\n\n\n\n<li>Delito grave de agresi\u00f3n; <\/li>\n\n\n\n<li>Infligir lesiones corporales graves (delito grave); <\/li>\n\n\n\n<li>Amenazar a la v\u00edctima con lesiones corporales; <\/li>\n\n\n\n<li>Secuestro; <\/li>\n\n\n\n<li>Intento de asesinato y asesinato; <\/li>\n\n\n\n<li>Acoso; <\/li>\n\n\n\n<li>Imprudencia temeraria. <\/li>\n<\/ul>\n\n\n\n<p>Una vez que se llama a la polic\u00eda en una situaci\u00f3n en la que alguien alega acciones que podr\u00edan considerarse maltrato dom\u00e9stico seg\u00fan la ley New York, lo m\u00e1s probable es que alguien sea detenido y llevado a la c\u00e1rcel. Esto puede ocurrir incluso si la presunta v\u00edctima no quiere realmente que el presunto agresor sea sacado de la casa. En muchos casos, la polic\u00eda quiere separar a los dos individuos simplemente para que la escena pueda ser desescalada. Ser llevado bajo custodia policial puede ser una situaci\u00f3n muy seria y puede acarrear graves consecuencias para la persona detenida, como la p\u00e9rdida del empleo, sanciones y penas de c\u00e1rcel. Para proteger tu libertad y tus derechos, hay cosas que puedes y debes hacer si eres arrestado por cualquier tipo de abuso dom\u00e9stico. He aqu\u00ed las m\u00e1s importantes:<\/p>\n\n\n\n<ul class=\"wp-block-list\">\n<li><strong>Guardar silencio<\/strong>: Al igual que si alguien es arrestado por cualquier tipo de delito, si usted es arrestado por un cargo de abuso dom\u00e9stico, invoque su derecho a guardar silencio. Si las fuerzas del orden le hacen alguna pregunta que no sea su nombre, edad y n\u00famero de la seguridad social, d\u00edgales que se acoge a su derecho a guardar silencio y que desea hablar con un abogado. Que conste en acta que est\u00e1 afirmando su derecho a no responder a ninguna pregunta. La raz\u00f3n de esto es que le proteger\u00e1 en el futuro. fCuando usted habla con la polic\u00eda, est\u00e1 limitando las opciones que su abogado defensor experimentado en abuso dom\u00e9stico tiene para elaborar una defensa contra los cargos. Cuanta m\u00e1s informaci\u00f3n tenga la polic\u00eda de usted, menos podr\u00e1 ayudarle su abogado. <\/li>\n<\/ul>\n\n\n\n<ul class=\"wp-block-list\">\n<li><strong>Mant\u00e9ngase civilizado con la polic\u00eda<\/strong>: Intenta mantenerte lo m\u00e1s calmado y sereno posible con la polic\u00eda, independientemente de c\u00f3mo te traten o de lo que digan. En primer lugar, si est\u00e1 agitado y gritando, etc., puede cometer un desliz y decir algo que pueda incriminarle en el futuro, aunque no fuera su intenci\u00f3n. Adem\u00e1s, dependiendo de lo agitado que est\u00e9, la polic\u00eda podr\u00eda presentar a\u00fan m\u00e1s cargos contra usted en la forma en que est\u00e1 interactuando con ellos. Adem\u00e1s, estar\u00e1n grabando todo lo que haga y sus acciones podr\u00edan acabar en un informe y usarse en su contra como prueba ante un jurado, lo que podr\u00eda ayudar a condenarle. <\/li>\n<\/ul>\n\n\n\n<ul class=\"wp-block-list\">\n<li><strong>P\u00f3ngase en contacto con un abogado con experiencia New York defensa de abuso dom\u00e9stico<\/strong>: La mejor oportunidad que tiene en la derrota de los cargos o por lo que es menos de un efecto sobre su trabajo, situaci\u00f3n laboral, cuenta bancaria y la libertad, es contratar a un <a href=\"https:\/\/www.brill-legal.com\/es\/\">abogado penalista<\/a> que tiene experiencia defendiendo a personas acusadas de maltrato dom\u00e9stico. La polic\u00eda y los fiscales tendr\u00e1n un equipo de personas de su lado trabajando duro para que usted sea condenado. Usted debe tener un equipo a su lado luchando por sus derechos y tratando de disminuir el impacto en su vida, lo mejor posible. Un abogado con experiencia y su equipo empezar\u00e1n inmediatamente a reunir pruebas, a conseguir testimonios grabados de testigos y cualquier otra cosa que pueda ayudar. Su abogado tambi\u00e9n puede ser el conducto para la polic\u00eda y la fiscal\u00eda, proporcion\u00e1ndoles pruebas exculpatorias que podr\u00edan conseguir que los cargos se reduzcan o se retiren por completo.<\/li>\n<\/ul>\n\n\n\n<ul class=\"wp-block-list\">\n<li><strong>Recoger pruebas<\/strong>: Colabore con su abogado y sus investigadores para identificar y reunir pruebas siempre que pueda. Su abogado le explicar\u00e1 los cargos que se le imputan y le indicar\u00e1 qu\u00e9 tipo de pruebas pueden ser \u00fatiles. Aseg\u00farese de que su abogado conoce las circunstancias que llevaron al incidente y cualquier otra informaci\u00f3n \u00fatil. Su abogado debe tener toda la informaci\u00f3n necesaria para poder recrear el incidente con el fin de probar ya sea inocencia, auto-denuncia u otra defensa.  <\/li>\n<\/ul>\n\n\n\n<ul class=\"wp-block-list\">\n<li><strong>Siga las normas impuestas por el tribunal: <\/strong>Aseg\u00farese de seguir todas las normas que le imponga el Juez. No se ponga en contacto con la presunta v\u00edctima si el Juez as\u00ed lo declara. Asista a cualquier terapia o clases como clases de manejo de la ira que el Juez ordene. Si el Juez cree que hay un problema de drogas o alcohol involucrado en el incidente, aseg\u00farese de buscar cualquier opci\u00f3n de tratamiento que el Juez requiera. Si se le ofrece la oportunidad de usar un programa alternativo a la c\u00e1rcel, haga todo lo que el programa requiera para graduarse exitosamente del programa y evitar la c\u00e1rcel. Si usted no cumple con estos programas, el acuerdo puede ser revocado y usted podria ser enviado a la carcel. <\/li>\n<\/ul>\n\n\n\n<p>Estas son todas las cosas que debes hacer. He aqu\u00ed algunas cosas muy importantes que no debes hacer:<\/p>\n\n\n\n<ul class=\"wp-block-list\">\n<li><strong>No firme ninguna declaraci\u00f3n escrita<\/strong>: Esto es similar a no responder a ninguna pregunta de la polic\u00eda o de los fiscales. A menudo, la polic\u00eda entrevista a un sospechoso y le hace redactar una declaraci\u00f3n y firmarla, todo ello sin el asesoramiento de su propio abogado. La polic\u00eda dir\u00e1 que el resultado ser\u00e1 mejor para usted si ofrece informaci\u00f3n y coopera. Sin embargo, todas esas cosas pueden seguir ocurriendo aunque tenga un abogado que le represente. Todav\u00eda puede cooperar y dar informaci\u00f3n, pero lo har\u00e1 con alguien de su lado, protegiendo sus derechos. Porque hacer una declaraci\u00f3n sin abogado puede ser algo peligroso. Cualquier declaraci\u00f3n escrita puede ser utilizada en su contra m\u00e1s adelante, especialmente en un juicio. No preste declaraci\u00f3n a menos que tenga de su lado a un abogado con experiencia. <\/li>\n<\/ul>\n\n\n\n<ul class=\"wp-block-list\">\n<li><strong>No mienta a la polic\u00eda<\/strong>: Es delito mentir a la polic\u00eda o a la fiscal\u00eda. Tiene derecho a guardar silencio y debe ejercerlo. Sin embargo, si se siente obligado a hablar, diga s\u00f3lo la verdad y no d\u00e9 informaci\u00f3n falsa a la polic\u00eda. Hacerlo empeorar\u00e1 las cosas. Si le pillan mintiendo a la polic\u00eda, no s\u00f3lo pueden acusarle de delitos adicionales, sino que el hecho de que haya mentido har\u00e1 que todos cuestionen todo lo dem\u00e1s que diga, especialmente delante de un jurado. <\/li>\n<\/ul>\n\n\n\n<ul class=\"wp-block-list\">\n<li><strong>Cuidado con lo que dices en un tel\u00e9fono de la c\u00e1rcel<\/strong>: Los tel\u00e9fonos de la c\u00e1rcel no son privados y pueden ser vigilados y grabados. Si dice algo cuestionable por tel\u00e9fono porque est\u00e1 enfadado o asustado, puede ser utilizado en su contra, aunque la declaraci\u00f3n se saque de contexto. Por lo tanto, no diga nada por el tel\u00e9fono de la c\u00e1rcel que pueda incriminarle en la acusaci\u00f3n de malos tratos. <\/li>\n<\/ul>\n\n\n\n<ul class=\"wp-block-list\">\n<li><strong>No incumpla ninguna condici\u00f3n de la fianza o de la puesta en libertad<\/strong>: Cuando usted es arrestado por un cargo de abuso dom\u00e9stico, usted ser\u00e1 llevado ante un juez. En la mayor\u00eda de los casos, probablemente ser\u00e1 puesto en libertad bajo fianza y\/o con ciertas condiciones. Sin embargo, si usted viola esas condiciones, entonces su fianza ser\u00e1 revocada y usted ser\u00e1 enviado de nuevo a la c\u00e1rcel. En muchos casos de violencia dom\u00e9stica, se le imponen condiciones como, por ejemplo, no tener contacto con la presunta v\u00edctima, no regresar al domicilio conyugal o no poseer armas de fuego. De nuevo, si alguna de estas condiciones ha sido violada, el juez puede ordenar inmediatamente que vuelva a la c\u00e1rcel hasta el juicio sobre la mater.<\/li>\n<\/ul>\n\n\n\n<p><strong>Riesgos jur\u00eddicos en los casos de maltrato dom\u00e9stico<\/strong><\/p>\n\n\n\n<p>Si usted es <a href=\"https:\/\/www.brill-legal.com\/es\/nuestros-servicios\/defensa-penal\/violencia-domestica\/defensa-contra-el-maltrato-domestico\/\">detenido y acusado de maltrato dom\u00e9stico<\/a>Estos cargos tienen que ser tomados seriamente porque las ramificaciones de los cargos no solo pueden afectar su libertad, pero tambien pueden afectarle por muchos anos. No s\u00f3lo podr\u00eda perder su trabajo actual, sino que podr\u00eda tener dificultades para conseguir un empleo en el futuro porque ahora tiene antecedentes penales.<\/p>\n\n\n\n<p>Las penas por violencia dom\u00e9stica var\u00edan dependiendo de la naturaleza y gravedad del incidente, la cantidad de lesiones involucradas, as\u00ed como, si hay argumentos razonables para una defensa, defensa propia. Si una persona es condenada por un delito menor de violencia dom\u00e9stica, como alteraci\u00f3n del orden p\u00fablico, puede esperar pasar entre 15 d\u00edas y un a\u00f1o en la c\u00e1rcel, y deber\u00e1 pagar una multa de hasta 1.000 euros.<br> <br>Si una persona es condenada por un cargo de delito grave de clase B, C, D o E, puede pasar entre cuatro y 25 a\u00f1os en prisi\u00f3n, y verse obligada a pagar una multa que oscila entre $5.000 y $30.000. Las personas condenadas por delitos graves de clase A pueden pasar el resto de sus vidas entre rejas.<br><\/p>\n\n\n\n<p>En <a href=\"https:\/\/www.brill-legal.com\/es\/abogados\/\">abogados y personal<\/a> en el Brill Legal Group, P.C. estamos aqu\u00ed para usted. No juzgamos a nuestros clientes - los ayudamos. No importa de qu\u00e9 delito se le acuse, nuestra firma ofrece una defensa inteligente y agresiva dirigida a preservar su libertad y aislarlo de un castigo severo. Tenemos un equipo de profesionales dedicados que luchar\u00e1n por sus derechos. No hay ning\u00fan inconveniente en ponerse en contacto con nosotros para obtener respuestas a sus preguntas en un lenguaje claro y sencillo. Llame gratis al 888-315-9841. <a href=\"https:\/\/www.brill-legal.com\/es\/pongase-en-contacto-con\/\">La consulta inicial es gratuita.<\/a><\/p>","protected":false},"excerpt":{"rendered":"<p>Ser detenido y acusado de agresi\u00f3n dom\u00e9stica en New York puede ser un d\u00eda muy terrible para usted. A menudo estos incidentes implican que ambas partes son violentas, pero el hombre de la pareja es el que es arrestado y llevado a la c\u00e1rcel. Aunque, ciertamente hay ejemplos horribles de hombres que abusan dom\u00e9sticamente de las mujeres, y...<\/p>","protected":false},"author":1,"featured_media":6028,"parent":289,"menu_order":0,"comment_status":"closed","ping_status":"closed","template":"","meta":{"_acf_changed":false,"episode_type":"","audio_file":"","cover_image":"","cover_image_id":"","duration":"","filesize":"","date_recorded":"","explicit":"","block":"","itunes_episode_number":"","itunes_title":"","itunes_season_number":"","itunes_episode_type":"","filesize_raw":"","footnotes":""},"class_list":["post-291","page","type-page","status-publish","has-post-thumbnail","hentry"],"acf":[],"_links":{"self":[{"href":"https:\/\/www.brill-legal.com\/es\/wp-json\/wp\/v2\/pages\/291","targetHints":{"allow":["GET"]}}],"collection":[{"href":"https:\/\/www.brill-legal.com\/es\/wp-json\/wp\/v2\/pages"}],"about":[{"href":"https:\/\/www.brill-legal.com\/es\/wp-json\/wp\/v2\/types\/page"}],"author":[{"embeddable":true,"href":"https:\/\/www.brill-legal.com\/es\/wp-json\/wp\/v2\/users\/1"}],"replies":[{"embeddable":true,"href":"https:\/\/www.brill-legal.com\/es\/wp-json\/wp\/v2\/comments?post=291"}],"version-history":[{"count":8,"href":"https:\/\/www.brill-legal.com\/es\/wp-json\/wp\/v2\/pages\/291\/revisions"}],"predecessor-version":[{"id":6709,"href":"https:\/\/www.brill-legal.com\/es\/wp-json\/wp\/v2\/pages\/291\/revisions\/6709"}],"up":[{"embeddable":true,"href":"https:\/\/www.brill-legal.com\/es\/wp-json\/wp\/v2\/pages\/289"}],"wp:featuredmedia":[{"embeddable":true,"href":"https:\/\/www.brill-legal.com\/es\/wp-json\/wp\/v2\/media\/6028"}],"wp:attachment":[{"href":"https:\/\/www.brill-legal.com\/es\/wp-json\/wp\/v2\/media?parent=291"}],"curies":[{"name":"wp","href":"https:\/\/api.w.org\/{rel}","templated":true}]}}