{"id":289,"date":"2025-11-05T23:02:13","date_gmt":"2025-11-05T23:02:13","guid":{"rendered":"http:\/\/host2.adviahost.net\/~brilllegal\/?page_id=289"},"modified":"2025-11-05T23:02:15","modified_gmt":"2025-11-05T23:02:15","slug":"violencia-domestica","status":"publish","type":"page","link":"https:\/\/www.brill-legal.com\/es\/nuestros-servicios\/defensa-penal\/violencia-domestica\/","title":{"rendered":"New York Abogado defensor contra la violencia dom\u00e9stica"},"content":{"rendered":"<p>Abogados expertos en defensa criminal manejan todo tipo de casos de violencia dom\u00e9stica New York<\/p>\n\n\n\n<p>En Brill Legal Group, defendemos a hombres y mujeres acusados de graves New York casos de violencia dom\u00e9stica. Sabemos que los casos relacionados con delitos familiares son emocionales, y que las pasiones pueden subir de tono. A menudo, ambas partes se basan en palabras y acciones que desear\u00edan poder retirar. Nuestro dedicado equipo de <a href=\"https:\/\/www.brill-legal.com\/es\/\">New York abogados penalistas<\/a> sabe c\u00f3mo guiar h\u00e1bilmente a los clientes a trav\u00e9s de las numerosas cuestiones espinosas y potencialmente complejas que plantean estos casos.<\/p>\n\n\n\n<div class=\"wp-block-rank-math-toc-block\" id=\"rank-math-toc\"><h2>\u00cdndice<\/h2><nav><ul><li><a href=\"#domestic-violence-statistics\">Estad\u00edsticas de violencia dom\u00e9stica en New York<\/a><\/li><li><a href=\"#what-constitutes-a-new-york-domestic-violence-offense\">\u00bfQu\u00e9 constituye un delito de violencia dom\u00e9stica New York?<\/a><\/li><li><a href=\"#helping-clients-deal-with-new-york-orders-of-protection\">Ayudar a los clientes a hacer frente a las \u00f3rdenes de protecci\u00f3n New York\u00a0<\/a><\/li><li><a href=\"#changes-to-the-new-york-bail-system-may-not-help-those-arrested-on-domestic-violence-charges\">Los cambios en el sistema de fianzas del New York podr\u00edan no ayudar a los detenidos por violencia dom\u00e9stica\u00a0<\/a><\/li><li><a href=\"#plea-agreements-in-new-york-domestic-violence-cases\">Acuerdos en casos de violencia dom\u00e9stica New York<\/a><\/li><\/ul><\/nav><\/div>\n\n\n\n<h3 class=\"wp-block-heading\" id=\"domestic-violence-statistics\">Estad\u00edsticas de violencia dom\u00e9stica en New York<\/h3>\n\n\n\n<ul class=\"wp-block-list\">\n<li><strong>Incidentes de violencia dom\u00e9stica (NYC)<\/strong>\n<ul class=\"wp-block-list\">\n<li>Aproximadamente <strong>120.000 incidentes<\/strong> en <strong>2022<\/strong>, frente a los 86.000 de 2018.<\/li>\n<\/ul>\n<\/li>\n\n\n\n<li><strong>\u00d3rdenes de protecci\u00f3n (en todo el Estado)<\/strong>\n<ul class=\"wp-block-list\">\n<li>New York juzgados inscritos <strong>10% m\u00e1s \u00f3rdenes de protecci\u00f3n en 2023<\/strong> que en 2022.<\/li>\n\n\n\n<li>En <strong>n\u00famero total de \u00f3rdenes de protecci\u00f3n de riesgo extremo (leyes de \"bandera roja\")<\/strong> emitidos se duplicaron, pasando de 4.149 en 2022 a <strong>9.266 en 2023<\/strong> - un aumento de 123%.<\/li>\n<\/ul>\n<\/li>\n\n\n\n<li><strong>Restricciones sobre armas de fuego<\/strong>\n<ul class=\"wp-block-list\">\n<li><strong>Personas condenadas por acoso o violencia dom\u00e9stica<\/strong> tienen prohibida la tenencia de armas de fuego tanto por la ley New York como por la federal.<\/li>\n\n\n\n<li>En <strong>El Tribunal Supremo confirm\u00f3 estas restricciones<\/strong> en <em>Estados Unidos contra Rahimi<\/em> (2024).<\/li>\n\n\n\n<li>La ley de bandera roja de New York permite retirar las armas a quienes se considere un peligro para s\u00ed mismos o para los dem\u00e1s -incluidas las parejas de novios-, cerrando la \"laguna del novio\".<\/li>\n<\/ul>\n<\/li>\n\n\n\n<li><strong>Homicidios en los que est\u00e1n implicadas parejas \u00edntimas<\/strong>\n<ul class=\"wp-block-list\">\n<li>Hab\u00eda <strong>22 homicidios de parejas \u00edntimas en NYC en 2023<\/strong>de 33 en 2022, un <strong>33% disminuci\u00f3n<\/strong>.<\/li>\n<\/ul>\n<\/li>\n\n\n\n<li><strong>Procesamiento y resultados de los casos<\/strong>\n<ul class=\"wp-block-list\">\n<li><strong>80% de casos de violencia dom\u00e9stica<\/strong> son procesados como <strong>delitos menores<\/strong>.<\/li>\n\n\n\n<li><strong>La mayor\u00eda de los casos se resuelven con acuerdos<\/strong>no juicios completos.<\/li>\n\n\n\n<li>Desde 2018 no se publican datos actualizados a nivel estatal sobre enjuiciamientos por violaci\u00f3n de \u00f3rdenes de protecci\u00f3n.<\/li>\n\n\n\n<li>El \u00edndice de condenas por violencia dom\u00e9stica y <strong>juicios por agresi\u00f3n sexual fue citado previamente en 98%<\/strong>en comparaci\u00f3n con <strong>87% para casos no dom\u00e9sticos<\/strong>pero no se dispone de datos recientes.<\/li>\n<\/ul>\n<\/li>\n<\/ul>\n\n\n\n<h3 class=\"wp-block-heading\" id=\"what-constitutes-a-new-york-domestic-violence-offense\">\u00bfQu\u00e9 constituye un delito de violencia dom\u00e9stica New York?<\/h3>\n\n\n\n<p>En su mayor parte, los casos de violencia dom\u00e9stica se etiquetan como tales en funci\u00f3n de qui\u00e9n sea la presunta v\u00edctima en relaci\u00f3n con el acusado. En el New York, los tribunales se refieren a los cargos de violencia dom\u00e9stica como delitos familiares. Un delito familiar es un delito que se comete contra \"miembros de la misma familia u hogar\", aunque en realidad la definici\u00f3n es mucho m\u00e1s amplia que eso. M\u00e1s concretamente, incluye:<\/p>\n\n\n\n<ul class=\"wp-block-list\">\n<li>Parientes consangu\u00edneos<\/li>\n\n\n\n<li>Personas legalmente casadas<\/li>\n\n\n\n<li>Personas que sol\u00edan estar casadas, independientemente de que vivan o no en el mismo domicilio<\/li>\n\n\n\n<li>Las personas que tienen un hijo en com\u00fan, independientemente de que hayan estado casadas o hayan mantenido una relaci\u00f3n duradera.<\/li>\n\n\n\n<li>Personas que mantuvieron una relaci\u00f3n \u00edntima<\/li>\n<\/ul>\n\n\n\n<p>A menudo, cuando alguien denuncia un incidente de violencia dom\u00e9stica, lo hace <a href=\"https:\/\/www.brill-legal.com\/es\/nuestros-servicios\/defensa-penal\/violencia-domestica\/ordenes-de-proteccion-contra-la-violencia-domestica\/\">solicitar una orden de protecci\u00f3n<\/a>. Normalmente, estas \u00f3rdenes se obtienen a trav\u00e9s del tribunal de familia; sin embargo, un tribunal penal puede emitir una orden temporal de protecci\u00f3n. Las \u00f3rdenes de protecci\u00f3n se emiten en determinados casos, entre ellos:<\/p>\n\n\n\n<ul class=\"wp-block-list\">\n<li><a href=\"https:\/\/www.brill-legal.com\/es\/nuestros-servicios\/defensa-penal\/violencia-domestica\/cargos-por-agresion-domestica\/\">Agresi\u00f3n o intento de agresi\u00f3n<\/a><\/li>\n\n\n\n<li><a href=\"https:\/\/www.brill-legal.com\/es\/nuestros-servicios\/defensa-penal\/ciberdelincuencia-en-internet\/robo-de-identidad\/\">Robo de identidad<\/a><\/li>\n\n\n\n<li><a href=\"https:\/\/www.brill-legal.com\/es\/nuestros-servicios\/defensa-penal\/violencia-domestica\/acusado-de-acoso-en-nueva-york\/\">Acoso<\/a><\/li>\n\n\n\n<li>Coacci\u00f3n<\/li>\n\n\n\n<li>Imprudencia temeraria<\/li>\n\n\n\n<li>Estrangulaci\u00f3n<\/li>\n\n\n\n<li>Amenaza<\/li>\n\n\n\n<li>Tocamientos forzados<\/li>\n\n\n\n<li>Abusos sexuales<\/li>\n\n\n\n<li>Acoso o acoso con agravantes<\/li>\n\n\n\n<li>Mala conducta sexual<\/li>\n\n\n\n<li>Difusi\u00f3n o publicaci\u00f3n il\u00edcitas de una imagen \u00edntima<\/li>\n\n\n\n<li>Conducta desordenada<\/li>\n<\/ul>\n\n\n\n<p>Cualquiera de estos cargos puede ser la base para cargos criminales de violencia dom\u00e9stica. Por su naturaleza, los casos de violencia dom\u00e9stica involucran a miembros de la familia. Como resultado, estos casos suscitan muchas emociones. De hecho, es com\u00fan que los \u00e1nimos se calmen con el tiempo y que los testigos admitan que las acusaciones no eran veraces o exageradas o pierdan inter\u00e9s en cooperar con las autoridades. Sin embargo, una vez que interviene la polic\u00eda y se archiva el caso, el testigo no tiene la posibilidad de retirarlo. Esa decisi\u00f3n corresponde a la acusaci\u00f3n, y aunque el fiscal puede escuchar lo que dice el testigo, no significar\u00e1 necesariamente que se retire el caso.<\/p>\n\n\n\n<p>En Brill Legal Group, hemos reunido un <a href=\"https:\/\/www.brill-legal.com\/es\/abogados\/\">equipo de dedicados y apasionados abogados penalistas New York<\/a> que son expertos en la exposici\u00f3n de los prejuicios, exageraciones y mentiras descaradas que a menudo son la base de las acusaciones de violencia dom\u00e9stica. Manejamos h\u00e1bilmente casos de delitos graves y delitos menores de violencia dom\u00e9stica en nombre de los clientes en todo el New York City y <a href=\"https:\/\/www.brill-legal.com\/es\/nuestros-servicios\/defensa-penal\/abogado-de-defensa-criminal-de-long-island\/abogado-defensor-de-violencia-domestica\/\">Zona de Long Island<\/a>.<\/p>\n\n\n\n<h3 class=\"wp-block-heading\" id=\"helping-clients-deal-with-new-york-orders-of-protection\">Ayudar a los clientes a hacer frente a las \u00f3rdenes de protecci\u00f3n New York&nbsp;<\/h3>\n\n\n\n<p>Cuando alguien es arrestado con un caso de violencia dom\u00e9stica New York, un tribunal penal puede emitir una orden de protecci\u00f3n temporal. Las \u00f3rdenes de protecci\u00f3n temporal, sin embargo, no son necesarias en todas las situaciones, y a menudo los jueces tienen discreci\u00f3n sobre cu\u00e1ndo utilizarlas. Sin embargo, en muchos casos de violencia dom\u00e9stica, la fiscal\u00eda intentar\u00e1 convencer al juez de que es necesaria una orden de protecci\u00f3n temporal, y un juez puede emitir dicha orden como condici\u00f3n para la libertad provisional.<\/p>\n\n\n\n<p>New York las \u00f3rdenes temporales de protecci\u00f3n var\u00edan; sin embargo, seg\u00fan la legislaci\u00f3n estatal, pueden obligar al demandado a:<\/p>\n\n\n\n<ul class=\"wp-block-list\">\n<li>Mant\u00e9ngase alejado del domicilio, la escuela o el lugar de trabajo del testigo denunciante;<\/li>\n\n\n\n<li>Mant\u00e9ngase alejado del domicilio, la escuela o el lugar de trabajo de determinados testigos;<\/li>\n\n\n\n<li>Permitir que uno de los progenitores u otra parte con derecho de visita visite a los hijos menores bajo la custodia del demandado;<\/li>\n\n\n\n<li>Abstenerse de cometer cualquier delito familiar;<\/li>\n\n\n\n<li>Abstenerse de realizar actos que expongan a los miembros de la familia a un riesgo excesivo de sufrir da\u00f1os;<\/li>\n\n\n\n<li>Permitir a las partes designadas entrar en el domicilio del acusado para recuperar los efectos personales de sus familiares;<\/li>\n<\/ul>\n\n\n\n<p>Si un tribunal ordena una orden de protecci\u00f3n - permanente o temporal - y el acusado viola la orden, se pueden presentar cargos penales adicionales. De este modo, las \u00f3rdenes de protecci\u00f3n aumentan la probabilidad de que alguien sea detenido de nuevo por cargos distintos. Dichos cargos pueden incluir cargos por intimidaci\u00f3n a la v\u00edctima u otros delitos graves. Por lo tanto, para reducir las posibilidades de futuros problemas, es crucial minimizar cualquier condici\u00f3n contenida en una orden de protecci\u00f3n.<\/p>\n\n\n\n<p>En <a href=\"https:\/\/www.brill-legal.com\/es\/\">Brill Legal Group<\/a>entendemos la interferencia que una orden temporal o de protecci\u00f3n puede tener en su familia. Por ejemplo, con frecuencia, los que se enfrentan a acusaciones de violencia familiar tienen que encontrar una nueva vivienda, dejar sus puestos de trabajo, y no pueden ver a sus hijos con la frecuencia que les gustar\u00eda. Nuestro equipo de abogados con experiencia tiene una firme comprensi\u00f3n de la ley en lo que respecta a las \u00f3rdenes temporales de protecci\u00f3n. No s\u00f3lo eso, sino porque estas \u00f3rdenes permiten en gran medida un juez para ejercer su propia discreci\u00f3n, estaremos preparados para presentar un caso convincente para las restricciones m\u00ednimas, lo que le permite seguir viviendo su vida lo mejor posible.<\/p>\n\n\n\n<p>Tambi\u00e9n tenemos una amplia experiencia representando a clientes que se enfrentan a cargos de desacato penal relacionados con la violaci\u00f3n de una orden de protecci\u00f3n New York. Para sorpresa de muchos de nuestros clientes, estos son casos muy graves que pueden llevar el potencial de una sentencia de encarcelamiento. Estas violaciones tambi\u00e9n pueden ser la base para una violaci\u00f3n de la libertad condicional o libertad condicional.<\/p>\n\n\n\n<h3 class=\"wp-block-heading\" id=\"changes-to-the-new-york-bail-system-may-not-help-those-arrested-on-domestic-violence-charges\">Los cambios en el sistema de fianzas del New York podr\u00edan no ayudar a los detenidos por violencia dom\u00e9stica&nbsp;<\/h3>\n\n\n\n<p>A menudo la primera cuesti\u00f3n en la mente de muchas personas despu\u00e9s de ser arrestados es si van a ser capaces de pagar la fianza. Mantenerse fuera de custodia durante el proceso previo al juicio es imperativo para mantener su forma de vida. Adem\u00e1s, los estudios han demostrado que los acusados que no est\u00e1n en custodia en el momento del juicio terminan con mejores resultados. En Brill Legal Group, una de las primeras cosas por las que trabajamos es sacar a nuestros clientes de la c\u00e1rcel en espera de juicio.<\/p>\n\n\n\n<p>En enero de 2020 entr\u00f3 en vigor la ley de reforma de la fianza de New York. Antes de las nuevas normas sobre fianzas, los tribunales de New York depend\u00edan principalmente de fianzas en efectivo o fianzas garantizadas. Si bien muchos de los cambios que se implementaron fueron dise\u00f1ados para garantizar que m\u00e1s personas no fueran encarceladas innecesariamente antes del juicio, aquellos acusados de delitos de violencia dom\u00e9stica New York pueden no darse cuenta del beneficio. A continuaci\u00f3n se presentan algunos cambios esenciales a las leyes de fianza New York:<\/p>\n\n\n\n<p><strong>Delitos menores<\/strong>: Se elimina la prisi\u00f3n preventiva sin fianza en todos los casos de delitos menores. Tambi\u00e9n se elimina la fianza en met\u00e1lico excepto en los delitos menores relacionados con delitos sexuales y en los que impliquen cargos de desacato penal por violar una orden de protecci\u00f3n en un caso de violencia dom\u00e9stica.<\/p>\n\n\n\n<p><strong>Delitos graves no violentos<\/strong>: Para la mayor\u00eda de los delitos no violentos, se han eliminado tanto la fianza en met\u00e1lico como la prisi\u00f3n preventiva sin fianza, con las siguientes excepciones:<\/p>\n\n\n\n<ul class=\"wp-block-list\">\n<li>Acusaciones de delito grave de desacato que implican acusaciones de violencia dom\u00e9stica<\/li>\n\n\n\n<li>Determinados delitos sexuales<\/li>\n\n\n\n<li>Cargos relacionados con el terrorismo<\/li>\n\n\n\n<li>Algunos delitos contra los ni\u00f1os<\/li>\n\n\n\n<li>Conspiraci\u00f3n para cometer asesinato<\/li>\n\n\n\n<li>Manipulaci\u00f3n o intimidaci\u00f3n de testigos<\/li>\n<\/ul>\n\n\n\n<p><strong>Delitos graves violentos<\/strong>: Tanto la fianza en met\u00e1lico como la prisi\u00f3n preventiva sin fianza siguen estando permitidas en la mayor\u00eda de los delitos graves violentos, con la excepci\u00f3n de ciertos delitos de robo con allanamiento de morada y hurto.<\/p>\n\n\n\n<p>Aunque las leyes de reforma de la libertad bajo fianza New York ayudar\u00e1n a muchos detenidos por cargos graves a evitar el encarcelamiento preventivo, quienes se enfrentan a acusaciones de violencia dom\u00e9stica a menudo encajar\u00e1n en la excepci\u00f3n. Los fiscales suelen pedir la libertad bajo fianza en los casos de violencia dom\u00e9stica, y los jueces a menudo deciden fijar una fianza basada en la afirmaci\u00f3n de la fiscal\u00eda de que el acusado es una amenaza para la vida de la demandante. Por lo tanto, contar con un abogado penalista con experiencia en New York a su lado es imprescindible para garantizar que, si se fija una fianza, \u00e9sta sea justa. En virtud de las nuevas leyes de reforma de la libertad bajo fianza, los jueces deben considerar otras alternativas menos restrictivas al encarcelamiento preventivo. En Brill Legal Group, entendemos c\u00f3mo abogar eficazmente por su liberaci\u00f3n bajo las directrices y haremos todo lo posible para asegurar que usted puede luchar su caso desde la calle.<\/p>\n\n\n\n<h3 class=\"wp-block-heading\" id=\"plea-agreements-in-new-york-domestic-violence-cases\">Acuerdos en casos de violencia dom\u00e9stica New York<\/h3>\n\n\n\n<p>Muchos casos de violencia dom\u00e9stica New York no acaban yendo a juicio. Mientras que algunos casos son retirados por la fiscal\u00eda, a menudo, la raz\u00f3n por la que un caso no va a juicio es que el acusado acepta declararse culpable a cambio de una sentencia negociada. Esto puede proporcionar a ciertos acusados la seguridad que desean. Por supuesto, los acuerdos de declaraci\u00f3n de culpabilidad no son la respuesta para todos los casos, ya que es una decisi\u00f3n muy personal declararse culpable de cargos graves de violencia dom\u00e9stica.&nbsp;&nbsp;<\/p>\n\n\n\n<p>En <a href=\"https:\/\/www.brill-legal.com\/es\/\">Brill Legal Group<\/a>Hemos reunido un equipo de h\u00e1biles negociadores que tienen una amplia experiencia trabajando con fiscales para asegurar acuerdos favorables con nuestros clientes. Si bien cada caso es \u00fanico y requiere su propio enfoque, creamos rutinariamente informes de mitigaci\u00f3n convincentes, lo que permite a la fiscal\u00eda comprender m\u00e1s plenamente a nuestro cliente como individuo, en lugar de como \"el acusado.\" <a href=\"https:\/\/www.brill-legal.com\/es\/abogados\/peter-e-brill\/\">El fundador de nuestro bufete, el abogado Peter Brill<\/a>es un antiguo fiscal con m\u00e1s de 20 a\u00f1os de experiencia en la tramitaci\u00f3n de casos. <a href=\"https:\/\/www.brill-legal.com\/es\/nuestros-servicios\/\">New York casos penales<\/a> tanto en la defensa como en la acusaci\u00f3n. A lo largo de este tiempo, ha llegado a entender c\u00f3mo piensan los fiscales y lo que les motiva a hacer ofertas justas y razonables para sus clientes que se enfrentan a graves delitos. <a href=\"https:\/\/www.brill-legal.com\/es\/nuestros-servicios\/defensa-penal\/violencia-domestica\/defensa-contra-el-maltrato-domestico\/\">denuncias de malos tratos en el hogar<\/a>. Nuestra promesa a usted es que vamos a poner todo el alcance de los conocimientos y habilidades en su caso para obtener los resultados que usted se sienta c\u00f3modo. Y como abogados litigantes experimentados, si la fiscal\u00eda se niega a hacer una oferta justa, no dudaremos en llevar su caso a juicio.<\/p>\n\n\n\n<h2 class=\"wp-block-heading\" id=\"more-domestic-violence-defense-resources\">M\u00e1s recursos en defensa de la violencia dom\u00e9stica&nbsp;<\/h2>\n\n\n\n<ul class=\"wp-block-list\">\n<li><a href=\"https:\/\/www.brill-legal.com\/es\/nuestros-servicios\/defensa-penal\/abogado-de-defensa-criminal-de-long-island\/abogado-defensor-de-violencia-domestica\/\">Abogado defensor de violencia dom\u00e9stica en Long Island<\/a><\/li>\n\n\n\n<li><strong>New York Abogado defensor contra la violencia dom\u00e9stica<\/strong><\/li>\n\n\n\n<li><a href=\"https:\/\/www.brill-legal.com\/es\/nuestros-servicios\/defensa-penal\/violencia-domestica\/brooklyn-abogado-de-defensa-de-asalto-domestico\/\">Brooklyn Abogado de Defensa de Agresi\u00f3n Dom\u00e9stica<\/a><\/li>\n\n\n\n<li><a href=\"https:\/\/www.brill-legal.com\/es\/nuestros-servicios\/defensa-penal\/violencia-domestica\/abogado-defensor-de-violencia-domestica-en-manhattan\/\" data-type=\"link\" data-id=\"https:\/\/www.brill-legal.com\/our-services\/criminal-defense\/domestic-violence\/manhattan-domestic-violence-defense-lawyer\/\">Abogado defensor de violencia dom\u00e9stica en Manhattan<\/a><\/li>\n\n\n\n<li><a href=\"https:\/\/www.brill-legal.com\/es\/nuestros-servicios\/defensa-penal\/violencia-domestica\/el-bronx-abogado-defensor-de-violencia-domestica\/\">Abogado defensor de violencia dom\u00e9stica del Bronx<\/a><\/li>\n\n\n\n<li><a href=\"https:\/\/www.brill-legal.com\/es\/nuestros-servicios\/defensa-penal\/violencia-domestica\/abogado-defensor-de-violencia-domestica-en-queens\/\">Abogado defensor de violencia dom\u00e9stica en Queens<\/a> <\/li>\n\n\n\n<li><a href=\"https:\/\/www.brill-legal.com\/es\/nuestros-servicios\/defensa-penal\/defensa-penal-faq\/me-detendran-automaticamente-si-llaman-a-la-policia-por-violencia-domestica\/\">\u00bfMe detendr\u00e1n autom\u00e1ticamente si llaman a la polic\u00eda por violencia dom\u00e9stica?<\/a><\/li>\n\n\n\n<li><a href=\"https:\/\/www.brill-legal.com\/es\/nuestros-servicios\/defensa-penal\/defensa-penal-faq\/que-tipos-de-delitos-se-consideran-violencia-domestica-en-nueva-york\/\">\u00bfQu\u00e9 tipos de delitos se consideran violencia dom\u00e9stica en New York?<\/a><\/li>\n\n\n\n<li><a href=\"https:\/\/www.brill-legal.com\/es\/nuestros-servicios\/defensa-penal\/defensa-penal-faq\/de-que-tipo-de-casos-de-violencia-domestica-se-ocupa-brill-legal-group\/\">\u00bfQu\u00e9 tipo de casos de violencia dom\u00e9stica tramitar\u00e1 Brill Legal Group?<\/a><\/li>\n\n\n\n<li><a href=\"https:\/\/www.brill-legal.com\/es\/nuestros-servicios\/defensa-penal\/defensa-penal-faq\/que-debo-hacer-si-me-acusan-de-violencia-domestica\/\">\u00bfQu\u00e9 debo hacer si me acusan de violencia dom\u00e9stica?<\/a><\/li>\n\n\n\n<li><a href=\"https:\/\/www.brill-legal.com\/es\/nuestros-servicios\/defensa-penal\/defensa-penal-faq\/que-debo-hacer-si-me-detienen-por-violencia-domestica-en-nueva-york\/\">\u00bfQu\u00e9 debo hacer si me detienen por violencia dom\u00e9stica en New York?<\/a><\/li>\n\n\n\n<li><a href=\"https:\/\/www.brill-legal.com\/es\/nuestros-servicios\/defensa-penal\/defensa-penal-faq\/cual-es-la-diferencia-entre-una-acusacion-de-violencia-domestica-y-la-misma-acusacion-fuera-de-una-relacion-domestica\/\">\u00bfCu\u00e1l es la diferencia entre una acusaci\u00f3n de violencia dom\u00e9stica y la misma acusaci\u00f3n fuera de una relaci\u00f3n dom\u00e9stica?<\/a><\/li>\n\n\n\n<li><a href=\"https:\/\/www.brill-legal.com\/es\/nuestros-servicios\/defensa-penal\/defensa-penal-faq\/que-es-la-violencia-domestica\/\">\u00bfQu\u00e9 es la violencia dom\u00e9stica?<\/a><\/li>\n\n\n\n<li><a href=\"https:\/\/www.brill-legal.com\/es\/nuestros-servicios\/defensa-penal\/defensa-penal-faq\/cuales-son-las-penas-por-delitos-de-violencia-domestica-en-nueva-york\/\">\u00bfCu\u00e1les son las penas por delitos de violencia dom\u00e9stica en New York?<\/a><\/li>\n\n\n\n<li><a href=\"https:\/\/www.brill-legal.com\/es\/nuestros-servicios\/defensa-penal\/defensa-penal-faq\/consecuencias-de-una-condena-por-violencia-domestica\/\">\u00bfQu\u00e9 consecuencias tiene una condena por violencia dom\u00e9stica?<\/a><\/li>\n\n\n\n<li><a href=\"https:\/\/www.brill-legal.com\/es\/nuestros-servicios\/defensa-penal\/defensa-penal-faq\/se-considera-delito-grave-la-violencia-domestica-en-nueva-york\/\">\u00bfEst\u00e1 la violencia dom\u00e9stica tipificada como delito en el New York?<\/a><\/li>\n\n\n\n<li><a href=\"https:\/\/www.brill-legal.com\/es\/nuestros-servicios\/defensa-penal\/defensa-penal-faq\/como-afecta-una-acusacion-de-violencia-domestica-al-regimen-de-visitas-de-mi-hijo\/\">\u00bfC\u00f3mo afecta una acusaci\u00f3n de violencia dom\u00e9stica a las visitas con mi hijo?<\/a><\/li>\n<\/ul>\n\n\n\n<p><\/p>","protected":false},"excerpt":{"rendered":"<p>Abogados expertos en defensa criminal manejan todo tipo de casos de violencia dom\u00e9stica New York En Brill Legal Group, defendemos a hombres y mujeres acusados de casos graves de violencia dom\u00e9stica New York. Sabemos que los casos relacionados con delitos familiares son emocionales, y que las pasiones pueden ser altas. A menudo, ambas partes se basan en palabras y acciones que...<\/p>","protected":false},"author":1,"featured_media":5638,"parent":75,"menu_order":0,"comment_status":"closed","ping_status":"closed","template":"","meta":{"_acf_changed":false,"episode_type":"","audio_file":"","cover_image":"","cover_image_id":"","duration":"","filesize":"","date_recorded":"","explicit":"","block":"","itunes_episode_number":"","itunes_title":"","itunes_season_number":"","itunes_episode_type":"","filesize_raw":"","footnotes":""},"class_list":["post-289","page","type-page","status-publish","has-post-thumbnail","hentry"],"acf":[],"_links":{"self":[{"href":"https:\/\/www.brill-legal.com\/es\/wp-json\/wp\/v2\/pages\/289","targetHints":{"allow":["GET"]}}],"collection":[{"href":"https:\/\/www.brill-legal.com\/es\/wp-json\/wp\/v2\/pages"}],"about":[{"href":"https:\/\/www.brill-legal.com\/es\/wp-json\/wp\/v2\/types\/page"}],"author":[{"embeddable":true,"href":"https:\/\/www.brill-legal.com\/es\/wp-json\/wp\/v2\/users\/1"}],"replies":[{"embeddable":true,"href":"https:\/\/www.brill-legal.com\/es\/wp-json\/wp\/v2\/comments?post=289"}],"version-history":[{"count":19,"href":"https:\/\/www.brill-legal.com\/es\/wp-json\/wp\/v2\/pages\/289\/revisions"}],"predecessor-version":[{"id":7321,"href":"https:\/\/www.brill-legal.com\/es\/wp-json\/wp\/v2\/pages\/289\/revisions\/7321"}],"up":[{"embeddable":true,"href":"https:\/\/www.brill-legal.com\/es\/wp-json\/wp\/v2\/pages\/75"}],"wp:featuredmedia":[{"embeddable":true,"href":"https:\/\/www.brill-legal.com\/es\/wp-json\/wp\/v2\/media\/5638"}],"wp:attachment":[{"href":"https:\/\/www.brill-legal.com\/es\/wp-json\/wp\/v2\/media?parent=289"}],"curies":[{"name":"wp","href":"https:\/\/api.w.org\/{rel}","templated":true}]}}