{"id":282,"date":"2015-12-08T05:54:32","date_gmt":"2015-12-08T05:54:32","guid":{"rendered":"http:\/\/host2.adviahost.net\/~brilllegal\/?page_id=282"},"modified":"2022-06-15T15:05:12","modified_gmt":"2022-06-15T15:05:12","slug":"como-varian-las-leyes-sobre-armas-en-nueva-york","status":"publish","type":"page","link":"https:\/\/www.brill-legal.com\/es\/nuestros-servicios\/defensa-penal\/defensa-penal-faq\/como-varian-las-leyes-sobre-armas-en-nueva-york\/","title":{"rendered":"\u00bfC\u00f3mo var\u00eda la legislaci\u00f3n sobre armas en New York?"},"content":{"rendered":"<h2 class=\"wp-block-heading\">New York tiene algunas de las leyes sobre armas m\u00e1s estrictas y complicadas del pa\u00eds.<\/h2>\n\n\n\n<p>A la complejidad se a\u00f1ade el hecho de que New York City tiene leyes sobre armas diferentes a las del estado New York. Conocer las normas exclusivas de los estados New York City y New York puede ayudar a los propietarios de armas a comprender sus derechos y obligaciones legales.<\/p>\n\n\n\n<p>Los abogados de Brill Legal Group, P.C., son conocedores de las leyes de armas del estado de New York City y New York. Podemos ayudarle a entender sus derechos y protegerlos si se enfrenta a cargos por un delito con armas en New York.<\/p>\n\n\n\n<p>En New York City, los rifles, escopetas y pistolas requieren un permiso de compra. Adem\u00e1s, los propietarios deben tener licencia y permiso para portarlas. En el estado New York, s\u00f3lo las armas cortas est\u00e1n sujetas a estos requisitos. Aunque en la mayor parte del estado de New York no se exigen permisos para los rifles y escopetas utilizados para la caza, en New York City s\u00ed se exige un permiso para las armas de caza.<br>New York no tiene acuerdos rec\u00edprocos con otros estados, lo que significa que no se reconocen los permisos de armas expedidos por otros estados.<br>Nuestros experimentados abogados pueden ayudarle a navegar por las complejidades de diversos reglamentos sobre armas de fuego que quiz\u00e1 desconozca.<\/p>\n\n\n\n<h3 class=\"wp-block-heading\">New York Leyes estatales - Fusiles y escopetas<\/h3>\n\n\n\n<p>Los residentes en New York no necesitan permisos para comprar rifles o escopetas en el estado de New York, y es legal comprarlos en estados vecinos y llevarlos a New York, siempre que el comprador cumpla los dem\u00e1s requisitos para poseer un rifle o una escopeta. Sin embargo, es ilegal llevar una escopeta o un rifle cargados en un veh\u00edculo.<\/p>\n\n\n\n<p>En general, los residentes en New York tampoco necesitan permisos para poseer rifles o escopetas en New York, siempre que el ca\u00f1\u00f3n del rifle mida al menos 16 pulgadas o el ca\u00f1\u00f3n de la escopeta mida al menos 18 pulgadas. Sin embargo, las personas con condenas por delitos graves y las personas que han sido certificadas mentalmente incompetentes no pueden poseer rifles o escopetas.<\/p>\n\n\n\n<p>En general, los menores de 16 a\u00f1os no est\u00e1n autorizados a utilizar armas de fuego, salvo en circunstancias limitadas en los campos de tiro.<br>Si se enfrenta a cargos por armas de fuego en New York, los abogados de Brill Legal Group pueden luchar para proteger sus derechos.<\/p>\n\n\n\n<h3 class=\"wp-block-heading\">New York Leyes estatales - Armas cortas<\/h3>\n\n\n\n<p>Las leyes que regulan las pistolas difieren de las que regulan los rifles y las escopetas. Los residentes necesitan permisos tanto para comprar como para poseer pistolas. Los residentes deben tener al menos 21 a\u00f1os para solicitar un permiso de tenencia de armas de fuego, a menos que hayan sido licenciados con honores del ej\u00e9rcito, en cuyo caso pueden solicitarlo si tienen 18 a\u00f1os o m\u00e1s. Para recibir un permiso, el solicitante debe demostrar su necesidad de llevar un arma de fuego con fines de defensa personal, tiro al blanco o caza.<\/p>\n\n\n\n<p>El solicitante tambi\u00e9n debe estar libre de una condena por delito grave, poseer un buen car\u00e1cter moral y no haber tenido anteriormente una licencia revocada. Los solicitantes de permisos de armas de fuego est\u00e1n obligados a someterse a controles de antecedentes penales y de salud mental a nivel estatal y federal, incluso cuando compran un arma de fuego en una feria de armas.<\/p>\n\n\n\n<p>Una vez examinada la solicitud, el funcionario encargado de conceder la licencia puede expedir un permiso de tenencia de armas de fuego en el domicilio del solicitante, un permiso de tenencia en el lugar de trabajo del solicitante o un permiso de tenencia sin restricciones. Con un permiso sin restricciones, se puede llevar un arma cargada y oculta en cualquier lugar donde sea legal hacerlo. Una pistola cargada tambi\u00e9n puede ser llevada en un veh\u00edculo por una persona que tenga la licencia adecuada.<\/p>\n\n\n\n<p>Si vive con una persona que padece una enfermedad mental o es un delincuente convicto, est\u00e1 obligado a asegurar su arma en su casa. No hacerlo es un delito menor.<\/p>\n\n\n\n<p>Los permisos estatales de armas de fuego deben renovarse cada cinco a\u00f1os. Los propietarios de armas que no lo hagan pueden ser acusados de un delito menor de clase A. Para renovar el permiso hay que enviar a la Polic\u00eda Estatal New York los datos de contacto del solicitante, su direcci\u00f3n actual, su n\u00famero de la seguridad social y una lista de las armas de fuego que posee.<\/p>\n\n\n\n<p>Si se enfrenta a cargos por delitos con armas en New York, p\u00f3ngase en contacto con Brill Legal Group. Podemos proporcionarle una representaci\u00f3n eficaz para obtener un resultado favorable en su caso.<\/p>\n\n\n\n<h3 class=\"wp-block-heading\">Leyes estatales sobre armas New York<\/h3>\n\n\n\n<p>Poseer una pistola cargada en New York es un delito grave con una condena obligatoria de 3 a\u00f1os y medio a 15 a\u00f1os de prisi\u00f3n. Adem\u00e1s, es ilegal disparar un arma a otra persona en p\u00fablico, o en cualquier lugar donde otra persona pueda estar en peligro, como a menos de 500 pies de una casa, iglesia, escuela o negocio, excepto en defensa propia. Tambi\u00e9n es ilegal desfigurar el n\u00famero de serie de un arma o comprar un arma con un n\u00famero de serie desfigurado.<\/p>\n\n\n\n<p>Adem\u00e1s, es ilegal llevar una pistola, escopeta o rifle en los edificios o terrenos de cualquier escuela, colegio, universidad u otros locales utilizados con fines educativos. Sin embargo, no es delito poseer un arma en las zonas forestales que son propiedad y est\u00e1n mantenidas por la Universidad Estatal de New York Facultad de Ciencias Ambientales y Silvicultura sin obtener permiso por escrito de la instituci\u00f3n.<\/p>\n\n\n\n<p>Desde que se aprob\u00f3 la Ley de Seguridad de las Armas de Fuego y las Municiones, han aumentado los cargos por delitos graves contra personas que portan armas en el aeropuerto. Tambi\u00e9n se realizan ahora m\u00e1s comprobaciones de antecedentes antes de que una persona compre un arma. El proceso de control y autorizaci\u00f3n en el New York depende del tipo de arma de fuego.<\/p>\n\n\n\n<p>Todas las ventas de armas en l\u00ednea deben realizarse a trav\u00e9s de un vendedor que posea una licencia federal de armas de fuego. El vendedor tambi\u00e9n est\u00e1 obligado a comprobar los antecedentes de la persona que compra el arma.<\/p>\n\n\n\n<p>Las personas que infringen las leyes sobre armas se enfrentan a una serie de duras penas. Los delitos con armas incluyen blandir un arma en un recinto escolar, comprar armas ilegalmente y utilizar armas en delitos, entre otros. Cualquiera que utilice un arma de fuego cargada durante una venta de drogas o un delito violento se enfrenta a una pena m\u00ednima de cinco a\u00f1os de prisi\u00f3n. Un delito que implique a \"compradores de paja\", o personas que pasan un control de antecedentes para comprar armas para otros, se clasifica como delito grave de clase D.<\/p>\n\n\n\n<p>Consulte a un abogado experto en Brill Legal Group sobre las leyes de armas de New York para obtener m\u00e1s informaci\u00f3n sobre sus derechos.<\/p>\n\n\n\n<h3 class=\"wp-block-heading\">New York City Leyes sobre armas<\/h3>\n\n\n\n<p>Se requiere un permiso New York City y un certificado de registro para comprar o poseer cualquier tipo de arma de fuego en New York City, incluyendo rifles y escopetas. Un permiso expedido en cualquier otra parte del estado no es v\u00e1lido en New York City, a menos que el titular del arma est\u00e9 viajando ininterrumpidamente a trav\u00e9s de la ciudad con el arma en un contenedor cerrado con llave, est\u00e9 en el ej\u00e9rcito, sea un oficial de la paz, sea miembro de un club de rifle civil o colegiado, o est\u00e9 transportando armas como mercanc\u00eda.<\/p>\n\n\n\n<p>De forma similar al sistema de permisos del estado de New York, New York City ofrece diferentes tipos de permisos, entre los que se incluyen los permisos para poseer un arma en la propia residencia o lugar de trabajo, los permisos para poseer armas de punter\u00eda y los permisos para portar armas. Para obtener un permiso para portar armas, los solicitantes deben demostrar en sus solicitudes la necesidad de llevar un arma encima y, si se les concede, deben llevar el permiso consigo en todo momento cuando lleven armas cortas.<\/p>\n\n\n\n<p>Para llevar un rifle o una escopeta en p\u00fablico en New York City, debe estar encerrado en un estuche. Para tener legalmente un rifle o una escopeta en un veh\u00edculo, no debe estar cargado ni ser f\u00e1cilmente accesible. Un rifle o una escopeta pueden guardarse sin funda en el maletero de un veh\u00edculo, pero deben estar descargados.<\/p>\n\n\n\n<p>Llevar un rifle o una escopeta cargados dentro de los l\u00edmites de la ciudad es un delito menor castigado con una multa de hasta $1.000 y\/o una pena de c\u00e1rcel de hasta un a\u00f1o por un primer delito. Llevar un rifle o una escopeta sin carcasa es un delito menor castigado con una multa de hasta $50 y\/o una pena de c\u00e1rcel de 30 d\u00edas por un primer delito.<\/p>\n\n\n\n<p>Es ilegal disparar un arma dentro de los l\u00edmites de la ciudad, salvo en determinadas zonas designadas por la polic\u00eda o en defensa propia.<br>Las penas por poseer un arma ilegalmente en New York son severas. Si se enfrenta a cargos relacionados con la posesi\u00f3n de armas, p\u00f3ngase en contacto r\u00e1pidamente con un abogado con experiencia en defensa criminal.<\/p>\n\n\n\n<h3 class=\"wp-block-heading\">Hable con un abogado sobre las leyes de armas<\/h3>\n\n\n\n<p>Si se enfrenta a cargos por armas de fuego en New York, hable con un abogado de nuestro bufete poni\u00e9ndose en contacto con nosotros en l\u00ednea. Tambi\u00e9n puede llamarnos en Suffolk al 631-204-8254, Manhattan al 212-233-4141, Nassau al 516-206-2002 o gratis al 888-315-9841.<\/p>","protected":false},"excerpt":{"rendered":"<p>New York tiene algunas de las leyes de armas m\u00e1s estrictas y complicadas del pa\u00eds. A la complejidad se suma el hecho de que New York City tiene diferentes leyes de armas que New York estado. Conocer las normas \u00fanicas de los estados New York City y New York puede ayudar a los propietarios de armas a comprender sus derechos legales y...<\/p>","protected":false},"author":1,"featured_media":5855,"parent":272,"menu_order":0,"comment_status":"closed","ping_status":"closed","template":"","meta":{"_acf_changed":false,"episode_type":"","audio_file":"","cover_image":"","cover_image_id":"","duration":"","filesize":"","date_recorded":"","explicit":"","block":"","itunes_episode_number":"","itunes_title":"","itunes_season_number":"","itunes_episode_type":"","filesize_raw":"","footnotes":""},"class_list":["post-282","page","type-page","status-publish","has-post-thumbnail","hentry"],"acf":[],"_links":{"self":[{"href":"https:\/\/www.brill-legal.com\/es\/wp-json\/wp\/v2\/pages\/282","targetHints":{"allow":["GET"]}}],"collection":[{"href":"https:\/\/www.brill-legal.com\/es\/wp-json\/wp\/v2\/pages"}],"about":[{"href":"https:\/\/www.brill-legal.com\/es\/wp-json\/wp\/v2\/types\/page"}],"author":[{"embeddable":true,"href":"https:\/\/www.brill-legal.com\/es\/wp-json\/wp\/v2\/users\/1"}],"replies":[{"embeddable":true,"href":"https:\/\/www.brill-legal.com\/es\/wp-json\/wp\/v2\/comments?post=282"}],"version-history":[{"count":6,"href":"https:\/\/www.brill-legal.com\/es\/wp-json\/wp\/v2\/pages\/282\/revisions"}],"predecessor-version":[{"id":5890,"href":"https:\/\/www.brill-legal.com\/es\/wp-json\/wp\/v2\/pages\/282\/revisions\/5890"}],"up":[{"embeddable":true,"href":"https:\/\/www.brill-legal.com\/es\/wp-json\/wp\/v2\/pages\/272"}],"wp:featuredmedia":[{"embeddable":true,"href":"https:\/\/www.brill-legal.com\/es\/wp-json\/wp\/v2\/media\/5855"}],"wp:attachment":[{"href":"https:\/\/www.brill-legal.com\/es\/wp-json\/wp\/v2\/media?parent=282"}],"curies":[{"name":"wp","href":"https:\/\/api.w.org\/{rel}","templated":true}]}}