{"id":2793,"date":"2017-11-06T19:47:21","date_gmt":"2017-11-06T19:47:21","guid":{"rendered":"https:\/\/www.brill-legal.com\/?page_id=2793"},"modified":"2018-11-15T19:22:12","modified_gmt":"2018-11-15T19:22:12","slug":"detenido-por-conducir-ebrio-en-el-aeropuerto-de-laguardia","status":"publish","type":"page","link":"https:\/\/www.brill-legal.com\/es\/nuestros-servicios\/defensa-penal\/detenido-en-el-aeropuerto-de-laguardia\/detenido-por-conducir-ebrio-en-el-aeropuerto-de-laguardia\/","title":{"rendered":"Detenido por conducir ebrio en el aeropuerto de LaGuardia"},"content":{"rendered":"<p>El aeropuerto LaGuardia de New York es conocido por contar con estrictas medidas de seguridad y por adoptar un enfoque de tolerancia cero cuando se infringen las leyes estatales. Como resultado, los delitos que se producen en el aeropuerto no se toman a la ligera. Es probable que las fuerzas del orden persigan a las personas cuyas acciones amenacen la seguridad de otros pasajeros, de la tripulaci\u00f3n de la aerol\u00ednea o del personal del aeropuerto.<\/p>\n<p>Si le detienen por conducir bajo los efectos del alcohol o las drogas en el aeropuerto de LaGuardia, puede enfrentarse a cargos por delitos menores o graves. Los cargos por DUI no s\u00f3lo pueden conducir a la p\u00e9rdida de sus privilegios de conducci\u00f3n y otras penas severas, sino que tambi\u00e9n es probable que afecten a otras partes de su vida, como su empleo y su libertad. Adem\u00e1s, aquellos con condenas anteriores por un delito de DUI son propensos a recibir una sentencia m\u00e1s dura. <\/p>\n<p>Ser arrestado por un delito de DUI puede ser una experiencia estresante y confusa Los individuos podr\u00edan enfrentarse a castigos m\u00e1s severos si son menores de edad, acusados de conducir con un ni\u00f1o en el coche o de poner en peligro a otra persona. Por ejemplo, conducir bajo los efectos del alcohol en la zona de salidas del aeropuerto podr\u00eda exponer a los pasajeros cercanos al riesgo de sufrir lesiones graves. <\/p>\n<p>Si fueras <a href=\"https:\/\/www.brill-legal.com\/es\/nuestros-servicios\/defensa-penal\/dwi\/\">detenido por conducir ebrio<\/a> en el aeropuerto de LaGuardia, <a href=\"https:\/\/www.brill-legal.com\/es\/pongase-en-contacto-con\/\">contacte con abogados experimentados<\/a> al Brill Legal Group. Vamos a revisar todos los detalles de su caso y construir una defensa eficaz para luchar contra los cargos en su contra y mantenerlo fuera de la c\u00e1rcel. Nuestros abogados est\u00e1n aqu\u00ed para ayudarle a obtener el mejor resultado posible, si eso implica tener los cargos reducidos o retirados por completo.<\/p>","protected":false},"excerpt":{"rendered":"<p>El aeropuerto LaGuardia de New York es conocido por contar con estrictas medidas de seguridad y por adoptar un enfoque de tolerancia cero cuando se infringen las leyes estatales. Como resultado, los delitos que se producen en el aeropuerto no se toman a la ligera. Es probable que los funcionarios encargados de hacer cumplir la ley procesen a individuos cuyas acciones amenacen la seguridad de otros pasajeros, de la tripulaci\u00f3n de la aerol\u00ednea o...<\/p>","protected":false},"author":1,"featured_media":2775,"parent":2751,"menu_order":0,"comment_status":"closed","ping_status":"closed","template":"","meta":{"_acf_changed":false,"episode_type":"","audio_file":"","cover_image":"","cover_image_id":"","duration":"","filesize":"","date_recorded":"","explicit":"","block":"","itunes_episode_number":"","itunes_title":"","itunes_season_number":"","itunes_episode_type":"","filesize_raw":"","footnotes":""},"class_list":["post-2793","page","type-page","status-publish","has-post-thumbnail","hentry"],"acf":[],"_links":{"self":[{"href":"https:\/\/www.brill-legal.com\/es\/wp-json\/wp\/v2\/pages\/2793","targetHints":{"allow":["GET"]}}],"collection":[{"href":"https:\/\/www.brill-legal.com\/es\/wp-json\/wp\/v2\/pages"}],"about":[{"href":"https:\/\/www.brill-legal.com\/es\/wp-json\/wp\/v2\/types\/page"}],"author":[{"embeddable":true,"href":"https:\/\/www.brill-legal.com\/es\/wp-json\/wp\/v2\/users\/1"}],"replies":[{"embeddable":true,"href":"https:\/\/www.brill-legal.com\/es\/wp-json\/wp\/v2\/comments?post=2793"}],"version-history":[{"count":1,"href":"https:\/\/www.brill-legal.com\/es\/wp-json\/wp\/v2\/pages\/2793\/revisions"}],"predecessor-version":[{"id":2794,"href":"https:\/\/www.brill-legal.com\/es\/wp-json\/wp\/v2\/pages\/2793\/revisions\/2794"}],"up":[{"embeddable":true,"href":"https:\/\/www.brill-legal.com\/es\/wp-json\/wp\/v2\/pages\/2751"}],"wp:featuredmedia":[{"embeddable":true,"href":"https:\/\/www.brill-legal.com\/es\/wp-json\/wp\/v2\/media\/2775"}],"wp:attachment":[{"href":"https:\/\/www.brill-legal.com\/es\/wp-json\/wp\/v2\/media?parent=2793"}],"curies":[{"name":"wp","href":"https:\/\/api.w.org\/{rel}","templated":true}]}}