{"id":2790,"date":"2017-11-06T19:44:53","date_gmt":"2017-11-06T19:44:53","guid":{"rendered":"https:\/\/www.brill-legal.com\/?page_id=2790"},"modified":"2018-11-15T19:21:11","modified_gmt":"2018-11-15T19:21:11","slug":"detenido-por-agresion-en-el-aeropuerto-de-laguardia","status":"publish","type":"page","link":"https:\/\/www.brill-legal.com\/es\/nuestros-servicios\/defensa-penal\/detenido-en-el-aeropuerto-de-laguardia\/detenido-por-agresion-en-el-aeropuerto-de-laguardia\/","title":{"rendered":"Detenido por agresi\u00f3n en el aeropuerto de LaGuardia"},"content":{"rendered":"<p>El aeropuerto de LaGuardia en New York City sirve de centro neur\u00e1lgico para viajeros de todo el pa\u00eds. Las personas detenidas por cometer un delito en el aeropuerto podr\u00edan enfrentarse a graves consecuencias, ya que sus acciones podr\u00edan poner en peligro la seguridad de innumerables pasajeros y del personal del aeropuerto.<\/p>\n<p>Los cargos de asalto pueden surgir de causar intencionalmente o imprudentemente da\u00f1o f\u00edsico a otra persona. Un individuo arrestado por asalto en el Aeropuerto LaGuardia puede enfrentarse a cargos por delitos graves de asalto en diferentes grados. La gravedad de los cargos depende de varios factores, como la edad de la v\u00edctima y del agresor, el alcance de las lesiones de la v\u00edctima, la intenci\u00f3n del agresor y si se utiliz\u00f3 un arma.<\/p>\n<p>Seg\u00fan el C\u00f3digo Penal New York, hay tres tipos diferentes de agresi\u00f3n: agresi\u00f3n en tercer grado, segundo grado y primer grado. Cada nivel de agresi\u00f3n conlleva sus propias penas, que van desde la libertad condicional a penas de prisi\u00f3n. El cargo m\u00e1s grave de los tres es el de agresi\u00f3n en primer grado, en el que una persona puede ser acusada de herir gravemente a otra utilizando un arma mortal, con la intenci\u00f3n de desfigurarla o con una conducta que la expone al riesgo de muerte.<\/p>\n<p>Las leyes que rigen los cargos por agresi\u00f3n son complejas, ya que es probable que haya m\u00e1s de una persona implicada en el incidente. En algunos casos, una persona acusada de agresi\u00f3n puede simplemente estar defendi\u00e9ndose sin intenci\u00f3n de da\u00f1ar a otro individuo.<\/p>\n<p><a href=\"https:\/\/www.brill-legal.com\/es\/nuestros-servicios\/defensa-penal\/asalto\/\">Cargos por agresi\u00f3n en New York<\/a> son muy graves. Si usted ha sido arrestado por asalto en el aeropuerto LaGuardia, <a href=\"https:\/\/www.brill-legal.com\/es\/pongase-en-contacto-con\/\">contacte con abogados experimentados<\/a> en Brill Legal Group. En estos casos, es importante reunir los datos de contacto de los testigos, as\u00ed como obtener las grabaciones de v\u00eddeo de las c\u00e1maras de seguridad donde se produjo la supuesta agresi\u00f3n antes de que sean destruidas. Sabemos c\u00f3mo utilizar todos los recursos disponibles y construir una defensa agresiva para luchar contra los cargos presentados contra usted.<\/p>","protected":false},"excerpt":{"rendered":"<p>El aeropuerto de LaGuardia en New York City sirve de centro neur\u00e1lgico para viajeros de todo el pa\u00eds. Las personas detenidas por cometer un delito en el aeropuerto podr\u00edan enfrentarse a graves consecuencias, ya que sus acciones pueden poner en peligro la seguridad de innumerables pasajeros y personal del aeropuerto. Los cargos por agresi\u00f3n pueden surgir por causar intencionada o imprudentemente...<\/p>","protected":false},"author":1,"featured_media":2791,"parent":2751,"menu_order":0,"comment_status":"closed","ping_status":"closed","template":"","meta":{"_acf_changed":false,"episode_type":"","audio_file":"","cover_image":"","cover_image_id":"","duration":"","filesize":"","date_recorded":"","explicit":"","block":"","itunes_episode_number":"","itunes_title":"","itunes_season_number":"","itunes_episode_type":"","filesize_raw":"","footnotes":""},"class_list":["post-2790","page","type-page","status-publish","has-post-thumbnail","hentry"],"acf":[],"_links":{"self":[{"href":"https:\/\/www.brill-legal.com\/es\/wp-json\/wp\/v2\/pages\/2790","targetHints":{"allow":["GET"]}}],"collection":[{"href":"https:\/\/www.brill-legal.com\/es\/wp-json\/wp\/v2\/pages"}],"about":[{"href":"https:\/\/www.brill-legal.com\/es\/wp-json\/wp\/v2\/types\/page"}],"author":[{"embeddable":true,"href":"https:\/\/www.brill-legal.com\/es\/wp-json\/wp\/v2\/users\/1"}],"replies":[{"embeddable":true,"href":"https:\/\/www.brill-legal.com\/es\/wp-json\/wp\/v2\/comments?post=2790"}],"version-history":[{"count":1,"href":"https:\/\/www.brill-legal.com\/es\/wp-json\/wp\/v2\/pages\/2790\/revisions"}],"predecessor-version":[{"id":2792,"href":"https:\/\/www.brill-legal.com\/es\/wp-json\/wp\/v2\/pages\/2790\/revisions\/2792"}],"up":[{"embeddable":true,"href":"https:\/\/www.brill-legal.com\/es\/wp-json\/wp\/v2\/pages\/2751"}],"wp:featuredmedia":[{"embeddable":true,"href":"https:\/\/www.brill-legal.com\/es\/wp-json\/wp\/v2\/media\/2791"}],"wp:attachment":[{"href":"https:\/\/www.brill-legal.com\/es\/wp-json\/wp\/v2\/media?parent=2790"}],"curies":[{"name":"wp","href":"https:\/\/api.w.org\/{rel}","templated":true}]}}