{"id":278,"date":"2015-12-08T04:49:10","date_gmt":"2015-12-08T04:49:10","guid":{"rendered":"http:\/\/host2.adviahost.net\/~brilllegal\/?page_id=278"},"modified":"2025-11-28T21:42:07","modified_gmt":"2025-11-28T21:42:07","slug":"recursos-penales-2","status":"publish","type":"page","link":"https:\/\/www.brill-legal.com\/es\/nuestros-servicios\/defensa-penal\/recursos-penales-2\/","title":{"rendered":"Recursos penales"},"content":{"rendered":"<h3 class=\"wp-block-heading\">Detr\u00e1s del recurso penal<\/h3>\n\n\n\n<p>El sistema legal puede ser muy intimidante. Muchos acusados de Long Island o New York City aceptan sus sentencias sin cuestionarlas y soportan toda una vida de injusticia. Con frecuencia, cuando un caso penal es examinado por un abogado experto en apelaciones de Long Island y New York City, se descubren las causas potenciales de su sentencia inapropiada. El proceso de apelaci\u00f3n penal est\u00e1 dise\u00f1ado para dar a los acusados otra oportunidad de presentar su caso ante un tribunal superior, como el Tribunal de Apelaci\u00f3n de New York, la Divisi\u00f3n de Apelaci\u00f3n del Estado de New York, el Tribunal de Apelaci\u00f3n del Estado de New York o el Tribunal de Apelaci\u00f3n del Circuito Federal.<\/p>\n\n\n\n<p><strong>Llevar su caso a un tribunal superior<\/strong><\/p>\n\n\n\n<p>Aunque hay muchas buenas razones para interponer un recurso penal, algunos de los errores m\u00e1s comunes son:<\/p>\n\n\n\n<ul class=\"wp-block-list\">\n<li>El tribunal de primera instancia puede haber excluido pruebas de la defensa que deber\u00edan haber sido o\u00eddas por el jurado.<\/li>\n\n\n\n<li>El tribunal puede haber permitido que el jurado escuchara pruebas de la acusaci\u00f3n que deber\u00edan haber sido excluidas.<\/li>\n\n\n\n<li>Los fiscales pueden cometer errores involuntarios o cometer faltas intencionadas.<\/li>\n\n\n\n<li>Los abogados defensores pueden cometer errores que priven al acusado de la asistencia letrada efectiva.<\/li>\n<\/ul>\n\n\n\n<p>Tales acciones constituyen motivo suficiente para que un tribunal superior New York o federal anule su condena mediante el proceso de apelaci\u00f3n penal.<\/p>\n\n\n\n<p><strong>Comprender el recurso penal<\/strong><\/p>\n\n\n\n<p>Una apelaci\u00f3n penal es el proceso por el cual una decisi\u00f3n de un tribunal inferior es revisada por un tribunal superior. Una apelaci\u00f3n es un argumento legal; el tribunal superior (como la Divisi\u00f3n de Apelaciones New York o el Tribunal de Apelaciones del Circuito Federal) determina si el tribunal inferior se equivoc\u00f3 en su aplicaci\u00f3n e interpretaci\u00f3n de la ley. Un tribunal superior tambi\u00e9n examinar\u00e1 si la sentencia del tribunal inferior fue correcta a la luz de las pruebas presentadas en el juicio. No se admiten nuevas pruebas en una apelaci\u00f3n penal estatal o federal New York a menos que concurran circunstancias excepcionales. En este caso, la contrataci\u00f3n de un <a href=\"https:\/\/www.brill-legal.com\/es\/nuestros-servicios\/defensa-penal\/abogado-de-defensa-criminal-en-manhattan\/\">con experiencia en Manhattan<\/a> y Suffolk County abogado de apelaciones penales ser\u00e1 uno de los factores decisivos en el \u00e9xito de su caso.<\/p>\n\n\n\n<p><strong>Ejerza su derecho de recurso<\/strong><\/p>\n\n\n\n<p>Si usted ha sido injustamente condenado por un delito, demostrar su inocencia puede ser dif\u00edcil. Por esta raz\u00f3n, ponerse en contacto con un abogado de apelaci\u00f3n New York talento, como los de la Brill Legal Group, es su defensa m\u00e1s inteligente.<\/p>\n\n\n\n<p>En el Brill Legal Group, nuestros abogados de apelaci\u00f3n son profesionales con talento y centrados en las apelaciones penales. A menudo se nos pide consultar en los escritos de apelaci\u00f3n de otros abogados antes de que se presenten ante el tribunal, e incluso nuestros adversarios han comentado favorablemente sobre la fuerza de nuestros argumentos. Luchamos duro durante su proceso de apelaci\u00f3n penal New York para conseguir que el resultado m\u00e1s favorable posible. Utilizamos investigadores privados experimentados y peritos criminalistas para demostrar su inocencia. Nos encargamos de todos los aspectos de las apelaciones penales New York y escritos, y le animamos a<\/p>","protected":false},"excerpt":{"rendered":"<p>Detr\u00e1s de la apelaci\u00f3n penal El sistema legal puede ser muy intimidante. Muchos acusados de Long Island o New York City aceptan sus sentencias sin cuestionarlas y soportan toda una vida de injusticia. Con frecuencia, cuando un caso penal es examinado por un abogado experto en apelaciones de Long Island y New York City, las causas potenciales de su sentencia inapropiada...<\/p>","protected":false},"author":1,"featured_media":4930,"parent":75,"menu_order":0,"comment_status":"closed","ping_status":"closed","template":"","meta":{"_acf_changed":false,"episode_type":"","audio_file":"","cover_image":"","cover_image_id":"","duration":"","filesize":"","date_recorded":"","explicit":"","block":"","itunes_episode_number":"","itunes_title":"","itunes_season_number":"","itunes_episode_type":"","filesize_raw":"","footnotes":""},"class_list":["post-278","page","type-page","status-publish","has-post-thumbnail","hentry"],"acf":[],"_links":{"self":[{"href":"https:\/\/www.brill-legal.com\/es\/wp-json\/wp\/v2\/pages\/278","targetHints":{"allow":["GET"]}}],"collection":[{"href":"https:\/\/www.brill-legal.com\/es\/wp-json\/wp\/v2\/pages"}],"about":[{"href":"https:\/\/www.brill-legal.com\/es\/wp-json\/wp\/v2\/types\/page"}],"author":[{"embeddable":true,"href":"https:\/\/www.brill-legal.com\/es\/wp-json\/wp\/v2\/users\/1"}],"replies":[{"embeddable":true,"href":"https:\/\/www.brill-legal.com\/es\/wp-json\/wp\/v2\/comments?post=278"}],"version-history":[{"count":19,"href":"https:\/\/www.brill-legal.com\/es\/wp-json\/wp\/v2\/pages\/278\/revisions"}],"predecessor-version":[{"id":7344,"href":"https:\/\/www.brill-legal.com\/es\/wp-json\/wp\/v2\/pages\/278\/revisions\/7344"}],"up":[{"embeddable":true,"href":"https:\/\/www.brill-legal.com\/es\/wp-json\/wp\/v2\/pages\/75"}],"wp:featuredmedia":[{"embeddable":true,"href":"https:\/\/www.brill-legal.com\/es\/wp-json\/wp\/v2\/media\/4930"}],"wp:attachment":[{"href":"https:\/\/www.brill-legal.com\/es\/wp-json\/wp\/v2\/media?parent=278"}],"curies":[{"name":"wp","href":"https:\/\/api.w.org\/{rel}","templated":true}]}}