{"id":2767,"date":"2017-11-06T19:13:49","date_gmt":"2017-11-06T19:13:49","guid":{"rendered":"https:\/\/www.brill-legal.com\/?page_id=2767"},"modified":"2022-12-08T20:44:30","modified_gmt":"2022-12-08T20:44:30","slug":"detenido-por-posesion-de-drogas-en-el-aeropuerto-internacional-jfk","status":"publish","type":"page","link":"https:\/\/www.brill-legal.com\/es\/nuestros-servicios\/defensa-penal\/detenido-en-el-aeropuerto-internacional-john-f-kennedy\/detenido-por-posesion-de-drogas-en-el-aeropuerto-internacional-jfk\/","title":{"rendered":"Detenido por drogas en el aeropuerto JFK"},"content":{"rendered":"<p>Al ser uno de los aeropuertos m\u00e1s ajetreados del pa\u00eds, el Aeropuerto Internacional JFK est\u00e1 sometido a un alto nivel de seguridad. Debido a su considerable n\u00famero de viajeros, los agentes de la TSA son agresivos en la revisi\u00f3n de los viajeros en busca de contrabando, incluyendo drogas. Es bastante com\u00fan que los viajeros sean detenidos y acusados de posesi\u00f3n de drogas en el aeropuerto JFK despu\u00e9s de un control de seguridad o la revelaci\u00f3n por los perros de la polic\u00eda de que un individuo lleva una sustancia controlada.<\/p>\n\n\n\n<p>Si alguna vez le acusan de posesi\u00f3n de drogas, podr\u00eda sufrir graves da\u00f1os en su reputaci\u00f3n. Y si le condenan, puede ser responsable de fuertes multas, penas de prisi\u00f3n, libertad condicional y otras sanciones.<\/p>\n\n\n\n<p>En los casos relacionados con la marihuana, treinta y nueve estados permiten a la gente consumir legalmente marihuana medicinal para diversas dolencias, como el dolor cr\u00f3nico, los trastornos de ansiedad o el estr\u00e9s. Sin embargo, en algunos estados es ilegal volar con marihuana en el equipaje de mano o facturado. En el estado de New York, a partir del 31 de marzo de 2021, ya no es delito fumar o poseer cantidades limitadas de cannabis en New York.<\/p>\n\n\n\n<p>No obstante, algunos pasajeros, sobre todo en vuelos nacionales, se arriesgan a viajar con marihuana. Los agentes de la TSA permiten llevar en el equipaje de mano tres onzas de cannabis y veinticinco gramos de concentrado de cannabis. Sin embargo, el viaje puede variar de un estado a otro. Si t\u00fa o alguien que conoces planean viajar a un estado donde la marihuana es ilegal, pueden enfrentarse a cargos y tener que pagar multas. Las leyes de cada estado y la situaci\u00f3n de cada persona es diferente, por lo que es mejor hablar con un abogado con experiencia en defensa de posesi\u00f3n de drogas New York tan pronto como sea posible.<\/p>\n\n\n\n<p>Un incidente en el que se detuvo a personas por posesi\u00f3n de drogas en el aeropuerto internacional JFK ocurri\u00f3 el 24 de marzo, cuando se transport\u00f3 al aeropuerto hero\u00edna por valor de m\u00e1s de $1 millones. Dos hombres de New York utilizaron un perro para que les ayudara a ocultar 10 ladrillos de hero\u00edna en el falso fondo de una caja enviada desde Puerto Rico al JFK. Sin embargo, la polic\u00eda pudo incautarse de m\u00e1s de 10 kilogramos de hero\u00edna ocultos en la caja. Ambos hombres se enfrentan a cargos de posesi\u00f3n de drogas y conspiraci\u00f3n. Se fij\u00f3 una fianza de $500.000 o $250.000 en efectivo para cada acusado y, si son declarados culpables, podr\u00edan pasar un m\u00e1ximo de 20 a\u00f1os en prisi\u00f3n.<\/p>\n\n\n\n<p>Si se enfrenta a una detenci\u00f3n por <a href=\"https:\/\/www.brill-legal.com\/es\/nuestros-servicios\/defensa-penal\/delitos-de-drogas\/posesion-o-venta-de-drogas\/\">posesi\u00f3n de drogas<\/a> en el aeropuerto internacional JFK, llame al <a href=\"https:\/\/www.brill-legal.com\/es\/nuestros-servicios\/defensa-penal\/\">abogados penalistas en aeropuertos<\/a> en el Brill Legal Group. Ellos abogar\u00e1n celosamente en su nombre con el fin de tener los cargos reducidos o incluso desestimados.<\/p>","protected":false},"excerpt":{"rendered":"<p>Al ser uno de los aeropuertos m\u00e1s ajetreados del pa\u00eds, el Aeropuerto Internacional JFK est\u00e1 sometido a un alto nivel de seguridad. Debido a su considerable n\u00famero de viajeros, los agentes de la TSA son agresivos a la hora de inspeccionar a los viajeros en busca de contrabando, incluidas las drogas. Es bastante com\u00fan que los viajeros sean detenidos y acusados de posesi\u00f3n de drogas...<\/p>","protected":false},"author":1,"featured_media":4973,"parent":2753,"menu_order":0,"comment_status":"closed","ping_status":"closed","template":"","meta":{"_acf_changed":false,"episode_type":"","audio_file":"","cover_image":"","cover_image_id":"","duration":"","filesize":"","date_recorded":"","explicit":"","block":"","itunes_episode_number":"","itunes_title":"","itunes_season_number":"","itunes_episode_type":"","filesize_raw":"","footnotes":""},"class_list":["post-2767","page","type-page","status-publish","has-post-thumbnail","hentry"],"acf":[],"_links":{"self":[{"href":"https:\/\/www.brill-legal.com\/es\/wp-json\/wp\/v2\/pages\/2767","targetHints":{"allow":["GET"]}}],"collection":[{"href":"https:\/\/www.brill-legal.com\/es\/wp-json\/wp\/v2\/pages"}],"about":[{"href":"https:\/\/www.brill-legal.com\/es\/wp-json\/wp\/v2\/types\/page"}],"author":[{"embeddable":true,"href":"https:\/\/www.brill-legal.com\/es\/wp-json\/wp\/v2\/users\/1"}],"replies":[{"embeddable":true,"href":"https:\/\/www.brill-legal.com\/es\/wp-json\/wp\/v2\/comments?post=2767"}],"version-history":[{"count":5,"href":"https:\/\/www.brill-legal.com\/es\/wp-json\/wp\/v2\/pages\/2767\/revisions"}],"predecessor-version":[{"id":6534,"href":"https:\/\/www.brill-legal.com\/es\/wp-json\/wp\/v2\/pages\/2767\/revisions\/6534"}],"up":[{"embeddable":true,"href":"https:\/\/www.brill-legal.com\/es\/wp-json\/wp\/v2\/pages\/2753"}],"wp:featuredmedia":[{"embeddable":true,"href":"https:\/\/www.brill-legal.com\/es\/wp-json\/wp\/v2\/media\/4973"}],"wp:attachment":[{"href":"https:\/\/www.brill-legal.com\/es\/wp-json\/wp\/v2\/media?parent=2767"}],"curies":[{"name":"wp","href":"https:\/\/api.w.org\/{rel}","templated":true}]}}