{"id":2764,"date":"2017-11-06T19:11:13","date_gmt":"2017-11-06T19:11:13","guid":{"rendered":"https:\/\/www.brill-legal.com\/?page_id=2764"},"modified":"2018-11-14T22:16:45","modified_gmt":"2018-11-14T22:16:45","slug":"detenido-por-pasar-el-control-de-seguridad-con-un-arma-en-el-aeropuerto-internacional-jfk","status":"publish","type":"page","link":"https:\/\/www.brill-legal.com\/es\/nuestros-servicios\/defensa-penal\/detenido-en-el-aeropuerto-internacional-john-f-kennedy\/detenido-por-pasar-el-control-de-seguridad-con-un-arma-en-el-aeropuerto-internacional-jfk\/","title":{"rendered":"Detenido por pasar el control de seguridad con un arma en el aeropuerto internacional JFK"},"content":{"rendered":"<p>La seguridad en el aeropuerto internacional JFK es estricta, y con la proximidad de las vacaciones, es probable que sea a\u00fan m\u00e1s estricta. Si va a volar desde el JFK, y tiene intenci\u00f3n de llevar un arma, debe familiarizarse con las leyes del New York City relativas a viajar con armas. Si desconoce las leyes, podr\u00eda enfrentarse a graves cargos penales.<\/p>\n<p>Tal fue el caso de dos mujeres que intentaron portar armas a trav\u00e9s de los controles de seguridad del aeropuerto JFK. No parec\u00edan trabajar juntas, aunque fueron sorprendidas aproximadamente a la misma hora. Fue poco despu\u00e9s de las siete de la ma\u00f1ana de un jueves de febrero de 2015. <\/p>\n<p>En el primer caso, un agente de la TSA cuya m\u00e1quina de rayos X detect\u00f3 una pistola semiautom\u00e1tica del calibre 40 en un bolso, detuvo a una mujer de Chatham, New York. Ella dijo que no recordaba que el arma estuviera en su bolso. La polic\u00eda la detuvo acusada de tenencia de armas. <\/p>\n<p>En el segundo caso, una mujer de Brooklyn llevaba, dentro de su equipaje, una pistola de aire comprimido alimentada con CO2, de aspecto casi id\u00e9ntico a la pistola de calibre 40 encontrada a la primera mujer. Se le impuso una orden de comparecencia.<\/p>\n<p>Aunque no est\u00e1 permitido llevar armas ni munici\u00f3n en el avi\u00f3n, los viajeros pueden transportar armas de fuego siempre que est\u00e9n descargadas, embaladas en un estuche r\u00edgido con cerradura, separadas de la munici\u00f3n, y declaradas a la compa\u00f1\u00eda a\u00e9rea. <\/p>\n<p>Adem\u00e1s, se aconseja a los viajeros que se pongan en contacto con la aerol\u00ednea con antelaci\u00f3n a su vuelo porque cada aerol\u00ednea tiene sus propias pol\u00edticas respecto a viajar con armas. Adem\u00e1s, dado que las leyes sobre tenencia de armas difieren seg\u00fan el estado y la localidad, se recomienda a los viajeros que se familiaricen con las leyes sobre armas de fuego de cada estado al que viajen y desde el que viajen.<\/p>\n<p>Si le han detenido por pasar el control de seguridad del aeropuerto con un arma en el aeropuerto internacional JFK, llame al <a href=\"https:\/\/www.brill-legal.com\/es\/nuestros-servicios\/defensa-penal\/\">abogados penalistas en aeropuertos<\/a> en el Brill Legal Group. Luchar\u00e1n en\u00e9rgicamente por sus derechos y se esforzar\u00e1n por alcanzar una resoluci\u00f3n favorable para su caso.<\/p>","protected":false},"excerpt":{"rendered":"<p>La seguridad en el aeropuerto internacional JFK es estricta, y con la proximidad de las vacaciones, es probable que sea a\u00fan m\u00e1s estricta. Si va a volar desde el JFK, y tiene intenci\u00f3n de llevar un arma, deber\u00eda familiarizarse con las leyes del New York City relativas a viajar con armas. Si desconoce las leyes...<\/p>","protected":false},"author":1,"featured_media":2765,"parent":2753,"menu_order":0,"comment_status":"closed","ping_status":"closed","template":"","meta":{"_acf_changed":false,"episode_type":"","audio_file":"","cover_image":"","cover_image_id":"","duration":"","filesize":"","date_recorded":"","explicit":"","block":"","itunes_episode_number":"","itunes_title":"","itunes_season_number":"","itunes_episode_type":"","filesize_raw":"","footnotes":""},"class_list":["post-2764","page","type-page","status-publish","has-post-thumbnail","hentry"],"acf":[],"_links":{"self":[{"href":"https:\/\/www.brill-legal.com\/es\/wp-json\/wp\/v2\/pages\/2764","targetHints":{"allow":["GET"]}}],"collection":[{"href":"https:\/\/www.brill-legal.com\/es\/wp-json\/wp\/v2\/pages"}],"about":[{"href":"https:\/\/www.brill-legal.com\/es\/wp-json\/wp\/v2\/types\/page"}],"author":[{"embeddable":true,"href":"https:\/\/www.brill-legal.com\/es\/wp-json\/wp\/v2\/users\/1"}],"replies":[{"embeddable":true,"href":"https:\/\/www.brill-legal.com\/es\/wp-json\/wp\/v2\/comments?post=2764"}],"version-history":[{"count":1,"href":"https:\/\/www.brill-legal.com\/es\/wp-json\/wp\/v2\/pages\/2764\/revisions"}],"predecessor-version":[{"id":2766,"href":"https:\/\/www.brill-legal.com\/es\/wp-json\/wp\/v2\/pages\/2764\/revisions\/2766"}],"up":[{"embeddable":true,"href":"https:\/\/www.brill-legal.com\/es\/wp-json\/wp\/v2\/pages\/2753"}],"wp:featuredmedia":[{"embeddable":true,"href":"https:\/\/www.brill-legal.com\/es\/wp-json\/wp\/v2\/media\/2765"}],"wp:attachment":[{"href":"https:\/\/www.brill-legal.com\/es\/wp-json\/wp\/v2\/media?parent=2764"}],"curies":[{"name":"wp","href":"https:\/\/api.w.org\/{rel}","templated":true}]}}