{"id":2760,"date":"2017-11-06T19:08:02","date_gmt":"2017-11-06T19:08:02","guid":{"rendered":"https:\/\/www.brill-legal.com\/?page_id=2760"},"modified":"2018-11-14T22:15:50","modified_gmt":"2018-11-14T22:15:50","slug":"detenido-por-llevar-un-arma-en-el-aeropuerto-internacional-jfk","status":"publish","type":"page","link":"https:\/\/www.brill-legal.com\/es\/nuestros-servicios\/defensa-penal\/detenido-en-el-aeropuerto-internacional-john-f-kennedy\/detenido-por-llevar-un-arma-en-el-aeropuerto-internacional-jfk\/","title":{"rendered":"Detenido por llevar un arma en el aeropuerto internacional JFK"},"content":{"rendered":"<p>Tras el 11-S, las medidas de seguridad aeroportuaria se han vuelto mucho m\u00e1s estrictas. El aeropuerto internacional JFK es un importante centro de viajes en New York City, especialmente durante las vacaciones. Debido a las medidas de seguridad y a las muy estrictas leyes sobre armas de NYC, llegar con un arma al aeropuerto puede acarrear cargos penales muy graves. Si tiene intenci\u00f3n de llevar un arma al Aeropuerto Internacional JFK, es importante que se familiarice con las leyes de New York City relativas a los viajes con armas. Hay varios casos de viajeros que llevaron ilegalmente armas de fuego al JFK.<\/p>\n<p>Uno de esos incidentes ocurri\u00f3 el 6 de septiembre de 2016, solo cinco d\u00edas antes del 15 aniversario de los atentados terroristas del 11-S. Aquella ma\u00f1ana, la Administraci\u00f3n de Seguridad en el Transporte (TSA) del aeropuerto JFK impidi\u00f3 a un hombre subir a un vuelo con una pistola cargada. Llevaba una pistola de 9 mm cargada con 15 balas. El agente de la TSA que estaba en la m\u00e1quina de rayos X del puesto de control se percat\u00f3 de la pistola cuando estaba en la cinta transportadora dentro de la maleta de mano del hombre. La TSA lo detuvo en el puesto de control, y posteriormente fue detenido por la polic\u00eda de la Autoridad Portuaria acusado de tenencia de armas. <\/p>\n<p>Los pasajeros pueden viajar con armas de fuego en el equipaje facturado si est\u00e1n en posesi\u00f3n de los permisos correctos y si las armas est\u00e1n embaladas de la forma adecuada y declaradas. Las armas, como armas de fuego, piezas de armas de fuego, munici\u00f3n y r\u00e9plicas de armas de fuego antiguas o realistas, est\u00e1n permitidas en el equipaje de mano. <\/p>\n<p>Quienes lleven armas de fuego al puesto de control corren el riesgo de enfrentarse a cargos penales por parte de la polic\u00eda y a sanciones civiles por parte de la TSA. Las leyes sobre tenencia de armas de fuego var\u00edan seg\u00fan el estado y la localidad, por lo que se recomienda a los viajeros que comprueben dichas leyes antes de llevar un arma al aeropuerto. <\/p>\n<p>Si se enfrenta a una detenci\u00f3n por <a href=\"https:\/\/www.brill-legal.com\/es\/nuestros-servicios\/defensa-penal\/cargos-por-armas\/\">llevar un arma<\/a> al aeropuerto internacional JFK, llame al <a href=\"https:\/\/www.brill-legal.com\/es\/nuestros-servicios\/defensa-penal\/\">abogados penalistas en aeropuertos<\/a> en Brill Legal Group. Ellos crear\u00e1n una defensa efectiva para usted con el fin de llegar a un resultado favorable.<\/p>","protected":false},"excerpt":{"rendered":"<p>Tras el 11-S, las medidas de seguridad aeroportuaria se han vuelto mucho m\u00e1s estrictas. El aeropuerto internacional JFK es un importante centro de viajes en New York City, especialmente durante las vacaciones. Debido a las medidas de seguridad y a las muy estrictas leyes sobre armas de NYC, llegar con un arma al aeropuerto puede acarrear cargos penales muy graves. Si usted...<\/p>","protected":false},"author":1,"featured_media":2762,"parent":2753,"menu_order":0,"comment_status":"closed","ping_status":"closed","template":"","meta":{"_acf_changed":false,"episode_type":"","audio_file":"","cover_image":"","cover_image_id":"","duration":"","filesize":"","date_recorded":"","explicit":"","block":"","itunes_episode_number":"","itunes_title":"","itunes_season_number":"","itunes_episode_type":"","filesize_raw":"","footnotes":""},"class_list":["post-2760","page","type-page","status-publish","has-post-thumbnail","hentry"],"acf":[],"_links":{"self":[{"href":"https:\/\/www.brill-legal.com\/es\/wp-json\/wp\/v2\/pages\/2760","targetHints":{"allow":["GET"]}}],"collection":[{"href":"https:\/\/www.brill-legal.com\/es\/wp-json\/wp\/v2\/pages"}],"about":[{"href":"https:\/\/www.brill-legal.com\/es\/wp-json\/wp\/v2\/types\/page"}],"author":[{"embeddable":true,"href":"https:\/\/www.brill-legal.com\/es\/wp-json\/wp\/v2\/users\/1"}],"replies":[{"embeddable":true,"href":"https:\/\/www.brill-legal.com\/es\/wp-json\/wp\/v2\/comments?post=2760"}],"version-history":[{"count":2,"href":"https:\/\/www.brill-legal.com\/es\/wp-json\/wp\/v2\/pages\/2760\/revisions"}],"predecessor-version":[{"id":2763,"href":"https:\/\/www.brill-legal.com\/es\/wp-json\/wp\/v2\/pages\/2760\/revisions\/2763"}],"up":[{"embeddable":true,"href":"https:\/\/www.brill-legal.com\/es\/wp-json\/wp\/v2\/pages\/2753"}],"wp:featuredmedia":[{"embeddable":true,"href":"https:\/\/www.brill-legal.com\/es\/wp-json\/wp\/v2\/media\/2762"}],"wp:attachment":[{"href":"https:\/\/www.brill-legal.com\/es\/wp-json\/wp\/v2\/media?parent=2760"}],"curies":[{"name":"wp","href":"https:\/\/api.w.org\/{rel}","templated":true}]}}