{"id":2753,"date":"2017-11-03T21:00:44","date_gmt":"2017-11-03T21:00:44","guid":{"rendered":"https:\/\/www.brill-legal.com\/?page_id=2753"},"modified":"2022-12-08T20:42:44","modified_gmt":"2022-12-08T20:42:44","slug":"detenido-en-el-aeropuerto-internacional-john-f-kennedy","status":"publish","type":"page","link":"https:\/\/www.brill-legal.com\/es\/nuestros-servicios\/defensa-penal\/detenido-en-el-aeropuerto-internacional-john-f-kennedy\/","title":{"rendered":"Detenido en el aeropuerto internacional JFK"},"content":{"rendered":"<p>El Aeropuerto Internacional John F. Kennedy de New York (JFK) es el quinto m\u00e1s transitado del pa\u00eds, con m\u00e1s de 59 millones de pasajeros al a\u00f1o. El JFK tambi\u00e9n gestiona m\u00e1s de 1,2 millones de toneladas m\u00e9tricas de carga y correo al a\u00f1o, lo que lo convierte en el s\u00e9ptimo aeropuerto de carga a\u00e9rea del pa\u00eds.<\/p>\n\n\n\n<p>Una simple b\u00fasqueda en Google utilizando \"detenciones en el JFK\" muestra que el contrabando de drogas es un asunto importante y posiblemente el acto delictivo m\u00e1s com\u00fan por el que se detiene a la gente. Cuando es detenido en el JFK, el acusado puede tener que tratar con agentes federales de Seguridad Nacional, agentes de polic\u00eda de la Autoridad Portuaria o agentes de la NYPD. Ellos llevar\u00e1n a cabo la investigaci\u00f3n inicial y determinar\u00e1n los posibles delitos que se hayan podido cometer.<\/p>\n\n\n\n<p>Dependiendo de la gravedad potencial del delito, el acusado podr\u00eda enfrentarse a cargos federales o ser transferido a las fuerzas de seguridad locales y procesado por los tribunales y el sistema penal del New York. Los cargos penales pueden ser delitos menores o delitos graves, y las penas van desde multas significativas a largas penas de prisi\u00f3n. Si es arrestado en el aeropuerto JFK, los abogados expertos en defensa penal en aeropuertos de Brill Law Group pueden ayudarle a luchar contra los cargos y asegurarse de que se beneficia de sus derechos legales. Lo siguiente es una mirada m\u00e1s cercana a algunas de las detenciones m\u00e1s comunes y los cargos de pasajeros JFK es probable que encuentre.<\/p>\n\n\n\n<p><strong>Detenciones por posesi\u00f3n de drogas<\/strong><br><a href=\"https:\/\/www.brill-legal.com\/es\/nuestros-servicios\/defensa-penal\/detenido-en-el-aeropuerto-internacional-john-f-kennedy\/detenido-por-posesion-de-drogas-en-el-aeropuerto-internacional-jfk\/\">Contrabando de drogas<\/a> es una empresa delictiva muy lucrativa que anima a muchos a correr riesgos que de otro modo no correr\u00edan para ganar dinero r\u00e1pido. Al ser uno de los aeropuertos m\u00e1s transitados del pa\u00eds y estar situado en una regi\u00f3n costera, el JFK es un punto principal de importaci\u00f3n de cargamentos ilegales, incluidas las drogas ilegales.<\/p>\n\n\n\n<p>Recientemente, una mujer de 61 a\u00f1os de Nueva Jersey intent\u00f3 pasar de contrabando casi 5 kilos de hero\u00edna en bolsas con forma de pollo cocido. Los agentes de aduanas del aeropuerto JFK confiscaron la droga, cuyo valor se calcula en $300.000 d\u00f3lares. La mujer se enfrenta ahora a cargos federales por contrabando de estupefacientes en un caso investigado por Homeland Security Investigations.2<\/p>\n\n\n\n<p>La posesi\u00f3n ilegal de drogas adopta muchas formas, que van desde llevar medicamentos recetados sin receta hasta la posesi\u00f3n y el contrabando de hero\u00edna y otras drogas prohibidas a nivel federal. Asimismo, las penas van desde delitos menores y multas hasta delitos graves que conllevan largas penas de prisi\u00f3n.<\/p>\n\n\n\n<p>Una de las formas m\u00e1s comunes de posesi\u00f3n de drogas en el New York fue la posesi\u00f3n de marihuana. Muchos estados permiten el uso recreativo de la marihuana, y la mayor\u00eda tienen leyes sobre marihuana medicinal para ayudar a las personas a sobrellevar el dolor continuo, la ansiedad y otras dolencias f\u00edsicas. Sin embargo, la ley federal proh\u00edbe la marihuana, y llevarla en el equipaje o encima puede llevarte a la c\u00e1rcel. Algunos estados proh\u00edben el transporte de marihuana a trav\u00e9s de los aeropuertos. Otros estados tambi\u00e9n proh\u00edben el transporte interestatal de marihuana, aunque sea legal para uso recreativo dentro de sus respectivas fronteras.<\/p>\n\n\n\n<p><strong>Detenciones por agresi\u00f3n<\/strong><br>Como ocurre en cualquier instalaci\u00f3n p\u00fablica concurrida, la gente tiende a perder los estribos, discutir y ocasionalmente pelearse mientras se encuentra en el aeropuerto JFK. Detenciones por <a href=\"https:\/\/www.brill-legal.com\/es\/nuestros-servicios\/defensa-penal\/detenido-en-el-aeropuerto-internacional-john-f-kennedy\/detenido-por-agresion-en-el-aeropuerto-internacional-jfk\/\">asalto al aeropuerto JFK<\/a> generalmente se consideran delitos graves violentos de clase D o clase B. La diferencia depende de si el agresor utiliz\u00f3 o no un arma, la edad de la v\u00edctima, la intenci\u00f3n de la agresi\u00f3n y la gravedad de las lesiones. La diferencia depende de si el agresor utiliz\u00f3 o no un arma, de la edad de la v\u00edctima, de la intenci\u00f3n de la agresi\u00f3n y del alcance de las lesiones.<\/p>\n\n\n\n<p>Un ejemplo es un caso de marzo de 2017, en el que un hombre de 26 a\u00f1os sac\u00f3 una llave de cruz de su coche y atac\u00f3 a un hombre de 25 a\u00f1os. La polic\u00eda par\u00f3 y detuvo al hombre cerca del aeropuerto, recuper\u00f3 la llave de cruz que utiliz\u00f3 como arma y lo acus\u00f3 de:<\/p>\n\n\n\n<p>- Posesi\u00f3n criminal de un arma<br>- Agresi\u00f3n en segundo grado<br>- Amenaza<br>- Huir de la polic\u00eda<br>- Resistencia a la autoridad<\/p>\n\n\n\n<p>No se inform\u00f3 de la causa de la agresi\u00f3n, pero la v\u00edctima recibi\u00f3 tratamiento m\u00e9dico por cortes y contusiones.<\/p>\n\n\n\n<p>Mientras que el ejemplo anterior ten\u00eda un agresor y una v\u00edctima claramente identificados, no todos los casos de asalto son tan evidentes. Muchas veces, las historias contradictorias y los relatos de los testigos hacen que sea muy dif\u00edcil saber qui\u00e9n es el agresor y el culpable de un delito grave de asalto. Incluso es posible que ambas partes sean arrestadas y acusadas de delito grave de asalto.<\/p>\n\n\n\n<p>Cualquier persona detenida por asalto en el aeropuerto JFK necesita un abogado con experiencia en defensa criminal en el aeropuerto que se asegurar\u00e1 de que los derechos de defensa legal se mantengan. Un abogado con experiencia puede ayudar a obtener nombres de testigos y contactos, asegurar la evidencia de vigilancia de v\u00eddeo del aeropuerto y construir un caso efectivo.<\/p>\n\n\n\n<p><strong>Detenciones por DUI<\/strong><br>Los vuelos de l\u00edneas a\u00e9reas de pasajeros pueden dar mucho miedo a muchas personas. El miedo a volar y otros factores, como los retrasos entre vuelos, a menudo conducen al abuso del alcohol antes de embarcar en el avi\u00f3n en el aeropuerto JFK. Cuando los pasajeros de l\u00edneas a\u00e9reas se intoxican y act\u00faan de manera inaceptable, a menudo entran en conflicto con la ley.<\/p>\n\n\n\n<p>Si <a href=\"https:\/\/www.brill-legal.com\/es\/nuestros-servicios\/defensa-penal\/detenido-en-el-aeropuerto-internacional-john-f-kennedy\/detenido-por-conducir-ebrio-en-el-aeropuerto-internacional-jfk\/\">detenido por conducir ebrio<\/a> y otros delitos relacionados con la bebida y el abuso de alcohol en el JFK, es posible que no termine en el sistema judicial estatal. A diferencia de un DUI o un delito de embriaguez y desorden p\u00fablico cometido en la v\u00eda p\u00fablica, los delitos relacionados con la embriaguez en el JFK y otros aeropuertos de todo el pa\u00eds a menudo van en contra de la ley federal. Eso significa enjuiciamiento a trav\u00e9s del sistema judicial federal.<\/p>\n\n\n\n<p>\u00bfPor qu\u00e9 alguien se enfrentar\u00eda a un delito grave por beber demasiado en un aeropuerto? Porque interferir en las operaciones de una aerol\u00ednea infringe la ley federal. Esto es especialmente cierto si el comportamiento ebrio amenaza la seguridad de los dem\u00e1s, conduce a contactos sexuales no deseados o causa da\u00f1os a la propiedad del aeropuerto. Estar borracho no excusa el comportamiento ilegal. A menudo, lo fomenta y acaba llevando al infractor a la c\u00e1rcel.<\/p>\n\n\n\n<p>Un buen ejemplo es la detenci\u00f3n en agosto de 2016 de una mujer que conduc\u00eda su coche por una v\u00eda de servicio adyacente bajo los efectos del alcohol. Perdi\u00f3 el control del veh\u00edculo, salt\u00f3 un bordillo que separa la v\u00eda de servicio del aeropuerto y choc\u00f3 contra un edificio del aeropuerto. Un guardia nacional destinado en el interior del edificio sufri\u00f3 heridas graves que requirieron tratamiento m\u00e9dico. La mujer admiti\u00f3 haber conducido bajo los efectos del alcohol y fue acusada de:<\/p>\n\n\n\n<p>- Conducci\u00f3n en estado de embriaguez<br>- Agresi\u00f3n<br>- Posesi\u00f3n delictiva de una sustancia controlada<br>- Actos delictivos<\/p>\n\n\n\n<p>Un abogado con experiencia en defensa criminal en el aeropuerto puede ayudar a obtener cargos reducidos o retirados cuando sea apropiado. Uno tambi\u00e9n en todo momento ayuda a garantizar los derechos civiles se mantienen durante un procesamiento de DUI derivados de la actividad en o cerca del aeropuerto JFK.<\/p>\n\n\n\n<p><strong>Detenciones por llevar un arma de fuego<\/strong><br>Hubo un tiempo en que llevar un arma de fuego en un aeropuerto o en un avi\u00f3n de pasajeros era legal. Sin embargo, los atentados del 11-S cambiaron esa situaci\u00f3n, y ahora casi nadie puede llevar un arma de fuego. <a href=\"https:\/\/www.brill-legal.com\/es\/nuestros-servicios\/defensa-penal\/detenido-en-el-aeropuerto-internacional-john-f-kennedy\/detenido-por-llevar-un-arma-en-el-aeropuerto-internacional-jfk\/\">arma de fuego en un aeropuerto<\/a> o en un avi\u00f3n p\u00fablico que aterrice o salga de New York. Sin embargo, la gente sigue haci\u00e9ndolo, a menudo por accidente, pero a veces a prop\u00f3sito.<\/p>\n\n\n\n<p>El aeropuerto JFK est\u00e1 sujeto a tres niveles de reglamentaci\u00f3n sobre armas de fuego: Federal, estatal y local. Los tres son muy restrictivos. Salvo para un n\u00famero muy reducido de personas con permiso de porte, New York City exige a los propietarios de armas de fuego que las guarden en sus casas. Incluso las personas con licencia para portar armas de fuego en el resto del Estado New York no tienen derecho a llevar armas de fuego cargadas encima o en sus coches mientras viajan por la ciudad.<\/p>\n\n\n\n<p>La ley estatal es menos restrictiva, pero sigue prohibiendo llevar armas de fuego de cualquier tipo sin permiso, que es dif\u00edcil de obtener en el estado de New York. (Como el aeropuerto Kennedy est\u00e1 en New York City, cualquiera que salga de ese aeropuerto armado sin un permiso New York City est\u00e1 sujeto a arresto). La legislaci\u00f3n federal establece un nivel adicional de regulaci\u00f3n al prohibir las armas de fuego cargadas en las zonas aeroportuarias. Los pasajeros pueden llevar armas de fuego descargadas en el equipaje facturado, pero deben contar con los permisos correspondientes y el arma de fuego debe ir debidamente embalada.<\/p>\n\n\n\n<p>Los que viajan desde estados con leyes de armas m\u00e1s permisivas o los que viajan para ir de caza son algunos de los m\u00e1s habituales entre los transportistas a\u00e9reos de armas de fuego en el equipaje facturado. Menos habituales son quienes llevan armas de fuego al puesto de control del aeropuerto. Esto se debe a que la ley federal proh\u00edbe estrictamente llevar un arma de fuego, cargada o no, dentro de las instalaciones aeroportuarias. Hacerlo viola la ley federal y podr\u00eda acarrear al acusado un cargo por delito federal.<\/p>\n\n\n\n<p><strong>Detenciones por llevar un arma<\/strong><br>En los aeropuertos situados fuera del New York, si desea llevar un arma de fuego, debe asegurarse de que el arma est\u00e9 descargada y embalada en un estuche r\u00edgido cerrado con llave. La munici\u00f3n no puede ir con el arma de fuego. Debe llevarla en un contenedor aparte. Tambi\u00e9n debe declarar los art\u00edculos antes de subir al avi\u00f3n. De lo contrario, podr\u00eda enfrentarse a una posible acusaci\u00f3n de delito grave por posesi\u00f3n ilegal de un arma de fuego en un aeropuerto o en un avi\u00f3n.<\/p>\n\n\n\n<p>En New York City, si el arma de fuego sale del aeropuerto sin un permiso New York City, no se aplica nada de lo anterior, y usted podr\u00eda ser objeto de detenci\u00f3n incluso si ha seguido las normas en su aeropuerto de origen fuera de New York.<\/p>\n\n\n\n<p>Las armas de fuego provocan las consecuencias legales m\u00e1s graves cuando se lleva una ilegalmente a un aeropuerto. Tambi\u00e9n son ilegales otras, como las pistolas de aire comprimido y las de aire comprimido, que no son letales. Aunque no sean letales, est\u00e1n prohibidas y suelen conllevar cargos por delitos menores. Del mismo modo, los pasajeros no pueden llevar cuchillos, navajas, c\u00fateres o utensilios cortantes similares. <a href=\"https:\/\/www.brill-legal.com\/es\/nuestros-servicios\/defensa-penal\/detenido-en-el-aeropuerto-internacional-john-f-kennedy\/detenido-por-pasar-el-control-de-seguridad-con-un-arma-en-el-aeropuerto-internacional-jfk\/\">Intentar llevarlas en un aeropuerto<\/a> podr\u00eda dar lugar a cargos por delito grave.<\/p>\n\n\n\n<p>Si se enfrenta a un arresto en el aeropuerto JFK llame al <strong><a href=\"https:\/\/www.brill-legal.com\/es\/\">abogados penalistas<\/a><\/strong> en el Brill Legal Group. Le ayudaremos a evitar sanciones severas, y mantener sus privilegios de conducir. <a href=\"https:\/\/www.brill-legal.com\/es\/pongase-en-contacto-con\/\">P\u00f3ngase en contacto con nosotros<\/a> para discutir su caso. Ofrecemos un consuelo inicial gratuito.<\/p>\n\n\n<ul class=\"list-pages-shortcode child-pages\"><li class=\"page_item page-item-2770\"><a href=\"https:\/\/www.brill-legal.com\/es\/nuestros-servicios\/defensa-penal\/detenido-en-el-aeropuerto-internacional-john-f-kennedy\/detenido-por-agresion-en-el-aeropuerto-internacional-jfk\/\">Detenido por agresi\u00f3n en el aeropuerto internacional JFK<\/a><\/li>\n<li class=\"page_item page-item-2760\"><a href=\"https:\/\/www.brill-legal.com\/es\/nuestros-servicios\/defensa-penal\/detenido-en-el-aeropuerto-internacional-john-f-kennedy\/detenido-por-llevar-un-arma-en-el-aeropuerto-internacional-jfk\/\">Detenido por llevar un arma en el aeropuerto internacional JFK<\/a><\/li>\n<li class=\"page_item page-item-2767\"><a href=\"https:\/\/www.brill-legal.com\/es\/nuestros-servicios\/defensa-penal\/detenido-en-el-aeropuerto-internacional-john-f-kennedy\/detenido-por-posesion-de-drogas-en-el-aeropuerto-internacional-jfk\/\">Detenido por drogas en el aeropuerto JFK<\/a><\/li>\n<li class=\"page_item page-item-2773\"><a href=\"https:\/\/www.brill-legal.com\/es\/nuestros-servicios\/defensa-penal\/detenido-en-el-aeropuerto-internacional-john-f-kennedy\/detenido-por-conducir-ebrio-en-el-aeropuerto-internacional-jfk\/\">Detenido por conducir ebrio en el aeropuerto internacional JFK<\/a><\/li>\n<li class=\"page_item page-item-2764\"><a href=\"https:\/\/www.brill-legal.com\/es\/nuestros-servicios\/defensa-penal\/detenido-en-el-aeropuerto-internacional-john-f-kennedy\/detenido-por-pasar-el-control-de-seguridad-con-un-arma-en-el-aeropuerto-internacional-jfk\/\">Detenido por pasar el control de seguridad con un arma en el aeropuerto internacional JFK<\/a><\/li>\n<\/ul>","protected":false},"excerpt":{"rendered":"<p>El Aeropuerto Internacional John F. Kennedy de New York (JFK) es el quinto m\u00e1s transitado del pa\u00eds, con m\u00e1s de 59 millones de pasajeros al a\u00f1o. El JFK tambi\u00e9n gestiona m\u00e1s de 1,2 millones de toneladas m\u00e9tricas de carga y correo al a\u00f1o, lo que lo convierte en el s\u00e9ptimo aeropuerto de carga a\u00e9rea del pa\u00eds. Una simple b\u00fasqueda en Google utilizando \"detenciones en el JFK\" muestra...<\/p>","protected":false},"author":1,"featured_media":2783,"parent":75,"menu_order":0,"comment_status":"closed","ping_status":"closed","template":"","meta":{"_acf_changed":false,"episode_type":"","audio_file":"","cover_image":"","cover_image_id":"","duration":"","filesize":"","date_recorded":"","explicit":"","block":"","itunes_episode_number":"","itunes_title":"","itunes_season_number":"","itunes_episode_type":"","filesize_raw":"","footnotes":""},"class_list":["post-2753","page","type-page","status-publish","has-post-thumbnail","hentry"],"acf":[],"_links":{"self":[{"href":"https:\/\/www.brill-legal.com\/es\/wp-json\/wp\/v2\/pages\/2753","targetHints":{"allow":["GET"]}}],"collection":[{"href":"https:\/\/www.brill-legal.com\/es\/wp-json\/wp\/v2\/pages"}],"about":[{"href":"https:\/\/www.brill-legal.com\/es\/wp-json\/wp\/v2\/types\/page"}],"author":[{"embeddable":true,"href":"https:\/\/www.brill-legal.com\/es\/wp-json\/wp\/v2\/users\/1"}],"replies":[{"embeddable":true,"href":"https:\/\/www.brill-legal.com\/es\/wp-json\/wp\/v2\/comments?post=2753"}],"version-history":[{"count":9,"href":"https:\/\/www.brill-legal.com\/es\/wp-json\/wp\/v2\/pages\/2753\/revisions"}],"predecessor-version":[{"id":6532,"href":"https:\/\/www.brill-legal.com\/es\/wp-json\/wp\/v2\/pages\/2753\/revisions\/6532"}],"up":[{"embeddable":true,"href":"https:\/\/www.brill-legal.com\/es\/wp-json\/wp\/v2\/pages\/75"}],"wp:featuredmedia":[{"embeddable":true,"href":"https:\/\/www.brill-legal.com\/es\/wp-json\/wp\/v2\/media\/2783"}],"wp:attachment":[{"href":"https:\/\/www.brill-legal.com\/es\/wp-json\/wp\/v2\/media?parent=2753"}],"curies":[{"name":"wp","href":"https:\/\/api.w.org\/{rel}","templated":true}]}}