{"id":257,"date":"2015-12-08T00:59:47","date_gmt":"2015-12-08T00:59:47","guid":{"rendered":"http:\/\/host2.adviahost.net\/~brilllegal\/?page_id=257"},"modified":"2022-06-15T23:48:41","modified_gmt":"2022-06-15T23:48:41","slug":"fraude-en-las-prestaciones","status":"publish","type":"page","link":"https:\/\/www.brill-legal.com\/es\/nuestros-servicios\/defensa-penal\/fraude-en-las-prestaciones\/","title":{"rendered":"New York Abogado defensor de fraude de beneficios"},"content":{"rendered":"<p>A menudo se juzga injustamente a las personas que reciben ayudas de la Seguridad Social por incapacidad u otras formas de ingresos complementarios por \"utilizar\" el sistema. Incluso el gobierno estatal y federal cuestiona a veces la necesidad de asistencia financiera. Sin embargo, usted conoce sus circunstancias particulares y sabe que no est\u00e1 abusando de estos servicios. Si est\u00e1 siendo investigado o ha sido acusado de fraude en las prestaciones, un abogado con experiencia puede ayudarle a superar estos momentos dif\u00edciles.<\/p>\n\n\n\n<p>Si una investigaci\u00f3n por fraude le ha hecho enfrentarse a graves sanciones penales, el Brill Legal Group puede ayudarle. Nuestros abogados defensores siempre tienen sus mejores intereses en mente. Tenga la seguridad, no vamos a juzgar o criticar a usted, sino m\u00e1s bien proporcionar una defensa agresiva y eficaz.<\/p>\n\n\n\n<p><strong>\u00bfLe han acusado de fraude en las prestaciones?<\/strong><br>Ll\u00e1menos hoy mismo para <strong>gratis<\/strong> consulta inicial.<br>Tel\u00e9fono gratuito: 888-315-9841<\/p>\n\n\n\n<p>En el Brill Legal Group, <a href=\"https:\/\/www.brill-legal.com\/es\/nuestros-servicios\/defensa-penal\/\">defensa penal<\/a> es todo lo que hacemos. Tenemos m\u00e1s de 10 a\u00f1os de <a href=\"https:\/\/www.brill-legal.com\/es\/nuestros-servicios\/defensa-penal\/fraude-robo-y-delitos-de-cuello-blanco\/\">defensa contra el fraude<\/a> experiencia, representando a clientes acusados de:<\/p>\n\n\n\n<ul class=\"wp-block-list\"><li>Fraude a la seguridad social<\/li><li>Fraude en el desempleo<\/li><li>Fraude a la Seguridad Social (SSDI)<\/li><li>Fraude en la vivienda de la Secci\u00f3n 8<\/li><li>Y otros tipos de fraude en las prestaciones<\/li><\/ul>\n\n\n\n<p><strong>Escuchar tu versi\u00f3n de la historia<\/strong><\/p>\n\n\n\n<p>Una acusaci\u00f3n de fraude en las prestaciones puede ser producto de un simple malentendido. Tal vez falleci\u00f3 un c\u00f3nyuge y, en su dolor, no inform\u00f3 a las partes necesarias. Tal vez simplemente olvid\u00f3 rellenar el formulario adecuado. Tal vez necesite realmente la ayuda del gobierno y \u00e9ste haya cometido un terrible error. Sean cuales sean las circunstancias, no espere que los funcionarios entiendan su enfermedad o crean su historia.<\/p>\n\n\n\n<p>En el Brill Legal Group, escuchamos atentamente su situaci\u00f3n para comprenderla mejor. Siempre que sea posible, ilustraremos su caso y negociaremos para obtener un resultado positivo. Sin embargo, somos conscientes de que un juicio completo es necesario en algunos casos, por lo que siempre estamos preparados para representarle agresivamente en los tribunales. Tenga la seguridad de que reuniremos las pruebas y testimonios necesarios para impugnar eficazmente el caso del gobierno contra usted.<\/p>\n\n\n\n<p>Si se sospecha que ha cobrado prestaciones sin causa justificada, <a href=\"https:\/\/www.brill-legal.com\/es\/pongase-en-contacto-con\/\">Contacte con nosotros<\/a> para un <strong>consulta inicial gratuita<\/strong>. Estamos disponibles las 24 horas del d\u00eda, los 7 d\u00edas de la semana y los 365 d\u00edas del a\u00f1o. Su llamada siempre ser\u00e1 atendida.<\/p>","protected":false},"excerpt":{"rendered":"<p>A menudo se juzga injustamente a las personas que reciben ayudas de la Seguridad Social por incapacidad u otras formas de ingresos complementarios por \"utilizar\" el sistema. Incluso el gobierno estatal y federal cuestiona a veces la necesidad de asistencia financiera. Sin embargo, usted conoce sus circunstancias particulares y sabe que no est\u00e1 abusando de estos servicios. Si est\u00e1 siendo investigado por...<\/p>","protected":false},"author":1,"featured_media":6142,"parent":75,"menu_order":0,"comment_status":"closed","ping_status":"closed","template":"","meta":{"_acf_changed":false,"episode_type":"","audio_file":"","cover_image":"","cover_image_id":"","duration":"","filesize":"","date_recorded":"","explicit":"","block":"","itunes_episode_number":"","itunes_title":"","itunes_season_number":"","itunes_episode_type":"","filesize_raw":"","footnotes":""},"class_list":["post-257","page","type-page","status-publish","has-post-thumbnail","hentry"],"acf":[],"_links":{"self":[{"href":"https:\/\/www.brill-legal.com\/es\/wp-json\/wp\/v2\/pages\/257","targetHints":{"allow":["GET"]}}],"collection":[{"href":"https:\/\/www.brill-legal.com\/es\/wp-json\/wp\/v2\/pages"}],"about":[{"href":"https:\/\/www.brill-legal.com\/es\/wp-json\/wp\/v2\/types\/page"}],"author":[{"embeddable":true,"href":"https:\/\/www.brill-legal.com\/es\/wp-json\/wp\/v2\/users\/1"}],"replies":[{"embeddable":true,"href":"https:\/\/www.brill-legal.com\/es\/wp-json\/wp\/v2\/comments?post=257"}],"version-history":[{"count":8,"href":"https:\/\/www.brill-legal.com\/es\/wp-json\/wp\/v2\/pages\/257\/revisions"}],"predecessor-version":[{"id":5302,"href":"https:\/\/www.brill-legal.com\/es\/wp-json\/wp\/v2\/pages\/257\/revisions\/5302"}],"up":[{"embeddable":true,"href":"https:\/\/www.brill-legal.com\/es\/wp-json\/wp\/v2\/pages\/75"}],"wp:featuredmedia":[{"embeddable":true,"href":"https:\/\/www.brill-legal.com\/es\/wp-json\/wp\/v2\/media\/6142"}],"wp:attachment":[{"href":"https:\/\/www.brill-legal.com\/es\/wp-json\/wp\/v2\/media?parent=257"}],"curies":[{"name":"wp","href":"https:\/\/api.w.org\/{rel}","templated":true}]}}