{"id":255,"date":"2015-12-08T00:52:23","date_gmt":"2015-12-08T00:52:23","guid":{"rendered":"http:\/\/host2.adviahost.net\/~brilllegal\/?page_id=255"},"modified":"2025-06-09T18:26:11","modified_gmt":"2025-06-09T18:26:11","slug":"ordenes-de-detencion-en-nueva-york","status":"publish","type":"page","link":"https:\/\/www.brill-legal.com\/es\/nuestros-servicios\/defensa-penal\/ordenes-de-detencion-en-nueva-york\/","title":{"rendered":"\u00d3rdenes judiciales en New York"},"content":{"rendered":"<p>Una orden de detenci\u00f3n es una orden de arresto normalmente emitida por un juez por no comparecer ante el tribunal en una fecha programada. Cuando se emite una orden de detenci\u00f3n con su nombre en ella, usted puede ser arrestado y encarcelado en cualquier momento, si usted est\u00e1 en el trabajo, en casa o en una parada de tr\u00e1fico.<\/p>\n\n\n\n<p>Las \u00f3rdenes de detenci\u00f3n tienen normas \u00fanicas que rigen su emisi\u00f3n y ejecuci\u00f3n. Si se le ha emitido una orden de detenci\u00f3n, el <a href=\"https:\/\/www.brill-legal.com\/es\/abogados\/\">abogados con experiencia<\/a> en Brill Legal Group puede ayudar. En muchos casos, la situaci\u00f3n puede resolverse sin necesidad de arresto antes de la audiencia. Sin embargo, cada caso es \u00fanico y debe ser revisado a fondo para determinar c\u00f3mo proceder. Actuaremos con rapidez y decisi\u00f3n en su nombre para tratar de evitar algunas de las posibles repercusiones a las que podr\u00eda enfrentarse en virtud de la ley estatal New York.<\/p>\n\n\n\n<h2 class=\"wp-block-heading\">Programe hoy mismo una consulta gratuita<\/h2>\n\n\n\n<p>Nuestro experimentado equipo legal ha tratado con innumerables asuntos de \u00f3rdenes de detenci\u00f3n. Nuestra principal prioridad ser\u00e1 minimizar el da\u00f1o a usted tanto como sea posible, para que pueda seguir adelante con su vida.<\/p>\n\n\n\n<p><a href=\"https:\/\/www.brill-legal.com\/es\/pongase-en-contacto-con\/\">Contacte con nuestros abogados<\/a>\u00a024 horas al d\u00eda, siete d\u00edas a la semana para una consulta inicial gratuita y una intervenci\u00f3n agresiva en su caso. Tenemos oficinas en Hauppauge, Hempstead, y Manhattan.<\/p>","protected":false},"excerpt":{"rendered":"<p>Una orden de detenci\u00f3n es una orden de arresto normalmente emitida por un juez por no comparecer ante el tribunal en una fecha programada. Cuando se emite una orden de detenci\u00f3n con su nombre en ella, usted puede ser arrestado y encarcelado en cualquier momento, si usted est\u00e1 en el trabajo, en casa o en una parada de tr\u00e1fico. Orden de...<\/p>","protected":false},"author":1,"featured_media":0,"parent":75,"menu_order":0,"comment_status":"closed","ping_status":"closed","template":"","meta":{"_acf_changed":false,"episode_type":"","audio_file":"","cover_image":"","cover_image_id":"","duration":"","filesize":"","date_recorded":"","explicit":"","block":"","itunes_episode_number":"","itunes_title":"","itunes_season_number":"","itunes_episode_type":"","filesize_raw":"","footnotes":""},"class_list":["post-255","page","type-page","status-publish","hentry"],"acf":[],"_links":{"self":[{"href":"https:\/\/www.brill-legal.com\/es\/wp-json\/wp\/v2\/pages\/255","targetHints":{"allow":["GET"]}}],"collection":[{"href":"https:\/\/www.brill-legal.com\/es\/wp-json\/wp\/v2\/pages"}],"about":[{"href":"https:\/\/www.brill-legal.com\/es\/wp-json\/wp\/v2\/types\/page"}],"author":[{"embeddable":true,"href":"https:\/\/www.brill-legal.com\/es\/wp-json\/wp\/v2\/users\/1"}],"replies":[{"embeddable":true,"href":"https:\/\/www.brill-legal.com\/es\/wp-json\/wp\/v2\/comments?post=255"}],"version-history":[{"count":7,"href":"https:\/\/www.brill-legal.com\/es\/wp-json\/wp\/v2\/pages\/255\/revisions"}],"predecessor-version":[{"id":7071,"href":"https:\/\/www.brill-legal.com\/es\/wp-json\/wp\/v2\/pages\/255\/revisions\/7071"}],"up":[{"embeddable":true,"href":"https:\/\/www.brill-legal.com\/es\/wp-json\/wp\/v2\/pages\/75"}],"wp:attachment":[{"href":"https:\/\/www.brill-legal.com\/es\/wp-json\/wp\/v2\/media?parent=255"}],"curies":[{"name":"wp","href":"https:\/\/api.w.org\/{rel}","templated":true}]}}