{"id":2403,"date":"2017-07-15T01:40:51","date_gmt":"2017-07-15T01:40:51","guid":{"rendered":"https:\/\/www.brill-legal.com\/?page_id=2403"},"modified":"2022-06-09T23:04:39","modified_gmt":"2022-06-09T23:04:39","slug":"las-pruebas-de-sobriedad-sobre-el-terreno-para-conductores-ebrios-de-nueva-york","status":"publish","type":"page","link":"https:\/\/www.brill-legal.com\/es\/nuestros-servicios\/defensa-penal\/dwi\/las-pruebas-de-sobriedad-sobre-el-terreno-para-conductores-ebrios-de-nueva-york\/","title":{"rendered":"Las pruebas de sobriedad sobre el terreno New York DUI"},"content":{"rendered":"<h2>\n\t\tPruebas estandarizadas de sobriedad sobre el terreno\n\t<\/h2>\n<h4>\n\t\tEntender lo que puede esperar puede ayudarle a evitar sanciones severas y mantener sus privilegios de conducci\u00f3n.\n\t<\/h4>\n\t<p>Al empezar a conducir, o al tener posesi\u00f3n f\u00edsica de un autom\u00f3vil, usted se ha sometido a la posibilidad de ser sujeto de una investigaci\u00f3n por DUI\/DWI. Una condena por DWI puede tener un efecto adverso en su vida y su sustento. Si usted es objeto de una investigaci\u00f3n por intoxicaci\u00f3n, la polic\u00eda le pedir\u00e1 que realice una serie de pruebas estandarizadas\u00a0<strong>pruebas de alcoholemia sobre el terreno<\/strong>. Si usted es detenido por la polic\u00eda que le piden que tome una prueba de sobriedad de campo, entonces usted est\u00e1 legalmente obligado a tomar la prueba como la negativa puede conducir a la suspensi\u00f3n inmediata de la licencia.<\/p>\n\t\t\t\t<!-- Flexy Breadcrumb -->\n\t\t\t\t<!-- Breadcrumb wrapper -->\n\t\t\t\t\t<!-- Ordered list-->\n\t\t\t\t\t<ol itemscope itemtype=\"https:\/\/schema.org\/BreadcrumbList\">\n\t\t\t\t\t\t            <li itemprop=\"itemListElement\" itemscope itemtype=\"https:\/\/schema.org\/ListItem\">\n                    <!-- Home Link -->\n                    <a itemprop=\"item\" href=\"\/es\/\">\n                                                    Inicio                    <\/a>\n                <meta itemprop=\"position\" content=\"1\" \/><!-- Meta Position-->\n             <\/li><li>\/<\/li><li itemprop=\"itemListElement\" itemscope itemtype=\"https:\/\/schema.org\/ListItem\"><a itemprop=\"item\" page-parent=\"96\" href=\"https:\/\/www.brill-legal.com\/es\/nuestros-servicios\/\" title=\"Nuestros servicios\">Nuestros servicios<\/a><meta itemprop=\"position\" content=\"2\" \/><\/li><li>\/<\/li><li itemprop=\"itemListElement\" itemscope itemtype=\"https:\/\/schema.org\/ListItem\"><a itemprop=\"item\" page-parent=\"75\" href=\"https:\/\/www.brill-legal.com\/es\/nuestros-servicios\/defensa-penal\/\" title=\"New York Abogados penalistas\">New York Defensa Penal...<\/a><meta itemprop=\"position\" content=\"3\" \/><\/li><li>\/<\/li><li itemprop=\"itemListElement\" itemscope itemtype=\"https:\/\/schema.org\/ListItem\"><a itemprop=\"item\" page-parent=\"98\" href=\"https:\/\/www.brill-legal.com\/es\/nuestros-servicios\/defensa-penal\/dwi\/\" title=\"New York Abogado de DUI\/DWI\">New York Abogado de DUI\/DWI<\/a><meta itemprop=\"position\" content=\"4\" \/><\/li><li>\/<\/li><li itemprop=\"itemListElement\" itemscope itemtype=\"https:\/\/schema.org\/ListItem\">El New York DUI...<meta itemprop=\"position\" content=\"5\" \/><\/li>\t\t\t\t\t<\/ol>\n\t\t\t\n<h1>\n\t\tLas pruebas de sobriedad sobre el terreno New York DUI\n\t<\/h1>\n\t<p><strong>\u00bfHa sido arrestado por DUI \/ DWI en New York? Hable con un abogado ahora.<\/strong><\/p>\n<p>En 2019, hubo m\u00e1s de 34,000 arrestos por DUI o DWI en New York. Esta cifra representa una disminuci\u00f3n en el n\u00famero de detenciones de este tipo en el estado. De hecho, 2019 marc\u00f3 el quinto a\u00f1o consecutivo en el que hubo una reducci\u00f3n en el n\u00famero de arrestos por DUI.<\/p>\n<p>Adem\u00e1s, 56.892 conductores fueron citados por conducir bajo los efectos del alcohol, de los cuales m\u00e1s del 91,9% fueron a conductores bajo los efectos del alcohol y el 8,1% restante a conductores bajo los efectos de las drogas.<\/p>\n<p>Una gran mayor\u00eda -m\u00e1s del 73%- de los conductores detenidos por DUI o DWI son hombres, y las personas de entre 21 y 29 a\u00f1os son las m\u00e1s propensas a ser detenidas.<\/p>\n<h3>\n\t\tPruebas de sobriedad sobre el terreno normalizadas (SFST) utilizadas en New York\n\t<\/h3>\n\t<p>Si la polic\u00eda le da el alto y le pide que se someta a una prueba de sobriedad sobre el terreno, est\u00e1 legalmente obligado a realizarla, ya que negarse puede conllevar la suspensi\u00f3n inmediata del permiso de conducir. Si se enfrenta a un arresto despu\u00e9s de realizar la prueba, debe negarse a realizar cualquier otra prueba que le soliciten, incluidas las de aliento, sangre u orina. Aunque un jurado puede ver su negativa como sospechosa, si usted cumplio con las Pruebas de Sobriedad de Campo New York, su abogado de DWI puede demostrar a los jurados que usted coopero con la policia, y luego fue arrestado, como resultado de lo cual usted se nego a someterse a una prueba de aliento.<\/p>\n\t\t\t\t<img loading=\"lazy\" decoding=\"async\" src=\"https:\/\/www.brill-legal.com\/wp-content\/uploads\/2017\/07\/should-you-take-field-sobriety-tests.png\" alt=\"\u00bfdebe someterse a las pruebas de alcoholemia?\" itemprop=\"image\" height=\"275\" width=\"888\" title=\"should-you-take-field-sobriety-tests\" onerror=\"this.style.display='none'\"  \/>\n<h3>\n\t\tServicios\n\t<\/h3>\n\t\t\t\t\t<ul id=\"menu-services-criminal-defense\"><li id=\"menu-item-4740\"><a href=\"https:\/\/www.brill-legal.com\/es\/nuestros-servicios\/defensa-penal\/\">Defensa Penal<\/a><\/li>\n<li id=\"menu-item-4749\"><a href=\"https:\/\/www.brill-legal.com\/es\/nuestros-servicios\/defensa-penal\/fraude-robo-y-delitos-de-cuello-blanco\/\">Fraude, robo y delitos de cuello blanco<\/a><\/li>\n<li id=\"menu-item-4742\"><a href=\"https:\/\/www.brill-legal.com\/es\/nuestros-servicios\/defensa-penal\/ciberdelincuencia-en-internet\/\">Delitos en Internet<\/a><\/li>\n<li id=\"menu-item-4750\"><a href=\"https:\/\/www.brill-legal.com\/es\/nuestros-servicios\/defensa-penal\/violencia-domestica\/\">Violencia dom\u00e9stica<\/a><\/li>\n<li id=\"menu-item-4743\"><a href=\"https:\/\/www.brill-legal.com\/es\/nuestros-servicios\/defensa-penal\/delitos-sexuales\/\">Delitos sexuales<\/a><\/li>\n<li id=\"menu-item-4745\"><a href=\"https:\/\/www.brill-legal.com\/es\/nuestros-servicios\/audiencias-disciplinarias-investigaciones\/\">Audiencias e investigaciones disciplinarias<\/a><\/li>\n<li id=\"menu-item-4744\"><a href=\"https:\/\/www.brill-legal.com\/es\/nuestros-servicios\/\">Todos los servicios<\/a><\/li>\n<\/ul>\t\n\t<h3>\n\t\tContacto\n\t<\/h3>\n\t<p>P\u00f3ngase en contacto con nosotros hoy mismo para una consulta gratuita. Estamos a su disposici\u00f3n <strong>24<\/strong> horas al d\u00eda, <strong>7<\/strong> d\u00edas a la semana, y <strong>365<\/strong> d\u00edas al a\u00f1o.<\/p>\n\t\t\t<a href=\"\" target=\"_self\" role=\"button\" rel=\"noopener\">\n\t\t\t\t\t\t\tProgramar ahora\n\t\t\t\t\t<\/a>\n\t\t\t<a href=\"\" target=\"_self\" role=\"button\" rel=\"noopener\">\n\t\t\t\t\t\t\tConoce a nuestro equipo\n\t\t\t\t\t<\/a>\n<h4>\n\t\tLos ejercicios de sobriedad sobre el terreno\n\t<\/h4>\n\t<p>Los polic\u00edas de DUI\/DWI que reciben formaci\u00f3n para investigar DUIs aprenden a realizar cinco pruebas de sobriedad sobre el terreno. Estas pruebas son: caminar y girar, HGN, pararse con una pierna, equilibrio de Rhomberg y dedo a nariz.<\/p>\n<h3>\n\t\tDesarrollado por la National Highway Traffic Safety Association\n\t<\/h3>\n\t<p>Estos ejercicios, desarrollados por la National Highway Traffic Safety Association (NHTSA), exigen dividir la atenci\u00f3n, realizar varias tareas simult\u00e1neamente, utilizar la capacidad de recordar y realizar tareas f\u00edsicas poco habituales.<\/p>\n<p>Los agentes de polic\u00eda pasan varias horas recibiendo formaci\u00f3n sobre la forma de realizar las pruebas y disponen de tiempo suficiente para practicarlas. Se les da una hoja de trucos de una p\u00e1gina que contiene diagramas e informaci\u00f3n para ayudarles a recordar lo que deben buscar al realizar las pruebas. Sin embargo, los agentes de polic\u00eda no le mostrar\u00e1n esa hoja para que pueda ver de antemano lo que buscan en su realizaci\u00f3n de las pruebas.<\/p>\n\t\t\t\t<img loading=\"lazy\" decoding=\"async\" src=\"https:\/\/www.brill-legal.com\/wp-content\/uploads\/2017\/07\/tests-all-s.png\" alt=\"Pruebas de sobriedad sobre el terreno\" itemprop=\"image\" height=\"317\" width=\"888\" title=\"pruebas-todo-s\" onerror=\"this.style.display='none'\"  \/>\n<h3>\n\t\tCONSEJO: Espere a iniciar la prueba.\n\t<\/h3>\n\t<p>Aseg\u00farese de no comenzar la prueba hasta que reciba instrucciones espec\u00edficas para hacerlo. Es probable que los agentes de polic\u00eda le den instrucciones mientras le muestran c\u00f3mo quieren que realice la prueba. Si empieza demasiado r\u00e1pido, los agentes pueden usar eso en su contra y, posteriormente, recordar al jurado que usted no fue capaz de seguir una instrucci\u00f3n b\u00e1sica de esperar hasta que le dijeran que empezara la prueba. Pueden decir que esto es un indicio de deficiencia.<\/p>\n<h4>\n\t\tLos ejercicios\n\t<\/h4>\n\t<p>Pruebas est\u00e1ndar de sobriedad sobre el terreno<\/p>\n<h3>\n\t\tCaminar y girar\n\t<\/h3>\n\t\t\t\t<img loading=\"lazy\" decoding=\"async\" src=\"https:\/\/www.brill-legal.com\/wp-content\/uploads\/2022\/06\/walk-and-turn-22.png\" alt=\"El test de sobriedad sobre el terreno &quot;Caminar y girar\" itemprop=\"image\" height=\"600\" width=\"510\" title=\"caminar y girar-22\" onerror=\"this.style.display='none'\"  \/>\n\t<p>El agente de polic\u00eda le pedir\u00e1 inicialmente que se coloque en la posici\u00f3n inicial, con un pie delante del otro, con contacto entre el tal\u00f3n y la punta, y con las manos a los lados. Tendr\u00e1 que permanecer en esta posici\u00f3n sin perder el equilibrio ni desviarse de ella. Si vuelves a poner el pie delantero en posici\u00f3n natural de pie, el agente puede contar eso en tu contra, alegando que fuiste incapaz de mantener el equilibrio o hacer caso de las indicaciones.<\/p>\n<p>A continuaci\u00f3n, el agente le pedir\u00e1 que camine en l\u00ednea recta, poniendo un pie delante del otro, haciendo contacto entre el tal\u00f3n y la punta del pie. No levante los brazos para mantener el equilibrio. No se salga de la l\u00ednea ni cree un espacio de m\u00e1s de 15 cm entre el tal\u00f3n y la punta del pie. Tras el noveno paso, tendr\u00e1 que girar de una determinada manera. Le pedir\u00e1n que d\u00e9 una serie de peque\u00f1os pasos de pivote mientras planta un pie hacia abajo como punto de pivote. A continuaci\u00f3n, tendr\u00e1 que dar nueve pasos de vuelta al punto de partida.<\/p>\n\t<p>Si usted se sale de la l\u00ednea, corr\u00edjase inmediatamente y contin\u00fae. Si bien la mayor\u00eda de los oficiales de DUI le permitir\u00e1n reiniciar la prueba, es posible que m\u00e1s tarde le digan al jurado que usted necesitaba intentar hacer la prueba dos o tres veces.<\/p>\n<h4>\n\t\tNistagmo de la mirada horizontal (HGN)\n\t<\/h4>\n\t<p>La prueba HGN es una prueba en la que los agentes piden a los individuos que utilicen los ojos para seguir un objeto.<\/p>\n<h3>\n\t\tHGN: \u00bfQu\u00e9 busca la polic\u00eda?\n\t<\/h3>\n\t<p>Los agentes buscan tres indicios que podr\u00edan existir en cada uno de sus ojos:<\/p>\n1. si su ojo tiene nistagmo, o un movimiento espasm\u00f3dico;<br \/>\n2. cuando se produce el nistagmo inicialmente;<br \/>\n3. si tiene nistagmo perceptible en la \"desviaci\u00f3n m\u00e1xima\"\n<p>Antes de la prueba HGN, el agente est\u00e1 obligado a hacerle una serie de preguntas. Quieren asegurarse de que no lleva lentes correctoras, de que no sufre traumatismos craneoencef\u00e1licos o de que no toma determinados medicamentos. Por lo tanto, si usted tiene nistagmo, argumentar\u00e1n que est\u00e1 asociado a una deficiencia por alcohol.<\/p>\n\t\t\t\t<img loading=\"lazy\" decoding=\"async\" src=\"https:\/\/www.brill-legal.com\/wp-content\/uploads\/2017\/07\/HGN.png\" alt=\"Nistagmo horizontal de la mirada\" itemprop=\"image\" height=\"410\" width=\"445\" title=\"HGN\" onerror=\"this.style.display='none'\"  \/>\n<h4>\n\t\tLa postura con una sola pierna\n\t<\/h4>\n\t<p>La prueba de levantarse con una pierna es similar a la prueba de caminar y girar, ya que tiene un aspecto instructivo y otro de rendimiento.<\/p>\n<h3>\n\t\tLev\u00e1ntate con una pierna: Escuchar con atenci\u00f3n\n\t<\/h3>\n\t\t\t\t<img loading=\"lazy\" decoding=\"async\" src=\"https:\/\/www.brill-legal.com\/wp-content\/uploads\/2017\/07\/single-leg-stand.png\" alt=\"Soporte de una pata\" itemprop=\"image\" height=\"410\" width=\"445\" title=\"soporte de una sola pata\" onerror=\"this.style.display='none'\"  \/>\n\t<p>En la parte instructiva, se le indicar\u00e1 que se ponga de pie sobre una pierna mientras levanta la otra en el aire a un m\u00ednimo de 15 cent\u00edmetros del suelo. Adem\u00e1s, se le pedir\u00e1 que flexione el pie, mire hacia abajo los dedos de ese pie y mantenga las manos a los lados. Puede haber ocasiones en las que tenga que hacer esto mientras cuenta en voz alta durante aproximadamente 30 segundos o hasta que el agente le indique que pare.<\/p>\n<p>Si empiezas a saltar sobre el pie para mantener el equilibrio, no contar\u00e1 a tu favor. Lo mejor es mantenerse sereno y relajado. Intenta no levantar la pierna a tal altura que produzca un mayor riesgo de que pierdas el equilibrio.<\/p>\n\t<p>Si tiene alg\u00fan problema en una pierna, rodilla, pie, tobillo, espalda o cualquier otro problema m\u00e9dico que crea que puede afectar negativamente a su capacidad para realizar la prueba, informe al agente antes de comenzar la prueba. Esto debe formar parte del acta oficial.<\/p>\n<h4>\n\t\tDedo a la nariz\n\t<\/h4>\n\t<p>La \u00faltima prueba que suele administrar un agente es la del dedo a la nariz. El agente le pedir\u00e1 que cierre los ojos, extienda las manos a los lados y, cuando se le ordene verbalmente \"izquierda\" o \"derecha\", utilice el dedo \u00edndice para hacer contacto con la punta de la nariz antes de devolverlo a su lado.<\/p>\n<h3>\n\t\tDel dedo a la nariz: consejos\n\t<\/h3>\n\t<p>Puntos importantes que debe tener en cuenta si se le pide que realice esta prueba:<\/p>\n1. Mantenga los ojos cerrados durante toda la prueba.<br \/>\n2. Utiliza la \"punta\" de tu dedo \u00edndice para tocar la \"punta\" de tu nariz.\n<p>Normalmente, la gente se coloca la yema del dedo \u00edndice en la punta de la nariz. Sin embargo, esto contar\u00e1 en su contra. Si se toca cualquier parte de la nariz aparte de la punta, tambi\u00e9n contar\u00e1 en su contra. Adem\u00e1s, no intente adivinar qu\u00e9 mano desea el agente que utilice. Ellos se lo dir\u00e1n.<\/p>\n<p>Es importante que <strong>mantenga la calma y escuche atentamente<\/strong>. Puede que la polic\u00eda no alterne siempre de manera uniforme. Pueden intentar enga\u00f1arle y decir \"izquierda-derecha-derecha-izquierda\". Retire siempre el dedo despu\u00e9s de hacer contacto con su nariz, y devu\u00e9lvalo a su lado.<\/p>\n\t\t\t\t<img loading=\"lazy\" decoding=\"async\" src=\"https:\/\/www.brill-legal.com\/wp-content\/uploads\/2017\/07\/finger-to-nose.png\" alt=\"Dedo a la nariz\" itemprop=\"image\" height=\"410\" width=\"445\" title=\"dedo-a-nariz\" onerror=\"this.style.display='none'\"  \/>\n<h4>\n\t\tSaldo Rhomberg\n\t<\/h4>\n\t<p>La balanza de Rhomberg es otra prueba que mide el equilibrio y la capacidad para recordar direcciones.<\/p>\n<h3>\n\t\tEquilibrio Rhomberg: Prep\u00e1rese para la multitarea\n\t<\/h3>\n\t\t\t\t<img loading=\"lazy\" decoding=\"async\" src=\"https:\/\/www.brill-legal.com\/wp-content\/uploads\/2022\/06\/balance-22png.png\" alt=\"Saldo Rhomberg\" itemprop=\"image\" height=\"600\" width=\"510\" title=\"saldo-22png\" onerror=\"this.style.display='none'\"  \/>\n\t<p>La balanza de Rhomberg es otra prueba que mide su equilibrio y su capacidad para recordar direcciones. Adem\u00e1s, requiere que realice varias tareas a la vez. Durante el segmento de instrucci\u00f3n, el agente le pedir\u00e1 que se ponga de pie con los pies juntos y que baje las manos a los lados. Cuando se le indique que comience, incline la cabeza hacia atr\u00e1s, cierre los ojos y adivine cuando hayan transcurrido 30 segundos, vuelva la cabeza hacia delante, abra los ojos y diga basta.<\/p>\n<p>El agente buscar\u00e1 cualquier signo de salto, balanceo o p\u00e9rdida de equilibrio. Adem\u00e1s, el agente se fijar\u00e1 en si no mantienes los ojos cerrados, si cuentas en voz alta y no mentalmente, o si pasas un tiempo excesivo contando. En general, el alcohol hace que las personas tengan reacciones retardadas.<\/p>\n<p>El agente tomar\u00e1 el tiempo con un cron\u00f3metro digital. Si no se detiene hasta que hayan transcurrido entre 60 y 90 segundos, intentar\u00e1n utilizarlo en su contra. Se recomienda que tenga un m\u00e9todo de recuento y que se atenga a \u00e9l. No se alarme si no se le indica que realice esta prueba porque no se administra siempre.<\/p>\n\t\t<h4>Si usted esta enfrentando arresto o ha sido arrestado, llame a los experimentados New York abogados de DUI\/DWI en Brill Legal Group. Podemos ayudarle a evitar sanciones severas, y mantener sus privilegios de conducir.<\/h4>\t\t\t\n\t\t\t\t<p>- Brill Legal Group<\/p>","protected":false},"excerpt":{"rendered":"<p>Pruebas de Sobriedad de Campo Estandarizadas Entender lo que puede esperar puede ayudarle a evitar sanciones severas y mantener sus privilegios de conducir. Al comenzar a conducir, o al tener posesion fisica de un automovil, usted se ha sometido a la posibilidad de ser sujeto de una investigacion por DUI\/DWI. Una condena por DWI puede tener un efecto adverso...<\/p>","protected":false},"author":1,"featured_media":4899,"parent":98,"menu_order":0,"comment_status":"closed","ping_status":"closed","template":"","meta":{"_acf_changed":false,"episode_type":"","audio_file":"","cover_image":"","cover_image_id":"","duration":"","filesize":"","date_recorded":"","explicit":"","block":"","itunes_episode_number":"","itunes_title":"","itunes_season_number":"","itunes_episode_type":"","filesize_raw":"","footnotes":""},"class_list":["post-2403","page","type-page","status-publish","has-post-thumbnail","hentry"],"acf":[],"_links":{"self":[{"href":"https:\/\/www.brill-legal.com\/es\/wp-json\/wp\/v2\/pages\/2403","targetHints":{"allow":["GET"]}}],"collection":[{"href":"https:\/\/www.brill-legal.com\/es\/wp-json\/wp\/v2\/pages"}],"about":[{"href":"https:\/\/www.brill-legal.com\/es\/wp-json\/wp\/v2\/types\/page"}],"author":[{"embeddable":true,"href":"https:\/\/www.brill-legal.com\/es\/wp-json\/wp\/v2\/users\/1"}],"replies":[{"embeddable":true,"href":"https:\/\/www.brill-legal.com\/es\/wp-json\/wp\/v2\/comments?post=2403"}],"version-history":[{"count":9,"href":"https:\/\/www.brill-legal.com\/es\/wp-json\/wp\/v2\/pages\/2403\/revisions"}],"predecessor-version":[{"id":5785,"href":"https:\/\/www.brill-legal.com\/es\/wp-json\/wp\/v2\/pages\/2403\/revisions\/5785"}],"up":[{"embeddable":true,"href":"https:\/\/www.brill-legal.com\/es\/wp-json\/wp\/v2\/pages\/98"}],"wp:featuredmedia":[{"embeddable":true,"href":"https:\/\/www.brill-legal.com\/es\/wp-json\/wp\/v2\/media\/4899"}],"wp:attachment":[{"href":"https:\/\/www.brill-legal.com\/es\/wp-json\/wp\/v2\/media?parent=2403"}],"curies":[{"name":"wp","href":"https:\/\/api.w.org\/{rel}","templated":true}]}}